{"id":1570,"date":"2012-05-03T13:24:08","date_gmt":"2012-05-03T11:24:08","guid":{"rendered":"http:\/\/couven-museum.de\/?page_id=1570"},"modified":"2013-07-23T12:42:53","modified_gmt":"2013-07-23T10:42:53","slug":"silver-cabinet","status":"publish","type":"page","link":"https:\/\/couven-museum.de\/en\/_old\/museum\/the-collection\/silver-cabinet\/","title":{"rendered":"Silver Cabinet"},"content":{"rendered":"<p>[nggallery id=17]<\/p>\n<p>A selection of 18th-century silverware from the Matth\u00e9y Collection is on show in a large glass display case called the &#8220;Silver Cabinet&#8221;. Teo Matth\u00e9y (* 1901 +1989), born in Wuppertal, was a cloth wholesaler in Aachen who bequeathed his house at Theaterstra\u00dfe 67 and his formidable art collection to the City of Aachen. The noble silverware reflects the tradition of baronial &#8220;silver cabinets&#8221; of early modern times while at the same time illustrating the high prestige in those days of the new hot beverages coffee, tea and chocolate, which were fittingly served in precious porcelain and silverware.<\/p>\n<p>A particularly elaborate item in the collection is the English Tea Set by the London silversmith Samuel Taylor (1749), which features two tea caddies for Indian and Chinese tea and a lidded sugar bowl in a leather-bound wooden box with scrollwork. The collection also includes chocolati\u00e8res with horizontal wooden handles in the typical bulbous form of Rococo embossed with rocaille ornamentation from France and Piedmont (Giovanni Fino, around 1780) and a large Louis-Seize coffee pot (probably from Brest, post-1780) with embossed garlands and cameo profiles of ancient emperors. A Meissen porcelain jug from around 1720 with silver mounting is an impressive example of sheer artistic perfection in the combination of the two precious materials silver and ebony.<\/p>\n<p>&nbsp;<\/p>\n","protected":false},"excerpt":{"rendered":"<p>Precious objects from the Matth\u00e9y Collection<\/p>\n","protected":false},"author":1,"featured_media":0,"parent":1407,"menu_order":5,"comment_status":"closed","ping_status":"closed","template":"page-gallery.php","meta":{"_acf_changed":false,"inline_featured_image":false,"_lmt_disableupdate":"","_lmt_disable":"","footnotes":""},"categories":[],"tags":[],"class_list":["post-1570","page","type-page","status-publish","hentry"],"acf":[],"yoast_head":"<!-- This site is optimized with the Yoast SEO plugin v27.5 - https:\/\/yoast.com\/product\/yoast-seo-wordpress\/ -->\n<title>Silver Cabinet - Couven Museum<\/title>\n<meta name=\"robots\" content=\"index, follow, max-snippet:-1, max-image-preview:large, max-video-preview:-1\" \/>\n<link rel=\"canonical\" href=\"https:\/\/couven-museum.de\/_old\/silberkabinett\/\" \/>\n<meta property=\"og:locale\" content=\"en_US\" \/>\n<meta property=\"og:type\" content=\"article\" \/>\n<meta property=\"og:title\" content=\"Silver Cabinet - Couven Museum\" \/>\n<meta property=\"og:description\" content=\"Precious objects from the Matth\u00e9y Collection\" \/>\n<meta property=\"og:url\" content=\"https:\/\/couven-museum.de\/_old\/silberkabinett\/\" \/>\n<meta property=\"og:site_name\" content=\"Couven Museum\" \/>\n<meta property=\"article:modified_time\" content=\"2013-07-23T10:42:53+00:00\" \/>\n<meta name=\"twitter:card\" content=\"summary_large_image\" \/>\n<meta name=\"twitter:label1\" content=\"Est. reading time\" \/>\n\t<meta name=\"twitter:data1\" content=\"1 minute\" \/>\n<script type=\"application\/ld+json\" class=\"yoast-schema-graph\">{\"@context\":\"https:\\\/\\\/schema.org\",\"@graph\":[{\"@type\":\"WebPage\",\"@id\":\"https:\\\/\\\/couven-museum.de\\\/_old\\\/silberkabinett\\\/\",\"url\":\"https:\\\/\\\/couven-museum.de\\\/_old\\\/silberkabinett\\\/\",\"name\":\"Silver Cabinet - Couven Museum\",\"isPartOf\":{\"@id\":\"https:\\\/\\\/couven-museum.de\\\/#website\"},\"datePublished\":\"2012-05-03T11:24:08+00:00\",\"dateModified\":\"2013-07-23T10:42:53+00:00\",\"breadcrumb\":{\"@id\":\"https:\\\/\\\/couven-museum.de\\\/_old\\\/silberkabinett\\\/#breadcrumb\"},\"inLanguage\":\"en-US\",\"potentialAction\":[{\"@type\":\"ReadAction\",\"target\":[\"https:\\\/\\\/couven-museum.de\\\/_old\\\/silberkabinett\\\/\"]}]},{\"@type\":\"BreadcrumbList\",\"@id\":\"https:\\\/\\\/couven-museum.de\\\/_old\\\/silberkabinett\\\/#breadcrumb\",\"itemListElement\":[{\"@type\":\"ListItem\",\"position\":1,\"name\":\"Startseite\",\"item\":\"https:\\\/\\\/couven-museum.de\\\/en\\\/\"},{\"@type\":\"ListItem\",\"position\":2,\"name\":\"_old\",\"item\":\"https:\\\/\\\/couven-museum.de\\\/_old\\\/\"},{\"@type\":\"ListItem\",\"position\":3,\"name\":\"The Museum\",\"item\":\"https:\\\/\\\/couven-museum.de\\\/_old\\\/museum-2\\\/\"},{\"@type\":\"ListItem\",\"position\":4,\"name\":\"The Collection\",\"item\":\"https:\\\/\\\/couven-museum.de\\\/_old\\\/sammlung\\\/\"},{\"@type\":\"ListItem\",\"position\":5,\"name\":\"Silver Cabinet\"}]},{\"@type\":\"WebSite\",\"@id\":\"https:\\\/\\\/couven-museum.de\\\/#website\",\"url\":\"https:\\\/\\\/couven-museum.de\\\/\",\"name\":\"Couven Museum\",\"description\":\"Couven-Museum Aachen\",\"potentialAction\":[{\"@type\":\"SearchAction\",\"target\":{\"@type\":\"EntryPoint\",\"urlTemplate\":\"https:\\\/\\\/couven-museum.de\\\/?s={search_term_string}\"},\"query-input\":{\"@type\":\"PropertyValueSpecification\",\"valueRequired\":true,\"valueName\":\"search_term_string\"}}],\"inLanguage\":\"en-US\"}]}<\/script>\n<!-- \/ Yoast SEO plugin. -->","yoast_head_json":{"title":"Silver Cabinet - Couven Museum","robots":{"index":"index","follow":"follow","max-snippet":"max-snippet:-1","max-image-preview":"max-image-preview:large","max-video-preview":"max-video-preview:-1"},"canonical":"https:\/\/couven-museum.de\/_old\/silberkabinett\/","og_locale":"en_US","og_type":"article","og_title":"Silver Cabinet - Couven Museum","og_description":"Precious objects from the Matth\u00e9y Collection","og_url":"https:\/\/couven-museum.de\/_old\/silberkabinett\/","og_site_name":"Couven Museum","article_modified_time":"2013-07-23T10:42:53+00:00","twitter_card":"summary_large_image","twitter_misc":{"Est. reading time":"1 minute"},"schema":{"@context":"https:\/\/schema.org","@graph":[{"@type":"WebPage","@id":"https:\/\/couven-museum.de\/_old\/silberkabinett\/","url":"https:\/\/couven-museum.de\/_old\/silberkabinett\/","name":"Silver Cabinet - Couven Museum","isPartOf":{"@id":"https:\/\/couven-museum.de\/#website"},"datePublished":"2012-05-03T11:24:08+00:00","dateModified":"2013-07-23T10:42:53+00:00","breadcrumb":{"@id":"https:\/\/couven-museum.de\/_old\/silberkabinett\/#breadcrumb"},"inLanguage":"en-US","potentialAction":[{"@type":"ReadAction","target":["https:\/\/couven-museum.de\/_old\/silberkabinett\/"]}]},{"@type":"BreadcrumbList","@id":"https:\/\/couven-museum.de\/_old\/silberkabinett\/#breadcrumb","itemListElement":[{"@type":"ListItem","position":1,"name":"Startseite","item":"https:\/\/couven-museum.de\/en\/"},{"@type":"ListItem","position":2,"name":"_old","item":"https:\/\/couven-museum.de\/_old\/"},{"@type":"ListItem","position":3,"name":"The Museum","item":"https:\/\/couven-museum.de\/_old\/museum-2\/"},{"@type":"ListItem","position":4,"name":"The Collection","item":"https:\/\/couven-museum.de\/_old\/sammlung\/"},{"@type":"ListItem","position":5,"name":"Silver Cabinet"}]},{"@type":"WebSite","@id":"https:\/\/couven-museum.de\/#website","url":"https:\/\/couven-museum.de\/","name":"Couven Museum","description":"Couven-Museum Aachen","potentialAction":[{"@type":"SearchAction","target":{"@type":"EntryPoint","urlTemplate":"https:\/\/couven-museum.de\/?s={search_term_string}"},"query-input":{"@type":"PropertyValueSpecification","valueRequired":true,"valueName":"search_term_string"}}],"inLanguage":"en-US"}]}},"_links":{"self":[{"href":"https:\/\/couven-museum.de\/en\/wp-json\/wp\/v2\/pages\/1570","targetHints":{"allow":["GET"]}}],"collection":[{"href":"https:\/\/couven-museum.de\/en\/wp-json\/wp\/v2\/pages"}],"about":[{"href":"https:\/\/couven-museum.de\/en\/wp-json\/wp\/v2\/types\/page"}],"author":[{"embeddable":true,"href":"https:\/\/couven-museum.de\/en\/wp-json\/wp\/v2\/users\/1"}],"replies":[{"embeddable":true,"href":"https:\/\/couven-museum.de\/en\/wp-json\/wp\/v2\/comments?post=1570"}],"version-history":[{"count":0,"href":"https:\/\/couven-museum.de\/en\/wp-json\/wp\/v2\/pages\/1570\/revisions"}],"up":[{"embeddable":true,"href":"https:\/\/couven-museum.de\/en\/wp-json\/wp\/v2\/pages\/1407"}],"wp:attachment":[{"href":"https:\/\/couven-museum.de\/en\/wp-json\/wp\/v2\/media?parent=1570"}],"wp:term":[{"taxonomy":"category","embeddable":true,"href":"https:\/\/couven-museum.de\/en\/wp-json\/wp\/v2\/categories?post=1570"},{"taxonomy":"post_tag","embeddable":true,"href":"https:\/\/couven-museum.de\/en\/wp-json\/wp\/v2\/tags?post=1570"}],"curies":[{"name":"wp","href":"https:\/\/api.w.org\/{rel}","templated":true}]}}