{"id":11908,"date":"2019-10-04T10:43:12","date_gmt":"2019-10-04T08:43:12","guid":{"rendered":"https:\/\/couven-museum.de\/musee\/salle-des-fetes\/"},"modified":"2026-03-30T16:33:41","modified_gmt":"2026-03-30T14:33:41","slug":"salle-des-fetes","status":"publish","type":"page","link":"https:\/\/couven-museum.de\/fr\/musee\/salle-des-fetes\/","title":{"rendered":"Salle des f\u00eates"},"content":{"rendered":"\t\t<div data-elementor-type=\"wp-page\" data-elementor-id=\"11908\" class=\"elementor elementor-11908 elementor-6571\" data-elementor-post-type=\"page\">\n\t\t\t\t\t\t<section class=\"elementor-section elementor-top-section elementor-element elementor-element-355effe6 elementor-section-boxed elementor-section-height-default elementor-section-height-default\" data-id=\"355effe6\" data-element_type=\"section\" data-e-type=\"section\">\n\t\t\t\t\t\t\t<div class=\"elementor-background-overlay\"><\/div>\n\t\t\t\t\t\t\t<div class=\"elementor-container elementor-column-gap-default\">\n\t\t\t\t\t<div class=\"elementor-column elementor-col-100 elementor-top-column elementor-element elementor-element-3a2ac5e9\" data-id=\"3a2ac5e9\" data-element_type=\"column\" data-e-type=\"column\">\n\t\t\t<div class=\"elementor-widget-wrap elementor-element-populated\">\n\t\t\t\t\t\t<div class=\"elementor-element elementor-element-19f4242 elementor-widget elementor-widget-spacer\" data-id=\"19f4242\" data-element_type=\"widget\" data-e-type=\"widget\" data-widget_type=\"spacer.default\">\n\t\t\t\t<div class=\"elementor-widget-container\">\n\t\t\t\t\t\t\t<div class=\"elementor-spacer\">\n\t\t\t<div class=\"elementor-spacer-inner\"><\/div>\n\t\t<\/div>\n\t\t\t\t\t\t<\/div>\n\t\t\t\t<\/div>\n\t\t\t\t<div class=\"elementor-element elementor-element-7d61c16 elementor-widget elementor-widget-theme-post-title elementor-page-title elementor-widget-heading\" data-id=\"7d61c16\" data-element_type=\"widget\" data-e-type=\"widget\" data-widget_type=\"theme-post-title.default\">\n\t\t\t\t<div class=\"elementor-widget-container\">\n\t\t\t\t\t<h2 class=\"elementor-heading-title elementor-size-default\">Salle des f\u00eates<\/h2>\t\t\t\t<\/div>\n\t\t\t\t<\/div>\n\t\t\t\t<div class=\"elementor-element elementor-element-60bac64 elementor-widget elementor-widget-heading\" data-id=\"60bac64\" data-element_type=\"widget\" data-e-type=\"widget\" data-widget_type=\"heading.default\">\n\t\t\t\t<div class=\"elementor-widget-container\">\n\t\t\t\t\t<h5 class=\"elementor-heading-title elementor-size-default\">Conscience de soi bourgeoise<\/h5>\t\t\t\t<\/div>\n\t\t\t\t<\/div>\n\t\t\t\t<div class=\"elementor-element elementor-element-546e8693 elementor-widget elementor-widget-image\" data-id=\"546e8693\" data-element_type=\"widget\" data-e-type=\"widget\" data-widget_type=\"image.default\">\n\t\t\t\t<div class=\"elementor-widget-container\">\n\t\t\t\t\t\t\t\t\t\t\t\t\t\t\t<img fetchpriority=\"high\" decoding=\"async\" width=\"768\" height=\"512\" src=\"https:\/\/couven-museum.de\/wp-content\/uploads\/2026\/03\/Festsaal_MG_2219_teaser-768x512.jpg\" class=\"attachment-medium_large size-medium_large wp-image-11982\" alt=\"\" srcset=\"https:\/\/couven-museum.de\/wp-content\/uploads\/2026\/03\/Festsaal_MG_2219_teaser-768x512.jpg 768w, https:\/\/couven-museum.de\/wp-content\/uploads\/2026\/03\/Festsaal_MG_2219_teaser-460x307.jpg 460w, https:\/\/couven-museum.de\/wp-content\/uploads\/2026\/03\/Festsaal_MG_2219_teaser-700x467.jpg 700w, https:\/\/couven-museum.de\/wp-content\/uploads\/2026\/03\/Festsaal_MG_2219_teaser-220x147.jpg 220w, https:\/\/couven-museum.de\/wp-content\/uploads\/2026\/03\/Festsaal_MG_2219_teaser-1536x1024.jpg 1536w, https:\/\/couven-museum.de\/wp-content\/uploads\/2026\/03\/Festsaal_MG_2219_teaser-2048x1366.jpg 2048w, https:\/\/couven-museum.de\/wp-content\/uploads\/2026\/03\/Festsaal_MG_2219_teaser-1900x1267.jpg 1900w\" sizes=\"(max-width: 768px) 100vw, 768px\" \/>\t\t\t\t\t\t\t\t\t\t\t\t\t\t\t<\/div>\n\t\t\t\t<\/div>\n\t\t\t\t<div class=\"elementor-element elementor-element-b14329b elementor-widget elementor-widget-text-editor\" data-id=\"b14329b\" data-element_type=\"widget\" data-e-type=\"widget\" data-widget_type=\"text-editor.default\">\n\t\t\t\t<div class=\"elementor-widget-container\">\n\t\t\t\t\t\t\t\t\t<p><span style=\"font-size: 0.9rem;\">La salle des f\u00eates s\u2019inspire de l\u2019architecture palatiale des r\u00e9sidences princi\u00e8res et exprime l\u2019affirmation croissante de la bourgeoisie \u00e0 la fin du XVIIIe si\u00e8cle. Elle servait d\u2019espace de repr\u00e9sentation, o\u00f9 avaient lieu des concerts de musique de chambre, des r\u00e9ceptions et des f\u00eates, mais o\u00f9 l\u2019on concluait \u00e9galement d\u2019importants contrats. Les hautes portes, surmont\u00e9es de supraportes, donnent acc\u00e8s \u00e0 la salle et ouvrent la vue sur les miroirs de la fa\u00e7ade des fen\u00eatres. Avec les tentures murales en toile du XVIIIe si\u00e8cle, repr\u00e9sentant des paysages id\u00e9alis\u00e9s, elles agrandissent visuellement la salle. Son mobilier \u00e9tait dispos\u00e9 selon les besoins.<\/span><\/p>\n<p><\/p>\n<div id='gallery-1' class='gallery galleryid-11908 gallery-columns-3 gallery-size-thumbnail'><figure class='gallery-item'>\n\t\t\t<div class='gallery-icon landscape'>\n\t\t\t\t<a href='https:\/\/couven-museum.de\/fr\/couven-museum-festsaal-2\/'><img decoding=\"async\" width=\"220\" height=\"147\" src=\"https:\/\/couven-museum.de\/wp-content\/uploads\/2013\/02\/Couven-Museum-Festsaal-220x147.jpg\" class=\"attachment-thumbnail size-thumbnail\" alt=\"\" srcset=\"https:\/\/couven-museum.de\/wp-content\/uploads\/2013\/02\/Couven-Museum-Festsaal-220x147.jpg 220w, https:\/\/couven-museum.de\/wp-content\/uploads\/2013\/02\/Couven-Museum-Festsaal-460x306.jpg 460w, https:\/\/couven-museum.de\/wp-content\/uploads\/2013\/02\/Couven-Museum-Festsaal-768x512.jpg 768w, https:\/\/couven-museum.de\/wp-content\/uploads\/2013\/02\/Couven-Museum-Festsaal-700x466.jpg 700w, https:\/\/couven-museum.de\/wp-content\/uploads\/2013\/02\/Couven-Museum-Festsaal.jpg 800w\" sizes=\"(max-width: 220px) 100vw, 220px\" \/><\/a>\n\t\t\t<\/div><\/figure><figure class='gallery-item'>\n\t\t\t<div class='gallery-icon landscape'>\n\t\t\t\t<a href='https:\/\/couven-museum.de\/fr\/festsaal-wandbemalung_mg_2211-1-jpg\/'><img decoding=\"async\" width=\"220\" height=\"146\" src=\"https:\/\/couven-museum.de\/wp-content\/uploads\/2019\/08\/festsaal-wandbemalung_mg_2211-1-220x146.jpg\" class=\"attachment-thumbnail size-thumbnail\" alt=\"\" srcset=\"https:\/\/couven-museum.de\/wp-content\/uploads\/2019\/08\/festsaal-wandbemalung_mg_2211-1-220x146.jpg 220w, https:\/\/couven-museum.de\/wp-content\/uploads\/2019\/08\/festsaal-wandbemalung_mg_2211-1-460x306.jpg 460w, https:\/\/couven-museum.de\/wp-content\/uploads\/2019\/08\/festsaal-wandbemalung_mg_2211-1.jpg 700w\" sizes=\"(max-width: 220px) 100vw, 220px\" \/><\/a>\n\t\t\t<\/div><\/figure><figure class='gallery-item'>\n\t\t\t<div class='gallery-icon landscape'>\n\t\t\t\t<a href='https:\/\/couven-museum.de\/fr\/home-4\/bildschirmfoto-2019-09-12-um-13-53-44\/'><img loading=\"lazy\" decoding=\"async\" width=\"220\" height=\"167\" src=\"https:\/\/couven-museum.de\/wp-content\/uploads\/2019\/09\/Bildschirmfoto-2019-09-12-um-13.53.44-220x167.png\" class=\"attachment-thumbnail size-thumbnail\" alt=\"\" srcset=\"https:\/\/couven-museum.de\/wp-content\/uploads\/2019\/09\/Bildschirmfoto-2019-09-12-um-13.53.44-220x167.png 220w, https:\/\/couven-museum.de\/wp-content\/uploads\/2019\/09\/Bildschirmfoto-2019-09-12-um-13.53.44.png 327w\" sizes=\"(max-width: 220px) 100vw, 220px\" \/><\/a>\n\t\t\t<\/div><\/figure><figure class='gallery-item'>\n\t\t\t<div class='gallery-icon portrait'>\n\t\t\t\t<a href='https:\/\/couven-museum.de\/fr\/festsaal-tuer_mg_2216_galerie\/'><img loading=\"lazy\" decoding=\"async\" width=\"220\" height=\"330\" src=\"https:\/\/couven-museum.de\/wp-content\/uploads\/2019\/10\/Festsaal-Tuer_MG_2216_Galerie-220x330.jpg\" class=\"attachment-thumbnail size-thumbnail\" alt=\"\" srcset=\"https:\/\/couven-museum.de\/wp-content\/uploads\/2019\/10\/Festsaal-Tuer_MG_2216_Galerie-220x330.jpg 220w, https:\/\/couven-museum.de\/wp-content\/uploads\/2019\/10\/Festsaal-Tuer_MG_2216_Galerie-460x690.jpg 460w, https:\/\/couven-museum.de\/wp-content\/uploads\/2019\/10\/Festsaal-Tuer_MG_2216_Galerie-768x1152.jpg 768w, https:\/\/couven-museum.de\/wp-content\/uploads\/2019\/10\/Festsaal-Tuer_MG_2216_Galerie-700x1050.jpg 700w, https:\/\/couven-museum.de\/wp-content\/uploads\/2019\/10\/Festsaal-Tuer_MG_2216_Galerie.jpg 1788w\" sizes=\"(max-width: 220px) 100vw, 220px\" \/><\/a>\n\t\t\t<\/div><\/figure>\n\t\t<\/div>\n\n<p><\/p>\n<p><span style=\"font-size: 0.9rem;\">&nbsp;<\/span><\/p>\n<p><\/p>\n<p>&nbsp;<\/p>\n\t\t\t\t\t\t\t\t<\/div>\n\t\t\t\t<\/div>\n\t\t\t\t<div class=\"elementor-element elementor-element-4a82f853 elementor-align-center elementor-widget elementor-widget-button\" data-id=\"4a82f853\" data-element_type=\"widget\" data-e-type=\"widget\" data-widget_type=\"button.default\">\n\t\t\t\t<div class=\"elementor-widget-container\">\n\t\t\t\t\t\t\t\t\t<div class=\"elementor-button-wrapper\">\n\t\t\t\t\t<a class=\"elementor-button elementor-button-link elementor-size-md\" href=\"https:\/\/couven-museum.de\/fr\/musee\/#sammlung\">\n\t\t\t\t\t\t<span class=\"elementor-button-content-wrapper\">\n\t\t\t\t\t\t<span class=\"elementor-button-icon\">\n\t\t\t\t<i aria-hidden=\"true\" class=\"fas fa-angle-right\"><\/i>\t\t\t<\/span>\n\t\t\t\t\t\t\t\t\t<span class=\"elementor-button-text\">VERS LA COLLECTION<\/span>\n\t\t\t\t\t<\/span>\n\t\t\t\t\t<\/a>\n\t\t\t\t<\/div>\n\t\t\t\t\t\t\t\t<\/div>\n\t\t\t\t<\/div>\n\t\t\t\t<div class=\"elementor-element elementor-element-2ebbf78 elementor-widget elementor-widget-spacer\" data-id=\"2ebbf78\" data-element_type=\"widget\" data-e-type=\"widget\" data-widget_type=\"spacer.default\">\n\t\t\t\t<div class=\"elementor-widget-container\">\n\t\t\t\t\t\t\t<div class=\"elementor-spacer\">\n\t\t\t<div class=\"elementor-spacer-inner\"><\/div>\n\t\t<\/div>\n\t\t\t\t\t\t<\/div>\n\t\t\t\t<\/div>\n\t\t\t\t\t<\/div>\n\t\t<\/div>\n\t\t\t\t\t<\/div>\n\t\t<\/section>\n\t\t\t\t<\/div>\n\t\t","protected":false},"excerpt":{"rendered":"<p>La salle des f\u00eates s\u2019inspire de l\u2019architecture palatiale des r\u00e9sidences princi\u00e8res et exprime l\u2019affirmation croissante de la bourgeoisie \u00e0 la fin du XVIIIe si\u00e8cle. Elle servait d\u2019espace de repr\u00e9sentation, o\u00f9 avaient lieu des concerts de musique de chambre, des r\u00e9ceptions et des f\u00eates, mais o\u00f9 l\u2019on concluait \u00e9galement d\u2019importants contrats.<\/p>\n","protected":false},"author":43,"featured_media":11982,"parent":11880,"menu_order":4,"comment_status":"closed","ping_status":"closed","template":"","meta":{"_acf_changed":false,"inline_featured_image":false,"_lmt_disableupdate":"no","_lmt_disable":"","footnotes":""},"categories":[127],"tags":[],"class_list":["post-11908","page","type-page","status-publish","has-post-thumbnail","hentry","category-collection"],"acf":[],"yoast_head":"<!-- This site is optimized with the Yoast SEO plugin v27.2 - https:\/\/yoast.com\/product\/yoast-seo-wordpress\/ -->\n<title>Salle des f\u00eates - Couven Museum<\/title>\n<meta name=\"robots\" content=\"index, follow, max-snippet:-1, max-image-preview:large, max-video-preview:-1\" \/>\n<link rel=\"canonical\" href=\"https:\/\/couven-museum.de\/fr\/musee\/salle-des-fetes\/\" \/>\n<meta property=\"og:locale\" content=\"fr_FR\" \/>\n<meta property=\"og:type\" content=\"article\" \/>\n<meta property=\"og:title\" content=\"Salle des f\u00eates - Couven Museum\" \/>\n<meta property=\"og:description\" content=\"La salle des f\u00eates s\u2019inspire de l\u2019architecture palatiale des r\u00e9sidences princi\u00e8res et exprime l\u2019affirmation croissante de la bourgeoisie \u00e0 la fin du XVIIIe si\u00e8cle. Elle servait d\u2019espace de repr\u00e9sentation, o\u00f9 avaient lieu des concerts de musique de chambre, des r\u00e9ceptions et des f\u00eates, mais o\u00f9 l\u2019on concluait \u00e9galement d\u2019importants contrats.\" \/>\n<meta property=\"og:url\" content=\"https:\/\/couven-museum.de\/fr\/musee\/salle-des-fetes\/\" \/>\n<meta property=\"og:site_name\" content=\"Couven Museum\" \/>\n<meta property=\"article:modified_time\" content=\"2026-03-30T14:33:41+00:00\" \/>\n<meta property=\"og:image\" content=\"https:\/\/couven-museum.de\/wp-content\/uploads\/2026\/03\/Festsaal_MG_2219_teaser.jpg\" \/>\n\t<meta property=\"og:image:width\" content=\"2560\" \/>\n\t<meta property=\"og:image:height\" content=\"1707\" \/>\n\t<meta property=\"og:image:type\" content=\"image\/jpeg\" \/>\n<meta name=\"twitter:card\" content=\"summary_large_image\" \/>\n<meta name=\"twitter:label1\" content=\"Dur\u00e9e de lecture estim\u00e9e\" \/>\n\t<meta name=\"twitter:data1\" content=\"1 minute\" \/>\n<script type=\"application\/ld+json\" class=\"yoast-schema-graph\">{\"@context\":\"https:\/\/schema.org\",\"@graph\":[{\"@type\":\"WebPage\",\"@id\":\"https:\/\/couven-museum.de\/fr\/musee\/salle-des-fetes\/\",\"url\":\"https:\/\/couven-museum.de\/fr\/musee\/salle-des-fetes\/\",\"name\":\"Salle des f\u00eates - Couven Museum\",\"isPartOf\":{\"@id\":\"https:\/\/couven-museum.de\/#website\"},\"primaryImageOfPage\":{\"@id\":\"https:\/\/couven-museum.de\/fr\/musee\/salle-des-fetes\/#primaryimage\"},\"image\":{\"@id\":\"https:\/\/couven-museum.de\/fr\/musee\/salle-des-fetes\/#primaryimage\"},\"thumbnailUrl\":\"https:\/\/couven-museum.de\/wp-content\/uploads\/2026\/03\/Festsaal_MG_2219_teaser.jpg\",\"datePublished\":\"2019-10-04T08:43:12+00:00\",\"dateModified\":\"2026-03-30T14:33:41+00:00\",\"breadcrumb\":{\"@id\":\"https:\/\/couven-museum.de\/fr\/musee\/salle-des-fetes\/#breadcrumb\"},\"inLanguage\":\"fr-FR\",\"potentialAction\":[{\"@type\":\"ReadAction\",\"target\":[\"https:\/\/couven-museum.de\/fr\/musee\/salle-des-fetes\/\"]}]},{\"@type\":\"ImageObject\",\"inLanguage\":\"fr-FR\",\"@id\":\"https:\/\/couven-museum.de\/fr\/musee\/salle-des-fetes\/#primaryimage\",\"url\":\"https:\/\/couven-museum.de\/wp-content\/uploads\/2026\/03\/Festsaal_MG_2219_teaser.jpg\",\"contentUrl\":\"https:\/\/couven-museum.de\/wp-content\/uploads\/2026\/03\/Festsaal_MG_2219_teaser.jpg\",\"width\":2560,\"height\":1707},{\"@type\":\"BreadcrumbList\",\"@id\":\"https:\/\/couven-museum.de\/fr\/musee\/salle-des-fetes\/#breadcrumb\",\"itemListElement\":[{\"@type\":\"ListItem\",\"position\":1,\"name\":\"Startseite\",\"item\":\"https:\/\/couven-museum.de\/fr\/\"},{\"@type\":\"ListItem\",\"position\":2,\"name\":\"Mus\u00e9e\",\"item\":\"https:\/\/couven-museum.de\/museum\/\"},{\"@type\":\"ListItem\",\"position\":3,\"name\":\"Salle des f\u00eates\"}]},{\"@type\":\"WebSite\",\"@id\":\"https:\/\/couven-museum.de\/#website\",\"url\":\"https:\/\/couven-museum.de\/\",\"name\":\"Couven Museum\",\"description\":\"Couven-Museum Aachen\",\"potentialAction\":[{\"@type\":\"SearchAction\",\"target\":{\"@type\":\"EntryPoint\",\"urlTemplate\":\"https:\/\/couven-museum.de\/?s={search_term_string}\"},\"query-input\":{\"@type\":\"PropertyValueSpecification\",\"valueRequired\":true,\"valueName\":\"search_term_string\"}}],\"inLanguage\":\"fr-FR\"}]}<\/script>\n<!-- \/ Yoast SEO plugin. -->","yoast_head_json":{"title":"Salle des f\u00eates - Couven Museum","robots":{"index":"index","follow":"follow","max-snippet":"max-snippet:-1","max-image-preview":"max-image-preview:large","max-video-preview":"max-video-preview:-1"},"canonical":"https:\/\/couven-museum.de\/fr\/musee\/salle-des-fetes\/","og_locale":"fr_FR","og_type":"article","og_title":"Salle des f\u00eates - Couven Museum","og_description":"La salle des f\u00eates s\u2019inspire de l\u2019architecture palatiale des r\u00e9sidences princi\u00e8res et exprime l\u2019affirmation croissante de la bourgeoisie \u00e0 la fin du XVIIIe si\u00e8cle. Elle servait d\u2019espace de repr\u00e9sentation, o\u00f9 avaient lieu des concerts de musique de chambre, des r\u00e9ceptions et des f\u00eates, mais o\u00f9 l\u2019on concluait \u00e9galement d\u2019importants contrats.","og_url":"https:\/\/couven-museum.de\/fr\/musee\/salle-des-fetes\/","og_site_name":"Couven Museum","article_modified_time":"2026-03-30T14:33:41+00:00","og_image":[{"width":2560,"height":1707,"url":"https:\/\/couven-museum.de\/wp-content\/uploads\/2026\/03\/Festsaal_MG_2219_teaser.jpg","type":"image\/jpeg"}],"twitter_card":"summary_large_image","twitter_misc":{"Dur\u00e9e de lecture estim\u00e9e":"1 minute"},"schema":{"@context":"https:\/\/schema.org","@graph":[{"@type":"WebPage","@id":"https:\/\/couven-museum.de\/fr\/musee\/salle-des-fetes\/","url":"https:\/\/couven-museum.de\/fr\/musee\/salle-des-fetes\/","name":"Salle des f\u00eates - Couven Museum","isPartOf":{"@id":"https:\/\/couven-museum.de\/#website"},"primaryImageOfPage":{"@id":"https:\/\/couven-museum.de\/fr\/musee\/salle-des-fetes\/#primaryimage"},"image":{"@id":"https:\/\/couven-museum.de\/fr\/musee\/salle-des-fetes\/#primaryimage"},"thumbnailUrl":"https:\/\/couven-museum.de\/wp-content\/uploads\/2026\/03\/Festsaal_MG_2219_teaser.jpg","datePublished":"2019-10-04T08:43:12+00:00","dateModified":"2026-03-30T14:33:41+00:00","breadcrumb":{"@id":"https:\/\/couven-museum.de\/fr\/musee\/salle-des-fetes\/#breadcrumb"},"inLanguage":"fr-FR","potentialAction":[{"@type":"ReadAction","target":["https:\/\/couven-museum.de\/fr\/musee\/salle-des-fetes\/"]}]},{"@type":"ImageObject","inLanguage":"fr-FR","@id":"https:\/\/couven-museum.de\/fr\/musee\/salle-des-fetes\/#primaryimage","url":"https:\/\/couven-museum.de\/wp-content\/uploads\/2026\/03\/Festsaal_MG_2219_teaser.jpg","contentUrl":"https:\/\/couven-museum.de\/wp-content\/uploads\/2026\/03\/Festsaal_MG_2219_teaser.jpg","width":2560,"height":1707},{"@type":"BreadcrumbList","@id":"https:\/\/couven-museum.de\/fr\/musee\/salle-des-fetes\/#breadcrumb","itemListElement":[{"@type":"ListItem","position":1,"name":"Startseite","item":"https:\/\/couven-museum.de\/fr\/"},{"@type":"ListItem","position":2,"name":"Mus\u00e9e","item":"https:\/\/couven-museum.de\/museum\/"},{"@type":"ListItem","position":3,"name":"Salle des f\u00eates"}]},{"@type":"WebSite","@id":"https:\/\/couven-museum.de\/#website","url":"https:\/\/couven-museum.de\/","name":"Couven Museum","description":"Couven-Museum Aachen","potentialAction":[{"@type":"SearchAction","target":{"@type":"EntryPoint","urlTemplate":"https:\/\/couven-museum.de\/?s={search_term_string}"},"query-input":{"@type":"PropertyValueSpecification","valueRequired":true,"valueName":"search_term_string"}}],"inLanguage":"fr-FR"}]}},"_links":{"self":[{"href":"https:\/\/couven-museum.de\/fr\/wp-json\/wp\/v2\/pages\/11908","targetHints":{"allow":["GET"]}}],"collection":[{"href":"https:\/\/couven-museum.de\/fr\/wp-json\/wp\/v2\/pages"}],"about":[{"href":"https:\/\/couven-museum.de\/fr\/wp-json\/wp\/v2\/types\/page"}],"author":[{"embeddable":true,"href":"https:\/\/couven-museum.de\/fr\/wp-json\/wp\/v2\/users\/43"}],"replies":[{"embeddable":true,"href":"https:\/\/couven-museum.de\/fr\/wp-json\/wp\/v2\/comments?post=11908"}],"version-history":[{"count":1,"href":"https:\/\/couven-museum.de\/fr\/wp-json\/wp\/v2\/pages\/11908\/revisions"}],"predecessor-version":[{"id":11909,"href":"https:\/\/couven-museum.de\/fr\/wp-json\/wp\/v2\/pages\/11908\/revisions\/11909"}],"up":[{"embeddable":true,"href":"https:\/\/couven-museum.de\/fr\/wp-json\/wp\/v2\/pages\/11880"}],"wp:featuredmedia":[{"embeddable":true,"href":"https:\/\/couven-museum.de\/fr\/wp-json\/wp\/v2\/media\/11982"}],"wp:attachment":[{"href":"https:\/\/couven-museum.de\/fr\/wp-json\/wp\/v2\/media?parent=11908"}],"wp:term":[{"taxonomy":"category","embeddable":true,"href":"https:\/\/couven-museum.de\/fr\/wp-json\/wp\/v2\/categories?post=11908"},{"taxonomy":"post_tag","embeddable":true,"href":"https:\/\/couven-museum.de\/fr\/wp-json\/wp\/v2\/tags?post=11908"}],"curies":[{"name":"wp","href":"https:\/\/api.w.org\/{rel}","templated":true}]}}