{"id":11912,"date":"2019-10-04T10:58:32","date_gmt":"2019-10-04T08:58:32","guid":{"rendered":"https:\/\/couven-museum.de\/musee\/salon-directoire\/"},"modified":"2026-03-30T16:43:38","modified_gmt":"2026-03-30T14:43:38","slug":"salon-directoire","status":"publish","type":"page","link":"https:\/\/couven-museum.de\/fr\/musee\/salon-directoire\/","title":{"rendered":"Salon Directoire"},"content":{"rendered":"\t\t<div data-elementor-type=\"wp-page\" data-elementor-id=\"11912\" class=\"elementor elementor-11912 elementor-6581\" data-elementor-post-type=\"page\">\n\t\t\t\t\t\t<section class=\"elementor-section elementor-top-section elementor-element elementor-element-355effe6 elementor-section-boxed elementor-section-height-default elementor-section-height-default\" data-id=\"355effe6\" data-element_type=\"section\" data-e-type=\"section\">\n\t\t\t\t\t\t\t<div class=\"elementor-background-overlay\"><\/div>\n\t\t\t\t\t\t\t<div class=\"elementor-container elementor-column-gap-default\">\n\t\t\t\t\t<div class=\"elementor-column elementor-col-100 elementor-top-column elementor-element elementor-element-3a2ac5e9\" data-id=\"3a2ac5e9\" data-element_type=\"column\" data-e-type=\"column\">\n\t\t\t<div class=\"elementor-widget-wrap elementor-element-populated\">\n\t\t\t\t\t\t<div class=\"elementor-element elementor-element-19f4242 elementor-widget elementor-widget-spacer\" data-id=\"19f4242\" data-element_type=\"widget\" data-e-type=\"widget\" data-widget_type=\"spacer.default\">\n\t\t\t\t<div class=\"elementor-widget-container\">\n\t\t\t\t\t\t\t<div class=\"elementor-spacer\">\n\t\t\t<div class=\"elementor-spacer-inner\"><\/div>\n\t\t<\/div>\n\t\t\t\t\t\t<\/div>\n\t\t\t\t<\/div>\n\t\t\t\t<div class=\"elementor-element elementor-element-7d61c16 elementor-widget elementor-widget-theme-post-title elementor-page-title elementor-widget-heading\" data-id=\"7d61c16\" data-element_type=\"widget\" data-e-type=\"widget\" data-widget_type=\"theme-post-title.default\">\n\t\t\t\t<div class=\"elementor-widget-container\">\n\t\t\t\t\t<h2 class=\"elementor-heading-title elementor-size-default\">Salon Directoire<\/h2>\t\t\t\t<\/div>\n\t\t\t\t<\/div>\n\t\t\t\t<div class=\"elementor-element elementor-element-60bac64 elementor-widget elementor-widget-heading\" data-id=\"60bac64\" data-element_type=\"widget\" data-e-type=\"widget\" data-widget_type=\"heading.default\">\n\t\t\t\t<div class=\"elementor-widget-container\">\n\t\t\t\t\t<h5 class=\"elementor-heading-title elementor-size-default\">R\u00e9f\u00e9rences \u00e0 l\u2019Antiquit\u00e9 &amp; rigueur esth\u00e9tique<\/h5>\t\t\t\t<\/div>\n\t\t\t\t<\/div>\n\t\t\t\t<div class=\"elementor-element elementor-element-546e8693 elementor-widget elementor-widget-image\" data-id=\"546e8693\" data-element_type=\"widget\" data-e-type=\"widget\" data-widget_type=\"image.default\">\n\t\t\t\t<div class=\"elementor-widget-container\">\n\t\t\t\t\t\t\t\t\t\t\t\t\t\t\t<img fetchpriority=\"high\" decoding=\"async\" width=\"768\" height=\"586\" src=\"https:\/\/couven-museum.de\/wp-content\/uploads\/2026\/03\/Directoirezimmer_MG_2317-ps1469_teaser-768x586.jpg\" class=\"attachment-medium_large size-medium_large wp-image-11999\" alt=\"\" srcset=\"https:\/\/couven-museum.de\/wp-content\/uploads\/2026\/03\/Directoirezimmer_MG_2317-ps1469_teaser-768x586.jpg 768w, https:\/\/couven-museum.de\/wp-content\/uploads\/2026\/03\/Directoirezimmer_MG_2317-ps1469_teaser-460x351.jpg 460w, https:\/\/couven-museum.de\/wp-content\/uploads\/2026\/03\/Directoirezimmer_MG_2317-ps1469_teaser-700x534.jpg 700w, https:\/\/couven-museum.de\/wp-content\/uploads\/2026\/03\/Directoirezimmer_MG_2317-ps1469_teaser-220x168.jpg 220w, https:\/\/couven-museum.de\/wp-content\/uploads\/2026\/03\/Directoirezimmer_MG_2317-ps1469_teaser-1536x1172.jpg 1536w, https:\/\/couven-museum.de\/wp-content\/uploads\/2026\/03\/Directoirezimmer_MG_2317-ps1469_teaser-2048x1562.jpg 2048w, https:\/\/couven-museum.de\/wp-content\/uploads\/2026\/03\/Directoirezimmer_MG_2317-ps1469_teaser-1900x1449.jpg 1900w\" sizes=\"(max-width: 768px) 100vw, 768px\" \/>\t\t\t\t\t\t\t\t\t\t\t\t\t\t\t<\/div>\n\t\t\t\t<\/div>\n\t\t\t\t<div class=\"elementor-element elementor-element-b14329b elementor-widget elementor-widget-text-editor\" data-id=\"b14329b\" data-element_type=\"widget\" data-e-type=\"widget\" data-widget_type=\"text-editor.default\">\n\t\t\t\t<div class=\"elementor-widget-container\">\n\t\t\t\t\t\t\t\t\t<p>Entre 1795 et 1799, la France r\u00e9volutionnaire \u00e9tait gouvern\u00e9e par le Directoire, qui donna son nom \u00e0<br \/>\nun style de mobilier et de mode. Celui-ci se caract\u00e9rise par son int\u00e9r\u00eat pour l\u2019Antiquit\u00e9 gr\u00e9co-<br \/>\nromaine, per\u00e7ue comme mod\u00e8le de toute culture d\u00e9mocratique. En t\u00e9moignent la rigueur esth\u00e9tique<br \/>\ndes formes ainsi que les r\u00e9f\u00e9rences \u00e0 l\u2019Antiquit\u00e9 des consoles, dont les t\u00eates profil\u00e9es, certaines<br \/>\nsurmont\u00e9es de couronnes de laurier, renvoient aux gravures des pi\u00e8ces de monnaie antiques. De<br \/>\nplus, les sphinx dans le dessus de la porte aveugle montrent l\u2019engouement \u00e9gyptien aviv\u00e9 par la<br \/>\ncampagne militaire de Napol\u00e9on sur les bords du Nil en 1798.<\/p>\n\t\t\t\t\t\t\t\t<\/div>\n\t\t\t\t<\/div>\n\t\t\t\t<div class=\"elementor-element elementor-element-4a82f853 elementor-align-center elementor-widget elementor-widget-button\" data-id=\"4a82f853\" data-element_type=\"widget\" data-e-type=\"widget\" data-widget_type=\"button.default\">\n\t\t\t\t<div class=\"elementor-widget-container\">\n\t\t\t\t\t\t\t\t\t<div class=\"elementor-button-wrapper\">\n\t\t\t\t\t<a class=\"elementor-button elementor-button-link elementor-size-md\" href=\"https:\/\/couven-museum.de\/fr\/musee\/#sammlung\">\n\t\t\t\t\t\t<span class=\"elementor-button-content-wrapper\">\n\t\t\t\t\t\t<span class=\"elementor-button-icon\">\n\t\t\t\t<i aria-hidden=\"true\" class=\"fas fa-angle-right\"><\/i>\t\t\t<\/span>\n\t\t\t\t\t\t\t\t\t<span class=\"elementor-button-text\">VERS LA COLLECTION<\/span>\n\t\t\t\t\t<\/span>\n\t\t\t\t\t<\/a>\n\t\t\t\t<\/div>\n\t\t\t\t\t\t\t\t<\/div>\n\t\t\t\t<\/div>\n\t\t\t\t<div class=\"elementor-element elementor-element-2ebbf78 elementor-widget elementor-widget-spacer\" data-id=\"2ebbf78\" data-element_type=\"widget\" data-e-type=\"widget\" data-widget_type=\"spacer.default\">\n\t\t\t\t<div class=\"elementor-widget-container\">\n\t\t\t\t\t\t\t<div class=\"elementor-spacer\">\n\t\t\t<div class=\"elementor-spacer-inner\"><\/div>\n\t\t<\/div>\n\t\t\t\t\t\t<\/div>\n\t\t\t\t<\/div>\n\t\t\t\t\t<\/div>\n\t\t<\/div>\n\t\t\t\t\t<\/div>\n\t\t<\/section>\n\t\t\t\t<\/div>\n\t\t","protected":false},"excerpt":{"rendered":"<p>Entre 1795 et 1799, le Directoire gouverna la France r\u00e9volutionnaire, et donna son nom \u00e0 un style sp\u00e9cifique de mobilier et de mode : le \u00ab Directoire \u00bb. Ce style se caract\u00e9rise par un int\u00e9r\u00eat marqu\u00e9 pour l\u2019Antiquit\u00e9 gr\u00e9co-romaine, consid\u00e9r\u00e9e comme un mod\u00e8le de culture d\u00e9mocratique.<\/p>\n","protected":false},"author":43,"featured_media":11999,"parent":11880,"menu_order":9,"comment_status":"closed","ping_status":"closed","template":"","meta":{"_acf_changed":false,"inline_featured_image":false,"_lmt_disableupdate":"no","_lmt_disable":"","footnotes":""},"categories":[127],"tags":[],"class_list":["post-11912","page","type-page","status-publish","has-post-thumbnail","hentry","category-collection"],"acf":[],"yoast_head":"<!-- This site is optimized with the Yoast SEO plugin v27.2 - https:\/\/yoast.com\/product\/yoast-seo-wordpress\/ -->\n<title>Salon Directoire - Couven Museum<\/title>\n<meta name=\"robots\" content=\"index, follow, max-snippet:-1, max-image-preview:large, max-video-preview:-1\" \/>\n<link rel=\"canonical\" href=\"https:\/\/couven-museum.de\/fr\/musee\/salon-directoire\/\" \/>\n<meta property=\"og:locale\" content=\"fr_FR\" \/>\n<meta property=\"og:type\" content=\"article\" \/>\n<meta property=\"og:title\" content=\"Salon Directoire - Couven Museum\" \/>\n<meta property=\"og:description\" content=\"Entre 1795 et 1799, le Directoire gouverna la France r\u00e9volutionnaire, et donna son nom \u00e0 un style sp\u00e9cifique de mobilier et de mode : le \u00ab Directoire \u00bb. Ce style se caract\u00e9rise par un int\u00e9r\u00eat marqu\u00e9 pour l\u2019Antiquit\u00e9 gr\u00e9co-romaine, consid\u00e9r\u00e9e comme un mod\u00e8le de culture d\u00e9mocratique.\" \/>\n<meta property=\"og:url\" content=\"https:\/\/couven-museum.de\/fr\/musee\/salon-directoire\/\" \/>\n<meta property=\"og:site_name\" content=\"Couven Museum\" \/>\n<meta property=\"article:modified_time\" content=\"2026-03-30T14:43:38+00:00\" \/>\n<meta property=\"og:image\" content=\"https:\/\/couven-museum.de\/wp-content\/uploads\/2026\/03\/Directoirezimmer_MG_2317-ps1469_teaser.jpg\" \/>\n\t<meta property=\"og:image:width\" content=\"2356\" \/>\n\t<meta property=\"og:image:height\" content=\"1797\" \/>\n\t<meta property=\"og:image:type\" content=\"image\/jpeg\" \/>\n<meta name=\"twitter:card\" content=\"summary_large_image\" \/>\n<meta name=\"twitter:label1\" content=\"Dur\u00e9e de lecture estim\u00e9e\" \/>\n\t<meta name=\"twitter:data1\" content=\"1 minute\" \/>\n<script type=\"application\/ld+json\" class=\"yoast-schema-graph\">{\"@context\":\"https:\/\/schema.org\",\"@graph\":[{\"@type\":\"WebPage\",\"@id\":\"https:\/\/couven-museum.de\/fr\/musee\/salon-directoire\/\",\"url\":\"https:\/\/couven-museum.de\/fr\/musee\/salon-directoire\/\",\"name\":\"Salon Directoire - Couven Museum\",\"isPartOf\":{\"@id\":\"https:\/\/couven-museum.de\/#website\"},\"primaryImageOfPage\":{\"@id\":\"https:\/\/couven-museum.de\/fr\/musee\/salon-directoire\/#primaryimage\"},\"image\":{\"@id\":\"https:\/\/couven-museum.de\/fr\/musee\/salon-directoire\/#primaryimage\"},\"thumbnailUrl\":\"https:\/\/couven-museum.de\/wp-content\/uploads\/2026\/03\/Directoirezimmer_MG_2317-ps1469_teaser.jpg\",\"datePublished\":\"2019-10-04T08:58:32+00:00\",\"dateModified\":\"2026-03-30T14:43:38+00:00\",\"breadcrumb\":{\"@id\":\"https:\/\/couven-museum.de\/fr\/musee\/salon-directoire\/#breadcrumb\"},\"inLanguage\":\"fr-FR\",\"potentialAction\":[{\"@type\":\"ReadAction\",\"target\":[\"https:\/\/couven-museum.de\/fr\/musee\/salon-directoire\/\"]}]},{\"@type\":\"ImageObject\",\"inLanguage\":\"fr-FR\",\"@id\":\"https:\/\/couven-museum.de\/fr\/musee\/salon-directoire\/#primaryimage\",\"url\":\"https:\/\/couven-museum.de\/wp-content\/uploads\/2026\/03\/Directoirezimmer_MG_2317-ps1469_teaser.jpg\",\"contentUrl\":\"https:\/\/couven-museum.de\/wp-content\/uploads\/2026\/03\/Directoirezimmer_MG_2317-ps1469_teaser.jpg\",\"width\":2356,\"height\":1797},{\"@type\":\"BreadcrumbList\",\"@id\":\"https:\/\/couven-museum.de\/fr\/musee\/salon-directoire\/#breadcrumb\",\"itemListElement\":[{\"@type\":\"ListItem\",\"position\":1,\"name\":\"Startseite\",\"item\":\"https:\/\/couven-museum.de\/fr\/\"},{\"@type\":\"ListItem\",\"position\":2,\"name\":\"Mus\u00e9e\",\"item\":\"https:\/\/couven-museum.de\/museum\/\"},{\"@type\":\"ListItem\",\"position\":3,\"name\":\"Salon Directoire\"}]},{\"@type\":\"WebSite\",\"@id\":\"https:\/\/couven-museum.de\/#website\",\"url\":\"https:\/\/couven-museum.de\/\",\"name\":\"Couven Museum\",\"description\":\"Couven-Museum Aachen\",\"potentialAction\":[{\"@type\":\"SearchAction\",\"target\":{\"@type\":\"EntryPoint\",\"urlTemplate\":\"https:\/\/couven-museum.de\/?s={search_term_string}\"},\"query-input\":{\"@type\":\"PropertyValueSpecification\",\"valueRequired\":true,\"valueName\":\"search_term_string\"}}],\"inLanguage\":\"fr-FR\"}]}<\/script>\n<!-- \/ Yoast SEO plugin. -->","yoast_head_json":{"title":"Salon Directoire - Couven Museum","robots":{"index":"index","follow":"follow","max-snippet":"max-snippet:-1","max-image-preview":"max-image-preview:large","max-video-preview":"max-video-preview:-1"},"canonical":"https:\/\/couven-museum.de\/fr\/musee\/salon-directoire\/","og_locale":"fr_FR","og_type":"article","og_title":"Salon Directoire - Couven Museum","og_description":"Entre 1795 et 1799, le Directoire gouverna la France r\u00e9volutionnaire, et donna son nom \u00e0 un style sp\u00e9cifique de mobilier et de mode : le \u00ab Directoire \u00bb. Ce style se caract\u00e9rise par un int\u00e9r\u00eat marqu\u00e9 pour l\u2019Antiquit\u00e9 gr\u00e9co-romaine, consid\u00e9r\u00e9e comme un mod\u00e8le de culture d\u00e9mocratique.","og_url":"https:\/\/couven-museum.de\/fr\/musee\/salon-directoire\/","og_site_name":"Couven Museum","article_modified_time":"2026-03-30T14:43:38+00:00","og_image":[{"width":2356,"height":1797,"url":"https:\/\/couven-museum.de\/wp-content\/uploads\/2026\/03\/Directoirezimmer_MG_2317-ps1469_teaser.jpg","type":"image\/jpeg"}],"twitter_card":"summary_large_image","twitter_misc":{"Dur\u00e9e de lecture estim\u00e9e":"1 minute"},"schema":{"@context":"https:\/\/schema.org","@graph":[{"@type":"WebPage","@id":"https:\/\/couven-museum.de\/fr\/musee\/salon-directoire\/","url":"https:\/\/couven-museum.de\/fr\/musee\/salon-directoire\/","name":"Salon Directoire - Couven Museum","isPartOf":{"@id":"https:\/\/couven-museum.de\/#website"},"primaryImageOfPage":{"@id":"https:\/\/couven-museum.de\/fr\/musee\/salon-directoire\/#primaryimage"},"image":{"@id":"https:\/\/couven-museum.de\/fr\/musee\/salon-directoire\/#primaryimage"},"thumbnailUrl":"https:\/\/couven-museum.de\/wp-content\/uploads\/2026\/03\/Directoirezimmer_MG_2317-ps1469_teaser.jpg","datePublished":"2019-10-04T08:58:32+00:00","dateModified":"2026-03-30T14:43:38+00:00","breadcrumb":{"@id":"https:\/\/couven-museum.de\/fr\/musee\/salon-directoire\/#breadcrumb"},"inLanguage":"fr-FR","potentialAction":[{"@type":"ReadAction","target":["https:\/\/couven-museum.de\/fr\/musee\/salon-directoire\/"]}]},{"@type":"ImageObject","inLanguage":"fr-FR","@id":"https:\/\/couven-museum.de\/fr\/musee\/salon-directoire\/#primaryimage","url":"https:\/\/couven-museum.de\/wp-content\/uploads\/2026\/03\/Directoirezimmer_MG_2317-ps1469_teaser.jpg","contentUrl":"https:\/\/couven-museum.de\/wp-content\/uploads\/2026\/03\/Directoirezimmer_MG_2317-ps1469_teaser.jpg","width":2356,"height":1797},{"@type":"BreadcrumbList","@id":"https:\/\/couven-museum.de\/fr\/musee\/salon-directoire\/#breadcrumb","itemListElement":[{"@type":"ListItem","position":1,"name":"Startseite","item":"https:\/\/couven-museum.de\/fr\/"},{"@type":"ListItem","position":2,"name":"Mus\u00e9e","item":"https:\/\/couven-museum.de\/museum\/"},{"@type":"ListItem","position":3,"name":"Salon Directoire"}]},{"@type":"WebSite","@id":"https:\/\/couven-museum.de\/#website","url":"https:\/\/couven-museum.de\/","name":"Couven Museum","description":"Couven-Museum Aachen","potentialAction":[{"@type":"SearchAction","target":{"@type":"EntryPoint","urlTemplate":"https:\/\/couven-museum.de\/?s={search_term_string}"},"query-input":{"@type":"PropertyValueSpecification","valueRequired":true,"valueName":"search_term_string"}}],"inLanguage":"fr-FR"}]}},"_links":{"self":[{"href":"https:\/\/couven-museum.de\/fr\/wp-json\/wp\/v2\/pages\/11912","targetHints":{"allow":["GET"]}}],"collection":[{"href":"https:\/\/couven-museum.de\/fr\/wp-json\/wp\/v2\/pages"}],"about":[{"href":"https:\/\/couven-museum.de\/fr\/wp-json\/wp\/v2\/types\/page"}],"author":[{"embeddable":true,"href":"https:\/\/couven-museum.de\/fr\/wp-json\/wp\/v2\/users\/43"}],"replies":[{"embeddable":true,"href":"https:\/\/couven-museum.de\/fr\/wp-json\/wp\/v2\/comments?post=11912"}],"version-history":[{"count":1,"href":"https:\/\/couven-museum.de\/fr\/wp-json\/wp\/v2\/pages\/11912\/revisions"}],"predecessor-version":[{"id":11913,"href":"https:\/\/couven-museum.de\/fr\/wp-json\/wp\/v2\/pages\/11912\/revisions\/11913"}],"up":[{"embeddable":true,"href":"https:\/\/couven-museum.de\/fr\/wp-json\/wp\/v2\/pages\/11880"}],"wp:featuredmedia":[{"embeddable":true,"href":"https:\/\/couven-museum.de\/fr\/wp-json\/wp\/v2\/media\/11999"}],"wp:attachment":[{"href":"https:\/\/couven-museum.de\/fr\/wp-json\/wp\/v2\/media?parent=11912"}],"wp:term":[{"taxonomy":"category","embeddable":true,"href":"https:\/\/couven-museum.de\/fr\/wp-json\/wp\/v2\/categories?post=11912"},{"taxonomy":"post_tag","embeddable":true,"href":"https:\/\/couven-museum.de\/fr\/wp-json\/wp\/v2\/tags?post=11912"}],"curies":[{"name":"wp","href":"https:\/\/api.w.org\/{rel}","templated":true}]}}