{"id":11914,"date":"2019-10-04T11:05:44","date_gmt":"2019-10-04T09:05:44","guid":{"rendered":"https:\/\/couven-museum.de\/musee\/salon-empire\/"},"modified":"2026-03-30T16:35:43","modified_gmt":"2026-03-30T14:35:43","slug":"salon-empire","status":"publish","type":"page","link":"https:\/\/couven-museum.de\/fr\/musee\/salon-empire\/","title":{"rendered":"Salon Empire"},"content":{"rendered":"\t\t<div data-elementor-type=\"wp-page\" data-elementor-id=\"11914\" class=\"elementor elementor-11914 elementor-6586\" data-elementor-post-type=\"page\">\n\t\t\t\t\t\t<section class=\"elementor-section elementor-top-section elementor-element elementor-element-355effe6 elementor-section-boxed elementor-section-height-default elementor-section-height-default\" data-id=\"355effe6\" data-element_type=\"section\" data-e-type=\"section\">\n\t\t\t\t\t\t\t<div class=\"elementor-background-overlay\"><\/div>\n\t\t\t\t\t\t\t<div class=\"elementor-container elementor-column-gap-default\">\n\t\t\t\t\t<div class=\"elementor-column elementor-col-100 elementor-top-column elementor-element elementor-element-3a2ac5e9\" data-id=\"3a2ac5e9\" data-element_type=\"column\" data-e-type=\"column\">\n\t\t\t<div class=\"elementor-widget-wrap elementor-element-populated\">\n\t\t\t\t\t\t<div class=\"elementor-element elementor-element-19f4242 elementor-widget elementor-widget-spacer\" data-id=\"19f4242\" data-element_type=\"widget\" data-e-type=\"widget\" data-widget_type=\"spacer.default\">\n\t\t\t\t<div class=\"elementor-widget-container\">\n\t\t\t\t\t\t\t<div class=\"elementor-spacer\">\n\t\t\t<div class=\"elementor-spacer-inner\"><\/div>\n\t\t<\/div>\n\t\t\t\t\t\t<\/div>\n\t\t\t\t<\/div>\n\t\t\t\t<div class=\"elementor-element elementor-element-7d61c16 elementor-widget elementor-widget-theme-post-title elementor-page-title elementor-widget-heading\" data-id=\"7d61c16\" data-element_type=\"widget\" data-e-type=\"widget\" data-widget_type=\"theme-post-title.default\">\n\t\t\t\t<div class=\"elementor-widget-container\">\n\t\t\t\t\t<h2 class=\"elementor-heading-title elementor-size-default\">Salon Empire<\/h2>\t\t\t\t<\/div>\n\t\t\t\t<\/div>\n\t\t\t\t<div class=\"elementor-element elementor-element-60bac64 elementor-widget elementor-widget-heading\" data-id=\"60bac64\" data-element_type=\"widget\" data-e-type=\"widget\" data-widget_type=\"heading.default\">\n\t\t\t\t<div class=\"elementor-widget-container\">\n\t\t\t\t\t<h5 class=\"elementor-heading-title elementor-size-default\">Rigueur classique<\/h5>\t\t\t\t<\/div>\n\t\t\t\t<\/div>\n\t\t\t\t<div class=\"elementor-element elementor-element-546e8693 elementor-widget elementor-widget-image\" data-id=\"546e8693\" data-element_type=\"widget\" data-e-type=\"widget\" data-widget_type=\"image.default\">\n\t\t\t\t<div class=\"elementor-widget-container\">\n\t\t\t\t\t\t\t\t\t\t\t\t\t\t\t<img fetchpriority=\"high\" decoding=\"async\" width=\"768\" height=\"512\" src=\"https:\/\/couven-museum.de\/wp-content\/uploads\/2026\/03\/Empirezimmer_MG_2292-ps1475_teaser-768x512.jpg\" class=\"attachment-medium_large size-medium_large wp-image-11986\" alt=\"\" srcset=\"https:\/\/couven-museum.de\/wp-content\/uploads\/2026\/03\/Empirezimmer_MG_2292-ps1475_teaser-768x512.jpg 768w, https:\/\/couven-museum.de\/wp-content\/uploads\/2026\/03\/Empirezimmer_MG_2292-ps1475_teaser-460x307.jpg 460w, https:\/\/couven-museum.de\/wp-content\/uploads\/2026\/03\/Empirezimmer_MG_2292-ps1475_teaser-700x466.jpg 700w, https:\/\/couven-museum.de\/wp-content\/uploads\/2026\/03\/Empirezimmer_MG_2292-ps1475_teaser-220x147.jpg 220w, https:\/\/couven-museum.de\/wp-content\/uploads\/2026\/03\/Empirezimmer_MG_2292-ps1475_teaser-1536x1024.jpg 1536w, https:\/\/couven-museum.de\/wp-content\/uploads\/2026\/03\/Empirezimmer_MG_2292-ps1475_teaser-2048x1365.jpg 2048w, https:\/\/couven-museum.de\/wp-content\/uploads\/2026\/03\/Empirezimmer_MG_2292-ps1475_teaser-1900x1266.jpg 1900w\" sizes=\"(max-width: 768px) 100vw, 768px\" \/>\t\t\t\t\t\t\t\t\t\t\t\t\t\t\t<\/div>\n\t\t\t\t<\/div>\n\t\t\t\t<div class=\"elementor-element elementor-element-b14329b elementor-widget elementor-widget-text-editor\" data-id=\"b14329b\" data-element_type=\"widget\" data-e-type=\"widget\" data-widget_type=\"text-editor.default\">\n\t\t\t\t<div class=\"elementor-widget-container\">\n\t\t\t\t\t\t\t\t\t<p>Le salon Empire accueille des meubles de style s\u00e9v\u00e8re classique caract\u00e9ristique du d\u00e9but du XIX e<br \/>si\u00e8cle, qui se r\u00e9pandit dans toute l\u2019Europe sous l\u2019influence de l\u2019Empereur Napol\u00e9on. L\u2019ameublement<br \/>a \u00e9t\u00e9 con\u00e7u dans des bois pr\u00e9cieux, comme l\u2019acajou, l\u2019\u00e9b\u00e8ne ou le c\u00e8dre, mais aussi dans des<br \/>mat\u00e9riaux comme le velours et le marbre. Ce style est marqu\u00e9 par des lignes et des angles droits<br \/>ainsi que des ferrures en bronze prenant la forme d\u2019\u00e9l\u00e9ments ornementaux \u00e0 l\u2019antique (lions, sphinx,<br \/>feuilles de laurier et de ch\u00eane) qui prennent le pas sur les ornements sculpt\u00e9s dans le bois (style<\/p>\n<p>Seite 22 von 2<\/p>\n<p>aixois-li\u00e9geois). Le secr\u00e9taire avec son jeu d\u2019orgues int\u00e9gr\u00e9, qui compte parmi les meubles les plus<br \/>appr\u00e9ci\u00e9s de son \u00e9poque, en est un parfait exemple.<\/p>\n\t\t\t\t\t\t\t\t<\/div>\n\t\t\t\t<\/div>\n\t\t\t\t<div class=\"elementor-element elementor-element-4a82f853 elementor-align-center elementor-widget elementor-widget-button\" data-id=\"4a82f853\" data-element_type=\"widget\" data-e-type=\"widget\" data-widget_type=\"button.default\">\n\t\t\t\t<div class=\"elementor-widget-container\">\n\t\t\t\t\t\t\t\t\t<div class=\"elementor-button-wrapper\">\n\t\t\t\t\t<a class=\"elementor-button elementor-button-link elementor-size-md\" href=\"https:\/\/couven-museum.de\/fr\/musee\/#sammlung\">\n\t\t\t\t\t\t<span class=\"elementor-button-content-wrapper\">\n\t\t\t\t\t\t<span class=\"elementor-button-icon\">\n\t\t\t\t<i aria-hidden=\"true\" class=\"fas fa-angle-right\"><\/i>\t\t\t<\/span>\n\t\t\t\t\t\t\t\t\t<span class=\"elementor-button-text\">VERS LA COLLECTION<\/span>\n\t\t\t\t\t<\/span>\n\t\t\t\t\t<\/a>\n\t\t\t\t<\/div>\n\t\t\t\t\t\t\t\t<\/div>\n\t\t\t\t<\/div>\n\t\t\t\t<div class=\"elementor-element elementor-element-2ebbf78 elementor-widget elementor-widget-spacer\" data-id=\"2ebbf78\" data-element_type=\"widget\" data-e-type=\"widget\" data-widget_type=\"spacer.default\">\n\t\t\t\t<div class=\"elementor-widget-container\">\n\t\t\t\t\t\t\t<div class=\"elementor-spacer\">\n\t\t\t<div class=\"elementor-spacer-inner\"><\/div>\n\t\t<\/div>\n\t\t\t\t\t\t<\/div>\n\t\t\t\t<\/div>\n\t\t\t\t\t<\/div>\n\t\t<\/div>\n\t\t\t\t\t<\/div>\n\t\t<\/section>\n\t\t\t\t<\/div>\n\t\t","protected":false},"excerpt":{"rendered":"<p>Dans la salle Empire se trouve un mobilier au style classique rigoureux du d\u00e9but du XIXe si\u00e8cle, qui se diffusa dans toute l\u2019Europe sous l\u2019influence de l\u2019empereur Napol\u00e9on. Les lignes droites et les angles droits caract\u00e9risent ce style et remplac\u00e8rent les ornements sculpt\u00e9s (style Aix-la-Chapelle\u2013Li\u00e8ge).<\/p>\n","protected":false},"author":43,"featured_media":11986,"parent":11880,"menu_order":5,"comment_status":"closed","ping_status":"closed","template":"","meta":{"_acf_changed":false,"inline_featured_image":false,"_lmt_disableupdate":"no","_lmt_disable":"","footnotes":""},"categories":[127],"tags":[],"class_list":["post-11914","page","type-page","status-publish","has-post-thumbnail","hentry","category-collection"],"acf":[],"yoast_head":"<!-- This site is optimized with the Yoast SEO plugin v27.2 - https:\/\/yoast.com\/product\/yoast-seo-wordpress\/ -->\n<title>Salon Empire - Couven Museum<\/title>\n<meta name=\"robots\" content=\"index, follow, max-snippet:-1, max-image-preview:large, max-video-preview:-1\" \/>\n<link rel=\"canonical\" href=\"https:\/\/couven-museum.de\/fr\/musee\/salon-empire\/\" \/>\n<meta property=\"og:locale\" content=\"fr_FR\" \/>\n<meta property=\"og:type\" content=\"article\" \/>\n<meta property=\"og:title\" content=\"Salon Empire - Couven Museum\" \/>\n<meta property=\"og:description\" content=\"Dans la salle Empire se trouve un mobilier au style classique rigoureux du d\u00e9but du XIXe si\u00e8cle, qui se diffusa dans toute l\u2019Europe sous l\u2019influence de l\u2019empereur Napol\u00e9on. Les lignes droites et les angles droits caract\u00e9risent ce style et remplac\u00e8rent les ornements sculpt\u00e9s (style Aix-la-Chapelle\u2013Li\u00e8ge).\" \/>\n<meta property=\"og:url\" content=\"https:\/\/couven-museum.de\/fr\/musee\/salon-empire\/\" \/>\n<meta property=\"og:site_name\" content=\"Couven Museum\" \/>\n<meta property=\"article:modified_time\" content=\"2026-03-30T14:35:43+00:00\" \/>\n<meta property=\"og:image\" content=\"https:\/\/couven-museum.de\/wp-content\/uploads\/2026\/03\/Empirezimmer_MG_2292-ps1475_teaser.jpg\" \/>\n\t<meta property=\"og:image:width\" content=\"2560\" \/>\n\t<meta property=\"og:image:height\" content=\"1706\" \/>\n\t<meta property=\"og:image:type\" content=\"image\/jpeg\" \/>\n<meta name=\"twitter:card\" content=\"summary_large_image\" \/>\n<meta name=\"twitter:label1\" content=\"Dur\u00e9e de lecture estim\u00e9e\" \/>\n\t<meta name=\"twitter:data1\" content=\"1 minute\" \/>\n<script type=\"application\/ld+json\" class=\"yoast-schema-graph\">{\"@context\":\"https:\/\/schema.org\",\"@graph\":[{\"@type\":\"WebPage\",\"@id\":\"https:\/\/couven-museum.de\/fr\/musee\/salon-empire\/\",\"url\":\"https:\/\/couven-museum.de\/fr\/musee\/salon-empire\/\",\"name\":\"Salon Empire - Couven Museum\",\"isPartOf\":{\"@id\":\"https:\/\/couven-museum.de\/#website\"},\"primaryImageOfPage\":{\"@id\":\"https:\/\/couven-museum.de\/fr\/musee\/salon-empire\/#primaryimage\"},\"image\":{\"@id\":\"https:\/\/couven-museum.de\/fr\/musee\/salon-empire\/#primaryimage\"},\"thumbnailUrl\":\"https:\/\/couven-museum.de\/wp-content\/uploads\/2026\/03\/Empirezimmer_MG_2292-ps1475_teaser.jpg\",\"datePublished\":\"2019-10-04T09:05:44+00:00\",\"dateModified\":\"2026-03-30T14:35:43+00:00\",\"breadcrumb\":{\"@id\":\"https:\/\/couven-museum.de\/fr\/musee\/salon-empire\/#breadcrumb\"},\"inLanguage\":\"fr-FR\",\"potentialAction\":[{\"@type\":\"ReadAction\",\"target\":[\"https:\/\/couven-museum.de\/fr\/musee\/salon-empire\/\"]}]},{\"@type\":\"ImageObject\",\"inLanguage\":\"fr-FR\",\"@id\":\"https:\/\/couven-museum.de\/fr\/musee\/salon-empire\/#primaryimage\",\"url\":\"https:\/\/couven-museum.de\/wp-content\/uploads\/2026\/03\/Empirezimmer_MG_2292-ps1475_teaser.jpg\",\"contentUrl\":\"https:\/\/couven-museum.de\/wp-content\/uploads\/2026\/03\/Empirezimmer_MG_2292-ps1475_teaser.jpg\",\"width\":2560,\"height\":1706},{\"@type\":\"BreadcrumbList\",\"@id\":\"https:\/\/couven-museum.de\/fr\/musee\/salon-empire\/#breadcrumb\",\"itemListElement\":[{\"@type\":\"ListItem\",\"position\":1,\"name\":\"Startseite\",\"item\":\"https:\/\/couven-museum.de\/fr\/\"},{\"@type\":\"ListItem\",\"position\":2,\"name\":\"Mus\u00e9e\",\"item\":\"https:\/\/couven-museum.de\/museum\/\"},{\"@type\":\"ListItem\",\"position\":3,\"name\":\"Salon Empire\"}]},{\"@type\":\"WebSite\",\"@id\":\"https:\/\/couven-museum.de\/#website\",\"url\":\"https:\/\/couven-museum.de\/\",\"name\":\"Couven Museum\",\"description\":\"Couven-Museum Aachen\",\"potentialAction\":[{\"@type\":\"SearchAction\",\"target\":{\"@type\":\"EntryPoint\",\"urlTemplate\":\"https:\/\/couven-museum.de\/?s={search_term_string}\"},\"query-input\":{\"@type\":\"PropertyValueSpecification\",\"valueRequired\":true,\"valueName\":\"search_term_string\"}}],\"inLanguage\":\"fr-FR\"}]}<\/script>\n<!-- \/ Yoast SEO plugin. -->","yoast_head_json":{"title":"Salon Empire - Couven Museum","robots":{"index":"index","follow":"follow","max-snippet":"max-snippet:-1","max-image-preview":"max-image-preview:large","max-video-preview":"max-video-preview:-1"},"canonical":"https:\/\/couven-museum.de\/fr\/musee\/salon-empire\/","og_locale":"fr_FR","og_type":"article","og_title":"Salon Empire - Couven Museum","og_description":"Dans la salle Empire se trouve un mobilier au style classique rigoureux du d\u00e9but du XIXe si\u00e8cle, qui se diffusa dans toute l\u2019Europe sous l\u2019influence de l\u2019empereur Napol\u00e9on. Les lignes droites et les angles droits caract\u00e9risent ce style et remplac\u00e8rent les ornements sculpt\u00e9s (style Aix-la-Chapelle\u2013Li\u00e8ge).","og_url":"https:\/\/couven-museum.de\/fr\/musee\/salon-empire\/","og_site_name":"Couven Museum","article_modified_time":"2026-03-30T14:35:43+00:00","og_image":[{"width":2560,"height":1706,"url":"https:\/\/couven-museum.de\/wp-content\/uploads\/2026\/03\/Empirezimmer_MG_2292-ps1475_teaser.jpg","type":"image\/jpeg"}],"twitter_card":"summary_large_image","twitter_misc":{"Dur\u00e9e de lecture estim\u00e9e":"1 minute"},"schema":{"@context":"https:\/\/schema.org","@graph":[{"@type":"WebPage","@id":"https:\/\/couven-museum.de\/fr\/musee\/salon-empire\/","url":"https:\/\/couven-museum.de\/fr\/musee\/salon-empire\/","name":"Salon Empire - Couven Museum","isPartOf":{"@id":"https:\/\/couven-museum.de\/#website"},"primaryImageOfPage":{"@id":"https:\/\/couven-museum.de\/fr\/musee\/salon-empire\/#primaryimage"},"image":{"@id":"https:\/\/couven-museum.de\/fr\/musee\/salon-empire\/#primaryimage"},"thumbnailUrl":"https:\/\/couven-museum.de\/wp-content\/uploads\/2026\/03\/Empirezimmer_MG_2292-ps1475_teaser.jpg","datePublished":"2019-10-04T09:05:44+00:00","dateModified":"2026-03-30T14:35:43+00:00","breadcrumb":{"@id":"https:\/\/couven-museum.de\/fr\/musee\/salon-empire\/#breadcrumb"},"inLanguage":"fr-FR","potentialAction":[{"@type":"ReadAction","target":["https:\/\/couven-museum.de\/fr\/musee\/salon-empire\/"]}]},{"@type":"ImageObject","inLanguage":"fr-FR","@id":"https:\/\/couven-museum.de\/fr\/musee\/salon-empire\/#primaryimage","url":"https:\/\/couven-museum.de\/wp-content\/uploads\/2026\/03\/Empirezimmer_MG_2292-ps1475_teaser.jpg","contentUrl":"https:\/\/couven-museum.de\/wp-content\/uploads\/2026\/03\/Empirezimmer_MG_2292-ps1475_teaser.jpg","width":2560,"height":1706},{"@type":"BreadcrumbList","@id":"https:\/\/couven-museum.de\/fr\/musee\/salon-empire\/#breadcrumb","itemListElement":[{"@type":"ListItem","position":1,"name":"Startseite","item":"https:\/\/couven-museum.de\/fr\/"},{"@type":"ListItem","position":2,"name":"Mus\u00e9e","item":"https:\/\/couven-museum.de\/museum\/"},{"@type":"ListItem","position":3,"name":"Salon Empire"}]},{"@type":"WebSite","@id":"https:\/\/couven-museum.de\/#website","url":"https:\/\/couven-museum.de\/","name":"Couven Museum","description":"Couven-Museum Aachen","potentialAction":[{"@type":"SearchAction","target":{"@type":"EntryPoint","urlTemplate":"https:\/\/couven-museum.de\/?s={search_term_string}"},"query-input":{"@type":"PropertyValueSpecification","valueRequired":true,"valueName":"search_term_string"}}],"inLanguage":"fr-FR"}]}},"_links":{"self":[{"href":"https:\/\/couven-museum.de\/fr\/wp-json\/wp\/v2\/pages\/11914","targetHints":{"allow":["GET"]}}],"collection":[{"href":"https:\/\/couven-museum.de\/fr\/wp-json\/wp\/v2\/pages"}],"about":[{"href":"https:\/\/couven-museum.de\/fr\/wp-json\/wp\/v2\/types\/page"}],"author":[{"embeddable":true,"href":"https:\/\/couven-museum.de\/fr\/wp-json\/wp\/v2\/users\/43"}],"replies":[{"embeddable":true,"href":"https:\/\/couven-museum.de\/fr\/wp-json\/wp\/v2\/comments?post=11914"}],"version-history":[{"count":1,"href":"https:\/\/couven-museum.de\/fr\/wp-json\/wp\/v2\/pages\/11914\/revisions"}],"predecessor-version":[{"id":11915,"href":"https:\/\/couven-museum.de\/fr\/wp-json\/wp\/v2\/pages\/11914\/revisions\/11915"}],"up":[{"embeddable":true,"href":"https:\/\/couven-museum.de\/fr\/wp-json\/wp\/v2\/pages\/11880"}],"wp:featuredmedia":[{"embeddable":true,"href":"https:\/\/couven-museum.de\/fr\/wp-json\/wp\/v2\/media\/11986"}],"wp:attachment":[{"href":"https:\/\/couven-museum.de\/fr\/wp-json\/wp\/v2\/media?parent=11914"}],"wp:term":[{"taxonomy":"category","embeddable":true,"href":"https:\/\/couven-museum.de\/fr\/wp-json\/wp\/v2\/categories?post=11914"},{"taxonomy":"post_tag","embeddable":true,"href":"https:\/\/couven-museum.de\/fr\/wp-json\/wp\/v2\/tags?post=11914"}],"curies":[{"name":"wp","href":"https:\/\/api.w.org\/{rel}","templated":true}]}}