{"id":11916,"date":"2019-10-04T12:17:55","date_gmt":"2019-10-04T10:17:55","guid":{"rendered":"https:\/\/couven-museum.de\/musee\/salon-vert\/"},"modified":"2026-03-30T16:47:10","modified_gmt":"2026-03-30T14:47:10","slug":"salon-vert","status":"publish","type":"page","link":"https:\/\/couven-museum.de\/fr\/musee\/salon-vert\/","title":{"rendered":"Salon vert"},"content":{"rendered":"\t\t<div data-elementor-type=\"wp-page\" data-elementor-id=\"11916\" class=\"elementor elementor-11916 elementor-6618\" data-elementor-post-type=\"page\">\n\t\t\t\t\t\t<section class=\"elementor-section elementor-top-section elementor-element elementor-element-355effe6 elementor-section-boxed elementor-section-height-default elementor-section-height-default\" data-id=\"355effe6\" data-element_type=\"section\" data-e-type=\"section\">\n\t\t\t\t\t\t\t<div class=\"elementor-background-overlay\"><\/div>\n\t\t\t\t\t\t\t<div class=\"elementor-container elementor-column-gap-default\">\n\t\t\t\t\t<div class=\"elementor-column elementor-col-100 elementor-top-column elementor-element elementor-element-3a2ac5e9\" data-id=\"3a2ac5e9\" data-element_type=\"column\" data-e-type=\"column\">\n\t\t\t<div class=\"elementor-widget-wrap elementor-element-populated\">\n\t\t\t\t\t\t<div class=\"elementor-element elementor-element-19f4242 elementor-widget elementor-widget-spacer\" data-id=\"19f4242\" data-element_type=\"widget\" data-e-type=\"widget\" data-widget_type=\"spacer.default\">\n\t\t\t\t<div class=\"elementor-widget-container\">\n\t\t\t\t\t\t\t<div class=\"elementor-spacer\">\n\t\t\t<div class=\"elementor-spacer-inner\"><\/div>\n\t\t<\/div>\n\t\t\t\t\t\t<\/div>\n\t\t\t\t<\/div>\n\t\t\t\t<div class=\"elementor-element elementor-element-7d61c16 elementor-widget elementor-widget-theme-post-title elementor-page-title elementor-widget-heading\" data-id=\"7d61c16\" data-element_type=\"widget\" data-e-type=\"widget\" data-widget_type=\"theme-post-title.default\">\n\t\t\t\t<div class=\"elementor-widget-container\">\n\t\t\t\t\t<h2 class=\"elementor-heading-title elementor-size-default\">Salon vert<\/h2>\t\t\t\t<\/div>\n\t\t\t\t<\/div>\n\t\t\t\t<div class=\"elementor-element elementor-element-60bac64 elementor-widget elementor-widget-heading\" data-id=\"60bac64\" data-element_type=\"widget\" data-e-type=\"widget\" data-widget_type=\"heading.default\">\n\t\t\t\t<div class=\"elementor-widget-container\">\n\t\t\t\t\t<h5 class=\"elementor-heading-title elementor-size-default\">Prestigieux &amp; accueillant<\/h5>\t\t\t\t<\/div>\n\t\t\t\t<\/div>\n\t\t\t\t<div class=\"elementor-element elementor-element-546e8693 elementor-widget elementor-widget-image\" data-id=\"546e8693\" data-element_type=\"widget\" data-e-type=\"widget\" data-widget_type=\"image.default\">\n\t\t\t\t<div class=\"elementor-widget-container\">\n\t\t\t\t\t\t\t\t\t\t\t\t\t\t\t<img fetchpriority=\"high\" decoding=\"async\" width=\"768\" height=\"584\" src=\"https:\/\/couven-museum.de\/wp-content\/uploads\/2026\/03\/Gruener-Salon_MG_2259-ps1458_teaser-768x584.jpg\" class=\"attachment-medium_large size-medium_large wp-image-12008\" alt=\"\" srcset=\"https:\/\/couven-museum.de\/wp-content\/uploads\/2026\/03\/Gruener-Salon_MG_2259-ps1458_teaser-768x584.jpg 768w, https:\/\/couven-museum.de\/wp-content\/uploads\/2026\/03\/Gruener-Salon_MG_2259-ps1458_teaser-460x350.jpg 460w, https:\/\/couven-museum.de\/wp-content\/uploads\/2026\/03\/Gruener-Salon_MG_2259-ps1458_teaser-700x532.jpg 700w, https:\/\/couven-museum.de\/wp-content\/uploads\/2026\/03\/Gruener-Salon_MG_2259-ps1458_teaser-220x167.jpg 220w, https:\/\/couven-museum.de\/wp-content\/uploads\/2026\/03\/Gruener-Salon_MG_2259-ps1458_teaser-1536x1168.jpg 1536w, https:\/\/couven-museum.de\/wp-content\/uploads\/2026\/03\/Gruener-Salon_MG_2259-ps1458_teaser-2048x1557.jpg 2048w, https:\/\/couven-museum.de\/wp-content\/uploads\/2026\/03\/Gruener-Salon_MG_2259-ps1458_teaser-1900x1445.jpg 1900w\" sizes=\"(max-width: 768px) 100vw, 768px\" \/>\t\t\t\t\t\t\t\t\t\t\t\t\t\t\t<\/div>\n\t\t\t\t<\/div>\n\t\t\t\t<div class=\"elementor-element elementor-element-b14329b elementor-widget elementor-widget-text-editor\" data-id=\"b14329b\" data-element_type=\"widget\" data-e-type=\"widget\" data-widget_type=\"text-editor.default\">\n\t\t\t\t<div class=\"elementor-widget-container\">\n\t\t\t\t\t\t\t\t\t<p>On acc\u00e8de au salon vert via deux splendides passages aux jambages courbes de style rococo. Ce<br \/>salon assurait une fonction d\u2019apparat comme salle de r\u00e9ception, mais \u00e9tait \u00e9galement le lieu de<br \/>rencontres conviviales. Pour ce faire, la pi\u00e8ce est \u00e9quip\u00e9e de meubles confortables\u00a0: les dossiers et<br \/>accoudoirs des fauteuils sont bien rembourr\u00e9s, et de nouveaux objets d\u2019ameublement assurent un<br \/>certain confort. Il s\u2019agit entre autres de petites tables pourvues de tiroirs, de tables de jeux, consoles<br \/>et de boucliers pour po\u00eales. L\u2019une des d\u00e9corations les plus remarquables de la pi\u00e8ce est la<br \/>repr\u00e9sentation r\u00e9alis\u00e9e en Chine d\u2019un ch\u00e2teau europ\u00e9en, qui se trouve sur le mur oppos\u00e9 aux<br \/>fen\u00eatres.<\/p>\n\t\t\t\t\t\t\t\t<\/div>\n\t\t\t\t<\/div>\n\t\t\t\t<div class=\"elementor-element elementor-element-4a82f853 elementor-align-center elementor-widget elementor-widget-button\" data-id=\"4a82f853\" data-element_type=\"widget\" data-e-type=\"widget\" data-widget_type=\"button.default\">\n\t\t\t\t<div class=\"elementor-widget-container\">\n\t\t\t\t\t\t\t\t\t<div class=\"elementor-button-wrapper\">\n\t\t\t\t\t<a class=\"elementor-button elementor-button-link elementor-size-md\" href=\"https:\/\/couven-museum.de\/fr\/musee\/#sammlung\">\n\t\t\t\t\t\t<span class=\"elementor-button-content-wrapper\">\n\t\t\t\t\t\t<span class=\"elementor-button-icon\">\n\t\t\t\t<i aria-hidden=\"true\" class=\"fas fa-angle-right\"><\/i>\t\t\t<\/span>\n\t\t\t\t\t\t\t\t\t<span class=\"elementor-button-text\">VERS LA COLLECTION<\/span>\n\t\t\t\t\t<\/span>\n\t\t\t\t\t<\/a>\n\t\t\t\t<\/div>\n\t\t\t\t\t\t\t\t<\/div>\n\t\t\t\t<\/div>\n\t\t\t\t<div class=\"elementor-element elementor-element-2ebbf78 elementor-widget elementor-widget-spacer\" data-id=\"2ebbf78\" data-element_type=\"widget\" data-e-type=\"widget\" data-widget_type=\"spacer.default\">\n\t\t\t\t<div class=\"elementor-widget-container\">\n\t\t\t\t\t\t\t<div class=\"elementor-spacer\">\n\t\t\t<div class=\"elementor-spacer-inner\"><\/div>\n\t\t<\/div>\n\t\t\t\t\t\t<\/div>\n\t\t\t\t<\/div>\n\t\t\t\t\t<\/div>\n\t\t<\/div>\n\t\t\t\t\t<\/div>\n\t\t<\/section>\n\t\t\t\t<\/div>\n\t\t","protected":false},"excerpt":{"rendered":"<p>On acc\u00e8de au Salon vert par deux magnifiques passages aux encadrements courbes de style rococo. Il servait de salon de r\u00e9ception repr\u00e9sentatif, mais \u00e9tait aussi un lieu de rencontre pour des r\u00e9unions conviviales.<\/p>\n","protected":false},"author":43,"featured_media":12008,"parent":11880,"menu_order":11,"comment_status":"closed","ping_status":"closed","template":"","meta":{"_acf_changed":false,"inline_featured_image":false,"_lmt_disableupdate":"no","_lmt_disable":"","footnotes":""},"categories":[127],"tags":[],"class_list":["post-11916","page","type-page","status-publish","has-post-thumbnail","hentry","category-collection"],"acf":[],"yoast_head":"<!-- This site is optimized with the Yoast SEO plugin v27.2 - https:\/\/yoast.com\/product\/yoast-seo-wordpress\/ -->\n<title>Salon vert - Couven Museum<\/title>\n<meta name=\"robots\" content=\"index, follow, max-snippet:-1, max-image-preview:large, max-video-preview:-1\" \/>\n<link rel=\"canonical\" href=\"https:\/\/couven-museum.de\/fr\/musee\/salon-vert\/\" \/>\n<meta property=\"og:locale\" content=\"fr_FR\" \/>\n<meta property=\"og:type\" content=\"article\" \/>\n<meta property=\"og:title\" content=\"Salon vert - Couven Museum\" \/>\n<meta property=\"og:description\" content=\"On acc\u00e8de au Salon vert par deux magnifiques passages aux encadrements courbes de style rococo. Il servait de salon de r\u00e9ception repr\u00e9sentatif, mais \u00e9tait aussi un lieu de rencontre pour des r\u00e9unions conviviales.\" \/>\n<meta property=\"og:url\" content=\"https:\/\/couven-museum.de\/fr\/musee\/salon-vert\/\" \/>\n<meta property=\"og:site_name\" content=\"Couven Museum\" \/>\n<meta property=\"article:modified_time\" content=\"2026-03-30T14:47:10+00:00\" \/>\n<meta property=\"og:image\" content=\"https:\/\/couven-museum.de\/wp-content\/uploads\/2026\/03\/Gruener-Salon_MG_2259-ps1458_teaser.jpg\" \/>\n\t<meta property=\"og:image:width\" content=\"2316\" \/>\n\t<meta property=\"og:image:height\" content=\"1761\" \/>\n\t<meta property=\"og:image:type\" content=\"image\/jpeg\" \/>\n<meta name=\"twitter:card\" content=\"summary_large_image\" \/>\n<meta name=\"twitter:label1\" content=\"Dur\u00e9e de lecture estim\u00e9e\" \/>\n\t<meta name=\"twitter:data1\" content=\"1 minute\" \/>\n<script type=\"application\/ld+json\" class=\"yoast-schema-graph\">{\"@context\":\"https:\/\/schema.org\",\"@graph\":[{\"@type\":\"WebPage\",\"@id\":\"https:\/\/couven-museum.de\/fr\/musee\/salon-vert\/\",\"url\":\"https:\/\/couven-museum.de\/fr\/musee\/salon-vert\/\",\"name\":\"Salon vert - Couven Museum\",\"isPartOf\":{\"@id\":\"https:\/\/couven-museum.de\/#website\"},\"primaryImageOfPage\":{\"@id\":\"https:\/\/couven-museum.de\/fr\/musee\/salon-vert\/#primaryimage\"},\"image\":{\"@id\":\"https:\/\/couven-museum.de\/fr\/musee\/salon-vert\/#primaryimage\"},\"thumbnailUrl\":\"https:\/\/couven-museum.de\/wp-content\/uploads\/2026\/03\/Gruener-Salon_MG_2259-ps1458_teaser.jpg\",\"datePublished\":\"2019-10-04T10:17:55+00:00\",\"dateModified\":\"2026-03-30T14:47:10+00:00\",\"breadcrumb\":{\"@id\":\"https:\/\/couven-museum.de\/fr\/musee\/salon-vert\/#breadcrumb\"},\"inLanguage\":\"fr-FR\",\"potentialAction\":[{\"@type\":\"ReadAction\",\"target\":[\"https:\/\/couven-museum.de\/fr\/musee\/salon-vert\/\"]}]},{\"@type\":\"ImageObject\",\"inLanguage\":\"fr-FR\",\"@id\":\"https:\/\/couven-museum.de\/fr\/musee\/salon-vert\/#primaryimage\",\"url\":\"https:\/\/couven-museum.de\/wp-content\/uploads\/2026\/03\/Gruener-Salon_MG_2259-ps1458_teaser.jpg\",\"contentUrl\":\"https:\/\/couven-museum.de\/wp-content\/uploads\/2026\/03\/Gruener-Salon_MG_2259-ps1458_teaser.jpg\",\"width\":2316,\"height\":1761},{\"@type\":\"BreadcrumbList\",\"@id\":\"https:\/\/couven-museum.de\/fr\/musee\/salon-vert\/#breadcrumb\",\"itemListElement\":[{\"@type\":\"ListItem\",\"position\":1,\"name\":\"Startseite\",\"item\":\"https:\/\/couven-museum.de\/fr\/\"},{\"@type\":\"ListItem\",\"position\":2,\"name\":\"Mus\u00e9e\",\"item\":\"https:\/\/couven-museum.de\/museum\/\"},{\"@type\":\"ListItem\",\"position\":3,\"name\":\"Salon vert\"}]},{\"@type\":\"WebSite\",\"@id\":\"https:\/\/couven-museum.de\/#website\",\"url\":\"https:\/\/couven-museum.de\/\",\"name\":\"Couven Museum\",\"description\":\"Couven-Museum Aachen\",\"potentialAction\":[{\"@type\":\"SearchAction\",\"target\":{\"@type\":\"EntryPoint\",\"urlTemplate\":\"https:\/\/couven-museum.de\/?s={search_term_string}\"},\"query-input\":{\"@type\":\"PropertyValueSpecification\",\"valueRequired\":true,\"valueName\":\"search_term_string\"}}],\"inLanguage\":\"fr-FR\"}]}<\/script>\n<!-- \/ Yoast SEO plugin. -->","yoast_head_json":{"title":"Salon vert - Couven Museum","robots":{"index":"index","follow":"follow","max-snippet":"max-snippet:-1","max-image-preview":"max-image-preview:large","max-video-preview":"max-video-preview:-1"},"canonical":"https:\/\/couven-museum.de\/fr\/musee\/salon-vert\/","og_locale":"fr_FR","og_type":"article","og_title":"Salon vert - Couven Museum","og_description":"On acc\u00e8de au Salon vert par deux magnifiques passages aux encadrements courbes de style rococo. Il servait de salon de r\u00e9ception repr\u00e9sentatif, mais \u00e9tait aussi un lieu de rencontre pour des r\u00e9unions conviviales.","og_url":"https:\/\/couven-museum.de\/fr\/musee\/salon-vert\/","og_site_name":"Couven Museum","article_modified_time":"2026-03-30T14:47:10+00:00","og_image":[{"width":2316,"height":1761,"url":"https:\/\/couven-museum.de\/wp-content\/uploads\/2026\/03\/Gruener-Salon_MG_2259-ps1458_teaser.jpg","type":"image\/jpeg"}],"twitter_card":"summary_large_image","twitter_misc":{"Dur\u00e9e de lecture estim\u00e9e":"1 minute"},"schema":{"@context":"https:\/\/schema.org","@graph":[{"@type":"WebPage","@id":"https:\/\/couven-museum.de\/fr\/musee\/salon-vert\/","url":"https:\/\/couven-museum.de\/fr\/musee\/salon-vert\/","name":"Salon vert - Couven Museum","isPartOf":{"@id":"https:\/\/couven-museum.de\/#website"},"primaryImageOfPage":{"@id":"https:\/\/couven-museum.de\/fr\/musee\/salon-vert\/#primaryimage"},"image":{"@id":"https:\/\/couven-museum.de\/fr\/musee\/salon-vert\/#primaryimage"},"thumbnailUrl":"https:\/\/couven-museum.de\/wp-content\/uploads\/2026\/03\/Gruener-Salon_MG_2259-ps1458_teaser.jpg","datePublished":"2019-10-04T10:17:55+00:00","dateModified":"2026-03-30T14:47:10+00:00","breadcrumb":{"@id":"https:\/\/couven-museum.de\/fr\/musee\/salon-vert\/#breadcrumb"},"inLanguage":"fr-FR","potentialAction":[{"@type":"ReadAction","target":["https:\/\/couven-museum.de\/fr\/musee\/salon-vert\/"]}]},{"@type":"ImageObject","inLanguage":"fr-FR","@id":"https:\/\/couven-museum.de\/fr\/musee\/salon-vert\/#primaryimage","url":"https:\/\/couven-museum.de\/wp-content\/uploads\/2026\/03\/Gruener-Salon_MG_2259-ps1458_teaser.jpg","contentUrl":"https:\/\/couven-museum.de\/wp-content\/uploads\/2026\/03\/Gruener-Salon_MG_2259-ps1458_teaser.jpg","width":2316,"height":1761},{"@type":"BreadcrumbList","@id":"https:\/\/couven-museum.de\/fr\/musee\/salon-vert\/#breadcrumb","itemListElement":[{"@type":"ListItem","position":1,"name":"Startseite","item":"https:\/\/couven-museum.de\/fr\/"},{"@type":"ListItem","position":2,"name":"Mus\u00e9e","item":"https:\/\/couven-museum.de\/museum\/"},{"@type":"ListItem","position":3,"name":"Salon vert"}]},{"@type":"WebSite","@id":"https:\/\/couven-museum.de\/#website","url":"https:\/\/couven-museum.de\/","name":"Couven Museum","description":"Couven-Museum Aachen","potentialAction":[{"@type":"SearchAction","target":{"@type":"EntryPoint","urlTemplate":"https:\/\/couven-museum.de\/?s={search_term_string}"},"query-input":{"@type":"PropertyValueSpecification","valueRequired":true,"valueName":"search_term_string"}}],"inLanguage":"fr-FR"}]}},"_links":{"self":[{"href":"https:\/\/couven-museum.de\/fr\/wp-json\/wp\/v2\/pages\/11916","targetHints":{"allow":["GET"]}}],"collection":[{"href":"https:\/\/couven-museum.de\/fr\/wp-json\/wp\/v2\/pages"}],"about":[{"href":"https:\/\/couven-museum.de\/fr\/wp-json\/wp\/v2\/types\/page"}],"author":[{"embeddable":true,"href":"https:\/\/couven-museum.de\/fr\/wp-json\/wp\/v2\/users\/43"}],"replies":[{"embeddable":true,"href":"https:\/\/couven-museum.de\/fr\/wp-json\/wp\/v2\/comments?post=11916"}],"version-history":[{"count":1,"href":"https:\/\/couven-museum.de\/fr\/wp-json\/wp\/v2\/pages\/11916\/revisions"}],"predecessor-version":[{"id":11917,"href":"https:\/\/couven-museum.de\/fr\/wp-json\/wp\/v2\/pages\/11916\/revisions\/11917"}],"up":[{"embeddable":true,"href":"https:\/\/couven-museum.de\/fr\/wp-json\/wp\/v2\/pages\/11880"}],"wp:featuredmedia":[{"embeddable":true,"href":"https:\/\/couven-museum.de\/fr\/wp-json\/wp\/v2\/media\/12008"}],"wp:attachment":[{"href":"https:\/\/couven-museum.de\/fr\/wp-json\/wp\/v2\/media?parent=11916"}],"wp:term":[{"taxonomy":"category","embeddable":true,"href":"https:\/\/couven-museum.de\/fr\/wp-json\/wp\/v2\/categories?post=11916"},{"taxonomy":"post_tag","embeddable":true,"href":"https:\/\/couven-museum.de\/fr\/wp-json\/wp\/v2\/tags?post=11916"}],"curies":[{"name":"wp","href":"https:\/\/api.w.org\/{rel}","templated":true}]}}