{"id":11918,"date":"2019-10-04T13:27:03","date_gmt":"2019-10-04T11:27:03","guid":{"rendered":"https:\/\/couven-museum.de\/musee\/salon-avec-cheminee\/"},"modified":"2026-03-30T16:29:47","modified_gmt":"2026-03-30T14:29:47","slug":"salon-avec-cheminee","status":"publish","type":"page","link":"https:\/\/couven-museum.de\/fr\/musee\/salon-avec-cheminee\/","title":{"rendered":"Salon avec chemin\u00e9e"},"content":{"rendered":"\t\t<div data-elementor-type=\"wp-page\" data-elementor-id=\"11918\" class=\"elementor elementor-11918 elementor-6632\" data-elementor-post-type=\"page\">\n\t\t\t\t\t\t<section class=\"elementor-section elementor-top-section elementor-element elementor-element-355effe6 elementor-section-boxed elementor-section-height-default elementor-section-height-default\" data-id=\"355effe6\" data-element_type=\"section\" data-e-type=\"section\">\n\t\t\t\t\t\t\t<div class=\"elementor-background-overlay\"><\/div>\n\t\t\t\t\t\t\t<div class=\"elementor-container elementor-column-gap-default\">\n\t\t\t\t\t<div class=\"elementor-column elementor-col-100 elementor-top-column elementor-element elementor-element-3a2ac5e9\" data-id=\"3a2ac5e9\" data-element_type=\"column\" data-e-type=\"column\">\n\t\t\t<div class=\"elementor-widget-wrap elementor-element-populated\">\n\t\t\t\t\t\t<div class=\"elementor-element elementor-element-19f4242 elementor-widget elementor-widget-spacer\" data-id=\"19f4242\" data-element_type=\"widget\" data-e-type=\"widget\" data-widget_type=\"spacer.default\">\n\t\t\t\t<div class=\"elementor-widget-container\">\n\t\t\t\t\t\t\t<div class=\"elementor-spacer\">\n\t\t\t<div class=\"elementor-spacer-inner\"><\/div>\n\t\t<\/div>\n\t\t\t\t\t\t<\/div>\n\t\t\t\t<\/div>\n\t\t\t\t<div class=\"elementor-element elementor-element-60bac64 elementor-widget elementor-widget-heading\" data-id=\"60bac64\" data-element_type=\"widget\" data-e-type=\"widget\" data-widget_type=\"heading.default\">\n\t\t\t\t<div class=\"elementor-widget-container\">\n\t\t\t\t\t<p class=\"elementor-heading-title elementor-size-xl\">Salon avec chemin\u00e9e<\/p>\t\t\t\t<\/div>\n\t\t\t\t<\/div>\n\t\t\t\t<div class=\"elementor-element elementor-element-546e8693 elementor-widget elementor-widget-image\" data-id=\"546e8693\" data-element_type=\"widget\" data-e-type=\"widget\" data-widget_type=\"image.default\">\n\t\t\t\t<div class=\"elementor-widget-container\">\n\t\t\t\t\t\t\t\t\t\t\t\t\t\t\t<img fetchpriority=\"high\" decoding=\"async\" width=\"720\" height=\"670\" src=\"https:\/\/couven-museum.de\/wp-content\/uploads\/2019\/10\/kaminzimmer-couven-museum-aachen.jpg\" class=\"attachment-medium_large size-medium_large wp-image-11704\" alt=\"Kaminzimmer Couven Museum Aachen\" srcset=\"https:\/\/couven-museum.de\/wp-content\/uploads\/2019\/10\/kaminzimmer-couven-museum-aachen.jpg 720w, https:\/\/couven-museum.de\/wp-content\/uploads\/2019\/10\/kaminzimmer-couven-museum-aachen-220x205.jpg 220w, https:\/\/couven-museum.de\/wp-content\/uploads\/2019\/10\/kaminzimmer-couven-museum-aachen-460x428.jpg 460w, https:\/\/couven-museum.de\/wp-content\/uploads\/2019\/10\/kaminzimmer-couven-museum-aachen-700x651.jpg 700w\" sizes=\"(max-width: 720px) 100vw, 720px\" \/>\t\t\t\t\t\t\t\t\t\t\t\t\t\t\t<\/div>\n\t\t\t\t<\/div>\n\t\t\t\t<div class=\"elementor-element elementor-element-060e4af elementor-widget elementor-widget-text-editor\" data-id=\"060e4af\" data-element_type=\"widget\" data-e-type=\"widget\" data-widget_type=\"text-editor.default\">\n\t\t\t\t<div class=\"elementor-widget-container\">\n\t\t\t\t\t\t\t\t\t<p>C\u2019est le stucateur italien Pietro Nicolo Gagini qui con\u00e7ut en 1778 la magnifique chemin\u00e9e pour la<br \/>maison de campagne Drimborn \u00e0 c\u00f4t\u00e9 d\u2019Aix-la-Chapelle, maison qui fut d\u00e9truite pendant la guerre.<br \/>Dans le style de la fin du XVIII e si\u00e8cle, une somptueuse corbeille de fleurs enti\u00e8rement en relief est<br \/>entour\u00e9e de guirlandes et de n\u0153uds.<br \/>Le secr\u00e9taire en armoire aixois date de vers 1780. La partie inf\u00e9rieure est con\u00e7ue comme une<br \/>commode \u00e0 doubles tiroirs, orn\u00e9e de cornes d\u2019abondance et de feuillages. Elle se termine dans un<br \/>enroulement en quart de cylindre, lui aussi richement sculpt\u00e9, qui assure la transition vers le meuble<br \/>sup\u00e9rieur. Les sculptures sur les vantaux ferm\u00e9s de la partie haute pr\u00e9sentent des instruments de<br \/>musique, \u00e0 savoir un cor de chasse, une viole, une trompette et une clarinette, ainsi que des<br \/>guirlandes de roses. Ce \u00ab\u00a0meuble fonctionnel\u00a0\u00bb exceptionnel est couronn\u00e9 d\u2019une corniche incurv\u00e9e<br \/>caract\u00e9ristique des meubles rococo aixois (appel\u00e9e le \u00ab\u00a0nez aixois\u00a0\u00bb).<br \/>La splendide pendule fran\u00e7aise datant de la premi\u00e8re moiti\u00e9 du XVIII e si\u00e8cle est orn\u00e9e d\u2019appliques en<br \/>rocaille plaqu\u00e9es or \u00e0 chaud. Un relief portant la signature \u00ab\u00a0Tallon, A Paris\u00a0\u00bb est appliqu\u00e9 sur le verre<br \/>en-dessous du m\u00e9canisme et repr\u00e9sente vraisemblablement Neptune. Cette pendule aux riches<br \/>ornementations est couronn\u00e9e d\u2019une figure f\u00e9minine perch\u00e9e sur un aigle.<\/p>\n\t\t\t\t\t\t\t\t<\/div>\n\t\t\t\t<\/div>\n\t\t\t\t<div class=\"elementor-element elementor-element-4a82f853 elementor-align-center elementor-widget elementor-widget-button\" data-id=\"4a82f853\" data-element_type=\"widget\" data-e-type=\"widget\" data-widget_type=\"button.default\">\n\t\t\t\t<div class=\"elementor-widget-container\">\n\t\t\t\t\t\t\t\t\t<div class=\"elementor-button-wrapper\">\n\t\t\t\t\t<a class=\"elementor-button elementor-button-link elementor-size-md\" href=\"https:\/\/couven-museum.de\/fr\/musee\/#sammlung\">\n\t\t\t\t\t\t<span class=\"elementor-button-content-wrapper\">\n\t\t\t\t\t\t<span class=\"elementor-button-icon\">\n\t\t\t\t<i aria-hidden=\"true\" class=\"fas fa-angle-right\"><\/i>\t\t\t<\/span>\n\t\t\t\t\t\t\t\t\t<span class=\"elementor-button-text\">VERS LA COLLECTION<\/span>\n\t\t\t\t\t<\/span>\n\t\t\t\t\t<\/a>\n\t\t\t\t<\/div>\n\t\t\t\t\t\t\t\t<\/div>\n\t\t\t\t<\/div>\n\t\t\t\t<div class=\"elementor-element elementor-element-2ebbf78 elementor-widget elementor-widget-spacer\" data-id=\"2ebbf78\" data-element_type=\"widget\" data-e-type=\"widget\" data-widget_type=\"spacer.default\">\n\t\t\t\t<div class=\"elementor-widget-container\">\n\t\t\t\t\t\t\t<div class=\"elementor-spacer\">\n\t\t\t<div class=\"elementor-spacer-inner\"><\/div>\n\t\t<\/div>\n\t\t\t\t\t\t<\/div>\n\t\t\t\t<\/div>\n\t\t\t\t\t<\/div>\n\t\t<\/div>\n\t\t\t\t\t<\/div>\n\t\t<\/section>\n\t\t\t\t<\/div>\n\t\t","protected":false},"excerpt":{"rendered":"<p>Salon avec chemin\u00e9e C\u2019est le stucateur italien Pietro Nicolo Gagini qui con\u00e7ut en 1778 la magnifique chemin\u00e9e pour lamaison de campagne Drimborn \u00e0 c\u00f4t\u00e9 d\u2019Aix-la-Chapelle, maison qui fut d\u00e9truite pendant [&hellip;]<\/p>\n","protected":false},"author":45,"featured_media":11978,"parent":11880,"menu_order":2,"comment_status":"closed","ping_status":"closed","template":"","meta":{"_acf_changed":false,"inline_featured_image":false,"_lmt_disableupdate":"no","_lmt_disable":"","footnotes":""},"categories":[129],"tags":[],"class_list":["post-11918","page","type-page","status-publish","has-post-thumbnail","hentry","category-non-classe"],"acf":[],"yoast_head":"<!-- This site is optimized with the Yoast SEO plugin v27.2 - https:\/\/yoast.com\/product\/yoast-seo-wordpress\/ -->\n<title>Salon avec chemin\u00e9e - Couven Museum<\/title>\n<meta name=\"robots\" content=\"index, follow, max-snippet:-1, max-image-preview:large, max-video-preview:-1\" \/>\n<link rel=\"canonical\" href=\"https:\/\/couven-museum.de\/fr\/musee\/salon-avec-cheminee\/\" \/>\n<meta property=\"og:locale\" content=\"fr_FR\" \/>\n<meta property=\"og:type\" content=\"article\" \/>\n<meta property=\"og:title\" content=\"Salon avec chemin\u00e9e - Couven Museum\" \/>\n<meta property=\"og:description\" content=\"Salon avec chemin\u00e9e C\u2019est le stucateur italien Pietro Nicolo Gagini qui con\u00e7ut en 1778 la magnifique chemin\u00e9e pour lamaison de campagne Drimborn \u00e0 c\u00f4t\u00e9 d\u2019Aix-la-Chapelle, maison qui fut d\u00e9truite pendant [&hellip;]\" \/>\n<meta property=\"og:url\" content=\"https:\/\/couven-museum.de\/fr\/musee\/salon-avec-cheminee\/\" \/>\n<meta property=\"og:site_name\" content=\"Couven Museum\" \/>\n<meta property=\"article:modified_time\" content=\"2026-03-30T14:29:47+00:00\" \/>\n<meta property=\"og:image\" content=\"https:\/\/couven-museum.de\/wp-content\/uploads\/2026\/03\/kaminzimmer-couven-museum-aachen.jpg\" \/>\n\t<meta property=\"og:image:width\" content=\"720\" \/>\n\t<meta property=\"og:image:height\" content=\"670\" \/>\n\t<meta property=\"og:image:type\" content=\"image\/jpeg\" \/>\n<meta name=\"twitter:card\" content=\"summary_large_image\" \/>\n<meta name=\"twitter:label1\" content=\"Dur\u00e9e de lecture estim\u00e9e\" \/>\n\t<meta name=\"twitter:data1\" content=\"2 minutes\" \/>\n<script type=\"application\/ld+json\" class=\"yoast-schema-graph\">{\"@context\":\"https:\/\/schema.org\",\"@graph\":[{\"@type\":\"WebPage\",\"@id\":\"https:\/\/couven-museum.de\/fr\/musee\/salon-avec-cheminee\/\",\"url\":\"https:\/\/couven-museum.de\/fr\/musee\/salon-avec-cheminee\/\",\"name\":\"Salon avec chemin\u00e9e - Couven Museum\",\"isPartOf\":{\"@id\":\"https:\/\/couven-museum.de\/#website\"},\"primaryImageOfPage\":{\"@id\":\"https:\/\/couven-museum.de\/fr\/musee\/salon-avec-cheminee\/#primaryimage\"},\"image\":{\"@id\":\"https:\/\/couven-museum.de\/fr\/musee\/salon-avec-cheminee\/#primaryimage\"},\"thumbnailUrl\":\"https:\/\/couven-museum.de\/wp-content\/uploads\/2026\/03\/kaminzimmer-couven-museum-aachen.jpg\",\"datePublished\":\"2019-10-04T11:27:03+00:00\",\"dateModified\":\"2026-03-30T14:29:47+00:00\",\"breadcrumb\":{\"@id\":\"https:\/\/couven-museum.de\/fr\/musee\/salon-avec-cheminee\/#breadcrumb\"},\"inLanguage\":\"fr-FR\",\"potentialAction\":[{\"@type\":\"ReadAction\",\"target\":[\"https:\/\/couven-museum.de\/fr\/musee\/salon-avec-cheminee\/\"]}]},{\"@type\":\"ImageObject\",\"inLanguage\":\"fr-FR\",\"@id\":\"https:\/\/couven-museum.de\/fr\/musee\/salon-avec-cheminee\/#primaryimage\",\"url\":\"https:\/\/couven-museum.de\/wp-content\/uploads\/2026\/03\/kaminzimmer-couven-museum-aachen.jpg\",\"contentUrl\":\"https:\/\/couven-museum.de\/wp-content\/uploads\/2026\/03\/kaminzimmer-couven-museum-aachen.jpg\",\"width\":720,\"height\":670},{\"@type\":\"BreadcrumbList\",\"@id\":\"https:\/\/couven-museum.de\/fr\/musee\/salon-avec-cheminee\/#breadcrumb\",\"itemListElement\":[{\"@type\":\"ListItem\",\"position\":1,\"name\":\"Startseite\",\"item\":\"https:\/\/couven-museum.de\/fr\/\"},{\"@type\":\"ListItem\",\"position\":2,\"name\":\"Mus\u00e9e\",\"item\":\"https:\/\/couven-museum.de\/museum\/\"},{\"@type\":\"ListItem\",\"position\":3,\"name\":\"Salon avec chemin\u00e9e\"}]},{\"@type\":\"WebSite\",\"@id\":\"https:\/\/couven-museum.de\/#website\",\"url\":\"https:\/\/couven-museum.de\/\",\"name\":\"Couven Museum\",\"description\":\"Couven-Museum Aachen\",\"potentialAction\":[{\"@type\":\"SearchAction\",\"target\":{\"@type\":\"EntryPoint\",\"urlTemplate\":\"https:\/\/couven-museum.de\/?s={search_term_string}\"},\"query-input\":{\"@type\":\"PropertyValueSpecification\",\"valueRequired\":true,\"valueName\":\"search_term_string\"}}],\"inLanguage\":\"fr-FR\"}]}<\/script>\n<!-- \/ Yoast SEO plugin. -->","yoast_head_json":{"title":"Salon avec chemin\u00e9e - Couven Museum","robots":{"index":"index","follow":"follow","max-snippet":"max-snippet:-1","max-image-preview":"max-image-preview:large","max-video-preview":"max-video-preview:-1"},"canonical":"https:\/\/couven-museum.de\/fr\/musee\/salon-avec-cheminee\/","og_locale":"fr_FR","og_type":"article","og_title":"Salon avec chemin\u00e9e - Couven Museum","og_description":"Salon avec chemin\u00e9e C\u2019est le stucateur italien Pietro Nicolo Gagini qui con\u00e7ut en 1778 la magnifique chemin\u00e9e pour lamaison de campagne Drimborn \u00e0 c\u00f4t\u00e9 d\u2019Aix-la-Chapelle, maison qui fut d\u00e9truite pendant [&hellip;]","og_url":"https:\/\/couven-museum.de\/fr\/musee\/salon-avec-cheminee\/","og_site_name":"Couven Museum","article_modified_time":"2026-03-30T14:29:47+00:00","og_image":[{"width":720,"height":670,"url":"https:\/\/couven-museum.de\/wp-content\/uploads\/2026\/03\/kaminzimmer-couven-museum-aachen.jpg","type":"image\/jpeg"}],"twitter_card":"summary_large_image","twitter_misc":{"Dur\u00e9e de lecture estim\u00e9e":"2 minutes"},"schema":{"@context":"https:\/\/schema.org","@graph":[{"@type":"WebPage","@id":"https:\/\/couven-museum.de\/fr\/musee\/salon-avec-cheminee\/","url":"https:\/\/couven-museum.de\/fr\/musee\/salon-avec-cheminee\/","name":"Salon avec chemin\u00e9e - Couven Museum","isPartOf":{"@id":"https:\/\/couven-museum.de\/#website"},"primaryImageOfPage":{"@id":"https:\/\/couven-museum.de\/fr\/musee\/salon-avec-cheminee\/#primaryimage"},"image":{"@id":"https:\/\/couven-museum.de\/fr\/musee\/salon-avec-cheminee\/#primaryimage"},"thumbnailUrl":"https:\/\/couven-museum.de\/wp-content\/uploads\/2026\/03\/kaminzimmer-couven-museum-aachen.jpg","datePublished":"2019-10-04T11:27:03+00:00","dateModified":"2026-03-30T14:29:47+00:00","breadcrumb":{"@id":"https:\/\/couven-museum.de\/fr\/musee\/salon-avec-cheminee\/#breadcrumb"},"inLanguage":"fr-FR","potentialAction":[{"@type":"ReadAction","target":["https:\/\/couven-museum.de\/fr\/musee\/salon-avec-cheminee\/"]}]},{"@type":"ImageObject","inLanguage":"fr-FR","@id":"https:\/\/couven-museum.de\/fr\/musee\/salon-avec-cheminee\/#primaryimage","url":"https:\/\/couven-museum.de\/wp-content\/uploads\/2026\/03\/kaminzimmer-couven-museum-aachen.jpg","contentUrl":"https:\/\/couven-museum.de\/wp-content\/uploads\/2026\/03\/kaminzimmer-couven-museum-aachen.jpg","width":720,"height":670},{"@type":"BreadcrumbList","@id":"https:\/\/couven-museum.de\/fr\/musee\/salon-avec-cheminee\/#breadcrumb","itemListElement":[{"@type":"ListItem","position":1,"name":"Startseite","item":"https:\/\/couven-museum.de\/fr\/"},{"@type":"ListItem","position":2,"name":"Mus\u00e9e","item":"https:\/\/couven-museum.de\/museum\/"},{"@type":"ListItem","position":3,"name":"Salon avec chemin\u00e9e"}]},{"@type":"WebSite","@id":"https:\/\/couven-museum.de\/#website","url":"https:\/\/couven-museum.de\/","name":"Couven Museum","description":"Couven-Museum Aachen","potentialAction":[{"@type":"SearchAction","target":{"@type":"EntryPoint","urlTemplate":"https:\/\/couven-museum.de\/?s={search_term_string}"},"query-input":{"@type":"PropertyValueSpecification","valueRequired":true,"valueName":"search_term_string"}}],"inLanguage":"fr-FR"}]}},"_links":{"self":[{"href":"https:\/\/couven-museum.de\/fr\/wp-json\/wp\/v2\/pages\/11918","targetHints":{"allow":["GET"]}}],"collection":[{"href":"https:\/\/couven-museum.de\/fr\/wp-json\/wp\/v2\/pages"}],"about":[{"href":"https:\/\/couven-museum.de\/fr\/wp-json\/wp\/v2\/types\/page"}],"author":[{"embeddable":true,"href":"https:\/\/couven-museum.de\/fr\/wp-json\/wp\/v2\/users\/45"}],"replies":[{"embeddable":true,"href":"https:\/\/couven-museum.de\/fr\/wp-json\/wp\/v2\/comments?post=11918"}],"version-history":[{"count":1,"href":"https:\/\/couven-museum.de\/fr\/wp-json\/wp\/v2\/pages\/11918\/revisions"}],"predecessor-version":[{"id":11919,"href":"https:\/\/couven-museum.de\/fr\/wp-json\/wp\/v2\/pages\/11918\/revisions\/11919"}],"up":[{"embeddable":true,"href":"https:\/\/couven-museum.de\/fr\/wp-json\/wp\/v2\/pages\/11880"}],"wp:featuredmedia":[{"embeddable":true,"href":"https:\/\/couven-museum.de\/fr\/wp-json\/wp\/v2\/media\/11978"}],"wp:attachment":[{"href":"https:\/\/couven-museum.de\/fr\/wp-json\/wp\/v2\/media?parent=11918"}],"wp:term":[{"taxonomy":"category","embeddable":true,"href":"https:\/\/couven-museum.de\/fr\/wp-json\/wp\/v2\/categories?post=11918"},{"taxonomy":"post_tag","embeddable":true,"href":"https:\/\/couven-museum.de\/fr\/wp-json\/wp\/v2\/tags?post=11918"}],"curies":[{"name":"wp","href":"https:\/\/api.w.org\/{rel}","templated":true}]}}