{"id":11920,"date":"2019-10-04T14:10:00","date_gmt":"2019-10-04T12:10:00","guid":{"rendered":"https:\/\/couven-museum.de\/musee\/salon-donnant-sur-la-cour-interieure\/"},"modified":"2026-03-30T16:23:43","modified_gmt":"2026-03-30T14:23:43","slug":"salon-donnant-sur-la-cour-interieure","status":"publish","type":"page","link":"https:\/\/couven-museum.de\/fr\/musee\/salon-donnant-sur-la-cour-interieure\/","title":{"rendered":"Salon donnant sur la cour int\u00e9rieure"},"content":{"rendered":"\t\t<div data-elementor-type=\"wp-page\" data-elementor-id=\"11920\" class=\"elementor elementor-11920 elementor-6657\" data-elementor-post-type=\"page\">\n\t\t\t\t\t\t<section class=\"elementor-section elementor-top-section elementor-element elementor-element-355effe6 elementor-section-boxed elementor-section-height-default elementor-section-height-default\" data-id=\"355effe6\" data-element_type=\"section\" data-e-type=\"section\">\n\t\t\t\t\t\t\t<div class=\"elementor-background-overlay\"><\/div>\n\t\t\t\t\t\t\t<div class=\"elementor-container elementor-column-gap-default\">\n\t\t\t\t\t<div class=\"elementor-column elementor-col-100 elementor-top-column elementor-element elementor-element-3a2ac5e9\" data-id=\"3a2ac5e9\" data-element_type=\"column\" data-e-type=\"column\">\n\t\t\t<div class=\"elementor-widget-wrap elementor-element-populated\">\n\t\t\t\t\t\t<div class=\"elementor-element elementor-element-19f4242 elementor-widget elementor-widget-spacer\" data-id=\"19f4242\" data-element_type=\"widget\" data-e-type=\"widget\" data-widget_type=\"spacer.default\">\n\t\t\t\t<div class=\"elementor-widget-container\">\n\t\t\t\t\t\t\t<div class=\"elementor-spacer\">\n\t\t\t<div class=\"elementor-spacer-inner\"><\/div>\n\t\t<\/div>\n\t\t\t\t\t\t<\/div>\n\t\t\t\t<\/div>\n\t\t\t\t<div class=\"elementor-element elementor-element-7d61c16 elementor-widget elementor-widget-theme-post-title elementor-page-title elementor-widget-heading\" data-id=\"7d61c16\" data-element_type=\"widget\" data-e-type=\"widget\" data-widget_type=\"theme-post-title.default\">\n\t\t\t\t<div class=\"elementor-widget-container\">\n\t\t\t\t\t<h2 class=\"elementor-heading-title elementor-size-default\">Salon donnant sur la cour int\u00e9rieure<\/h2>\t\t\t\t<\/div>\n\t\t\t\t<\/div>\n\t\t\t\t<div class=\"elementor-element elementor-element-60bac64 elementor-widget elementor-widget-heading\" data-id=\"60bac64\" data-element_type=\"widget\" data-e-type=\"widget\" data-widget_type=\"heading.default\">\n\t\t\t\t<div class=\"elementor-widget-container\">\n\t\t\t\t\t<h5 class=\"elementor-heading-title elementor-size-default\">La chemin\u00e9e Couven<\/h5>\t\t\t\t<\/div>\n\t\t\t\t<\/div>\n\t\t\t\t<div class=\"elementor-element elementor-element-546e8693 elementor-widget elementor-widget-image\" data-id=\"546e8693\" data-element_type=\"widget\" data-e-type=\"widget\" data-widget_type=\"image.default\">\n\t\t\t\t<div class=\"elementor-widget-container\">\n\t\t\t\t\t\t\t\t\t\t\t\t\t\t\t<img fetchpriority=\"high\" decoding=\"async\" width=\"768\" height=\"606\" src=\"https:\/\/couven-museum.de\/wp-content\/uploads\/2026\/03\/hofzimmer-couven-museum-1-768x606.jpg\" class=\"attachment-medium_large size-medium_large wp-image-11966\" alt=\"\" srcset=\"https:\/\/couven-museum.de\/wp-content\/uploads\/2026\/03\/hofzimmer-couven-museum-1-768x606.jpg 768w, https:\/\/couven-museum.de\/wp-content\/uploads\/2026\/03\/hofzimmer-couven-museum-1-460x363.jpg 460w, https:\/\/couven-museum.de\/wp-content\/uploads\/2026\/03\/hofzimmer-couven-museum-1-700x552.jpg 700w, https:\/\/couven-museum.de\/wp-content\/uploads\/2026\/03\/hofzimmer-couven-museum-1-220x174.jpg 220w, https:\/\/couven-museum.de\/wp-content\/uploads\/2026\/03\/hofzimmer-couven-museum-1-1536x1212.jpg 1536w, https:\/\/couven-museum.de\/wp-content\/uploads\/2026\/03\/hofzimmer-couven-museum-1-1900x1499.jpg 1900w, https:\/\/couven-museum.de\/wp-content\/uploads\/2026\/03\/hofzimmer-couven-museum-1.jpg 1920w\" sizes=\"(max-width: 768px) 100vw, 768px\" \/>\t\t\t\t\t\t\t\t\t\t\t\t\t\t\t<\/div>\n\t\t\t\t<\/div>\n\t\t\t\t<div class=\"elementor-element elementor-element-b14329b elementor-widget elementor-widget-text-editor\" data-id=\"b14329b\" data-element_type=\"widget\" data-e-type=\"widget\" data-widget_type=\"text-editor.default\">\n\t\t\t\t<div class=\"elementor-widget-container\">\n\t\t\t\t\t\t\t\t\t<p>Les salles du Mus\u00e9e Couven sont am\u00e9nag\u00e9es avec des meubles couvrant l\u2019\u00e9poque rococo jusqu\u2019au<br \/>Biedermeier en passant par le style Empire napol\u00e9onien. Le salon donnant sur la cour int\u00e9rieure est<br \/>principalement de style rococo, comme en t\u00e9moigne par exemple la chemin\u00e9e et sa riche<br \/>ornementation, con\u00e7ue par Johann Joseph Couven (1701-1763), architecte aixois le plus influent de<br \/>cette \u00e9poque qui donna son nom au mus\u00e9e. La plaque pr\u00e9sente un motif en relief de l\u2019\u00e9poque, la<br \/>rocaille, dans des variations recherch\u00e9es. Le coquillage, lui, se situe sur le bord sup\u00e9rieur du cadre du<br \/>miroir. Couven recevait des commandes de la municipalit\u00e9, de l\u2019\u00c9glise, de la noblesse et de la<br \/>bourgeoisie.<\/p>\n\t\t\t\t\t\t\t\t<\/div>\n\t\t\t\t<\/div>\n\t\t\t\t<div class=\"elementor-element elementor-element-4a82f853 elementor-align-center elementor-widget elementor-widget-button\" data-id=\"4a82f853\" data-element_type=\"widget\" data-e-type=\"widget\" data-widget_type=\"button.default\">\n\t\t\t\t<div class=\"elementor-widget-container\">\n\t\t\t\t\t\t\t\t\t<div class=\"elementor-button-wrapper\">\n\t\t\t\t\t<a class=\"elementor-button elementor-button-link elementor-size-md\" href=\"https:\/\/couven-museum.de\/fr\/musee\/#sammlung\">\n\t\t\t\t\t\t<span class=\"elementor-button-content-wrapper\">\n\t\t\t\t\t\t<span class=\"elementor-button-icon\">\n\t\t\t\t<i aria-hidden=\"true\" class=\"fas fa-angle-right\"><\/i>\t\t\t<\/span>\n\t\t\t\t\t\t\t\t\t<span class=\"elementor-button-text\">VERS LA COLLECTION<\/span>\n\t\t\t\t\t<\/span>\n\t\t\t\t\t<\/a>\n\t\t\t\t<\/div>\n\t\t\t\t\t\t\t\t<\/div>\n\t\t\t\t<\/div>\n\t\t\t\t<div class=\"elementor-element elementor-element-2ebbf78 elementor-widget elementor-widget-spacer\" data-id=\"2ebbf78\" data-element_type=\"widget\" data-e-type=\"widget\" data-widget_type=\"spacer.default\">\n\t\t\t\t<div class=\"elementor-widget-container\">\n\t\t\t\t\t\t\t<div class=\"elementor-spacer\">\n\t\t\t<div class=\"elementor-spacer-inner\"><\/div>\n\t\t<\/div>\n\t\t\t\t\t\t<\/div>\n\t\t\t\t<\/div>\n\t\t\t\t\t<\/div>\n\t\t<\/div>\n\t\t\t\t\t<\/div>\n\t\t<\/section>\n\t\t\t\t<\/div>\n\t\t","protected":false},"excerpt":{"rendered":"<p>Les salles du Couven Museum sont meubl\u00e9es dans des styles allant du rococo au style Empire napol\u00e9onien, jusqu\u2019au Biedermeier. Le salon donnant sur la cour int\u00e9rieure est largement am\u00e9nag\u00e9 dans le style rococo. La chemin\u00e9e, avec sa riche ornementation anim\u00e9e, en est un bel exemple.<\/p>\n","protected":false},"author":43,"featured_media":11966,"parent":11880,"menu_order":0,"comment_status":"closed","ping_status":"closed","template":"","meta":{"_acf_changed":false,"inline_featured_image":false,"_lmt_disableupdate":"no","_lmt_disable":"","footnotes":""},"categories":[127],"tags":[],"class_list":["post-11920","page","type-page","status-publish","has-post-thumbnail","hentry","category-collection"],"acf":[],"yoast_head":"<!-- This site is optimized with the Yoast SEO plugin v27.2 - https:\/\/yoast.com\/product\/yoast-seo-wordpress\/ -->\n<title>Salon donnant sur la cour int\u00e9rieure - Couven Museum<\/title>\n<meta name=\"robots\" content=\"index, follow, max-snippet:-1, max-image-preview:large, max-video-preview:-1\" \/>\n<link rel=\"canonical\" href=\"https:\/\/couven-museum.de\/fr\/musee\/salon-donnant-sur-la-cour-interieure\/\" \/>\n<meta property=\"og:locale\" content=\"fr_FR\" \/>\n<meta property=\"og:type\" content=\"article\" \/>\n<meta property=\"og:title\" content=\"Salon donnant sur la cour int\u00e9rieure - Couven Museum\" \/>\n<meta property=\"og:description\" content=\"Les salles du Couven Museum sont meubl\u00e9es dans des styles allant du rococo au style Empire napol\u00e9onien, jusqu\u2019au Biedermeier. Le salon donnant sur la cour int\u00e9rieure est largement am\u00e9nag\u00e9 dans le style rococo. La chemin\u00e9e, avec sa riche ornementation anim\u00e9e, en est un bel exemple.\" \/>\n<meta property=\"og:url\" content=\"https:\/\/couven-museum.de\/fr\/musee\/salon-donnant-sur-la-cour-interieure\/\" \/>\n<meta property=\"og:site_name\" content=\"Couven Museum\" \/>\n<meta property=\"article:modified_time\" content=\"2026-03-30T14:23:43+00:00\" \/>\n<meta property=\"og:image\" content=\"https:\/\/couven-museum.de\/wp-content\/uploads\/2026\/03\/hofzimmer-couven-museum-1.jpg\" \/>\n\t<meta property=\"og:image:width\" content=\"1920\" \/>\n\t<meta property=\"og:image:height\" content=\"1515\" \/>\n\t<meta property=\"og:image:type\" content=\"image\/jpeg\" \/>\n<meta name=\"twitter:card\" content=\"summary_large_image\" \/>\n<meta name=\"twitter:label1\" content=\"Dur\u00e9e de lecture estim\u00e9e\" \/>\n\t<meta name=\"twitter:data1\" content=\"1 minute\" \/>\n<script type=\"application\/ld+json\" class=\"yoast-schema-graph\">{\"@context\":\"https:\/\/schema.org\",\"@graph\":[{\"@type\":\"WebPage\",\"@id\":\"https:\/\/couven-museum.de\/fr\/musee\/salon-donnant-sur-la-cour-interieure\/\",\"url\":\"https:\/\/couven-museum.de\/fr\/musee\/salon-donnant-sur-la-cour-interieure\/\",\"name\":\"Salon donnant sur la cour int\u00e9rieure - Couven Museum\",\"isPartOf\":{\"@id\":\"https:\/\/couven-museum.de\/#website\"},\"primaryImageOfPage\":{\"@id\":\"https:\/\/couven-museum.de\/fr\/musee\/salon-donnant-sur-la-cour-interieure\/#primaryimage\"},\"image\":{\"@id\":\"https:\/\/couven-museum.de\/fr\/musee\/salon-donnant-sur-la-cour-interieure\/#primaryimage\"},\"thumbnailUrl\":\"https:\/\/couven-museum.de\/wp-content\/uploads\/2026\/03\/hofzimmer-couven-museum-1.jpg\",\"datePublished\":\"2019-10-04T12:10:00+00:00\",\"dateModified\":\"2026-03-30T14:23:43+00:00\",\"breadcrumb\":{\"@id\":\"https:\/\/couven-museum.de\/fr\/musee\/salon-donnant-sur-la-cour-interieure\/#breadcrumb\"},\"inLanguage\":\"fr-FR\",\"potentialAction\":[{\"@type\":\"ReadAction\",\"target\":[\"https:\/\/couven-museum.de\/fr\/musee\/salon-donnant-sur-la-cour-interieure\/\"]}]},{\"@type\":\"ImageObject\",\"inLanguage\":\"fr-FR\",\"@id\":\"https:\/\/couven-museum.de\/fr\/musee\/salon-donnant-sur-la-cour-interieure\/#primaryimage\",\"url\":\"https:\/\/couven-museum.de\/wp-content\/uploads\/2026\/03\/hofzimmer-couven-museum-1.jpg\",\"contentUrl\":\"https:\/\/couven-museum.de\/wp-content\/uploads\/2026\/03\/hofzimmer-couven-museum-1.jpg\",\"width\":1920,\"height\":1515},{\"@type\":\"BreadcrumbList\",\"@id\":\"https:\/\/couven-museum.de\/fr\/musee\/salon-donnant-sur-la-cour-interieure\/#breadcrumb\",\"itemListElement\":[{\"@type\":\"ListItem\",\"position\":1,\"name\":\"Startseite\",\"item\":\"https:\/\/couven-museum.de\/fr\/\"},{\"@type\":\"ListItem\",\"position\":2,\"name\":\"Mus\u00e9e\",\"item\":\"https:\/\/couven-museum.de\/museum\/\"},{\"@type\":\"ListItem\",\"position\":3,\"name\":\"Salon donnant sur la cour int\u00e9rieure\"}]},{\"@type\":\"WebSite\",\"@id\":\"https:\/\/couven-museum.de\/#website\",\"url\":\"https:\/\/couven-museum.de\/\",\"name\":\"Couven Museum\",\"description\":\"Couven-Museum Aachen\",\"potentialAction\":[{\"@type\":\"SearchAction\",\"target\":{\"@type\":\"EntryPoint\",\"urlTemplate\":\"https:\/\/couven-museum.de\/?s={search_term_string}\"},\"query-input\":{\"@type\":\"PropertyValueSpecification\",\"valueRequired\":true,\"valueName\":\"search_term_string\"}}],\"inLanguage\":\"fr-FR\"}]}<\/script>\n<!-- \/ Yoast SEO plugin. -->","yoast_head_json":{"title":"Salon donnant sur la cour int\u00e9rieure - Couven Museum","robots":{"index":"index","follow":"follow","max-snippet":"max-snippet:-1","max-image-preview":"max-image-preview:large","max-video-preview":"max-video-preview:-1"},"canonical":"https:\/\/couven-museum.de\/fr\/musee\/salon-donnant-sur-la-cour-interieure\/","og_locale":"fr_FR","og_type":"article","og_title":"Salon donnant sur la cour int\u00e9rieure - Couven Museum","og_description":"Les salles du Couven Museum sont meubl\u00e9es dans des styles allant du rococo au style Empire napol\u00e9onien, jusqu\u2019au Biedermeier. Le salon donnant sur la cour int\u00e9rieure est largement am\u00e9nag\u00e9 dans le style rococo. La chemin\u00e9e, avec sa riche ornementation anim\u00e9e, en est un bel exemple.","og_url":"https:\/\/couven-museum.de\/fr\/musee\/salon-donnant-sur-la-cour-interieure\/","og_site_name":"Couven Museum","article_modified_time":"2026-03-30T14:23:43+00:00","og_image":[{"width":1920,"height":1515,"url":"https:\/\/couven-museum.de\/wp-content\/uploads\/2026\/03\/hofzimmer-couven-museum-1.jpg","type":"image\/jpeg"}],"twitter_card":"summary_large_image","twitter_misc":{"Dur\u00e9e de lecture estim\u00e9e":"1 minute"},"schema":{"@context":"https:\/\/schema.org","@graph":[{"@type":"WebPage","@id":"https:\/\/couven-museum.de\/fr\/musee\/salon-donnant-sur-la-cour-interieure\/","url":"https:\/\/couven-museum.de\/fr\/musee\/salon-donnant-sur-la-cour-interieure\/","name":"Salon donnant sur la cour int\u00e9rieure - Couven Museum","isPartOf":{"@id":"https:\/\/couven-museum.de\/#website"},"primaryImageOfPage":{"@id":"https:\/\/couven-museum.de\/fr\/musee\/salon-donnant-sur-la-cour-interieure\/#primaryimage"},"image":{"@id":"https:\/\/couven-museum.de\/fr\/musee\/salon-donnant-sur-la-cour-interieure\/#primaryimage"},"thumbnailUrl":"https:\/\/couven-museum.de\/wp-content\/uploads\/2026\/03\/hofzimmer-couven-museum-1.jpg","datePublished":"2019-10-04T12:10:00+00:00","dateModified":"2026-03-30T14:23:43+00:00","breadcrumb":{"@id":"https:\/\/couven-museum.de\/fr\/musee\/salon-donnant-sur-la-cour-interieure\/#breadcrumb"},"inLanguage":"fr-FR","potentialAction":[{"@type":"ReadAction","target":["https:\/\/couven-museum.de\/fr\/musee\/salon-donnant-sur-la-cour-interieure\/"]}]},{"@type":"ImageObject","inLanguage":"fr-FR","@id":"https:\/\/couven-museum.de\/fr\/musee\/salon-donnant-sur-la-cour-interieure\/#primaryimage","url":"https:\/\/couven-museum.de\/wp-content\/uploads\/2026\/03\/hofzimmer-couven-museum-1.jpg","contentUrl":"https:\/\/couven-museum.de\/wp-content\/uploads\/2026\/03\/hofzimmer-couven-museum-1.jpg","width":1920,"height":1515},{"@type":"BreadcrumbList","@id":"https:\/\/couven-museum.de\/fr\/musee\/salon-donnant-sur-la-cour-interieure\/#breadcrumb","itemListElement":[{"@type":"ListItem","position":1,"name":"Startseite","item":"https:\/\/couven-museum.de\/fr\/"},{"@type":"ListItem","position":2,"name":"Mus\u00e9e","item":"https:\/\/couven-museum.de\/museum\/"},{"@type":"ListItem","position":3,"name":"Salon donnant sur la cour int\u00e9rieure"}]},{"@type":"WebSite","@id":"https:\/\/couven-museum.de\/#website","url":"https:\/\/couven-museum.de\/","name":"Couven Museum","description":"Couven-Museum Aachen","potentialAction":[{"@type":"SearchAction","target":{"@type":"EntryPoint","urlTemplate":"https:\/\/couven-museum.de\/?s={search_term_string}"},"query-input":{"@type":"PropertyValueSpecification","valueRequired":true,"valueName":"search_term_string"}}],"inLanguage":"fr-FR"}]}},"_links":{"self":[{"href":"https:\/\/couven-museum.de\/fr\/wp-json\/wp\/v2\/pages\/11920","targetHints":{"allow":["GET"]}}],"collection":[{"href":"https:\/\/couven-museum.de\/fr\/wp-json\/wp\/v2\/pages"}],"about":[{"href":"https:\/\/couven-museum.de\/fr\/wp-json\/wp\/v2\/types\/page"}],"author":[{"embeddable":true,"href":"https:\/\/couven-museum.de\/fr\/wp-json\/wp\/v2\/users\/43"}],"replies":[{"embeddable":true,"href":"https:\/\/couven-museum.de\/fr\/wp-json\/wp\/v2\/comments?post=11920"}],"version-history":[{"count":1,"href":"https:\/\/couven-museum.de\/fr\/wp-json\/wp\/v2\/pages\/11920\/revisions"}],"predecessor-version":[{"id":11921,"href":"https:\/\/couven-museum.de\/fr\/wp-json\/wp\/v2\/pages\/11920\/revisions\/11921"}],"up":[{"embeddable":true,"href":"https:\/\/couven-museum.de\/fr\/wp-json\/wp\/v2\/pages\/11880"}],"wp:featuredmedia":[{"embeddable":true,"href":"https:\/\/couven-museum.de\/fr\/wp-json\/wp\/v2\/media\/11966"}],"wp:attachment":[{"href":"https:\/\/couven-museum.de\/fr\/wp-json\/wp\/v2\/media?parent=11920"}],"wp:term":[{"taxonomy":"category","embeddable":true,"href":"https:\/\/couven-museum.de\/fr\/wp-json\/wp\/v2\/categories?post=11920"},{"taxonomy":"post_tag","embeddable":true,"href":"https:\/\/couven-museum.de\/fr\/wp-json\/wp\/v2\/tags?post=11920"}],"curies":[{"name":"wp","href":"https:\/\/api.w.org\/{rel}","templated":true}]}}