{"id":1209,"date":"2019-09-05T16:45:10","date_gmt":"2019-09-05T14:45:10","guid":{"rendered":"http:\/\/couven-museum.de\/?page_id=1209"},"modified":"2019-09-05T15:43:29","modified_gmt":"2019-09-05T13:43:29","slug":"exposition-permanente","status":"publish","type":"page","link":"https:\/\/couven-museum.de\/fr\/_old\/exposition-permanente\/","title":{"rendered":"Exposition permanente"},"content":{"rendered":"<p>[nggallery id=19]<\/p>\n<p>Les salles du mus\u00e9e pr\u00e9sentent l\u2019\u00e9volution des diff\u00e9rents styles d\u2019am\u00e9nagement bourgeois au XVIIIe si\u00e8cle et au d\u00e9but du XIXe si\u00e8cle, allant du baroque tardif et du rococo (style R\u00e9gence, style Louis XV) en passant par les styles Louis XVI, Directoire, Empire jusqu\u2019au Biedermeier. Certaines collections sont rassembl\u00e9es dans des salles distinctes, comme par exemple la pharmacie, la cuisine, les fresques en carreaux et le mobilier de style Directoire, Empire et Biedermeier.<\/p>\n<p><a title=\"Sammlung\" href=\"https:\/\/couven-museum.de\/fr\/museum\/collection\/\">En savoir plus sur la collection \u00bb<\/a><\/p>\n","protected":false},"excerpt":{"rendered":"<p>L\u2019exposition permanente pr\u00e9sente le mode de vie des si\u00e8cles pass\u00e9s<\/p>\n","protected":false},"author":1,"featured_media":0,"parent":5707,"menu_order":32,"comment_status":"closed","ping_status":"closed","template":"","meta":{"_acf_changed":false,"inline_featured_image":false,"_lmt_disableupdate":"","_lmt_disable":"","footnotes":""},"categories":[],"tags":[],"class_list":["post-1209","page","type-page","status-publish","hentry"],"acf":[],"yoast_head":"<!-- This site is optimized with the Yoast SEO plugin v27.2 - https:\/\/yoast.com\/product\/yoast-seo-wordpress\/ -->\n<title>Exposition permanente - Couven Museum<\/title>\n<meta name=\"robots\" content=\"index, follow, max-snippet:-1, max-image-preview:large, max-video-preview:-1\" \/>\n<link rel=\"canonical\" href=\"https:\/\/couven-museum.de\/_old\/dauerausstellung\/\" \/>\n<meta property=\"og:locale\" content=\"fr_FR\" \/>\n<meta property=\"og:type\" content=\"article\" \/>\n<meta property=\"og:title\" content=\"Exposition permanente - Couven Museum\" \/>\n<meta property=\"og:description\" content=\"L\u2019exposition permanente pr\u00e9sente le mode de vie des si\u00e8cles pass\u00e9s\" \/>\n<meta property=\"og:url\" content=\"https:\/\/couven-museum.de\/_old\/dauerausstellung\/\" \/>\n<meta property=\"og:site_name\" content=\"Couven Museum\" \/>\n<meta name=\"twitter:card\" content=\"summary_large_image\" \/>\n<script type=\"application\/ld+json\" class=\"yoast-schema-graph\">{\"@context\":\"https:\/\/schema.org\",\"@graph\":[{\"@type\":\"WebPage\",\"@id\":\"https:\/\/couven-museum.de\/_old\/dauerausstellung\/\",\"url\":\"https:\/\/couven-museum.de\/_old\/dauerausstellung\/\",\"name\":\"Exposition permanente - Couven Museum\",\"isPartOf\":{\"@id\":\"https:\/\/couven-museum.de\/#website\"},\"datePublished\":\"2019-09-05T14:45:10+00:00\",\"breadcrumb\":{\"@id\":\"https:\/\/couven-museum.de\/_old\/dauerausstellung\/#breadcrumb\"},\"inLanguage\":\"fr-FR\",\"potentialAction\":[{\"@type\":\"ReadAction\",\"target\":[\"https:\/\/couven-museum.de\/_old\/dauerausstellung\/\"]}]},{\"@type\":\"BreadcrumbList\",\"@id\":\"https:\/\/couven-museum.de\/_old\/dauerausstellung\/#breadcrumb\",\"itemListElement\":[{\"@type\":\"ListItem\",\"position\":1,\"name\":\"Startseite\",\"item\":\"https:\/\/couven-museum.de\/fr\/\"},{\"@type\":\"ListItem\",\"position\":2,\"name\":\"_old\",\"item\":\"https:\/\/couven-museum.de\/_old\/\"},{\"@type\":\"ListItem\",\"position\":3,\"name\":\"Exposition permanente\"}]},{\"@type\":\"WebSite\",\"@id\":\"https:\/\/couven-museum.de\/#website\",\"url\":\"https:\/\/couven-museum.de\/\",\"name\":\"Couven Museum\",\"description\":\"Couven-Museum Aachen\",\"potentialAction\":[{\"@type\":\"SearchAction\",\"target\":{\"@type\":\"EntryPoint\",\"urlTemplate\":\"https:\/\/couven-museum.de\/?s={search_term_string}\"},\"query-input\":{\"@type\":\"PropertyValueSpecification\",\"valueRequired\":true,\"valueName\":\"search_term_string\"}}],\"inLanguage\":\"fr-FR\"}]}<\/script>\n<!-- \/ Yoast SEO plugin. -->","yoast_head_json":{"title":"Exposition permanente - Couven Museum","robots":{"index":"index","follow":"follow","max-snippet":"max-snippet:-1","max-image-preview":"max-image-preview:large","max-video-preview":"max-video-preview:-1"},"canonical":"https:\/\/couven-museum.de\/_old\/dauerausstellung\/","og_locale":"fr_FR","og_type":"article","og_title":"Exposition permanente - Couven Museum","og_description":"L\u2019exposition permanente pr\u00e9sente le mode de vie des si\u00e8cles pass\u00e9s","og_url":"https:\/\/couven-museum.de\/_old\/dauerausstellung\/","og_site_name":"Couven Museum","twitter_card":"summary_large_image","schema":{"@context":"https:\/\/schema.org","@graph":[{"@type":"WebPage","@id":"https:\/\/couven-museum.de\/_old\/dauerausstellung\/","url":"https:\/\/couven-museum.de\/_old\/dauerausstellung\/","name":"Exposition permanente - Couven Museum","isPartOf":{"@id":"https:\/\/couven-museum.de\/#website"},"datePublished":"2019-09-05T14:45:10+00:00","breadcrumb":{"@id":"https:\/\/couven-museum.de\/_old\/dauerausstellung\/#breadcrumb"},"inLanguage":"fr-FR","potentialAction":[{"@type":"ReadAction","target":["https:\/\/couven-museum.de\/_old\/dauerausstellung\/"]}]},{"@type":"BreadcrumbList","@id":"https:\/\/couven-museum.de\/_old\/dauerausstellung\/#breadcrumb","itemListElement":[{"@type":"ListItem","position":1,"name":"Startseite","item":"https:\/\/couven-museum.de\/fr\/"},{"@type":"ListItem","position":2,"name":"_old","item":"https:\/\/couven-museum.de\/_old\/"},{"@type":"ListItem","position":3,"name":"Exposition permanente"}]},{"@type":"WebSite","@id":"https:\/\/couven-museum.de\/#website","url":"https:\/\/couven-museum.de\/","name":"Couven Museum","description":"Couven-Museum Aachen","potentialAction":[{"@type":"SearchAction","target":{"@type":"EntryPoint","urlTemplate":"https:\/\/couven-museum.de\/?s={search_term_string}"},"query-input":{"@type":"PropertyValueSpecification","valueRequired":true,"valueName":"search_term_string"}}],"inLanguage":"fr-FR"}]}},"_links":{"self":[{"href":"https:\/\/couven-museum.de\/fr\/wp-json\/wp\/v2\/pages\/1209","targetHints":{"allow":["GET"]}}],"collection":[{"href":"https:\/\/couven-museum.de\/fr\/wp-json\/wp\/v2\/pages"}],"about":[{"href":"https:\/\/couven-museum.de\/fr\/wp-json\/wp\/v2\/types\/page"}],"author":[{"embeddable":true,"href":"https:\/\/couven-museum.de\/fr\/wp-json\/wp\/v2\/users\/1"}],"replies":[{"embeddable":true,"href":"https:\/\/couven-museum.de\/fr\/wp-json\/wp\/v2\/comments?post=1209"}],"version-history":[{"count":0,"href":"https:\/\/couven-museum.de\/fr\/wp-json\/wp\/v2\/pages\/1209\/revisions"}],"up":[{"embeddable":true,"href":"https:\/\/couven-museum.de\/fr\/wp-json\/wp\/v2\/pages\/5707"}],"wp:attachment":[{"href":"https:\/\/couven-museum.de\/fr\/wp-json\/wp\/v2\/media?parent=1209"}],"wp:term":[{"taxonomy":"category","embeddable":true,"href":"https:\/\/couven-museum.de\/fr\/wp-json\/wp\/v2\/categories?post=1209"},{"taxonomy":"post_tag","embeddable":true,"href":"https:\/\/couven-museum.de\/fr\/wp-json\/wp\/v2\/tags?post=1209"}],"curies":[{"name":"wp","href":"https:\/\/api.w.org\/{rel}","templated":true}]}}