{"id":12094,"date":"2025-12-30T12:18:13","date_gmt":"2025-12-30T11:18:13","guid":{"rendered":"https:\/\/couven-museum.de\/accessibilite-aux-personnes-handicapees\/"},"modified":"2026-03-30T18:41:39","modified_gmt":"2026-03-30T16:41:39","slug":"accessibilite-aux-personnes-handicapees","status":"publish","type":"page","link":"https:\/\/couven-museum.de\/fr\/accessibilite-aux-personnes-handicapees\/","title":{"rendered":"Accessibilit\u00e9 aux personnes handicap\u00e9es"},"content":{"rendered":"\t\t<div data-elementor-type=\"wp-page\" data-elementor-id=\"12094\" class=\"elementor elementor-12094 elementor-11481\" data-elementor-post-type=\"page\">\n\t\t\t\t<div class=\"elementor-element elementor-element-6e99647 e-flex e-con-boxed e-con e-parent\" data-id=\"6e99647\" data-element_type=\"container\" data-e-type=\"container\">\n\t\t\t\t\t<div class=\"e-con-inner\">\n\t\t<div class=\"elementor-element elementor-element-4496063 e-con-full e-flex e-con e-child\" data-id=\"4496063\" data-element_type=\"container\" data-e-type=\"container\">\n\t\t\t\t<div class=\"elementor-element elementor-element-e524b79 elementor-widget elementor-widget-heading\" data-id=\"e524b79\" data-element_type=\"widget\" data-e-type=\"widget\" data-widget_type=\"heading.default\">\n\t\t\t\t<div class=\"elementor-widget-container\">\n\t\t\t\t\t<h2 class=\"elementor-heading-title elementor-size-default\">D\u00e9claration d\u2019accessibilit\u00e9<\/h2>\t\t\t\t<\/div>\n\t\t\t\t<\/div>\n\t\t\t\t<\/div>\n\t\t\t\t\t<\/div>\n\t\t\t\t<\/div>\n\t\t<div class=\"elementor-element elementor-element-feaf168 e-flex e-con-boxed e-con e-parent\" data-id=\"feaf168\" data-element_type=\"container\" data-e-type=\"container\">\n\t\t\t\t\t<div class=\"e-con-inner\">\n\t\t<div class=\"elementor-element elementor-element-6f59c5c e-con-full e-flex e-con e-child\" data-id=\"6f59c5c\" data-element_type=\"container\" data-e-type=\"container\">\n\t\t\t\t<div class=\"elementor-element elementor-element-d9c794b elementor-widget elementor-widget-text-editor\" data-id=\"d9c794b\" data-element_type=\"widget\" data-e-type=\"widget\" data-widget_type=\"text-editor.default\">\n\t\t\t\t<div class=\"elementor-widget-container\">\n\t\t\t\t\t\t\t\t\t<p><strong>Le Couven Museum<\/strong> s\u2019efforce de rendre ce site Internet accessible sans barri\u00e8res, conform\u00e9ment \u00e0 la loi du Land de Rh\u00e9nanie-du-Nord\u2013Westphalie sur l\u2019\u00e9galit\u00e9 des personnes handicap\u00e9es (Behindertengleichstellungsgesetz Nordrhein-Westfalen \u2013 BGG NRW) et au r\u00e8glement relatif \u00e0 la cr\u00e9ation de technologies de l\u2019information accessibles en vertu de cette loi (Barrierefreie-Informationstechnik-Verordnung Nordrhein-Westfalen \u2013 BITV NRW), au sens de l\u2019article 3, paragraphe 1, de la directive (UE) 2016\/2102.<\/p>\n\t\t\t\t\t\t\t\t<\/div>\n\t\t\t\t<\/div>\n\t\t\t\t<div class=\"elementor-element elementor-element-3f358c1 elementor-widget elementor-widget-text-editor\" data-id=\"3f358c1\" data-element_type=\"widget\" data-e-type=\"widget\" data-widget_type=\"text-editor.default\">\n\t\t\t\t<div class=\"elementor-widget-container\">\n\t\t\t\t\t\t\t\t\tCette d\u00e9claration d\u2019accessibilit\u00e9 s\u2019applique au site Internet :<br><a href=\"https:\/\/couven-museum.de\/fr\/\">www.couven-museum.de<\/a>\t\t\t\t\t\t\t\t<\/div>\n\t\t\t\t<\/div>\n\t\t\t\t<div class=\"elementor-element elementor-element-431a3d4 elementor-widget elementor-widget-heading\" data-id=\"431a3d4\" data-element_type=\"widget\" data-e-type=\"widget\" data-widget_type=\"heading.default\">\n\t\t\t\t<div class=\"elementor-widget-container\">\n\t\t\t\t\t<h4 class=\"elementor-heading-title elementor-size-default\">\u00c9tat de conformit\u00e9 avec les exigences<\/h4>\t\t\t\t<\/div>\n\t\t\t\t<\/div>\n\t\t\t\t<div class=\"elementor-element elementor-element-2b0034a elementor-widget elementor-widget-text-editor\" data-id=\"2b0034a\" data-element_type=\"widget\" data-e-type=\"widget\" data-widget_type=\"text-editor.default\">\n\t\t\t\t<div class=\"elementor-widget-container\">\n\t\t\t\t\t\t\t\t\t<p>Ce site Internet n\u2019est <strong>pas encore enti\u00e8rement accessible<\/strong> \u00e0 ce jour.<br \/>Les exigences de la BITV 2.0 sont <strong>actuellement mises en \u0153uvre progressivement<\/strong>.<\/p>\n\t\t\t\t\t\t\t\t<\/div>\n\t\t\t\t<\/div>\n\t\t\t\t<div class=\"elementor-element elementor-element-2ba2ae8 elementor-widget elementor-widget-text-editor\" data-id=\"2ba2ae8\" data-element_type=\"widget\" data-e-type=\"widget\" data-widget_type=\"text-editor.default\">\n\t\t\t\t<div class=\"elementor-widget-container\">\n\t\t\t\t\t\t\t\t\t<p>Les domaines suivants sont actuellement <strong>non accessibles ou seulement partiellement accessibles<\/strong> :<\/p>\n\t\t\t\t\t\t\t\t<\/div>\n\t\t\t\t<\/div>\n\t\t\t\t<div class=\"elementor-element elementor-element-ced13b9 elementor-widget elementor-widget-text-editor\" data-id=\"ced13b9\" data-element_type=\"widget\" data-e-type=\"widget\" data-widget_type=\"text-editor.default\">\n\t\t\t\t<div class=\"elementor-widget-container\">\n\t\t\t\t\t\t\t\t\t<ul>\n<li>Les images et les graphiques ne disposent pas encore de textes alternatifs appropri\u00e9s.<\/li>\n<li>Les documents PDF ne sont pas accessibles.<\/li>\n<li>La structure des contenus (par ex. les titres, les hi\u00e9rarchies et les tableaux) est encore en cours de r\u00e9vision.<\/li>\n<li>L\u2019accessibilit\u00e9 des formulaires est encore en cours de v\u00e9rification et d\u2019adaptation.<\/li>\n<li>Les descriptions des contenus\/fonctions en langage facile \u00e0 lire seront adapt\u00e9es \u00e0 moyen terme.<\/li>\n<li>Les descriptions des contenus\/fonctions au moyen d\u2019une vid\u00e9o en langue des signes seront r\u00e9alis\u00e9es \u00e0 moyen terme.<\/li>\n<\/ul>\n\t\t\t\t\t\t\t\t<\/div>\n\t\t\t\t<\/div>\n\t\t\t\t<div class=\"elementor-element elementor-element-ebcf561 elementor-widget elementor-widget-heading\" data-id=\"ebcf561\" data-element_type=\"widget\" data-e-type=\"widget\" data-widget_type=\"heading.default\">\n\t\t\t\t<div class=\"elementor-widget-container\">\n\t\t\t\t\t<h4 class=\"elementor-heading-title elementor-size-default\">\u00c9tat de conformit\u00e9 avec les exigences<\/h4>\t\t\t\t<\/div>\n\t\t\t\t<\/div>\n\t\t\t\t<div class=\"elementor-element elementor-element-65cf088 elementor-widget elementor-widget-text-editor\" data-id=\"65cf088\" data-element_type=\"widget\" data-e-type=\"widget\" data-widget_type=\"text-editor.default\">\n\t\t\t\t<div class=\"elementor-widget-container\">\n\t\t\t\t\t\t\t\t\t<p>Le Couven Museum travaille \u00e0 identifier et \u00e0 supprimer les obstacles.<br \/>Les mesures suivantes sont en cours :<\/p>\n\t\t\t\t\t\t\t\t<\/div>\n\t\t\t\t<\/div>\n\t\t\t\t<div class=\"elementor-element elementor-element-6cf5dfc elementor-widget elementor-widget-text-editor\" data-id=\"6cf5dfc\" data-element_type=\"widget\" data-e-type=\"widget\" data-widget_type=\"text-editor.default\">\n\t\t\t\t<div class=\"elementor-widget-container\">\n\t\t\t\t\t\t\t\t\t<ul>\n<li>Ajout ult\u00e9rieur de textes alternatifs pour les images.<\/li>\n<li>R\u00e9vision de la structure des textes afin d\u2019am\u00e9liorer la lisibilit\u00e9.<\/li>\n<li>Cr\u00e9ation de PDF accessibles ou d\u2019alternatives en HTML.<\/li>\n<li>Adaptations techniques des formulaires et de la navigation.<\/li>\n<\/ul>\n\t\t\t\t\t\t\t\t<\/div>\n\t\t\t\t<\/div>\n\t\t\t\t<div class=\"elementor-element elementor-element-ad0be94 elementor-widget elementor-widget-text-editor\" data-id=\"ad0be94\" data-element_type=\"widget\" data-e-type=\"widget\" data-widget_type=\"text-editor.default\">\n\t\t\t\t<div class=\"elementor-widget-container\">\n\t\t\t\t\t\t\t\t\t<p>L\u2019objectif est de rendre le site Internet, \u00e0 moyen terme, aussi accessible que possible.<\/p>\n\t\t\t\t\t\t\t\t<\/div>\n\t\t\t\t<\/div>\n\t\t\t\t<div class=\"elementor-element elementor-element-2095c1c elementor-widget elementor-widget-heading\" data-id=\"2095c1c\" data-element_type=\"widget\" data-e-type=\"widget\" data-widget_type=\"heading.default\">\n\t\t\t\t<div class=\"elementor-widget-container\">\n\t\t\t\t\t<h4 class=\"elementor-heading-title elementor-size-default\">Retour d\u2019information et contact<\/h4>\t\t\t\t<\/div>\n\t\t\t\t<\/div>\n\t\t\t\t<div class=\"elementor-element elementor-element-8b25680 elementor-widget elementor-widget-text-editor\" data-id=\"8b25680\" data-element_type=\"widget\" data-e-type=\"widget\" data-widget_type=\"text-editor.default\">\n\t\t\t\t<div class=\"elementor-widget-container\">\n\t\t\t\t\t\t\t\t\t<p>Si vous remarquez des obstacles sur notre site Internet ou si vous avez besoin d\u2019aide pour l\u2019utiliser, nous serons heureux de recevoir votre retour.<\/p>\n\t\t\t\t\t\t\t\t<\/div>\n\t\t\t\t<\/div>\n\t\t\t\t<div class=\"elementor-element elementor-element-7ed3cda elementor-button-align-start elementor-widget__width-initial elementor-widget elementor-widget-form\" data-id=\"7ed3cda\" data-element_type=\"widget\" data-e-type=\"widget\" data-settings=\"{&quot;step_next_label&quot;:&quot;Suivant  &quot;,&quot;step_previous_label&quot;:&quot;Pr\\u00e9c\\u00e9dent &quot;,&quot;button_width&quot;:&quot;100&quot;,&quot;step_type&quot;:&quot;number_text&quot;,&quot;step_icon_shape&quot;:&quot;circle&quot;}\" data-widget_type=\"form.default\">\n\t\t\t\t<div class=\"elementor-widget-container\">\n\t\t\t\t\t\t\t<form class=\"elementor-form\" method=\"post\" name=\"Nouveau formulaire  \" aria-label=\"Nouveau formulaire  \">\n\t\t\t<input type=\"hidden\" name=\"post_id\" value=\"12094\"\/>\n\t\t\t<input type=\"hidden\" name=\"form_id\" value=\"7ed3cda\"\/>\n\t\t\t<input type=\"hidden\" name=\"referer_title\" value=\"Accessibilit\u00e9 aux personnes handicap\u00e9es - Couven Museum\" \/>\n\n\t\t\t\t\t\t\t<input type=\"hidden\" name=\"queried_id\" value=\"12094\"\/>\n\t\t\t\n\t\t\t<div class=\"elementor-form-fields-wrapper elementor-labels-above\">\n\t\t\t\t\t\t\t\t<div class=\"elementor-field-type-email elementor-field-group elementor-column elementor-field-group-email elementor-col-100 elementor-field-required\">\n\t\t\t\t\t\t\t\t\t\t\t\t<label for=\"form-field-email\" class=\"elementor-field-label\">\n\t\t\t\t\t\t\t\tE-mail *  \t\t\t\t\t\t\t<\/label>\n\t\t\t\t\t\t\t\t\t\t\t\t\t\t<input size=\"1\" type=\"email\" name=\"form_fields[email]\" id=\"form-field-email\" class=\"elementor-field elementor-size-sm  elementor-field-textual\" required=\"required\">\n\t\t\t\t\t\t\t\t\t\t\t<\/div>\n\t\t\t\t\t\t\t\t<div class=\"elementor-field-type-text elementor-field-group elementor-column elementor-field-group-field_1bc1e1d elementor-col-100 elementor-field-required\">\n\t\t\t\t\t\t\t\t\t\t\t\t<label for=\"form-field-field_1bc1e1d\" class=\"elementor-field-label\">\n\t\t\t\t\t\t\t\tNom et pr\u00e9nom *  \t\t\t\t\t\t\t<\/label>\n\t\t\t\t\t\t\t\t\t\t\t\t\t\t<input size=\"1\" type=\"text\" name=\"form_fields[field_1bc1e1d]\" id=\"form-field-field_1bc1e1d\" class=\"elementor-field elementor-size-sm  elementor-field-textual\" required=\"required\">\n\t\t\t\t\t\t\t\t\t\t\t<\/div>\n\t\t\t\t\t\t\t\t<div class=\"elementor-field-type-text elementor-field-group elementor-column elementor-field-group-field_a1dd8e0 elementor-col-100 elementor-field-required\">\n\t\t\t\t\t\t\t\t\t\t\t\t<label for=\"form-field-field_a1dd8e0\" class=\"elementor-field-label\">\n\t\t\t\t\t\t\t\tT\u00e9l\u00e9phone *  \t\t\t\t\t\t\t<\/label>\n\t\t\t\t\t\t\t\t\t\t\t\t\t\t<input size=\"1\" type=\"text\" name=\"form_fields[field_a1dd8e0]\" id=\"form-field-field_a1dd8e0\" class=\"elementor-field elementor-size-sm  elementor-field-textual\" required=\"required\">\n\t\t\t\t\t\t\t\t\t\t\t<\/div>\n\t\t\t\t\t\t\t\t<div class=\"elementor-field-type-text elementor-field-group elementor-column elementor-field-group-field_cbd426e elementor-col-100 elementor-field-required\">\n\t\t\t\t\t\t\t\t\t\t\t\t<label for=\"form-field-field_cbd426e\" class=\"elementor-field-label\">\n\t\t\t\t\t\t\t\tURL ou r\u00e9f\u00e9rence de la source de la barri\u00e8re *  \t\t\t\t\t\t\t<\/label>\n\t\t\t\t\t\t\t\t\t\t\t\t\t\t<input size=\"1\" type=\"text\" name=\"form_fields[field_cbd426e]\" id=\"form-field-field_cbd426e\" class=\"elementor-field elementor-size-sm  elementor-field-textual\" required=\"required\">\n\t\t\t\t\t\t\t\t\t\t\t<\/div>\n\t\t\t\t\t\t\t\t<div class=\"elementor-field-type-textarea elementor-field-group elementor-column elementor-field-group-message elementor-col-100\">\n\t\t\t\t\t\t\t\t\t\t\t\t<label for=\"form-field-message\" class=\"elementor-field-label\">\n\t\t\t\t\t\t\t\tVeuillez d\u00e9crire la barri\u00e8re *  \t\t\t\t\t\t\t<\/label>\n\t\t\t\t\t\t<textarea class=\"elementor-field-textual elementor-field  elementor-size-sm\" name=\"form_fields[message]\" id=\"form-field-message\" rows=\"4\"><\/textarea>\t\t\t\t<\/div>\n\t\t\t\t\t\t\t\t<div class=\"elementor-field-type-acceptance elementor-field-group elementor-column elementor-field-group-field_990345e elementor-col-100\">\n\t\t\t\t\t\t\t<div class=\"elementor-field-subgroup\">\n\t\t\t<span class=\"elementor-field-option\">\n\t\t\t\t<input type=\"checkbox\" name=\"form_fields[field_990345e]\" id=\"form-field-field_990345e\" class=\"elementor-field elementor-size-sm  elementor-acceptance-field\">\n\t\t\t\t<label for=\"form-field-field_990345e\">J\u2019accepte le traitement de mes donn\u00e9es \u00e0 caract\u00e8re personnel. Le stockage de vos donn\u00e9es \u00e0 caract\u00e8re personnel est effectu\u00e9 par l\u2019administration municipale d\u2019Aix-la-Chapelle sur la base de votre consentement, afin de traiter votre demande ainsi que dans l\u2019\u00e9ventualit\u00e9 d\u2019une correspondance ult\u00e9rieure. Vous trouverez de plus amples informations dans nos <a href=\"https:\/\/schrittmacherfestival.de\/datenschutz\">informations relatives \u00e0 la protection des donn\u00e9es<\/a>. <\/label>\t\t\t<\/span>\n\t\t<\/div>\n\t\t\t\t\t\t<\/div>\n\t\t\t\t\t\t\t\t<div class=\"elementor-field-group elementor-column elementor-field-type-submit elementor-col-100 e-form__buttons\">\n\t\t\t\t\t<button class=\"elementor-button elementor-size-sm\" type=\"submit\">\n\t\t\t\t\t\t<span class=\"elementor-button-content-wrapper\">\n\t\t\t\t\t\t\t\t\t\t\t\t\t\t\t\t\t\t\t\t\t\t<span class=\"elementor-button-text\">Envoyer  <\/span>\n\t\t\t\t\t\t\t\t\t\t\t\t\t<\/span>\n\t\t\t\t\t<\/button>\n\t\t\t\t<\/div>\n\t\t\t<\/div>\n\t\t<\/form>\n\t\t\t\t\t\t<\/div>\n\t\t\t\t<\/div>\n\t\t\t\t<div class=\"elementor-element elementor-element-0c0801f elementor-widget elementor-widget-heading\" data-id=\"0c0801f\" data-element_type=\"widget\" data-e-type=\"widget\" data-widget_type=\"heading.default\">\n\t\t\t\t<div class=\"elementor-widget-container\">\n\t\t\t\t\t<h4 class=\"elementor-heading-title elementor-size-default\">Proc\u00e9dure de conciliation<\/h4>\t\t\t\t<\/div>\n\t\t\t\t<\/div>\n\t\t\t\t<div class=\"elementor-element elementor-element-99ce57d elementor-widget elementor-widget-text-editor\" data-id=\"99ce57d\" data-element_type=\"widget\" data-e-type=\"widget\" data-widget_type=\"text-editor.default\">\n\t\t\t\t<div class=\"elementor-widget-container\">\n\t\t\t\t\t\t\t\t\t<p>Si vous ne recevez pas de r\u00e9ponse satisfaisante \u00e0 votre retour concernant l\u2019accessibilit\u00e9, vous pouvez vous adresser au service de m\u00e9diation pour les technologies de l\u2019information accessibles du Land de Rh\u00e9nanie-du-Nord\u2013Westphalie :<\/p>\n<p><\/p>\n<p>Le service de m\u00e9diation pour les technologies de l\u2019information accessibles du Land de Rh\u00e9nanie-du-Nord\u2013Westphalie est rattach\u00e9 \u00e0 la d\u00e9l\u00e9gu\u00e9e du gouvernement r\u00e9gional pour les personnes en situation de handicap en Rh\u00e9nanie-du-Nord\u2013Westphalie.<\/p>\n<p><\/p>\n<p>Le service de m\u00e9diation est joignable au num\u00e9ro de t\u00e9l\u00e9phone 0211 \/ 8553451 ou par e-mail : Ombudsstelle-barrierefreie-it@mags.nrw.de<\/p>\n\t\t\t\t\t\t\t\t<\/div>\n\t\t\t\t<\/div>\n\t\t\t\t<\/div>\n\t\t\t\t\t<\/div>\n\t\t\t\t<\/div>\n\t\t\t\t<\/div>\n\t\t","protected":false},"excerpt":{"rendered":"<p>D\u00e9claration d\u2019accessibilit\u00e9 Le Couven Museum s\u2019efforce de rendre ce site Internet accessible sans barri\u00e8res, conform\u00e9ment \u00e0 la loi du Land de Rh\u00e9nanie-du-Nord\u2013Westphalie sur l\u2019\u00e9galit\u00e9 des personnes handicap\u00e9es (Behindertengleichstellungsgesetz Nordrhein-Westfalen \u2013 [&hellip;]<\/p>\n","protected":false},"author":45,"featured_media":11737,"parent":0,"menu_order":0,"comment_status":"closed","ping_status":"closed","template":"","meta":{"_acf_changed":false,"inline_featured_image":false,"_lmt_disableupdate":"","_lmt_disable":"","footnotes":""},"categories":[],"tags":[],"class_list":["post-12094","page","type-page","status-publish","has-post-thumbnail","hentry"],"acf":[],"yoast_head":"<!-- This site is optimized with the Yoast SEO plugin v27.2 - https:\/\/yoast.com\/product\/yoast-seo-wordpress\/ -->\n<title>Accessibilit\u00e9 aux personnes handicap\u00e9es - Couven Museum<\/title>\n<meta name=\"robots\" content=\"index, follow, max-snippet:-1, max-image-preview:large, max-video-preview:-1\" \/>\n<link rel=\"canonical\" href=\"https:\/\/couven-museum.de\/barrierefreiheit\/\" \/>\n<meta property=\"og:locale\" content=\"fr_FR\" \/>\n<meta property=\"og:type\" content=\"article\" \/>\n<meta property=\"og:title\" content=\"Accessibilit\u00e9 aux personnes handicap\u00e9es - Couven Museum\" \/>\n<meta property=\"og:description\" content=\"D\u00e9claration d\u2019accessibilit\u00e9 Le Couven Museum s\u2019efforce de rendre ce site Internet accessible sans barri\u00e8res, conform\u00e9ment \u00e0 la loi du Land de Rh\u00e9nanie-du-Nord\u2013Westphalie sur l\u2019\u00e9galit\u00e9 des personnes handicap\u00e9es (Behindertengleichstellungsgesetz Nordrhein-Westfalen \u2013 [&hellip;]\" \/>\n<meta property=\"og:url\" content=\"https:\/\/couven-museum.de\/barrierefreiheit\/\" \/>\n<meta property=\"og:site_name\" content=\"Couven Museum\" \/>\n<meta property=\"article:modified_time\" content=\"2026-03-30T16:41:39+00:00\" \/>\n<meta property=\"og:image\" content=\"https:\/\/couven-museum.de\/wp-content\/uploads\/2019\/10\/schmal-couven-museum-header-wandmalerei-1.jpg\" \/>\n\t<meta property=\"og:image:width\" content=\"1920\" \/>\n\t<meta property=\"og:image:height\" content=\"410\" \/>\n\t<meta property=\"og:image:type\" content=\"image\/jpeg\" \/>\n<meta name=\"twitter:card\" content=\"summary_large_image\" \/>\n<meta name=\"twitter:label1\" content=\"Dur\u00e9e de lecture estim\u00e9e\" \/>\n\t<meta name=\"twitter:data1\" content=\"2 minutes\" \/>\n<script type=\"application\/ld+json\" class=\"yoast-schema-graph\">{\"@context\":\"https:\/\/schema.org\",\"@graph\":[{\"@type\":\"WebPage\",\"@id\":\"https:\/\/couven-museum.de\/barrierefreiheit\/\",\"url\":\"https:\/\/couven-museum.de\/barrierefreiheit\/\",\"name\":\"Accessibilit\u00e9 aux personnes handicap\u00e9es - Couven Museum\",\"isPartOf\":{\"@id\":\"https:\/\/couven-museum.de\/#website\"},\"primaryImageOfPage\":{\"@id\":\"https:\/\/couven-museum.de\/barrierefreiheit\/#primaryimage\"},\"image\":{\"@id\":\"https:\/\/couven-museum.de\/barrierefreiheit\/#primaryimage\"},\"thumbnailUrl\":\"https:\/\/couven-museum.de\/wp-content\/uploads\/2019\/10\/schmal-couven-museum-header-wandmalerei-1.jpg\",\"datePublished\":\"2025-12-30T11:18:13+00:00\",\"dateModified\":\"2026-03-30T16:41:39+00:00\",\"breadcrumb\":{\"@id\":\"https:\/\/couven-museum.de\/barrierefreiheit\/#breadcrumb\"},\"inLanguage\":\"fr-FR\",\"potentialAction\":[{\"@type\":\"ReadAction\",\"target\":[\"https:\/\/couven-museum.de\/barrierefreiheit\/\"]}]},{\"@type\":\"ImageObject\",\"inLanguage\":\"fr-FR\",\"@id\":\"https:\/\/couven-museum.de\/barrierefreiheit\/#primaryimage\",\"url\":\"https:\/\/couven-museum.de\/wp-content\/uploads\/2019\/10\/schmal-couven-museum-header-wandmalerei-1.jpg\",\"contentUrl\":\"https:\/\/couven-museum.de\/wp-content\/uploads\/2019\/10\/schmal-couven-museum-header-wandmalerei-1.jpg\",\"width\":1920,\"height\":410,\"caption\":\"Couven Museum Landschaftsmalerei\"},{\"@type\":\"BreadcrumbList\",\"@id\":\"https:\/\/couven-museum.de\/barrierefreiheit\/#breadcrumb\",\"itemListElement\":[{\"@type\":\"ListItem\",\"position\":1,\"name\":\"Startseite\",\"item\":\"https:\/\/couven-museum.de\/fr\/\"},{\"@type\":\"ListItem\",\"position\":2,\"name\":\"Accessibilit\u00e9 aux personnes handicap\u00e9es\"}]},{\"@type\":\"WebSite\",\"@id\":\"https:\/\/couven-museum.de\/#website\",\"url\":\"https:\/\/couven-museum.de\/\",\"name\":\"Couven Museum\",\"description\":\"Couven-Museum Aachen\",\"potentialAction\":[{\"@type\":\"SearchAction\",\"target\":{\"@type\":\"EntryPoint\",\"urlTemplate\":\"https:\/\/couven-museum.de\/?s={search_term_string}\"},\"query-input\":{\"@type\":\"PropertyValueSpecification\",\"valueRequired\":true,\"valueName\":\"search_term_string\"}}],\"inLanguage\":\"fr-FR\"}]}<\/script>\n<!-- \/ Yoast SEO plugin. -->","yoast_head_json":{"title":"Accessibilit\u00e9 aux personnes handicap\u00e9es - Couven Museum","robots":{"index":"index","follow":"follow","max-snippet":"max-snippet:-1","max-image-preview":"max-image-preview:large","max-video-preview":"max-video-preview:-1"},"canonical":"https:\/\/couven-museum.de\/barrierefreiheit\/","og_locale":"fr_FR","og_type":"article","og_title":"Accessibilit\u00e9 aux personnes handicap\u00e9es - Couven Museum","og_description":"D\u00e9claration d\u2019accessibilit\u00e9 Le Couven Museum s\u2019efforce de rendre ce site Internet accessible sans barri\u00e8res, conform\u00e9ment \u00e0 la loi du Land de Rh\u00e9nanie-du-Nord\u2013Westphalie sur l\u2019\u00e9galit\u00e9 des personnes handicap\u00e9es (Behindertengleichstellungsgesetz Nordrhein-Westfalen \u2013 [&hellip;]","og_url":"https:\/\/couven-museum.de\/barrierefreiheit\/","og_site_name":"Couven Museum","article_modified_time":"2026-03-30T16:41:39+00:00","og_image":[{"width":1920,"height":410,"url":"https:\/\/couven-museum.de\/wp-content\/uploads\/2019\/10\/schmal-couven-museum-header-wandmalerei-1.jpg","type":"image\/jpeg"}],"twitter_card":"summary_large_image","twitter_misc":{"Dur\u00e9e de lecture estim\u00e9e":"2 minutes"},"schema":{"@context":"https:\/\/schema.org","@graph":[{"@type":"WebPage","@id":"https:\/\/couven-museum.de\/barrierefreiheit\/","url":"https:\/\/couven-museum.de\/barrierefreiheit\/","name":"Accessibilit\u00e9 aux personnes handicap\u00e9es - Couven Museum","isPartOf":{"@id":"https:\/\/couven-museum.de\/#website"},"primaryImageOfPage":{"@id":"https:\/\/couven-museum.de\/barrierefreiheit\/#primaryimage"},"image":{"@id":"https:\/\/couven-museum.de\/barrierefreiheit\/#primaryimage"},"thumbnailUrl":"https:\/\/couven-museum.de\/wp-content\/uploads\/2019\/10\/schmal-couven-museum-header-wandmalerei-1.jpg","datePublished":"2025-12-30T11:18:13+00:00","dateModified":"2026-03-30T16:41:39+00:00","breadcrumb":{"@id":"https:\/\/couven-museum.de\/barrierefreiheit\/#breadcrumb"},"inLanguage":"fr-FR","potentialAction":[{"@type":"ReadAction","target":["https:\/\/couven-museum.de\/barrierefreiheit\/"]}]},{"@type":"ImageObject","inLanguage":"fr-FR","@id":"https:\/\/couven-museum.de\/barrierefreiheit\/#primaryimage","url":"https:\/\/couven-museum.de\/wp-content\/uploads\/2019\/10\/schmal-couven-museum-header-wandmalerei-1.jpg","contentUrl":"https:\/\/couven-museum.de\/wp-content\/uploads\/2019\/10\/schmal-couven-museum-header-wandmalerei-1.jpg","width":1920,"height":410,"caption":"Couven Museum Landschaftsmalerei"},{"@type":"BreadcrumbList","@id":"https:\/\/couven-museum.de\/barrierefreiheit\/#breadcrumb","itemListElement":[{"@type":"ListItem","position":1,"name":"Startseite","item":"https:\/\/couven-museum.de\/fr\/"},{"@type":"ListItem","position":2,"name":"Accessibilit\u00e9 aux personnes handicap\u00e9es"}]},{"@type":"WebSite","@id":"https:\/\/couven-museum.de\/#website","url":"https:\/\/couven-museum.de\/","name":"Couven Museum","description":"Couven-Museum Aachen","potentialAction":[{"@type":"SearchAction","target":{"@type":"EntryPoint","urlTemplate":"https:\/\/couven-museum.de\/?s={search_term_string}"},"query-input":{"@type":"PropertyValueSpecification","valueRequired":true,"valueName":"search_term_string"}}],"inLanguage":"fr-FR"}]}},"_links":{"self":[{"href":"https:\/\/couven-museum.de\/fr\/wp-json\/wp\/v2\/pages\/12094","targetHints":{"allow":["GET"]}}],"collection":[{"href":"https:\/\/couven-museum.de\/fr\/wp-json\/wp\/v2\/pages"}],"about":[{"href":"https:\/\/couven-museum.de\/fr\/wp-json\/wp\/v2\/types\/page"}],"author":[{"embeddable":true,"href":"https:\/\/couven-museum.de\/fr\/wp-json\/wp\/v2\/users\/45"}],"replies":[{"embeddable":true,"href":"https:\/\/couven-museum.de\/fr\/wp-json\/wp\/v2\/comments?post=12094"}],"version-history":[{"count":1,"href":"https:\/\/couven-museum.de\/fr\/wp-json\/wp\/v2\/pages\/12094\/revisions"}],"predecessor-version":[{"id":12095,"href":"https:\/\/couven-museum.de\/fr\/wp-json\/wp\/v2\/pages\/12094\/revisions\/12095"}],"wp:featuredmedia":[{"embeddable":true,"href":"https:\/\/couven-museum.de\/fr\/wp-json\/wp\/v2\/media\/11737"}],"wp:attachment":[{"href":"https:\/\/couven-museum.de\/fr\/wp-json\/wp\/v2\/media?parent=12094"}],"wp:term":[{"taxonomy":"category","embeddable":true,"href":"https:\/\/couven-museum.de\/fr\/wp-json\/wp\/v2\/categories?post=12094"},{"taxonomy":"post_tag","embeddable":true,"href":"https:\/\/couven-museum.de\/fr\/wp-json\/wp\/v2\/tags?post=12094"}],"curies":[{"name":"wp","href":"https:\/\/api.w.org\/{rel}","templated":true}]}}