{"id":12104,"date":"2019-09-05T16:45:10","date_gmt":"2019-09-05T14:45:10","guid":{"rendered":"https:\/\/couven-museum.de\/mentions-legales\/"},"modified":"2026-03-30T19:21:05","modified_gmt":"2026-03-30T17:21:05","slug":"mentions-legales","status":"publish","type":"page","link":"https:\/\/couven-museum.de\/fr\/mentions-legales\/","title":{"rendered":"Mentions l\u00e9gales"},"content":{"rendered":"\t\t<div data-elementor-type=\"wp-post\" data-elementor-id=\"12104\" class=\"elementor elementor-12104 elementor-5767\" data-elementor-post-type=\"page\">\n\t\t\t\t\t\t<section class=\"elementor-section elementor-top-section elementor-element elementor-element-1c446c1 elementor-section-boxed elementor-section-height-default elementor-section-height-default\" data-id=\"1c446c1\" data-element_type=\"section\" data-e-type=\"section\">\n\t\t\t\t\t\t<div class=\"elementor-container elementor-column-gap-default\">\n\t\t\t\t\t<div class=\"elementor-column elementor-col-100 elementor-top-column elementor-element elementor-element-e2c9ef4\" data-id=\"e2c9ef4\" data-element_type=\"column\" data-e-type=\"column\">\n\t\t\t<div class=\"elementor-widget-wrap elementor-element-populated\">\n\t\t\t\t\t\t<div class=\"elementor-element elementor-element-4af8175 elementor-widget elementor-widget-heading\" data-id=\"4af8175\" data-element_type=\"widget\" data-e-type=\"widget\" data-widget_type=\"heading.default\">\n\t\t\t\t<div class=\"elementor-widget-container\">\n\t\t\t\t\t<h2 class=\"elementor-heading-title elementor-size-default\">Mentions l\u00e9gales<\/h2>\t\t\t\t<\/div>\n\t\t\t\t<\/div>\n\t\t\t\t\t<\/div>\n\t\t<\/div>\n\t\t\t\t\t<\/div>\n\t\t<\/section>\n\t\t\t\t<section class=\"elementor-section elementor-top-section elementor-element elementor-element-2fa8063 elementor-section-boxed elementor-section-height-default elementor-section-height-default\" data-id=\"2fa8063\" data-element_type=\"section\" data-e-type=\"section\">\n\t\t\t\t\t\t<div class=\"elementor-container elementor-column-gap-default\">\n\t\t\t\t\t<div class=\"elementor-column elementor-col-100 elementor-top-column elementor-element elementor-element-4bfc94e\" data-id=\"4bfc94e\" data-element_type=\"column\" data-e-type=\"column\">\n\t\t\t<div class=\"elementor-widget-wrap elementor-element-populated\">\n\t\t\t\t\t\t<div class=\"elementor-element elementor-element-7109982 elementor-widget elementor-widget-text-editor\" data-id=\"7109982\" data-element_type=\"widget\" data-e-type=\"widget\" data-widget_type=\"text-editor.default\">\n\t\t\t\t<div class=\"elementor-widget-container\">\n\t\t\t\t\t\t\t\t\t<p>Mentions l\u00e9gales<\/p>\n<p class=\"p3\"><strong>Ville d\u2019Aix-la-Chapelle<span class=\"s1\"><br \/><\/span>Le Bourgmestre<\/strong><\/p>\n<p class=\"p3\"><strong>Couven Museum<\/strong><span class=\"s1\"><br \/><\/span>H\u00fchnermarkt 17<span class=\"s1\"><br \/><\/span>52062 Aachen<span class=\"s1\"><br \/><\/span>Allemagne<span class=\"s1\"><br \/><\/span>T\u00e9l. : +49 241 432-44 21<span class=\"s1\"><br \/><\/span>Fax : +49 241 37075<span class=\"s1\"><br \/><\/span>E-mail : <a href=\"mailto:info@couven-museum.de\">info@couven-museum.de<\/a><\/p>\n<p class=\"p3\">Num\u00e9ro d\u2019identification TVA :<span class=\"s1\"><br \/><\/span>DE 121 68 98 15<\/p>\n<p class=\"p3\"><strong>R\u00e9daction responsable :<\/strong><span class=\"s1\"><br \/><\/span>Carmen Roebers <span class=\"s1\"><br \/><\/span>Mus\u00e9es de la ville d\u2019Aix-la-Chapelle<\/p>\n<p class=\"p3\">David R\u00fcben<span class=\"s1\"><br \/><\/span>R\u00e9daction en ligne de la ville d\u2019Aix-la-Chapelle<span class=\"s1\"><br \/><a href=\"mailto:onlineredaktion@mail.aachen.de\"><span class=\"s2\">onlineredaktion@mail.aachen.de<\/span><\/a><br \/><a><span class=\"s2\">www.aachen.de<\/span><\/a><\/span><\/p>\n<p class=\"p3\"><strong>Conception &amp; r\u00e9alisation :<\/strong><span class=\"s1\"><br \/><\/span>wesentlich. communication visuelle<span class=\"s1\"><br \/><\/span>Lothringerstra\u00dfe 61, 52070 Aachen<span class=\"s1\"><br \/><a href=\"http:\/\/www.wesentlich.com\/\"><span class=\"s2\">www.wesentlich.com<\/span><\/a><\/span><\/p>\n<p class=\"p3\"><strong>Cr\u00e9dits photographiques :<\/strong><span class=\"s1\"><br \/><\/span>Couven Museum<span class=\"s1\"><br \/><\/span>Peter Hinschl\u00e4ger<span class=\"s1\"><br \/><\/span>Anne Gold<\/p>\n<p class=\"p3\"><strong>H\u00e9bergement :<\/strong><span class=\"s1\"><br \/><\/span>regio iT<span class=\"s1\"><br \/><\/span>gesellschaft f\u00fcr informationstechnologie mbh<span class=\"s1\"><br \/><a href=\"mailto:info@regioit-aachen.de\"><span class=\"s2\">info@regioit-aachen.de<\/span><\/a><br \/><a href=\"http:\/\/www.regioit-aachen.de\/\"><span class=\"s2\">www.regioit-aachen.de<\/span><\/a><\/span><\/p>\n<p class=\"p3\"><strong>Clause de non-responsabilit\u00e9<\/strong><\/p>\n<p class=\"p3\">La r\u00e9daction ne garantit ni l\u2019exactitude ni l\u2019exhaustivit\u00e9 de ses propres contenus et compilations.<span class=\"s1\"><br \/><\/span>Il en va de m\u00eame pour les contenus de tiers rendus accessibles par ce service.<span class=\"s1\"><br \/><\/span>L\u2019utilisation se fait exclusivement aux risques de l\u2019utilisateur. La r\u00e9daction d\u00e9cline toute responsabilit\u00e9. Dans la mesure o\u00f9 une relation juridique existerait entre les utilisateurs de cette offre et la r\u00e9daction,<span class=\"s1\"><br \/><\/span>celle-ci serait soumise au droit allemand.<span class=\"s1\"><br \/><\/span>Les lois f\u00e9d\u00e9rales au sens formel s\u2019appliquent en priorit\u00e9.<\/p>\n<p class=\"p3\"><strong>Remarque : r\u00e9f\u00e9rences et liens<\/strong><\/p>\n<p class=\"p3\">En cas de r\u00e9f\u00e9rences directes ou indirectes \u00e0 des sites Internet externes<span class=\"s1\"><br \/><\/span>(\u00ab liens \u00bb) qui \u00e9chappent au domaine de responsabilit\u00e9 de la r\u00e9daction,<span class=\"s1\"><br \/><\/span>une obligation de responsabilit\u00e9 n\u2019entrerait en vigueur que dans le cas o\u00f9 la r\u00e9daction aurait connaissance des contenus et s\u2019il lui \u00e9tait techniquement possible et raisonnablement exigible d\u2019emp\u00eacher leur utilisation en cas de contenus illicites.<\/p>\n<p class=\"p3\">La r\u00e9daction d\u00e9clare express\u00e9ment qu\u2019au moment de la cr\u00e9ation des liens,<span class=\"s1\"><br \/><\/span>aucun contenu ill\u00e9gal n\u2019\u00e9tait identifiable sur les pages \u00e0 lier.<span class=\"s1\"><br \/><\/span>La r\u00e9daction n\u2019a aucune influence sur la conception actuelle et future, les contenus ou la paternit\u00e9 des pages li\u00e9es\/rattach\u00e9es.<span class=\"s1\"><br \/><\/span>C\u2019est pourquoi la r\u00e9daction se dissocie express\u00e9ment de toute modification ou adjonction effectu\u00e9e apr\u00e8s la cr\u00e9ation des liens et comportant des contenus ill\u00e9gaux.<\/p>\n<p class=\"p3\">Si quelqu\u2019un venait \u00e0 constater que des sites Internet vers lesquels<span class=\"s1\"><br \/><\/span>www.couven-museum.comlounge.dev renvoie contiennent des contenus illicites, nous vous prions<span class=\"s1\"><br \/><\/span>de nous en informer imm\u00e9diatement.<\/p>\n<p class=\"p3\">Nous examinerons imm\u00e9diatement un tel cas et, s\u2019il est confirm\u00e9,<span class=\"s1\"><br \/><\/span>supprimerons sans d\u00e9lai le lien de notre site.<\/p>\n\t\t\t\t\t\t\t\t<\/div>\n\t\t\t\t<\/div>\n\t\t\t\t\t<\/div>\n\t\t<\/div>\n\t\t\t\t\t<\/div>\n\t\t<\/section>\n\t\t\t\t<\/div>\n\t\t","protected":false},"excerpt":{"rendered":"<p>Mentions l\u00e9gales Mentions l\u00e9gales Ville d\u2019Aix-la-ChapelleLe Bourgmestre Couven MuseumH\u00fchnermarkt 1752062 AachenAllemagneT\u00e9l. : +49 241 432-44 21Fax : +49 241 37075E-mail : info@couven-museum.de Num\u00e9ro d\u2019identification TVA :DE 121 68 98 15 [&hellip;]<\/p>\n","protected":false},"author":45,"featured_media":11889,"parent":0,"menu_order":19,"comment_status":"closed","ping_status":"closed","template":"","meta":{"_acf_changed":false,"inline_featured_image":false,"_lmt_disableupdate":"","_lmt_disable":"","footnotes":""},"categories":[],"tags":[],"class_list":["post-12104","page","type-page","status-publish","has-post-thumbnail","hentry"],"acf":[],"yoast_head":"<!-- This site is optimized with the Yoast SEO plugin v27.2 - https:\/\/yoast.com\/product\/yoast-seo-wordpress\/ -->\n<title>Mentions l\u00e9gales - Couven Museum<\/title>\n<meta name=\"robots\" content=\"index, follow, max-snippet:-1, max-image-preview:large, max-video-preview:-1\" \/>\n<link rel=\"canonical\" href=\"https:\/\/couven-museum.de\/impressum\/\" \/>\n<meta property=\"og:locale\" content=\"fr_FR\" \/>\n<meta property=\"og:type\" content=\"article\" \/>\n<meta property=\"og:title\" content=\"Mentions l\u00e9gales - Couven Museum\" \/>\n<meta property=\"og:description\" content=\"Mentions l\u00e9gales Mentions l\u00e9gales Ville d\u2019Aix-la-ChapelleLe Bourgmestre Couven MuseumH\u00fchnermarkt 1752062 AachenAllemagneT\u00e9l. : +49 241 432-44 21Fax : +49 241 37075E-mail : info@couven-museum.de Num\u00e9ro d\u2019identification TVA :DE 121 68 98 15 [&hellip;]\" \/>\n<meta property=\"og:url\" content=\"https:\/\/couven-museum.de\/impressum\/\" \/>\n<meta property=\"og:site_name\" content=\"Couven Museum\" \/>\n<meta property=\"article:modified_time\" content=\"2026-03-30T17:21:05+00:00\" \/>\n<meta property=\"og:image\" content=\"https:\/\/couven-museum.de\/wp-content\/uploads\/2019\/10\/header-couven-mueseum-apotheke.jpg\" \/>\n\t<meta property=\"og:image:width\" content=\"1920\" \/>\n\t<meta property=\"og:image:height\" content=\"410\" \/>\n\t<meta property=\"og:image:type\" content=\"image\/jpeg\" \/>\n<meta name=\"twitter:card\" content=\"summary_large_image\" \/>\n<meta name=\"twitter:label1\" content=\"Dur\u00e9e de lecture estim\u00e9e\" \/>\n\t<meta name=\"twitter:data1\" content=\"2 minutes\" \/>\n<script type=\"application\/ld+json\" class=\"yoast-schema-graph\">{\"@context\":\"https:\/\/schema.org\",\"@graph\":[{\"@type\":\"WebPage\",\"@id\":\"https:\/\/couven-museum.de\/impressum\/\",\"url\":\"https:\/\/couven-museum.de\/impressum\/\",\"name\":\"Mentions l\u00e9gales - Couven Museum\",\"isPartOf\":{\"@id\":\"https:\/\/couven-museum.de\/#website\"},\"primaryImageOfPage\":{\"@id\":\"https:\/\/couven-museum.de\/impressum\/#primaryimage\"},\"image\":{\"@id\":\"https:\/\/couven-museum.de\/impressum\/#primaryimage\"},\"thumbnailUrl\":\"https:\/\/couven-museum.de\/wp-content\/uploads\/2019\/10\/header-couven-mueseum-apotheke.jpg\",\"datePublished\":\"2019-09-05T14:45:10+00:00\",\"dateModified\":\"2026-03-30T17:21:05+00:00\",\"breadcrumb\":{\"@id\":\"https:\/\/couven-museum.de\/impressum\/#breadcrumb\"},\"inLanguage\":\"fr-FR\",\"potentialAction\":[{\"@type\":\"ReadAction\",\"target\":[\"https:\/\/couven-museum.de\/impressum\/\"]}]},{\"@type\":\"ImageObject\",\"inLanguage\":\"fr-FR\",\"@id\":\"https:\/\/couven-museum.de\/impressum\/#primaryimage\",\"url\":\"https:\/\/couven-museum.de\/wp-content\/uploads\/2019\/10\/header-couven-mueseum-apotheke.jpg\",\"contentUrl\":\"https:\/\/couven-museum.de\/wp-content\/uploads\/2019\/10\/header-couven-mueseum-apotheke.jpg\",\"width\":1920,\"height\":410},{\"@type\":\"BreadcrumbList\",\"@id\":\"https:\/\/couven-museum.de\/impressum\/#breadcrumb\",\"itemListElement\":[{\"@type\":\"ListItem\",\"position\":1,\"name\":\"Startseite\",\"item\":\"https:\/\/couven-museum.de\/fr\/\"},{\"@type\":\"ListItem\",\"position\":2,\"name\":\"Mentions l\u00e9gales\"}]},{\"@type\":\"WebSite\",\"@id\":\"https:\/\/couven-museum.de\/#website\",\"url\":\"https:\/\/couven-museum.de\/\",\"name\":\"Couven Museum\",\"description\":\"Couven-Museum Aachen\",\"potentialAction\":[{\"@type\":\"SearchAction\",\"target\":{\"@type\":\"EntryPoint\",\"urlTemplate\":\"https:\/\/couven-museum.de\/?s={search_term_string}\"},\"query-input\":{\"@type\":\"PropertyValueSpecification\",\"valueRequired\":true,\"valueName\":\"search_term_string\"}}],\"inLanguage\":\"fr-FR\"}]}<\/script>\n<!-- \/ Yoast SEO plugin. -->","yoast_head_json":{"title":"Mentions l\u00e9gales - Couven Museum","robots":{"index":"index","follow":"follow","max-snippet":"max-snippet:-1","max-image-preview":"max-image-preview:large","max-video-preview":"max-video-preview:-1"},"canonical":"https:\/\/couven-museum.de\/impressum\/","og_locale":"fr_FR","og_type":"article","og_title":"Mentions l\u00e9gales - Couven Museum","og_description":"Mentions l\u00e9gales Mentions l\u00e9gales Ville d\u2019Aix-la-ChapelleLe Bourgmestre Couven MuseumH\u00fchnermarkt 1752062 AachenAllemagneT\u00e9l. : +49 241 432-44 21Fax : +49 241 37075E-mail : info@couven-museum.de Num\u00e9ro d\u2019identification TVA :DE 121 68 98 15 [&hellip;]","og_url":"https:\/\/couven-museum.de\/impressum\/","og_site_name":"Couven Museum","article_modified_time":"2026-03-30T17:21:05+00:00","og_image":[{"width":1920,"height":410,"url":"https:\/\/couven-museum.de\/wp-content\/uploads\/2019\/10\/header-couven-mueseum-apotheke.jpg","type":"image\/jpeg"}],"twitter_card":"summary_large_image","twitter_misc":{"Dur\u00e9e de lecture estim\u00e9e":"2 minutes"},"schema":{"@context":"https:\/\/schema.org","@graph":[{"@type":"WebPage","@id":"https:\/\/couven-museum.de\/impressum\/","url":"https:\/\/couven-museum.de\/impressum\/","name":"Mentions l\u00e9gales - Couven Museum","isPartOf":{"@id":"https:\/\/couven-museum.de\/#website"},"primaryImageOfPage":{"@id":"https:\/\/couven-museum.de\/impressum\/#primaryimage"},"image":{"@id":"https:\/\/couven-museum.de\/impressum\/#primaryimage"},"thumbnailUrl":"https:\/\/couven-museum.de\/wp-content\/uploads\/2019\/10\/header-couven-mueseum-apotheke.jpg","datePublished":"2019-09-05T14:45:10+00:00","dateModified":"2026-03-30T17:21:05+00:00","breadcrumb":{"@id":"https:\/\/couven-museum.de\/impressum\/#breadcrumb"},"inLanguage":"fr-FR","potentialAction":[{"@type":"ReadAction","target":["https:\/\/couven-museum.de\/impressum\/"]}]},{"@type":"ImageObject","inLanguage":"fr-FR","@id":"https:\/\/couven-museum.de\/impressum\/#primaryimage","url":"https:\/\/couven-museum.de\/wp-content\/uploads\/2019\/10\/header-couven-mueseum-apotheke.jpg","contentUrl":"https:\/\/couven-museum.de\/wp-content\/uploads\/2019\/10\/header-couven-mueseum-apotheke.jpg","width":1920,"height":410},{"@type":"BreadcrumbList","@id":"https:\/\/couven-museum.de\/impressum\/#breadcrumb","itemListElement":[{"@type":"ListItem","position":1,"name":"Startseite","item":"https:\/\/couven-museum.de\/fr\/"},{"@type":"ListItem","position":2,"name":"Mentions l\u00e9gales"}]},{"@type":"WebSite","@id":"https:\/\/couven-museum.de\/#website","url":"https:\/\/couven-museum.de\/","name":"Couven Museum","description":"Couven-Museum Aachen","potentialAction":[{"@type":"SearchAction","target":{"@type":"EntryPoint","urlTemplate":"https:\/\/couven-museum.de\/?s={search_term_string}"},"query-input":{"@type":"PropertyValueSpecification","valueRequired":true,"valueName":"search_term_string"}}],"inLanguage":"fr-FR"}]}},"_links":{"self":[{"href":"https:\/\/couven-museum.de\/fr\/wp-json\/wp\/v2\/pages\/12104","targetHints":{"allow":["GET"]}}],"collection":[{"href":"https:\/\/couven-museum.de\/fr\/wp-json\/wp\/v2\/pages"}],"about":[{"href":"https:\/\/couven-museum.de\/fr\/wp-json\/wp\/v2\/types\/page"}],"author":[{"embeddable":true,"href":"https:\/\/couven-museum.de\/fr\/wp-json\/wp\/v2\/users\/45"}],"replies":[{"embeddable":true,"href":"https:\/\/couven-museum.de\/fr\/wp-json\/wp\/v2\/comments?post=12104"}],"version-history":[{"count":1,"href":"https:\/\/couven-museum.de\/fr\/wp-json\/wp\/v2\/pages\/12104\/revisions"}],"predecessor-version":[{"id":12105,"href":"https:\/\/couven-museum.de\/fr\/wp-json\/wp\/v2\/pages\/12104\/revisions\/12105"}],"wp:featuredmedia":[{"embeddable":true,"href":"https:\/\/couven-museum.de\/fr\/wp-json\/wp\/v2\/media\/11889"}],"wp:attachment":[{"href":"https:\/\/couven-museum.de\/fr\/wp-json\/wp\/v2\/media?parent=12104"}],"wp:term":[{"taxonomy":"category","embeddable":true,"href":"https:\/\/couven-museum.de\/fr\/wp-json\/wp\/v2\/categories?post=12104"},{"taxonomy":"post_tag","embeddable":true,"href":"https:\/\/couven-museum.de\/fr\/wp-json\/wp\/v2\/tags?post=12104"}],"curies":[{"name":"wp","href":"https:\/\/api.w.org\/{rel}","templated":true}]}}