{"id":1499,"date":"2012-05-03T00:18:31","date_gmt":"2012-05-02T22:18:31","guid":{"rendered":"http:\/\/couven-museum.de\/?page_id=1499"},"modified":"2019-09-05T15:44:18","modified_gmt":"2019-09-05T13:44:18","slug":"visite","status":"publish","type":"page","link":"https:\/\/couven-museum.de\/fr\/_old\/visite\/","title":{"rendered":"Visite"},"content":{"rendered":"<p><strong>Vous acc\u00e9dez au mus\u00e9e Couven \u00e0 pied en passant par la zone pi\u00e9tonne, et d\u00e9couvrez \u00e0 l\u2019occasion de nombreuses attractions touristiques.<\/strong><\/p>\n<p><strong>Stations de bus \u00e0 proximit\u00e9:<\/strong><br \/>\nElisenbrunnen, point de d\u00e9part de la grande majorit\u00e9 des lignes<br \/>\nVous pouvez consulter les horaires actualis\u00e9s des bus dans le <a class=\"liexternal\" href=\"http:\/\/aseag.de\/fahrplan\/Fahrplanauskunft\/index.html\" target=\"_blank\" rel=\"noopener noreferrer\">Plan d&#8217;horraire de l&#8217;ASEAG<\/a>.<\/p>\n<p><strong>Parkings couverts \u00e0 proximit\u00e9 :<\/strong><br \/>\nParking de la cath\u00e9drale, de l\u2019h\u00f4tel de ville, Mostardstra\u00dfe, au B\u00fcchel.<br \/>\nUn aper\u00e7u des possibilit\u00e9s de stationnement se trouve sur<a title=\"Parken in Aachen\" href=\"http:\/\/www.aachen.de\/DE\/tourismus_stadtinfo\/50_anreise_verkehr\/50_80\/\" target=\"_blank\" rel=\"noopener noreferrer\">\u00a0www.aachen.de.<\/a><\/p>\n","protected":false},"excerpt":{"rendered":"<p>\u00c0 quelques pas du Markt et de l\u2019h\u00f4tel de ville historique<\/p>\n","protected":false},"author":1,"featured_media":0,"parent":5707,"menu_order":70,"comment_status":"closed","ping_status":"closed","template":"","meta":{"_acf_changed":false,"inline_featured_image":false,"_lmt_disableupdate":"","_lmt_disable":"","footnotes":""},"categories":[],"tags":[],"class_list":["post-1499","page","type-page","status-publish","hentry"],"acf":[],"yoast_head":"<!-- This site is optimized with the Yoast SEO plugin v27.5 - https:\/\/yoast.com\/product\/yoast-seo-wordpress\/ -->\n<title>Visite - Couven Museum<\/title>\n<meta name=\"robots\" content=\"index, follow, max-snippet:-1, max-image-preview:large, max-video-preview:-1\" \/>\n<link rel=\"canonical\" href=\"https:\/\/couven-museum.de\/_old\/besuch\/\" \/>\n<meta property=\"og:locale\" content=\"fr_FR\" \/>\n<meta property=\"og:type\" content=\"article\" \/>\n<meta property=\"og:title\" content=\"Visite - Couven Museum\" \/>\n<meta property=\"og:description\" content=\"\u00c0 quelques pas du Markt et de l\u2019h\u00f4tel de ville historique\" \/>\n<meta property=\"og:url\" content=\"https:\/\/couven-museum.de\/_old\/besuch\/\" \/>\n<meta property=\"og:site_name\" content=\"Couven Museum\" \/>\n<meta property=\"article:modified_time\" content=\"2019-09-05T13:44:18+00:00\" \/>\n<meta name=\"twitter:card\" content=\"summary_large_image\" \/>\n<script type=\"application\/ld+json\" class=\"yoast-schema-graph\">{\"@context\":\"https:\\\/\\\/schema.org\",\"@graph\":[{\"@type\":\"WebPage\",\"@id\":\"https:\\\/\\\/couven-museum.de\\\/_old\\\/besuch\\\/\",\"url\":\"https:\\\/\\\/couven-museum.de\\\/_old\\\/besuch\\\/\",\"name\":\"Visite - Couven Museum\",\"isPartOf\":{\"@id\":\"https:\\\/\\\/couven-museum.de\\\/#website\"},\"datePublished\":\"2012-05-02T22:18:31+00:00\",\"dateModified\":\"2019-09-05T13:44:18+00:00\",\"breadcrumb\":{\"@id\":\"https:\\\/\\\/couven-museum.de\\\/_old\\\/besuch\\\/#breadcrumb\"},\"inLanguage\":\"fr-FR\",\"potentialAction\":[{\"@type\":\"ReadAction\",\"target\":[\"https:\\\/\\\/couven-museum.de\\\/_old\\\/besuch\\\/\"]}]},{\"@type\":\"BreadcrumbList\",\"@id\":\"https:\\\/\\\/couven-museum.de\\\/_old\\\/besuch\\\/#breadcrumb\",\"itemListElement\":[{\"@type\":\"ListItem\",\"position\":1,\"name\":\"Startseite\",\"item\":\"https:\\\/\\\/couven-museum.de\\\/fr\\\/\"},{\"@type\":\"ListItem\",\"position\":2,\"name\":\"_old\",\"item\":\"https:\\\/\\\/couven-museum.de\\\/_old\\\/\"},{\"@type\":\"ListItem\",\"position\":3,\"name\":\"Visite\"}]},{\"@type\":\"WebSite\",\"@id\":\"https:\\\/\\\/couven-museum.de\\\/#website\",\"url\":\"https:\\\/\\\/couven-museum.de\\\/\",\"name\":\"Couven Museum\",\"description\":\"Couven-Museum Aachen\",\"potentialAction\":[{\"@type\":\"SearchAction\",\"target\":{\"@type\":\"EntryPoint\",\"urlTemplate\":\"https:\\\/\\\/couven-museum.de\\\/?s={search_term_string}\"},\"query-input\":{\"@type\":\"PropertyValueSpecification\",\"valueRequired\":true,\"valueName\":\"search_term_string\"}}],\"inLanguage\":\"fr-FR\"}]}<\/script>\n<!-- \/ Yoast SEO plugin. -->","yoast_head_json":{"title":"Visite - Couven Museum","robots":{"index":"index","follow":"follow","max-snippet":"max-snippet:-1","max-image-preview":"max-image-preview:large","max-video-preview":"max-video-preview:-1"},"canonical":"https:\/\/couven-museum.de\/_old\/besuch\/","og_locale":"fr_FR","og_type":"article","og_title":"Visite - Couven Museum","og_description":"\u00c0 quelques pas du Markt et de l\u2019h\u00f4tel de ville historique","og_url":"https:\/\/couven-museum.de\/_old\/besuch\/","og_site_name":"Couven Museum","article_modified_time":"2019-09-05T13:44:18+00:00","twitter_card":"summary_large_image","schema":{"@context":"https:\/\/schema.org","@graph":[{"@type":"WebPage","@id":"https:\/\/couven-museum.de\/_old\/besuch\/","url":"https:\/\/couven-museum.de\/_old\/besuch\/","name":"Visite - Couven Museum","isPartOf":{"@id":"https:\/\/couven-museum.de\/#website"},"datePublished":"2012-05-02T22:18:31+00:00","dateModified":"2019-09-05T13:44:18+00:00","breadcrumb":{"@id":"https:\/\/couven-museum.de\/_old\/besuch\/#breadcrumb"},"inLanguage":"fr-FR","potentialAction":[{"@type":"ReadAction","target":["https:\/\/couven-museum.de\/_old\/besuch\/"]}]},{"@type":"BreadcrumbList","@id":"https:\/\/couven-museum.de\/_old\/besuch\/#breadcrumb","itemListElement":[{"@type":"ListItem","position":1,"name":"Startseite","item":"https:\/\/couven-museum.de\/fr\/"},{"@type":"ListItem","position":2,"name":"_old","item":"https:\/\/couven-museum.de\/_old\/"},{"@type":"ListItem","position":3,"name":"Visite"}]},{"@type":"WebSite","@id":"https:\/\/couven-museum.de\/#website","url":"https:\/\/couven-museum.de\/","name":"Couven Museum","description":"Couven-Museum Aachen","potentialAction":[{"@type":"SearchAction","target":{"@type":"EntryPoint","urlTemplate":"https:\/\/couven-museum.de\/?s={search_term_string}"},"query-input":{"@type":"PropertyValueSpecification","valueRequired":true,"valueName":"search_term_string"}}],"inLanguage":"fr-FR"}]}},"_links":{"self":[{"href":"https:\/\/couven-museum.de\/fr\/wp-json\/wp\/v2\/pages\/1499","targetHints":{"allow":["GET"]}}],"collection":[{"href":"https:\/\/couven-museum.de\/fr\/wp-json\/wp\/v2\/pages"}],"about":[{"href":"https:\/\/couven-museum.de\/fr\/wp-json\/wp\/v2\/types\/page"}],"author":[{"embeddable":true,"href":"https:\/\/couven-museum.de\/fr\/wp-json\/wp\/v2\/users\/1"}],"replies":[{"embeddable":true,"href":"https:\/\/couven-museum.de\/fr\/wp-json\/wp\/v2\/comments?post=1499"}],"version-history":[{"count":0,"href":"https:\/\/couven-museum.de\/fr\/wp-json\/wp\/v2\/pages\/1499\/revisions"}],"up":[{"embeddable":true,"href":"https:\/\/couven-museum.de\/fr\/wp-json\/wp\/v2\/pages\/5707"}],"wp:attachment":[{"href":"https:\/\/couven-museum.de\/fr\/wp-json\/wp\/v2\/media?parent=1499"}],"wp:term":[{"taxonomy":"category","embeddable":true,"href":"https:\/\/couven-museum.de\/fr\/wp-json\/wp\/v2\/categories?post=1499"},{"taxonomy":"post_tag","embeddable":true,"href":"https:\/\/couven-museum.de\/fr\/wp-json\/wp\/v2\/tags?post=1499"}],"curies":[{"name":"wp","href":"https:\/\/api.w.org\/{rel}","templated":true}]}}