{"id":1501,"date":"2019-09-05T16:45:10","date_gmt":"2019-09-05T14:45:10","guid":{"rendered":"http:\/\/couven-museum.de\/?page_id=1501"},"modified":"2019-09-05T15:44:19","modified_gmt":"2019-09-05T13:44:19","slug":"informations-pour-les-visiteurs","status":"publish","type":"page","link":"https:\/\/couven-museum.de\/fr\/_old\/informations-pour-les-visiteurs\/","title":{"rendered":"Informations pour les visiteurs"},"content":{"rendered":"<p>Vous trouverez ici des informations d\u00e9taill\u00e9es sur les horaires, les tarifs d\u2019entr\u00e9e et les visites guid\u00e9es.<\/p>\n<p><strong>Horaires\u2028<\/strong><br \/>\nMa \u2013 Di 10 \u2013 17h<\/p>\n<p>Ferm\u00e9 les 24.12. \/ 25.12. \/ 31.12. \/ carnaval<\/p>\n<hr \/>\n<p><strong>Tarif d\u2019entr\u00e9e<br \/>\n<\/strong>Billet d\u2019entr\u00e9e \u00e0 l\u2019exposition permanente : 6 euros \/ r\u00e9duit 3 euros<br \/>\nLors d\u2019expositions temporaires exceptionnelles, le co\u00fbt du billet d\u2019entr\u00e9e peut s\u2019\u00e9lever jusqu\u2019\u00e0 maximum 15 euros.<br \/>\n<strong>Entr\u00e9e gratuite pour les moins de 22 ans<\/strong><\/p>\n<p>Groupe \u00e0 partir de 8 personnes 3 euros, tarif r\u00e9duit 2 euros<br \/>\nBillet combin\u00e9 Route Charlemagne ( valable pendant 72 heures) 10 euros, tarif r\u00e9duit 6 euros<br \/>\nBillet combin\u00e9 de famille 20 euros<br \/>\nBillet combin\u00e9 de groupe 6 euros, tarif r\u00e9duit 4 euros<br \/>\nVous trouverez ici toutes les informations sur les r\u00e9ductions et la gratuit\u00e9 des entr\u00e9es<br \/>\n<a href=\"http:\/\/www.aachen.de\/DE\/kultur_freizeit\/kultur\/museen_sammlungen\/museen.html\">Offre de services des mus\u00e9es de la ville<\/a><\/p>\n<p><strong>Nouveau!<\/strong><br \/>\nD\u00e8s maintenant, la Museumscard \u201eSix for Six&#8221; (entr\u00e9e dans cinq mus\u00e9es et l\u2019h\u00f4tel de ville \/ durant six mois) est disponible pour 14\/10 euros dans tous les mus\u00e9es d\u2019Aix-la-Chapelle. Elle peut \u00e9galement \u00eatre command\u00e9e par t\u00e9l\u00e9phone au +49 241 432-4922, -4923 ou -4925, ainsi que par e-mail : <a href=\"mailto:kulturservice@mail.aachen.de\">kulturservice@mail.aachen.de<\/a><\/p>\n<hr \/>\n<p>Visites individuelles le samedi \u00e0\u00a015 heures<br \/>\nVisites th\u00e9matiques le dimanche \u00e0\u00a011h15<br \/>\nVisite g\u00e9n\u00e9rale des lieux<\/p>\n<p>Les co\u00fbts sont inclus dans le prix du billet d\u2019entr\u00e9e. Les visites sont possibles \u00e0 d\u2019autres dates et horaires sur demande.<\/p>\n<p>Visites de groupe et offres du service p\u00e9dagogique :<br \/>\nfon: +49 (0)241 \/ 432-4998; fax: +49 (0)241 \/ 432-4989<\/p>\n<p>Les visites de groupes pour les scolaires, les participants de congr\u00e8s et conf\u00e9rences \u2028ou les touristes sont \u00e9galement possibles apr\u00e8s la fermeture officielle du mus\u00e9e.<\/p>\n","protected":false},"excerpt":{"rendered":"<p>Informations pour les visiteurs<\/p>\n","protected":false},"author":1,"featured_media":471,"parent":5707,"menu_order":5,"comment_status":"closed","ping_status":"closed","template":"","meta":{"_acf_changed":false,"inline_featured_image":false,"_lmt_disableupdate":"","_lmt_disable":"","footnotes":""},"categories":[],"tags":[],"class_list":["post-1501","page","type-page","status-publish","has-post-thumbnail","hentry"],"acf":[],"yoast_head":"<!-- This site is optimized with the Yoast SEO plugin v27.2 - https:\/\/yoast.com\/product\/yoast-seo-wordpress\/ -->\n<title>Informations pour les visiteurs - Couven Museum<\/title>\n<meta name=\"robots\" content=\"index, follow, max-snippet:-1, max-image-preview:large, max-video-preview:-1\" \/>\n<link rel=\"canonical\" href=\"https:\/\/couven-museum.de\/_old\/besucherinformationen\/\" \/>\n<meta property=\"og:locale\" content=\"fr_FR\" \/>\n<meta property=\"og:type\" content=\"article\" \/>\n<meta property=\"og:title\" content=\"Informations pour les visiteurs - Couven Museum\" \/>\n<meta property=\"og:description\" content=\"Informations pour les visiteurs\" \/>\n<meta property=\"og:url\" content=\"https:\/\/couven-museum.de\/_old\/besucherinformationen\/\" \/>\n<meta property=\"og:site_name\" content=\"Couven Museum\" \/>\n<meta property=\"og:image\" content=\"https:\/\/couven-museum.de\/wp-content\/uploads\/2012\/05\/dashaus2.jpg\" \/>\n\t<meta property=\"og:image:width\" content=\"700\" \/>\n\t<meta property=\"og:image:height\" content=\"375\" \/>\n\t<meta property=\"og:image:type\" content=\"image\/jpeg\" \/>\n<meta name=\"twitter:card\" content=\"summary_large_image\" \/>\n<meta name=\"twitter:label1\" content=\"Dur\u00e9e de lecture estim\u00e9e\" \/>\n\t<meta name=\"twitter:data1\" content=\"1 minute\" \/>\n<script type=\"application\/ld+json\" class=\"yoast-schema-graph\">{\"@context\":\"https:\/\/schema.org\",\"@graph\":[{\"@type\":\"WebPage\",\"@id\":\"https:\/\/couven-museum.de\/_old\/besucherinformationen\/\",\"url\":\"https:\/\/couven-museum.de\/_old\/besucherinformationen\/\",\"name\":\"Informations pour les visiteurs - Couven Museum\",\"isPartOf\":{\"@id\":\"https:\/\/couven-museum.de\/#website\"},\"primaryImageOfPage\":{\"@id\":\"https:\/\/couven-museum.de\/_old\/besucherinformationen\/#primaryimage\"},\"image\":{\"@id\":\"https:\/\/couven-museum.de\/_old\/besucherinformationen\/#primaryimage\"},\"thumbnailUrl\":\"https:\/\/couven-museum.de\/wp-content\/uploads\/2012\/05\/dashaus2.jpg\",\"datePublished\":\"2019-09-05T14:45:10+00:00\",\"breadcrumb\":{\"@id\":\"https:\/\/couven-museum.de\/_old\/besucherinformationen\/#breadcrumb\"},\"inLanguage\":\"fr-FR\",\"potentialAction\":[{\"@type\":\"ReadAction\",\"target\":[\"https:\/\/couven-museum.de\/_old\/besucherinformationen\/\"]}]},{\"@type\":\"ImageObject\",\"inLanguage\":\"fr-FR\",\"@id\":\"https:\/\/couven-museum.de\/_old\/besucherinformationen\/#primaryimage\",\"url\":\"https:\/\/couven-museum.de\/wp-content\/uploads\/2012\/05\/dashaus2.jpg\",\"contentUrl\":\"https:\/\/couven-museum.de\/wp-content\/uploads\/2012\/05\/dashaus2.jpg\",\"width\":700,\"height\":375},{\"@type\":\"BreadcrumbList\",\"@id\":\"https:\/\/couven-museum.de\/_old\/besucherinformationen\/#breadcrumb\",\"itemListElement\":[{\"@type\":\"ListItem\",\"position\":1,\"name\":\"Startseite\",\"item\":\"https:\/\/couven-museum.de\/fr\/\"},{\"@type\":\"ListItem\",\"position\":2,\"name\":\"_old\",\"item\":\"https:\/\/couven-museum.de\/_old\/\"},{\"@type\":\"ListItem\",\"position\":3,\"name\":\"Informations pour les visiteurs\"}]},{\"@type\":\"WebSite\",\"@id\":\"https:\/\/couven-museum.de\/#website\",\"url\":\"https:\/\/couven-museum.de\/\",\"name\":\"Couven Museum\",\"description\":\"Couven-Museum Aachen\",\"potentialAction\":[{\"@type\":\"SearchAction\",\"target\":{\"@type\":\"EntryPoint\",\"urlTemplate\":\"https:\/\/couven-museum.de\/?s={search_term_string}\"},\"query-input\":{\"@type\":\"PropertyValueSpecification\",\"valueRequired\":true,\"valueName\":\"search_term_string\"}}],\"inLanguage\":\"fr-FR\"}]}<\/script>\n<!-- \/ Yoast SEO plugin. -->","yoast_head_json":{"title":"Informations pour les visiteurs - Couven Museum","robots":{"index":"index","follow":"follow","max-snippet":"max-snippet:-1","max-image-preview":"max-image-preview:large","max-video-preview":"max-video-preview:-1"},"canonical":"https:\/\/couven-museum.de\/_old\/besucherinformationen\/","og_locale":"fr_FR","og_type":"article","og_title":"Informations pour les visiteurs - Couven Museum","og_description":"Informations pour les visiteurs","og_url":"https:\/\/couven-museum.de\/_old\/besucherinformationen\/","og_site_name":"Couven Museum","og_image":[{"width":700,"height":375,"url":"https:\/\/couven-museum.de\/wp-content\/uploads\/2012\/05\/dashaus2.jpg","type":"image\/jpeg"}],"twitter_card":"summary_large_image","twitter_misc":{"Dur\u00e9e de lecture estim\u00e9e":"1 minute"},"schema":{"@context":"https:\/\/schema.org","@graph":[{"@type":"WebPage","@id":"https:\/\/couven-museum.de\/_old\/besucherinformationen\/","url":"https:\/\/couven-museum.de\/_old\/besucherinformationen\/","name":"Informations pour les visiteurs - Couven Museum","isPartOf":{"@id":"https:\/\/couven-museum.de\/#website"},"primaryImageOfPage":{"@id":"https:\/\/couven-museum.de\/_old\/besucherinformationen\/#primaryimage"},"image":{"@id":"https:\/\/couven-museum.de\/_old\/besucherinformationen\/#primaryimage"},"thumbnailUrl":"https:\/\/couven-museum.de\/wp-content\/uploads\/2012\/05\/dashaus2.jpg","datePublished":"2019-09-05T14:45:10+00:00","breadcrumb":{"@id":"https:\/\/couven-museum.de\/_old\/besucherinformationen\/#breadcrumb"},"inLanguage":"fr-FR","potentialAction":[{"@type":"ReadAction","target":["https:\/\/couven-museum.de\/_old\/besucherinformationen\/"]}]},{"@type":"ImageObject","inLanguage":"fr-FR","@id":"https:\/\/couven-museum.de\/_old\/besucherinformationen\/#primaryimage","url":"https:\/\/couven-museum.de\/wp-content\/uploads\/2012\/05\/dashaus2.jpg","contentUrl":"https:\/\/couven-museum.de\/wp-content\/uploads\/2012\/05\/dashaus2.jpg","width":700,"height":375},{"@type":"BreadcrumbList","@id":"https:\/\/couven-museum.de\/_old\/besucherinformationen\/#breadcrumb","itemListElement":[{"@type":"ListItem","position":1,"name":"Startseite","item":"https:\/\/couven-museum.de\/fr\/"},{"@type":"ListItem","position":2,"name":"_old","item":"https:\/\/couven-museum.de\/_old\/"},{"@type":"ListItem","position":3,"name":"Informations pour les visiteurs"}]},{"@type":"WebSite","@id":"https:\/\/couven-museum.de\/#website","url":"https:\/\/couven-museum.de\/","name":"Couven Museum","description":"Couven-Museum Aachen","potentialAction":[{"@type":"SearchAction","target":{"@type":"EntryPoint","urlTemplate":"https:\/\/couven-museum.de\/?s={search_term_string}"},"query-input":{"@type":"PropertyValueSpecification","valueRequired":true,"valueName":"search_term_string"}}],"inLanguage":"fr-FR"}]}},"_links":{"self":[{"href":"https:\/\/couven-museum.de\/fr\/wp-json\/wp\/v2\/pages\/1501","targetHints":{"allow":["GET"]}}],"collection":[{"href":"https:\/\/couven-museum.de\/fr\/wp-json\/wp\/v2\/pages"}],"about":[{"href":"https:\/\/couven-museum.de\/fr\/wp-json\/wp\/v2\/types\/page"}],"author":[{"embeddable":true,"href":"https:\/\/couven-museum.de\/fr\/wp-json\/wp\/v2\/users\/1"}],"replies":[{"embeddable":true,"href":"https:\/\/couven-museum.de\/fr\/wp-json\/wp\/v2\/comments?post=1501"}],"version-history":[{"count":0,"href":"https:\/\/couven-museum.de\/fr\/wp-json\/wp\/v2\/pages\/1501\/revisions"}],"up":[{"embeddable":true,"href":"https:\/\/couven-museum.de\/fr\/wp-json\/wp\/v2\/pages\/5707"}],"wp:featuredmedia":[{"embeddable":true,"href":"https:\/\/couven-museum.de\/fr\/wp-json\/wp\/v2\/media\/471"}],"wp:attachment":[{"href":"https:\/\/couven-museum.de\/fr\/wp-json\/wp\/v2\/media?parent=1501"}],"wp:term":[{"taxonomy":"category","embeddable":true,"href":"https:\/\/couven-museum.de\/fr\/wp-json\/wp\/v2\/categories?post=1501"},{"taxonomy":"post_tag","embeddable":true,"href":"https:\/\/couven-museum.de\/fr\/wp-json\/wp\/v2\/tags?post=1501"}],"curies":[{"name":"wp","href":"https:\/\/api.w.org\/{rel}","templated":true}]}}