{"id":1503,"date":"2012-05-08T11:34:12","date_gmt":"2012-05-08T09:34:12","guid":{"rendered":"http:\/\/couven-museum.de\/?page_id=1503"},"modified":"2019-09-05T15:44:19","modified_gmt":"2019-09-05T13:44:19","slug":"a-faire-a-eviter","status":"publish","type":"page","link":"https:\/\/couven-museum.de\/fr\/_old\/a-faire-a-eviter\/","title":{"rendered":"\u00c0 faire &#038; \u00e0 \u00e9viter"},"content":{"rendered":"<p>Il est interdit d\u2019emporter des boissons et de manger dans les salles d\u2019exposition.<\/p>\n<p>Comme dans tout autre b\u00e2timent public, il est interdit de fumer dans l\u2019ensemble du mus\u00e9e Couven.<\/p>\n<p>Par respect pour les autres visiteurs, nous vous demandons de ne pas t\u00e9l\u00e9phoner dans les salles d\u2019exposition.<\/p>\n<p>Les chiens et autres animaux (\u00e0 l\u2019exception des chiens d\u2019aveugles) ne sont pas admis dans les salles d\u2019exposition.<\/p>\n<p>En cas de question, merci de vous adresser \u00e0 notre personnel de caisse ou de surveillance. Nous vous souhaitons une visite agr\u00e9able et captivante du mus\u00e9e Couven.<\/p>\n","protected":false},"excerpt":{"rendered":"<p>Pour rendre votre visite du mus\u00e9e Couven aussi agr\u00e9able que possible<\/p>\n","protected":false},"author":1,"featured_media":1111,"parent":5707,"menu_order":43,"comment_status":"closed","ping_status":"closed","template":"","meta":{"_acf_changed":false,"inline_featured_image":false,"_lmt_disableupdate":"","_lmt_disable":"","footnotes":""},"categories":[],"tags":[],"class_list":["post-1503","page","type-page","status-publish","has-post-thumbnail","hentry"],"acf":[],"yoast_head":"<!-- This site is optimized with the Yoast SEO plugin v27.5 - https:\/\/yoast.com\/product\/yoast-seo-wordpress\/ -->\n<title>\u00c0 faire &amp; \u00e0 \u00e9viter - Couven Museum<\/title>\n<meta name=\"robots\" content=\"index, follow, max-snippet:-1, max-image-preview:large, max-video-preview:-1\" \/>\n<link rel=\"canonical\" href=\"https:\/\/couven-museum.de\/_old\/dos-donts\/\" \/>\n<meta property=\"og:locale\" content=\"fr_FR\" \/>\n<meta property=\"og:type\" content=\"article\" \/>\n<meta property=\"og:title\" content=\"\u00c0 faire &amp; \u00e0 \u00e9viter - Couven Museum\" \/>\n<meta property=\"og:description\" content=\"Pour rendre votre visite du mus\u00e9e Couven aussi agr\u00e9able que possible\" \/>\n<meta property=\"og:url\" content=\"https:\/\/couven-museum.de\/_old\/dos-donts\/\" \/>\n<meta property=\"og:site_name\" content=\"Couven Museum\" \/>\n<meta property=\"article:modified_time\" content=\"2019-09-05T13:44:19+00:00\" \/>\n<meta property=\"og:image\" content=\"https:\/\/couven-museum.de\/wp-content\/uploads\/2012\/05\/dos_and_donts.jpg\" \/>\n\t<meta property=\"og:image:width\" content=\"700\" \/>\n\t<meta property=\"og:image:height\" content=\"467\" \/>\n\t<meta property=\"og:image:type\" content=\"image\/jpeg\" \/>\n<meta name=\"twitter:card\" content=\"summary_large_image\" \/>\n<meta name=\"twitter:label1\" content=\"Dur\u00e9e de lecture estim\u00e9e\" \/>\n\t<meta name=\"twitter:data1\" content=\"1 minute\" \/>\n<script type=\"application\/ld+json\" class=\"yoast-schema-graph\">{\"@context\":\"https:\\\/\\\/schema.org\",\"@graph\":[{\"@type\":\"WebPage\",\"@id\":\"https:\\\/\\\/couven-museum.de\\\/_old\\\/dos-donts\\\/\",\"url\":\"https:\\\/\\\/couven-museum.de\\\/_old\\\/dos-donts\\\/\",\"name\":\"\u00c0 faire & \u00e0 \u00e9viter - Couven Museum\",\"isPartOf\":{\"@id\":\"https:\\\/\\\/couven-museum.de\\\/#website\"},\"primaryImageOfPage\":{\"@id\":\"https:\\\/\\\/couven-museum.de\\\/_old\\\/dos-donts\\\/#primaryimage\"},\"image\":{\"@id\":\"https:\\\/\\\/couven-museum.de\\\/_old\\\/dos-donts\\\/#primaryimage\"},\"thumbnailUrl\":\"https:\\\/\\\/couven-museum.de\\\/wp-content\\\/uploads\\\/2012\\\/05\\\/dos_and_donts.jpg\",\"datePublished\":\"2012-05-08T09:34:12+00:00\",\"dateModified\":\"2019-09-05T13:44:19+00:00\",\"breadcrumb\":{\"@id\":\"https:\\\/\\\/couven-museum.de\\\/_old\\\/dos-donts\\\/#breadcrumb\"},\"inLanguage\":\"fr-FR\",\"potentialAction\":[{\"@type\":\"ReadAction\",\"target\":[\"https:\\\/\\\/couven-museum.de\\\/_old\\\/dos-donts\\\/\"]}]},{\"@type\":\"ImageObject\",\"inLanguage\":\"fr-FR\",\"@id\":\"https:\\\/\\\/couven-museum.de\\\/_old\\\/dos-donts\\\/#primaryimage\",\"url\":\"https:\\\/\\\/couven-museum.de\\\/wp-content\\\/uploads\\\/2012\\\/05\\\/dos_and_donts.jpg\",\"contentUrl\":\"https:\\\/\\\/couven-museum.de\\\/wp-content\\\/uploads\\\/2012\\\/05\\\/dos_and_donts.jpg\",\"width\":700,\"height\":467},{\"@type\":\"BreadcrumbList\",\"@id\":\"https:\\\/\\\/couven-museum.de\\\/_old\\\/dos-donts\\\/#breadcrumb\",\"itemListElement\":[{\"@type\":\"ListItem\",\"position\":1,\"name\":\"Startseite\",\"item\":\"https:\\\/\\\/couven-museum.de\\\/fr\\\/\"},{\"@type\":\"ListItem\",\"position\":2,\"name\":\"_old\",\"item\":\"https:\\\/\\\/couven-museum.de\\\/_old\\\/\"},{\"@type\":\"ListItem\",\"position\":3,\"name\":\"\u00c0 faire &#038; \u00e0 \u00e9viter\"}]},{\"@type\":\"WebSite\",\"@id\":\"https:\\\/\\\/couven-museum.de\\\/#website\",\"url\":\"https:\\\/\\\/couven-museum.de\\\/\",\"name\":\"Couven Museum\",\"description\":\"Couven-Museum Aachen\",\"potentialAction\":[{\"@type\":\"SearchAction\",\"target\":{\"@type\":\"EntryPoint\",\"urlTemplate\":\"https:\\\/\\\/couven-museum.de\\\/?s={search_term_string}\"},\"query-input\":{\"@type\":\"PropertyValueSpecification\",\"valueRequired\":true,\"valueName\":\"search_term_string\"}}],\"inLanguage\":\"fr-FR\"}]}<\/script>\n<!-- \/ Yoast SEO plugin. -->","yoast_head_json":{"title":"\u00c0 faire & \u00e0 \u00e9viter - Couven Museum","robots":{"index":"index","follow":"follow","max-snippet":"max-snippet:-1","max-image-preview":"max-image-preview:large","max-video-preview":"max-video-preview:-1"},"canonical":"https:\/\/couven-museum.de\/_old\/dos-donts\/","og_locale":"fr_FR","og_type":"article","og_title":"\u00c0 faire & \u00e0 \u00e9viter - Couven Museum","og_description":"Pour rendre votre visite du mus\u00e9e Couven aussi agr\u00e9able que possible","og_url":"https:\/\/couven-museum.de\/_old\/dos-donts\/","og_site_name":"Couven Museum","article_modified_time":"2019-09-05T13:44:19+00:00","og_image":[{"width":700,"height":467,"url":"https:\/\/couven-museum.de\/wp-content\/uploads\/2012\/05\/dos_and_donts.jpg","type":"image\/jpeg"}],"twitter_card":"summary_large_image","twitter_misc":{"Dur\u00e9e de lecture estim\u00e9e":"1 minute"},"schema":{"@context":"https:\/\/schema.org","@graph":[{"@type":"WebPage","@id":"https:\/\/couven-museum.de\/_old\/dos-donts\/","url":"https:\/\/couven-museum.de\/_old\/dos-donts\/","name":"\u00c0 faire & \u00e0 \u00e9viter - Couven Museum","isPartOf":{"@id":"https:\/\/couven-museum.de\/#website"},"primaryImageOfPage":{"@id":"https:\/\/couven-museum.de\/_old\/dos-donts\/#primaryimage"},"image":{"@id":"https:\/\/couven-museum.de\/_old\/dos-donts\/#primaryimage"},"thumbnailUrl":"https:\/\/couven-museum.de\/wp-content\/uploads\/2012\/05\/dos_and_donts.jpg","datePublished":"2012-05-08T09:34:12+00:00","dateModified":"2019-09-05T13:44:19+00:00","breadcrumb":{"@id":"https:\/\/couven-museum.de\/_old\/dos-donts\/#breadcrumb"},"inLanguage":"fr-FR","potentialAction":[{"@type":"ReadAction","target":["https:\/\/couven-museum.de\/_old\/dos-donts\/"]}]},{"@type":"ImageObject","inLanguage":"fr-FR","@id":"https:\/\/couven-museum.de\/_old\/dos-donts\/#primaryimage","url":"https:\/\/couven-museum.de\/wp-content\/uploads\/2012\/05\/dos_and_donts.jpg","contentUrl":"https:\/\/couven-museum.de\/wp-content\/uploads\/2012\/05\/dos_and_donts.jpg","width":700,"height":467},{"@type":"BreadcrumbList","@id":"https:\/\/couven-museum.de\/_old\/dos-donts\/#breadcrumb","itemListElement":[{"@type":"ListItem","position":1,"name":"Startseite","item":"https:\/\/couven-museum.de\/fr\/"},{"@type":"ListItem","position":2,"name":"_old","item":"https:\/\/couven-museum.de\/_old\/"},{"@type":"ListItem","position":3,"name":"\u00c0 faire &#038; \u00e0 \u00e9viter"}]},{"@type":"WebSite","@id":"https:\/\/couven-museum.de\/#website","url":"https:\/\/couven-museum.de\/","name":"Couven Museum","description":"Couven-Museum Aachen","potentialAction":[{"@type":"SearchAction","target":{"@type":"EntryPoint","urlTemplate":"https:\/\/couven-museum.de\/?s={search_term_string}"},"query-input":{"@type":"PropertyValueSpecification","valueRequired":true,"valueName":"search_term_string"}}],"inLanguage":"fr-FR"}]}},"_links":{"self":[{"href":"https:\/\/couven-museum.de\/fr\/wp-json\/wp\/v2\/pages\/1503","targetHints":{"allow":["GET"]}}],"collection":[{"href":"https:\/\/couven-museum.de\/fr\/wp-json\/wp\/v2\/pages"}],"about":[{"href":"https:\/\/couven-museum.de\/fr\/wp-json\/wp\/v2\/types\/page"}],"author":[{"embeddable":true,"href":"https:\/\/couven-museum.de\/fr\/wp-json\/wp\/v2\/users\/1"}],"replies":[{"embeddable":true,"href":"https:\/\/couven-museum.de\/fr\/wp-json\/wp\/v2\/comments?post=1503"}],"version-history":[{"count":0,"href":"https:\/\/couven-museum.de\/fr\/wp-json\/wp\/v2\/pages\/1503\/revisions"}],"up":[{"embeddable":true,"href":"https:\/\/couven-museum.de\/fr\/wp-json\/wp\/v2\/pages\/5707"}],"wp:featuredmedia":[{"embeddable":true,"href":"https:\/\/couven-museum.de\/fr\/wp-json\/wp\/v2\/media\/1111"}],"wp:attachment":[{"href":"https:\/\/couven-museum.de\/fr\/wp-json\/wp\/v2\/media?parent=1503"}],"wp:term":[{"taxonomy":"category","embeddable":true,"href":"https:\/\/couven-museum.de\/fr\/wp-json\/wp\/v2\/categories?post=1503"},{"taxonomy":"post_tag","embeddable":true,"href":"https:\/\/couven-museum.de\/fr\/wp-json\/wp\/v2\/tags?post=1503"}],"curies":[{"name":"wp","href":"https:\/\/api.w.org\/{rel}","templated":true}]}}