{"id":1509,"date":"2012-05-08T11:34:13","date_gmt":"2012-05-08T09:34:13","guid":{"rendered":"http:\/\/couven-museum.de\/?page_id=1509"},"modified":"2019-09-05T15:44:19","modified_gmt":"2019-09-05T13:44:19","slug":"accessibilite-pour-personnes-handicapees","status":"publish","type":"page","link":"https:\/\/couven-museum.de\/fr\/_old\/accessibilite-pour-personnes-handicapees\/","title":{"rendered":"Accessibilit\u00e9 pour personnes handicap\u00e9es"},"content":{"rendered":"<p>Le mus\u00e9e Couven est log\u00e9 dans une maison ancienne. De ce fait, seules certaines salles du rez-de-chauss\u00e9 sont accessibles aux personnes \u00e0 mobilit\u00e9 r\u00e9duite. Les salles d\u2019exposition aux \u00e9tages sup\u00e9rieurs ne sont pas accessibles.<\/p>\n<p>Nous proposons r\u00e9guli\u00e8rement des visites guid\u00e9es pour personnes aveugles ou malvoyantes. Du personnel sp\u00e9cialement form\u00e9 entreprend des visites du mus\u00e9e pour lesquelles l\u2019accent est mis sur diff\u00e9rentes impressions sensorielles.\u00a0Infos et inscriptions au 0241\/47980-20 ou <a href=\"mailto:renate.szatkowski@mail.aachen.de\">renate.szatkowski@mail.aachen.de<\/a><\/p>\n","protected":false},"excerpt":{"rendered":"<p>Le mus\u00e9e Couven est log\u00e9 dans une maison ancienne. De ce fait, seules certaines salles du rez-de-chauss\u00e9 sont accessibles aux personnes \u00e0 mobilit\u00e9 r\u00e9duite. Les salles d\u2019exposition aux \u00e9tages sup\u00e9rieurs [&hellip;]<\/p>\n","protected":false},"author":1,"featured_media":0,"parent":5707,"menu_order":71,"comment_status":"closed","ping_status":"closed","template":"","meta":{"_acf_changed":false,"inline_featured_image":false,"_lmt_disableupdate":"","_lmt_disable":"","footnotes":""},"categories":[],"tags":[],"class_list":["post-1509","page","type-page","status-publish","hentry"],"acf":[],"yoast_head":"<!-- This site is optimized with the Yoast SEO plugin v27.5 - https:\/\/yoast.com\/product\/yoast-seo-wordpress\/ -->\n<title>Accessibilit\u00e9 pour personnes handicap\u00e9es - Couven Museum<\/title>\n<meta name=\"robots\" content=\"index, follow, max-snippet:-1, max-image-preview:large, max-video-preview:-1\" \/>\n<link rel=\"canonical\" href=\"https:\/\/couven-museum.de\/_old\/barrierefreiheit\/\" \/>\n<meta property=\"og:locale\" content=\"fr_FR\" \/>\n<meta property=\"og:type\" content=\"article\" \/>\n<meta property=\"og:title\" content=\"Accessibilit\u00e9 pour personnes handicap\u00e9es - Couven Museum\" \/>\n<meta property=\"og:description\" content=\"Le mus\u00e9e Couven est log\u00e9 dans une maison ancienne. De ce fait, seules certaines salles du rez-de-chauss\u00e9 sont accessibles aux personnes \u00e0 mobilit\u00e9 r\u00e9duite. Les salles d\u2019exposition aux \u00e9tages sup\u00e9rieurs [&hellip;]\" \/>\n<meta property=\"og:url\" content=\"https:\/\/couven-museum.de\/_old\/barrierefreiheit\/\" \/>\n<meta property=\"og:site_name\" content=\"Couven Museum\" \/>\n<meta property=\"article:modified_time\" content=\"2019-09-05T13:44:19+00:00\" \/>\n<meta name=\"twitter:card\" content=\"summary_large_image\" \/>\n<script type=\"application\/ld+json\" class=\"yoast-schema-graph\">{\"@context\":\"https:\\\/\\\/schema.org\",\"@graph\":[{\"@type\":\"WebPage\",\"@id\":\"https:\\\/\\\/couven-museum.de\\\/_old\\\/barrierefreiheit\\\/\",\"url\":\"https:\\\/\\\/couven-museum.de\\\/_old\\\/barrierefreiheit\\\/\",\"name\":\"Accessibilit\u00e9 pour personnes handicap\u00e9es - Couven Museum\",\"isPartOf\":{\"@id\":\"https:\\\/\\\/couven-museum.de\\\/#website\"},\"datePublished\":\"2012-05-08T09:34:13+00:00\",\"dateModified\":\"2019-09-05T13:44:19+00:00\",\"breadcrumb\":{\"@id\":\"https:\\\/\\\/couven-museum.de\\\/_old\\\/barrierefreiheit\\\/#breadcrumb\"},\"inLanguage\":\"fr-FR\",\"potentialAction\":[{\"@type\":\"ReadAction\",\"target\":[\"https:\\\/\\\/couven-museum.de\\\/_old\\\/barrierefreiheit\\\/\"]}]},{\"@type\":\"BreadcrumbList\",\"@id\":\"https:\\\/\\\/couven-museum.de\\\/_old\\\/barrierefreiheit\\\/#breadcrumb\",\"itemListElement\":[{\"@type\":\"ListItem\",\"position\":1,\"name\":\"Startseite\",\"item\":\"https:\\\/\\\/couven-museum.de\\\/fr\\\/\"},{\"@type\":\"ListItem\",\"position\":2,\"name\":\"_old\",\"item\":\"https:\\\/\\\/couven-museum.de\\\/_old\\\/\"},{\"@type\":\"ListItem\",\"position\":3,\"name\":\"Accessibilit\u00e9 pour personnes handicap\u00e9es\"}]},{\"@type\":\"WebSite\",\"@id\":\"https:\\\/\\\/couven-museum.de\\\/#website\",\"url\":\"https:\\\/\\\/couven-museum.de\\\/\",\"name\":\"Couven Museum\",\"description\":\"Couven-Museum Aachen\",\"potentialAction\":[{\"@type\":\"SearchAction\",\"target\":{\"@type\":\"EntryPoint\",\"urlTemplate\":\"https:\\\/\\\/couven-museum.de\\\/?s={search_term_string}\"},\"query-input\":{\"@type\":\"PropertyValueSpecification\",\"valueRequired\":true,\"valueName\":\"search_term_string\"}}],\"inLanguage\":\"fr-FR\"}]}<\/script>\n<!-- \/ Yoast SEO plugin. -->","yoast_head_json":{"title":"Accessibilit\u00e9 pour personnes handicap\u00e9es - Couven Museum","robots":{"index":"index","follow":"follow","max-snippet":"max-snippet:-1","max-image-preview":"max-image-preview:large","max-video-preview":"max-video-preview:-1"},"canonical":"https:\/\/couven-museum.de\/_old\/barrierefreiheit\/","og_locale":"fr_FR","og_type":"article","og_title":"Accessibilit\u00e9 pour personnes handicap\u00e9es - Couven Museum","og_description":"Le mus\u00e9e Couven est log\u00e9 dans une maison ancienne. De ce fait, seules certaines salles du rez-de-chauss\u00e9 sont accessibles aux personnes \u00e0 mobilit\u00e9 r\u00e9duite. Les salles d\u2019exposition aux \u00e9tages sup\u00e9rieurs [&hellip;]","og_url":"https:\/\/couven-museum.de\/_old\/barrierefreiheit\/","og_site_name":"Couven Museum","article_modified_time":"2019-09-05T13:44:19+00:00","twitter_card":"summary_large_image","schema":{"@context":"https:\/\/schema.org","@graph":[{"@type":"WebPage","@id":"https:\/\/couven-museum.de\/_old\/barrierefreiheit\/","url":"https:\/\/couven-museum.de\/_old\/barrierefreiheit\/","name":"Accessibilit\u00e9 pour personnes handicap\u00e9es - Couven Museum","isPartOf":{"@id":"https:\/\/couven-museum.de\/#website"},"datePublished":"2012-05-08T09:34:13+00:00","dateModified":"2019-09-05T13:44:19+00:00","breadcrumb":{"@id":"https:\/\/couven-museum.de\/_old\/barrierefreiheit\/#breadcrumb"},"inLanguage":"fr-FR","potentialAction":[{"@type":"ReadAction","target":["https:\/\/couven-museum.de\/_old\/barrierefreiheit\/"]}]},{"@type":"BreadcrumbList","@id":"https:\/\/couven-museum.de\/_old\/barrierefreiheit\/#breadcrumb","itemListElement":[{"@type":"ListItem","position":1,"name":"Startseite","item":"https:\/\/couven-museum.de\/fr\/"},{"@type":"ListItem","position":2,"name":"_old","item":"https:\/\/couven-museum.de\/_old\/"},{"@type":"ListItem","position":3,"name":"Accessibilit\u00e9 pour personnes handicap\u00e9es"}]},{"@type":"WebSite","@id":"https:\/\/couven-museum.de\/#website","url":"https:\/\/couven-museum.de\/","name":"Couven Museum","description":"Couven-Museum Aachen","potentialAction":[{"@type":"SearchAction","target":{"@type":"EntryPoint","urlTemplate":"https:\/\/couven-museum.de\/?s={search_term_string}"},"query-input":{"@type":"PropertyValueSpecification","valueRequired":true,"valueName":"search_term_string"}}],"inLanguage":"fr-FR"}]}},"_links":{"self":[{"href":"https:\/\/couven-museum.de\/fr\/wp-json\/wp\/v2\/pages\/1509","targetHints":{"allow":["GET"]}}],"collection":[{"href":"https:\/\/couven-museum.de\/fr\/wp-json\/wp\/v2\/pages"}],"about":[{"href":"https:\/\/couven-museum.de\/fr\/wp-json\/wp\/v2\/types\/page"}],"author":[{"embeddable":true,"href":"https:\/\/couven-museum.de\/fr\/wp-json\/wp\/v2\/users\/1"}],"replies":[{"embeddable":true,"href":"https:\/\/couven-museum.de\/fr\/wp-json\/wp\/v2\/comments?post=1509"}],"version-history":[{"count":0,"href":"https:\/\/couven-museum.de\/fr\/wp-json\/wp\/v2\/pages\/1509\/revisions"}],"up":[{"embeddable":true,"href":"https:\/\/couven-museum.de\/fr\/wp-json\/wp\/v2\/pages\/5707"}],"wp:attachment":[{"href":"https:\/\/couven-museum.de\/fr\/wp-json\/wp\/v2\/media?parent=1509"}],"wp:term":[{"taxonomy":"category","embeddable":true,"href":"https:\/\/couven-museum.de\/fr\/wp-json\/wp\/v2\/categories?post=1509"},{"taxonomy":"post_tag","embeddable":true,"href":"https:\/\/couven-museum.de\/fr\/wp-json\/wp\/v2\/tags?post=1509"}],"curies":[{"name":"wp","href":"https:\/\/api.w.org\/{rel}","templated":true}]}}