{"id":1546,"date":"2012-05-03T13:24:02","date_gmt":"2012-05-03T11:24:02","guid":{"rendered":"http:\/\/couven-museum.de\/?page_id=1546"},"modified":"2019-09-05T15:44:19","modified_gmt":"2019-09-05T13:44:19","slug":"la-cuisine","status":"publish","type":"page","link":"https:\/\/couven-museum.de\/fr\/_old\/la-cuisine\/","title":{"rendered":"La cuisine"},"content":{"rendered":"<p>[nggallery id=15]<\/p>\n<p>La \u00ab machine de cuisson \u00bb en fonte en forme de tr\u00e8fle, provenant de la fonderie Quint pr\u00e8s de Tr\u00e8ves, dispose de trois trous de cuisson et d\u2019un four continu. La hotte est garnie de carreaux hollandais repr\u00e9sentant des motifs de jeux d\u2019enfants. Les instruments de cuisson et la vaisselle en \u00e9tain, laiton, cuivre et c\u00e9ramique ainsi qu\u2019un torr\u00e9facteur en fonte compl\u00e8tent l\u2019\u00e9quipement de la cuisine.<\/p>\n<p>La porcelaine de Thuringe, d\u00e9cor\u00e9e de motifs floraux, et l\u2019imposant moulin \u00e0 caf\u00e9 provenant de la r\u00e9gion d\u2019Aix et Li\u00e8ge sont conserv\u00e9s dans une armoire vitrine en ch\u00eane de l\u2019Eifel. Le torr\u00e9facteur, le tr\u00e8s beau moulin \u00e0 caf\u00e9 et la vaisselle de porcelaine rappellent le fait que les boissons de luxe de l\u2019\u00e9poque, le caf\u00e9, le th\u00e9 et le chocolat, \u00e9taient dans un premier temps r\u00e9serv\u00e9es \u00e0 la cour. Elles firent ensuite leur entr\u00e9e dans le quotidien de la bourgeoisie au XVIIIe si\u00e8cle. Les dorures, gravures et d\u00e9corations des ustensiles de cuisine ne sauraient amoindrir la duret\u00e9 du travail en cuisine. La pompe appos\u00e9e au bac en pierre bleue, la cuisini\u00e8re au charbon, mais aussi les lourds appareils de repassage en fer d\u00e9montrent que le travail de maison constituait aux XVIIIe et XIXe si\u00e8cles un labeur des plus \u00e9prouvants.<\/p>\n<p>&nbsp;<\/p>\n","protected":false},"excerpt":{"rendered":"<p>La vie quotidienne vers 1850<\/p>\n","protected":false},"author":1,"featured_media":0,"parent":5707,"menu_order":54,"comment_status":"closed","ping_status":"closed","template":"","meta":{"_acf_changed":false,"inline_featured_image":false,"_lmt_disableupdate":"","_lmt_disable":"","footnotes":""},"categories":[],"tags":[],"class_list":["post-1546","page","type-page","status-publish","hentry"],"acf":[],"yoast_head":"<!-- This site is optimized with the Yoast SEO plugin v27.2 - https:\/\/yoast.com\/product\/yoast-seo-wordpress\/ -->\n<title>La cuisine - Couven Museum<\/title>\n<meta name=\"robots\" content=\"index, follow, max-snippet:-1, max-image-preview:large, max-video-preview:-1\" \/>\n<link rel=\"canonical\" href=\"https:\/\/couven-museum.de\/_old\/kuche\/\" \/>\n<meta property=\"og:locale\" content=\"fr_FR\" \/>\n<meta property=\"og:type\" content=\"article\" \/>\n<meta property=\"og:title\" content=\"La cuisine - Couven Museum\" \/>\n<meta property=\"og:description\" content=\"La vie quotidienne vers 1850\" \/>\n<meta property=\"og:url\" content=\"https:\/\/couven-museum.de\/_old\/kuche\/\" \/>\n<meta property=\"og:site_name\" content=\"Couven Museum\" \/>\n<meta property=\"article:modified_time\" content=\"2019-09-05T13:44:19+00:00\" \/>\n<meta name=\"twitter:card\" content=\"summary_large_image\" \/>\n<meta name=\"twitter:label1\" content=\"Dur\u00e9e de lecture estim\u00e9e\" \/>\n\t<meta name=\"twitter:data1\" content=\"1 minute\" \/>\n<script type=\"application\/ld+json\" class=\"yoast-schema-graph\">{\"@context\":\"https:\/\/schema.org\",\"@graph\":[{\"@type\":\"WebPage\",\"@id\":\"https:\/\/couven-museum.de\/_old\/kuche\/\",\"url\":\"https:\/\/couven-museum.de\/_old\/kuche\/\",\"name\":\"La cuisine - Couven Museum\",\"isPartOf\":{\"@id\":\"https:\/\/couven-museum.de\/#website\"},\"datePublished\":\"2012-05-03T11:24:02+00:00\",\"dateModified\":\"2019-09-05T13:44:19+00:00\",\"breadcrumb\":{\"@id\":\"https:\/\/couven-museum.de\/_old\/kuche\/#breadcrumb\"},\"inLanguage\":\"fr-FR\",\"potentialAction\":[{\"@type\":\"ReadAction\",\"target\":[\"https:\/\/couven-museum.de\/_old\/kuche\/\"]}]},{\"@type\":\"BreadcrumbList\",\"@id\":\"https:\/\/couven-museum.de\/_old\/kuche\/#breadcrumb\",\"itemListElement\":[{\"@type\":\"ListItem\",\"position\":1,\"name\":\"Startseite\",\"item\":\"https:\/\/couven-museum.de\/fr\/\"},{\"@type\":\"ListItem\",\"position\":2,\"name\":\"_old\",\"item\":\"https:\/\/couven-museum.de\/_old\/\"},{\"@type\":\"ListItem\",\"position\":3,\"name\":\"La cuisine\"}]},{\"@type\":\"WebSite\",\"@id\":\"https:\/\/couven-museum.de\/#website\",\"url\":\"https:\/\/couven-museum.de\/\",\"name\":\"Couven Museum\",\"description\":\"Couven-Museum Aachen\",\"potentialAction\":[{\"@type\":\"SearchAction\",\"target\":{\"@type\":\"EntryPoint\",\"urlTemplate\":\"https:\/\/couven-museum.de\/?s={search_term_string}\"},\"query-input\":{\"@type\":\"PropertyValueSpecification\",\"valueRequired\":true,\"valueName\":\"search_term_string\"}}],\"inLanguage\":\"fr-FR\"}]}<\/script>\n<!-- \/ Yoast SEO plugin. -->","yoast_head_json":{"title":"La cuisine - Couven Museum","robots":{"index":"index","follow":"follow","max-snippet":"max-snippet:-1","max-image-preview":"max-image-preview:large","max-video-preview":"max-video-preview:-1"},"canonical":"https:\/\/couven-museum.de\/_old\/kuche\/","og_locale":"fr_FR","og_type":"article","og_title":"La cuisine - Couven Museum","og_description":"La vie quotidienne vers 1850","og_url":"https:\/\/couven-museum.de\/_old\/kuche\/","og_site_name":"Couven Museum","article_modified_time":"2019-09-05T13:44:19+00:00","twitter_card":"summary_large_image","twitter_misc":{"Dur\u00e9e de lecture estim\u00e9e":"1 minute"},"schema":{"@context":"https:\/\/schema.org","@graph":[{"@type":"WebPage","@id":"https:\/\/couven-museum.de\/_old\/kuche\/","url":"https:\/\/couven-museum.de\/_old\/kuche\/","name":"La cuisine - Couven Museum","isPartOf":{"@id":"https:\/\/couven-museum.de\/#website"},"datePublished":"2012-05-03T11:24:02+00:00","dateModified":"2019-09-05T13:44:19+00:00","breadcrumb":{"@id":"https:\/\/couven-museum.de\/_old\/kuche\/#breadcrumb"},"inLanguage":"fr-FR","potentialAction":[{"@type":"ReadAction","target":["https:\/\/couven-museum.de\/_old\/kuche\/"]}]},{"@type":"BreadcrumbList","@id":"https:\/\/couven-museum.de\/_old\/kuche\/#breadcrumb","itemListElement":[{"@type":"ListItem","position":1,"name":"Startseite","item":"https:\/\/couven-museum.de\/fr\/"},{"@type":"ListItem","position":2,"name":"_old","item":"https:\/\/couven-museum.de\/_old\/"},{"@type":"ListItem","position":3,"name":"La cuisine"}]},{"@type":"WebSite","@id":"https:\/\/couven-museum.de\/#website","url":"https:\/\/couven-museum.de\/","name":"Couven Museum","description":"Couven-Museum Aachen","potentialAction":[{"@type":"SearchAction","target":{"@type":"EntryPoint","urlTemplate":"https:\/\/couven-museum.de\/?s={search_term_string}"},"query-input":{"@type":"PropertyValueSpecification","valueRequired":true,"valueName":"search_term_string"}}],"inLanguage":"fr-FR"}]}},"_links":{"self":[{"href":"https:\/\/couven-museum.de\/fr\/wp-json\/wp\/v2\/pages\/1546","targetHints":{"allow":["GET"]}}],"collection":[{"href":"https:\/\/couven-museum.de\/fr\/wp-json\/wp\/v2\/pages"}],"about":[{"href":"https:\/\/couven-museum.de\/fr\/wp-json\/wp\/v2\/types\/page"}],"author":[{"embeddable":true,"href":"https:\/\/couven-museum.de\/fr\/wp-json\/wp\/v2\/users\/1"}],"replies":[{"embeddable":true,"href":"https:\/\/couven-museum.de\/fr\/wp-json\/wp\/v2\/comments?post=1546"}],"version-history":[{"count":0,"href":"https:\/\/couven-museum.de\/fr\/wp-json\/wp\/v2\/pages\/1546\/revisions"}],"up":[{"embeddable":true,"href":"https:\/\/couven-museum.de\/fr\/wp-json\/wp\/v2\/pages\/5707"}],"wp:attachment":[{"href":"https:\/\/couven-museum.de\/fr\/wp-json\/wp\/v2\/media?parent=1546"}],"wp:term":[{"taxonomy":"category","embeddable":true,"href":"https:\/\/couven-museum.de\/fr\/wp-json\/wp\/v2\/categories?post=1546"},{"taxonomy":"post_tag","embeddable":true,"href":"https:\/\/couven-museum.de\/fr\/wp-json\/wp\/v2\/tags?post=1546"}],"curies":[{"name":"wp","href":"https:\/\/api.w.org\/{rel}","templated":true}]}}