{"id":1552,"date":"2012-05-03T13:24:15","date_gmt":"2012-05-03T11:24:15","guid":{"rendered":"http:\/\/couven-museum.de\/?page_id=1552"},"modified":"2026-03-30T16:40:16","modified_gmt":"2026-03-30T14:40:16","slug":"salle-aux-carreaux","status":"publish","type":"page","link":"https:\/\/couven-museum.de\/fr\/musee\/salle-aux-carreaux\/","title":{"rendered":"Salle aux carreaux"},"content":{"rendered":"\t\t<div data-elementor-type=\"wp-page\" data-elementor-id=\"1552\" class=\"elementor elementor-1552 elementor-62\" data-elementor-post-type=\"page\">\n\t\t\t\t\t\t<section class=\"elementor-section elementor-top-section elementor-element elementor-element-355effe6 elementor-section-boxed elementor-section-height-default elementor-section-height-default\" data-id=\"355effe6\" data-element_type=\"section\" data-e-type=\"section\">\n\t\t\t\t\t\t\t<div class=\"elementor-background-overlay\"><\/div>\n\t\t\t\t\t\t\t<div class=\"elementor-container elementor-column-gap-default\">\n\t\t\t\t\t<div class=\"elementor-column elementor-col-100 elementor-top-column elementor-element elementor-element-3a2ac5e9\" data-id=\"3a2ac5e9\" data-element_type=\"column\" data-e-type=\"column\">\n\t\t\t<div class=\"elementor-widget-wrap elementor-element-populated\">\n\t\t\t\t\t\t<div class=\"elementor-element elementor-element-19f4242 elementor-widget elementor-widget-spacer\" data-id=\"19f4242\" data-element_type=\"widget\" data-e-type=\"widget\" data-widget_type=\"spacer.default\">\n\t\t\t\t<div class=\"elementor-widget-container\">\n\t\t\t\t\t\t\t<div class=\"elementor-spacer\">\n\t\t\t<div class=\"elementor-spacer-inner\"><\/div>\n\t\t<\/div>\n\t\t\t\t\t\t<\/div>\n\t\t\t\t<\/div>\n\t\t\t\t<div class=\"elementor-element elementor-element-7d61c16 elementor-widget elementor-widget-theme-post-title elementor-page-title elementor-widget-heading\" data-id=\"7d61c16\" data-element_type=\"widget\" data-e-type=\"widget\" data-widget_type=\"theme-post-title.default\">\n\t\t\t\t<div class=\"elementor-widget-container\">\n\t\t\t\t\t<h2 class=\"elementor-heading-title elementor-size-default\">Salle aux carreaux<\/h2>\t\t\t\t<\/div>\n\t\t\t\t<\/div>\n\t\t\t\t<div class=\"elementor-element elementor-element-60bac64 elementor-widget elementor-widget-heading\" data-id=\"60bac64\" data-element_type=\"widget\" data-e-type=\"widget\" data-widget_type=\"heading.default\">\n\t\t\t\t<div class=\"elementor-widget-container\">\n\t\t\t\t\t<h5 class=\"elementor-heading-title elementor-size-default\">Une fra\u00eecheur raffin\u00e9e pendant les jours de chaleur<\/h5>\t\t\t\t<\/div>\n\t\t\t\t<\/div>\n\t\t\t\t<div class=\"elementor-element elementor-element-546e8693 elementor-widget elementor-widget-image\" data-id=\"546e8693\" data-element_type=\"widget\" data-e-type=\"widget\" data-widget_type=\"image.default\">\n\t\t\t\t<div class=\"elementor-widget-container\">\n\t\t\t\t\t\t\t\t\t\t\t\t\t\t\t<img fetchpriority=\"high\" decoding=\"async\" width=\"768\" height=\"606\" src=\"https:\/\/couven-museum.de\/wp-content\/uploads\/2026\/03\/fliesenzimmer-couven-museum-768x606.jpg\" class=\"attachment-medium_large size-medium_large wp-image-11990\" alt=\"\" srcset=\"https:\/\/couven-museum.de\/wp-content\/uploads\/2026\/03\/fliesenzimmer-couven-museum-768x606.jpg 768w, https:\/\/couven-museum.de\/wp-content\/uploads\/2026\/03\/fliesenzimmer-couven-museum-460x363.jpg 460w, https:\/\/couven-museum.de\/wp-content\/uploads\/2026\/03\/fliesenzimmer-couven-museum-700x552.jpg 700w, https:\/\/couven-museum.de\/wp-content\/uploads\/2026\/03\/fliesenzimmer-couven-museum-220x174.jpg 220w, https:\/\/couven-museum.de\/wp-content\/uploads\/2026\/03\/fliesenzimmer-couven-museum-1536x1212.jpg 1536w, https:\/\/couven-museum.de\/wp-content\/uploads\/2026\/03\/fliesenzimmer-couven-museum-1900x1499.jpg 1900w, https:\/\/couven-museum.de\/wp-content\/uploads\/2026\/03\/fliesenzimmer-couven-museum.jpg 1920w\" sizes=\"(max-width: 768px) 100vw, 768px\" \/>\t\t\t\t\t\t\t\t\t\t\t\t\t\t\t<\/div>\n\t\t\t\t<\/div>\n\t\t\t\t<div class=\"elementor-element elementor-element-b14329b elementor-widget elementor-widget-text-editor\" data-id=\"b14329b\" data-element_type=\"widget\" data-e-type=\"widget\" data-widget_type=\"text-editor.default\">\n\t\t\t\t<div class=\"elementor-widget-container\">\n\t\t\t\t\t\t\t\t\t<p style=\"text-align: justify;\">Les deux pi\u00e8ces de la maison \u00ab Zum Lindenbaum \u00bb ne font partie du mus\u00e9e que depuis 1961. Auparavant, ce b\u00e2timent \u00e9tait une petite maison d\u2019habitation ind\u00e9pendante, dans laquelle exerc\u00e8rent autrefois un barbier et chirurgien, puis diff\u00e9rents artisans. Aujourd\u2019hui, on peut y admirer quelque 6 000 carreaux de fa\u00efence provenant de la collection des collectionneurs aixois Peter et Irene Ludwig. La pi\u00e8ce sup\u00e9rieure est domin\u00e9e par des tableaux de carreaux issus de l\u2019atelier rotterdamois de Jan Aalmis (1674<span style=\"font-family: 'Courier New';\">&#8211;<\/span>1755).<\/p>\n<p style=\"text-align: left;\">Des carreaux de fa\u00efence des XVIe au XIXe si\u00e8cles ornent la pi\u00e8ce inf\u00e9rieure \u00e0 la mani\u00e8re d\u2019un livre d\u2019\u00e9chantillons. Les carreaux bleu cobalt sur fond blanc, inspir\u00e9s de la porcelaine chinoise, sont souvent bien plus anciens que les carreaux violet mangan\u00e8se, qui ne se sont impos\u00e9s qu\u2019au XVIIIe si\u00e8cle. Les pi\u00e8ces enti\u00e8rement carrel\u00e9es \u00e9taient rares, mais on en trouvait dans les r\u00e9sidences d\u2019\u00e9t\u00e9 princi\u00e8res et surtout dans les pi\u00e8ces de maisons bourgeoises ais\u00e9es utilis\u00e9es en \u00e9t\u00e9, car elles restaient plus fra\u00eeches que les pi\u00e8ces am\u00e9nag\u00e9es de mani\u00e8re traditionnelle.<\/p>\n\t\t\t\t\t\t\t\t<\/div>\n\t\t\t\t<\/div>\n\t\t\t\t<div class=\"elementor-element elementor-element-c2ae30a elementor-widget elementor-widget-image\" data-id=\"c2ae30a\" data-element_type=\"widget\" data-e-type=\"widget\" data-widget_type=\"image.default\">\n\t\t\t\t<div class=\"elementor-widget-container\">\n\t\t\t\t\t\t\t\t\t\t\t\t\t\t\t<img decoding=\"async\" width=\"768\" height=\"344\" src=\"https:\/\/couven-museum.de\/wp-content\/uploads\/2019\/10\/couven-museum-fliesen-details-768x344.jpg\" class=\"attachment-medium_large size-medium_large wp-image-6757\" alt=\"Couven Museum Fliesen\" srcset=\"https:\/\/couven-museum.de\/wp-content\/uploads\/2019\/10\/couven-museum-fliesen-details-768x344.jpg 768w, https:\/\/couven-museum.de\/wp-content\/uploads\/2019\/10\/couven-museum-fliesen-details-220x98.jpg 220w, https:\/\/couven-museum.de\/wp-content\/uploads\/2019\/10\/couven-museum-fliesen-details-460x206.jpg 460w, https:\/\/couven-museum.de\/wp-content\/uploads\/2019\/10\/couven-museum-fliesen-details-700x313.jpg 700w, https:\/\/couven-museum.de\/wp-content\/uploads\/2019\/10\/couven-museum-fliesen-details-1900x850.jpg 1900w, https:\/\/couven-museum.de\/wp-content\/uploads\/2019\/10\/couven-museum-fliesen-details.jpg 1920w\" sizes=\"(max-width: 768px) 100vw, 768px\" \/>\t\t\t\t\t\t\t\t\t\t\t\t\t\t\t<\/div>\n\t\t\t\t<\/div>\n\t\t\t\t<div class=\"elementor-element elementor-element-4a82f853 elementor-align-center elementor-widget elementor-widget-button\" data-id=\"4a82f853\" data-element_type=\"widget\" data-e-type=\"widget\" data-widget_type=\"button.default\">\n\t\t\t\t<div class=\"elementor-widget-container\">\n\t\t\t\t\t\t\t\t\t<div class=\"elementor-button-wrapper\">\n\t\t\t\t\t<a class=\"elementor-button elementor-button-link elementor-size-md\" href=\"https:\/\/couven-museum.de\/fr\/musee\/#sammlung\">\n\t\t\t\t\t\t<span class=\"elementor-button-content-wrapper\">\n\t\t\t\t\t\t<span class=\"elementor-button-icon\">\n\t\t\t\t<i aria-hidden=\"true\" class=\"fas fa-angle-right\"><\/i>\t\t\t<\/span>\n\t\t\t\t\t\t\t\t\t<span class=\"elementor-button-text\">VERS LA COLLECTION<\/span>\n\t\t\t\t\t<\/span>\n\t\t\t\t\t<\/a>\n\t\t\t\t<\/div>\n\t\t\t\t\t\t\t\t<\/div>\n\t\t\t\t<\/div>\n\t\t\t\t<div class=\"elementor-element elementor-element-2ebbf78 elementor-widget elementor-widget-spacer\" data-id=\"2ebbf78\" data-element_type=\"widget\" data-e-type=\"widget\" data-widget_type=\"spacer.default\">\n\t\t\t\t<div class=\"elementor-widget-container\">\n\t\t\t\t\t\t\t<div class=\"elementor-spacer\">\n\t\t\t<div class=\"elementor-spacer-inner\"><\/div>\n\t\t<\/div>\n\t\t\t\t\t\t<\/div>\n\t\t\t\t<\/div>\n\t\t\t\t\t<\/div>\n\t\t<\/div>\n\t\t\t\t\t<\/div>\n\t\t<\/section>\n\t\t\t\t<\/div>\n\t\t","protected":false},"excerpt":{"rendered":"<p>Les deux pi\u00e8ces de la maison \u00ab Zum Lindenbaum \u00bb ne font partie du mus\u00e9e que depuis 1961. Auparavant, ce b\u00e2timent \u00e9tait une maison d\u2019habitation ind\u00e9pendante. Aujourd\u2019hui, on peut y admirer quelque 6 000 carreaux de fa\u00efence provenant de la collection des collectionneurs aixois Peter et Irene Ludwig.<\/p>\n","protected":false},"author":43,"featured_media":11990,"parent":11880,"menu_order":6,"comment_status":"closed","ping_status":"closed","template":"","meta":{"_acf_changed":false,"inline_featured_image":false,"_lmt_disableupdate":"no","_lmt_disable":"","footnotes":""},"categories":[127],"tags":[],"class_list":["post-1552","page","type-page","status-publish","has-post-thumbnail","hentry","category-collection"],"acf":[],"yoast_head":"<!-- This site is optimized with the Yoast SEO plugin v27.2 - https:\/\/yoast.com\/product\/yoast-seo-wordpress\/ -->\n<title>Salle aux carreaux - Couven Museum<\/title>\n<meta name=\"robots\" content=\"index, follow, max-snippet:-1, max-image-preview:large, max-video-preview:-1\" \/>\n<link rel=\"canonical\" href=\"https:\/\/couven-museum.de\/fr\/musee\/salle-aux-carreaux\/\" \/>\n<meta property=\"og:locale\" content=\"fr_FR\" \/>\n<meta property=\"og:type\" content=\"article\" \/>\n<meta property=\"og:title\" content=\"Salle aux carreaux - Couven Museum\" \/>\n<meta property=\"og:description\" content=\"Les deux pi\u00e8ces de la maison \u00ab Zum Lindenbaum \u00bb ne font partie du mus\u00e9e que depuis 1961. Auparavant, ce b\u00e2timent \u00e9tait une maison d\u2019habitation ind\u00e9pendante. Aujourd\u2019hui, on peut y admirer quelque 6 000 carreaux de fa\u00efence provenant de la collection des collectionneurs aixois Peter et Irene Ludwig.\" \/>\n<meta property=\"og:url\" content=\"https:\/\/couven-museum.de\/fr\/musee\/salle-aux-carreaux\/\" \/>\n<meta property=\"og:site_name\" content=\"Couven Museum\" \/>\n<meta property=\"article:modified_time\" content=\"2026-03-30T14:40:16+00:00\" \/>\n<meta property=\"og:image\" content=\"https:\/\/couven-museum.de\/wp-content\/uploads\/2026\/03\/fliesenzimmer-couven-museum.jpg\" \/>\n\t<meta property=\"og:image:width\" content=\"1920\" \/>\n\t<meta property=\"og:image:height\" content=\"1515\" \/>\n\t<meta property=\"og:image:type\" content=\"image\/jpeg\" \/>\n<meta name=\"twitter:card\" content=\"summary_large_image\" \/>\n<meta name=\"twitter:label1\" content=\"Dur\u00e9e de lecture estim\u00e9e\" \/>\n\t<meta name=\"twitter:data1\" content=\"2 minutes\" \/>\n<script type=\"application\/ld+json\" class=\"yoast-schema-graph\">{\"@context\":\"https:\/\/schema.org\",\"@graph\":[{\"@type\":\"WebPage\",\"@id\":\"https:\/\/couven-museum.de\/fr\/musee\/salle-aux-carreaux\/\",\"url\":\"https:\/\/couven-museum.de\/fr\/musee\/salle-aux-carreaux\/\",\"name\":\"Salle aux carreaux - Couven Museum\",\"isPartOf\":{\"@id\":\"https:\/\/couven-museum.de\/#website\"},\"primaryImageOfPage\":{\"@id\":\"https:\/\/couven-museum.de\/fr\/musee\/salle-aux-carreaux\/#primaryimage\"},\"image\":{\"@id\":\"https:\/\/couven-museum.de\/fr\/musee\/salle-aux-carreaux\/#primaryimage\"},\"thumbnailUrl\":\"https:\/\/couven-museum.de\/wp-content\/uploads\/2026\/03\/fliesenzimmer-couven-museum.jpg\",\"datePublished\":\"2012-05-03T11:24:15+00:00\",\"dateModified\":\"2026-03-30T14:40:16+00:00\",\"breadcrumb\":{\"@id\":\"https:\/\/couven-museum.de\/fr\/musee\/salle-aux-carreaux\/#breadcrumb\"},\"inLanguage\":\"fr-FR\",\"potentialAction\":[{\"@type\":\"ReadAction\",\"target\":[\"https:\/\/couven-museum.de\/fr\/musee\/salle-aux-carreaux\/\"]}]},{\"@type\":\"ImageObject\",\"inLanguage\":\"fr-FR\",\"@id\":\"https:\/\/couven-museum.de\/fr\/musee\/salle-aux-carreaux\/#primaryimage\",\"url\":\"https:\/\/couven-museum.de\/wp-content\/uploads\/2026\/03\/fliesenzimmer-couven-museum.jpg\",\"contentUrl\":\"https:\/\/couven-museum.de\/wp-content\/uploads\/2026\/03\/fliesenzimmer-couven-museum.jpg\",\"width\":1920,\"height\":1515},{\"@type\":\"BreadcrumbList\",\"@id\":\"https:\/\/couven-museum.de\/fr\/musee\/salle-aux-carreaux\/#breadcrumb\",\"itemListElement\":[{\"@type\":\"ListItem\",\"position\":1,\"name\":\"Startseite\",\"item\":\"https:\/\/couven-museum.de\/fr\/\"},{\"@type\":\"ListItem\",\"position\":2,\"name\":\"Mus\u00e9e\",\"item\":\"https:\/\/couven-museum.de\/museum\/\"},{\"@type\":\"ListItem\",\"position\":3,\"name\":\"Salle aux carreaux\"}]},{\"@type\":\"WebSite\",\"@id\":\"https:\/\/couven-museum.de\/#website\",\"url\":\"https:\/\/couven-museum.de\/\",\"name\":\"Couven Museum\",\"description\":\"Couven-Museum Aachen\",\"potentialAction\":[{\"@type\":\"SearchAction\",\"target\":{\"@type\":\"EntryPoint\",\"urlTemplate\":\"https:\/\/couven-museum.de\/?s={search_term_string}\"},\"query-input\":{\"@type\":\"PropertyValueSpecification\",\"valueRequired\":true,\"valueName\":\"search_term_string\"}}],\"inLanguage\":\"fr-FR\"}]}<\/script>\n<!-- \/ Yoast SEO plugin. -->","yoast_head_json":{"title":"Salle aux carreaux - Couven Museum","robots":{"index":"index","follow":"follow","max-snippet":"max-snippet:-1","max-image-preview":"max-image-preview:large","max-video-preview":"max-video-preview:-1"},"canonical":"https:\/\/couven-museum.de\/fr\/musee\/salle-aux-carreaux\/","og_locale":"fr_FR","og_type":"article","og_title":"Salle aux carreaux - Couven Museum","og_description":"Les deux pi\u00e8ces de la maison \u00ab Zum Lindenbaum \u00bb ne font partie du mus\u00e9e que depuis 1961. Auparavant, ce b\u00e2timent \u00e9tait une maison d\u2019habitation ind\u00e9pendante. Aujourd\u2019hui, on peut y admirer quelque 6 000 carreaux de fa\u00efence provenant de la collection des collectionneurs aixois Peter et Irene Ludwig.","og_url":"https:\/\/couven-museum.de\/fr\/musee\/salle-aux-carreaux\/","og_site_name":"Couven Museum","article_modified_time":"2026-03-30T14:40:16+00:00","og_image":[{"width":1920,"height":1515,"url":"https:\/\/couven-museum.de\/wp-content\/uploads\/2026\/03\/fliesenzimmer-couven-museum.jpg","type":"image\/jpeg"}],"twitter_card":"summary_large_image","twitter_misc":{"Dur\u00e9e de lecture estim\u00e9e":"2 minutes"},"schema":{"@context":"https:\/\/schema.org","@graph":[{"@type":"WebPage","@id":"https:\/\/couven-museum.de\/fr\/musee\/salle-aux-carreaux\/","url":"https:\/\/couven-museum.de\/fr\/musee\/salle-aux-carreaux\/","name":"Salle aux carreaux - Couven Museum","isPartOf":{"@id":"https:\/\/couven-museum.de\/#website"},"primaryImageOfPage":{"@id":"https:\/\/couven-museum.de\/fr\/musee\/salle-aux-carreaux\/#primaryimage"},"image":{"@id":"https:\/\/couven-museum.de\/fr\/musee\/salle-aux-carreaux\/#primaryimage"},"thumbnailUrl":"https:\/\/couven-museum.de\/wp-content\/uploads\/2026\/03\/fliesenzimmer-couven-museum.jpg","datePublished":"2012-05-03T11:24:15+00:00","dateModified":"2026-03-30T14:40:16+00:00","breadcrumb":{"@id":"https:\/\/couven-museum.de\/fr\/musee\/salle-aux-carreaux\/#breadcrumb"},"inLanguage":"fr-FR","potentialAction":[{"@type":"ReadAction","target":["https:\/\/couven-museum.de\/fr\/musee\/salle-aux-carreaux\/"]}]},{"@type":"ImageObject","inLanguage":"fr-FR","@id":"https:\/\/couven-museum.de\/fr\/musee\/salle-aux-carreaux\/#primaryimage","url":"https:\/\/couven-museum.de\/wp-content\/uploads\/2026\/03\/fliesenzimmer-couven-museum.jpg","contentUrl":"https:\/\/couven-museum.de\/wp-content\/uploads\/2026\/03\/fliesenzimmer-couven-museum.jpg","width":1920,"height":1515},{"@type":"BreadcrumbList","@id":"https:\/\/couven-museum.de\/fr\/musee\/salle-aux-carreaux\/#breadcrumb","itemListElement":[{"@type":"ListItem","position":1,"name":"Startseite","item":"https:\/\/couven-museum.de\/fr\/"},{"@type":"ListItem","position":2,"name":"Mus\u00e9e","item":"https:\/\/couven-museum.de\/museum\/"},{"@type":"ListItem","position":3,"name":"Salle aux carreaux"}]},{"@type":"WebSite","@id":"https:\/\/couven-museum.de\/#website","url":"https:\/\/couven-museum.de\/","name":"Couven Museum","description":"Couven-Museum Aachen","potentialAction":[{"@type":"SearchAction","target":{"@type":"EntryPoint","urlTemplate":"https:\/\/couven-museum.de\/?s={search_term_string}"},"query-input":{"@type":"PropertyValueSpecification","valueRequired":true,"valueName":"search_term_string"}}],"inLanguage":"fr-FR"}]}},"_links":{"self":[{"href":"https:\/\/couven-museum.de\/fr\/wp-json\/wp\/v2\/pages\/1552","targetHints":{"allow":["GET"]}}],"collection":[{"href":"https:\/\/couven-museum.de\/fr\/wp-json\/wp\/v2\/pages"}],"about":[{"href":"https:\/\/couven-museum.de\/fr\/wp-json\/wp\/v2\/types\/page"}],"author":[{"embeddable":true,"href":"https:\/\/couven-museum.de\/fr\/wp-json\/wp\/v2\/users\/43"}],"replies":[{"embeddable":true,"href":"https:\/\/couven-museum.de\/fr\/wp-json\/wp\/v2\/comments?post=1552"}],"version-history":[{"count":2,"href":"https:\/\/couven-museum.de\/fr\/wp-json\/wp\/v2\/pages\/1552\/revisions"}],"predecessor-version":[{"id":11905,"href":"https:\/\/couven-museum.de\/fr\/wp-json\/wp\/v2\/pages\/1552\/revisions\/11905"}],"up":[{"embeddable":true,"href":"https:\/\/couven-museum.de\/fr\/wp-json\/wp\/v2\/pages\/11880"}],"wp:featuredmedia":[{"embeddable":true,"href":"https:\/\/couven-museum.de\/fr\/wp-json\/wp\/v2\/media\/11990"}],"wp:attachment":[{"href":"https:\/\/couven-museum.de\/fr\/wp-json\/wp\/v2\/media?parent=1552"}],"wp:term":[{"taxonomy":"category","embeddable":true,"href":"https:\/\/couven-museum.de\/fr\/wp-json\/wp\/v2\/categories?post=1552"},{"taxonomy":"post_tag","embeddable":true,"href":"https:\/\/couven-museum.de\/fr\/wp-json\/wp\/v2\/tags?post=1552"}],"curies":[{"name":"wp","href":"https:\/\/api.w.org\/{rel}","templated":true}]}}