{"id":1560,"date":"2012-05-03T13:24:14","date_gmt":"2012-05-03T11:24:14","guid":{"rendered":"http:\/\/couven-museum.de\/?page_id=1560"},"modified":"2019-09-05T15:44:19","modified_gmt":"2019-09-05T13:44:19","slug":"salle-des-fetes","status":"publish","type":"page","link":"https:\/\/couven-museum.de\/fr\/_old\/salle-des-fetes\/","title":{"rendered":"Salle des f\u00eates"},"content":{"rendered":"<p>[nggallery id=4]<\/p>\n<p>En passant la porte \u00e0 doubles battants, on d\u00e9bouche dans la salle des f\u00eates de la maison, reflet du savoir vivre bourgeois de la fin du XVIII\u00e8me si\u00e8cle. Sur le mod\u00e8le architectural des ch\u00e2teaux de la cour, la bourgeoisie ais\u00e9e \u00e9difia des salles repr\u00e9sentatives dans lesquelles avaient lieu des concerts de musique de chambre et des r\u00e9ceptions. Les cinq fen\u00eatres de la salle des f\u00eates donnent sur la ville m\u00e9di\u00e9vale d\u2019Aix-la-Chapelle et sa tour Granus tandis que les toiles de grand format datant du XVIIIe si\u00e8cle offrent \u00e0 voir des paysages id\u00e9alis\u00e9s. Des sc\u00e8nes champ\u00eatres idylliques, dans lesquelles les membres de la noblesse mettent en sc\u00e8ne la vie simple, r\u00e9gissent les tableaux. En France et aux Pays-Bas, des ateliers de peinture influenc\u00e9s par la peinture rococo de Watteau, Boucher et Fragonard s\u2019\u00e9taient sp\u00e9cialis\u00e9s dans ce type de peintures murales.<\/p>\n<p>Les c\u00f4t\u00e9s de la salle des f\u00eates se distinguent par une chemin\u00e9e en bois de ch\u00eane de style baroque aixois, positionn\u00e9e \u00e0 l\u2019oppos\u00e9 d\u2019une armoire vitrine li\u00e9geoise finement sculpt\u00e9e, qui faisait partie des fonds du mus\u00e9e Couven dans la maison Ludwigs-Fey avant la Seconde Guerre mondiale. Le somptueux vase en argent de style classique qui se situe devant la fen\u00eatre du milieu est un cadeau honorifique fait \u00e0 J.P.J. Monheim en reconnaissance de ses m\u00e9rites en 1841.<\/p>\n<p>&nbsp;<\/p>\n","protected":false},"excerpt":{"rendered":"<p>Image du bourgeois<\/p>\n","protected":false},"author":1,"featured_media":0,"parent":5707,"menu_order":86,"comment_status":"closed","ping_status":"closed","template":"","meta":{"_acf_changed":false,"inline_featured_image":false,"_lmt_disableupdate":"","_lmt_disable":"","footnotes":""},"categories":[],"tags":[],"class_list":["post-1560","page","type-page","status-publish","hentry"],"acf":[],"yoast_head":"<!-- This site is optimized with the Yoast SEO plugin v27.2 - https:\/\/yoast.com\/product\/yoast-seo-wordpress\/ -->\n<title>Salle des f\u00eates - Couven Museum<\/title>\n<meta name=\"robots\" content=\"index, follow, max-snippet:-1, max-image-preview:large, max-video-preview:-1\" \/>\n<link rel=\"canonical\" href=\"https:\/\/couven-museum.de\/_old\/festsaal\/\" \/>\n<meta property=\"og:locale\" content=\"fr_FR\" \/>\n<meta property=\"og:type\" content=\"article\" \/>\n<meta property=\"og:title\" content=\"Salle des f\u00eates - Couven Museum\" \/>\n<meta property=\"og:description\" content=\"Image du bourgeois\" \/>\n<meta property=\"og:url\" content=\"https:\/\/couven-museum.de\/_old\/festsaal\/\" \/>\n<meta property=\"og:site_name\" content=\"Couven Museum\" \/>\n<meta property=\"article:modified_time\" content=\"2019-09-05T13:44:19+00:00\" \/>\n<meta name=\"twitter:card\" content=\"summary_large_image\" \/>\n<meta name=\"twitter:label1\" content=\"Dur\u00e9e de lecture estim\u00e9e\" \/>\n\t<meta name=\"twitter:data1\" content=\"1 minute\" \/>\n<script type=\"application\/ld+json\" class=\"yoast-schema-graph\">{\"@context\":\"https:\/\/schema.org\",\"@graph\":[{\"@type\":\"WebPage\",\"@id\":\"https:\/\/couven-museum.de\/_old\/festsaal\/\",\"url\":\"https:\/\/couven-museum.de\/_old\/festsaal\/\",\"name\":\"Salle des f\u00eates - Couven Museum\",\"isPartOf\":{\"@id\":\"https:\/\/couven-museum.de\/#website\"},\"datePublished\":\"2012-05-03T11:24:14+00:00\",\"dateModified\":\"2019-09-05T13:44:19+00:00\",\"breadcrumb\":{\"@id\":\"https:\/\/couven-museum.de\/_old\/festsaal\/#breadcrumb\"},\"inLanguage\":\"fr-FR\",\"potentialAction\":[{\"@type\":\"ReadAction\",\"target\":[\"https:\/\/couven-museum.de\/_old\/festsaal\/\"]}]},{\"@type\":\"BreadcrumbList\",\"@id\":\"https:\/\/couven-museum.de\/_old\/festsaal\/#breadcrumb\",\"itemListElement\":[{\"@type\":\"ListItem\",\"position\":1,\"name\":\"Startseite\",\"item\":\"https:\/\/couven-museum.de\/fr\/\"},{\"@type\":\"ListItem\",\"position\":2,\"name\":\"_old\",\"item\":\"https:\/\/couven-museum.de\/_old\/\"},{\"@type\":\"ListItem\",\"position\":3,\"name\":\"Salle des f\u00eates\"}]},{\"@type\":\"WebSite\",\"@id\":\"https:\/\/couven-museum.de\/#website\",\"url\":\"https:\/\/couven-museum.de\/\",\"name\":\"Couven Museum\",\"description\":\"Couven-Museum Aachen\",\"potentialAction\":[{\"@type\":\"SearchAction\",\"target\":{\"@type\":\"EntryPoint\",\"urlTemplate\":\"https:\/\/couven-museum.de\/?s={search_term_string}\"},\"query-input\":{\"@type\":\"PropertyValueSpecification\",\"valueRequired\":true,\"valueName\":\"search_term_string\"}}],\"inLanguage\":\"fr-FR\"}]}<\/script>\n<!-- \/ Yoast SEO plugin. -->","yoast_head_json":{"title":"Salle des f\u00eates - Couven Museum","robots":{"index":"index","follow":"follow","max-snippet":"max-snippet:-1","max-image-preview":"max-image-preview:large","max-video-preview":"max-video-preview:-1"},"canonical":"https:\/\/couven-museum.de\/_old\/festsaal\/","og_locale":"fr_FR","og_type":"article","og_title":"Salle des f\u00eates - Couven Museum","og_description":"Image du bourgeois","og_url":"https:\/\/couven-museum.de\/_old\/festsaal\/","og_site_name":"Couven Museum","article_modified_time":"2019-09-05T13:44:19+00:00","twitter_card":"summary_large_image","twitter_misc":{"Dur\u00e9e de lecture estim\u00e9e":"1 minute"},"schema":{"@context":"https:\/\/schema.org","@graph":[{"@type":"WebPage","@id":"https:\/\/couven-museum.de\/_old\/festsaal\/","url":"https:\/\/couven-museum.de\/_old\/festsaal\/","name":"Salle des f\u00eates - Couven Museum","isPartOf":{"@id":"https:\/\/couven-museum.de\/#website"},"datePublished":"2012-05-03T11:24:14+00:00","dateModified":"2019-09-05T13:44:19+00:00","breadcrumb":{"@id":"https:\/\/couven-museum.de\/_old\/festsaal\/#breadcrumb"},"inLanguage":"fr-FR","potentialAction":[{"@type":"ReadAction","target":["https:\/\/couven-museum.de\/_old\/festsaal\/"]}]},{"@type":"BreadcrumbList","@id":"https:\/\/couven-museum.de\/_old\/festsaal\/#breadcrumb","itemListElement":[{"@type":"ListItem","position":1,"name":"Startseite","item":"https:\/\/couven-museum.de\/fr\/"},{"@type":"ListItem","position":2,"name":"_old","item":"https:\/\/couven-museum.de\/_old\/"},{"@type":"ListItem","position":3,"name":"Salle des f\u00eates"}]},{"@type":"WebSite","@id":"https:\/\/couven-museum.de\/#website","url":"https:\/\/couven-museum.de\/","name":"Couven Museum","description":"Couven-Museum Aachen","potentialAction":[{"@type":"SearchAction","target":{"@type":"EntryPoint","urlTemplate":"https:\/\/couven-museum.de\/?s={search_term_string}"},"query-input":{"@type":"PropertyValueSpecification","valueRequired":true,"valueName":"search_term_string"}}],"inLanguage":"fr-FR"}]}},"_links":{"self":[{"href":"https:\/\/couven-museum.de\/fr\/wp-json\/wp\/v2\/pages\/1560","targetHints":{"allow":["GET"]}}],"collection":[{"href":"https:\/\/couven-museum.de\/fr\/wp-json\/wp\/v2\/pages"}],"about":[{"href":"https:\/\/couven-museum.de\/fr\/wp-json\/wp\/v2\/types\/page"}],"author":[{"embeddable":true,"href":"https:\/\/couven-museum.de\/fr\/wp-json\/wp\/v2\/users\/1"}],"replies":[{"embeddable":true,"href":"https:\/\/couven-museum.de\/fr\/wp-json\/wp\/v2\/comments?post=1560"}],"version-history":[{"count":0,"href":"https:\/\/couven-museum.de\/fr\/wp-json\/wp\/v2\/pages\/1560\/revisions"}],"up":[{"embeddable":true,"href":"https:\/\/couven-museum.de\/fr\/wp-json\/wp\/v2\/pages\/5707"}],"wp:attachment":[{"href":"https:\/\/couven-museum.de\/fr\/wp-json\/wp\/v2\/media?parent=1560"}],"wp:term":[{"taxonomy":"category","embeddable":true,"href":"https:\/\/couven-museum.de\/fr\/wp-json\/wp\/v2\/categories?post=1560"},{"taxonomy":"post_tag","embeddable":true,"href":"https:\/\/couven-museum.de\/fr\/wp-json\/wp\/v2\/tags?post=1560"}],"curies":[{"name":"wp","href":"https:\/\/api.w.org\/{rel}","templated":true}]}}