{"id":1568,"date":"2012-05-03T13:24:17","date_gmt":"2012-05-03T11:24:17","guid":{"rendered":"http:\/\/couven-museum.de\/?page_id=1568"},"modified":"2019-09-05T15:44:19","modified_gmt":"2019-09-05T13:44:19","slug":"rococo-aixois-et-liegeois","status":"publish","type":"page","link":"https:\/\/couven-museum.de\/fr\/_old\/rococo-aixois-et-liegeois\/","title":{"rendered":"Rococo aixois et li\u00e9geois"},"content":{"rendered":"<p>[nggallery id=12]<\/p>\n<p>Dans le commerce d\u2019objets d\u2019art, le terme de mobilier aixois et li\u00e9geois qualifie le mobilier en bois de ch\u00eane du XVIIIe si\u00e8cle, d\u00e9cor\u00e9 seulement de sculptures sur bois. L\u2019armoire vitrine est le meuble aixois-li\u00e9geois par excellence : une armoire \u00e0 deux \u00e9tages comportant deux portes \u00e0 l\u2019\u00e9tage inf\u00e9rieur, une frise de tiroirs et deux portes vitr\u00e9es \u00e0 l\u2019\u00e9tage sup\u00e9rieur. Il existe bien s\u00fbr d\u2019autres types et variantes tels que le secr\u00e9taire, la commode, l\u2019armoire d\u2019angle et la penderie ou encore des ensembles originaux constitu\u00e9s d\u2019une commode et d\u2019une horloge. Un exemplaire se trouve dans le petit salon au premier \u00e9tage du mus\u00e9e Couven.<\/p>\n<p>Une s\u00e9rie de crit\u00e8res permet de diff\u00e9rencier le mobilier d\u2019Aix-la-Chapelle de celui de Li\u00e8ge. La vitrine aixoise est con\u00e7ue en un seul \u00e9l\u00e9ment tandis que son pendant li\u00e9geois est constitu\u00e9 d\u2019une commode dot\u00e9e d\u2019un \u00e9l\u00e9ment de vitrine. Le mobilier li\u00e9geois est d\u00e9cor\u00e9 de sculptures sur bois particuli\u00e8rement riches qui requi\u00e8rent un grand savoir-faire. Les armoires aixoises sont caract\u00e9ris\u00e9es par le \u00ab nez aixois \u00bb, un petit d\u00e9bord pointu sur les deux c\u00f4t\u00e9s de la corniche galb\u00e9e. Parmi les caract\u00e9ristiques du mobilier rococo d\u2019Aix-la-Chapelle, on compte \u00e9galement un miroir interne de style rocaille en forme de haricot, comme c\u2019est le cas par exemple dans le recouvrement en bois de la chemin\u00e9e qui se trouve dans le salon de cour au rez-de-chauss\u00e9e.<\/p>\n<p>&nbsp;<\/p>\n","protected":false},"excerpt":{"rendered":"<p>Rococo r\u00e9gional<\/p>\n","protected":false},"author":1,"featured_media":0,"parent":5707,"menu_order":91,"comment_status":"closed","ping_status":"closed","template":"","meta":{"_acf_changed":false,"inline_featured_image":false,"_lmt_disableupdate":"","_lmt_disable":"","footnotes":""},"categories":[],"tags":[],"class_list":["post-1568","page","type-page","status-publish","hentry"],"acf":[],"yoast_head":"<!-- This site is optimized with the Yoast SEO plugin v27.5 - https:\/\/yoast.com\/product\/yoast-seo-wordpress\/ -->\n<title>Rococo aixois et li\u00e9geois - Couven Museum<\/title>\n<meta name=\"robots\" content=\"index, follow, max-snippet:-1, max-image-preview:large, max-video-preview:-1\" \/>\n<link rel=\"canonical\" href=\"https:\/\/couven-museum.de\/_old\/aachen-lutticher-mobel\/\" \/>\n<meta property=\"og:locale\" content=\"fr_FR\" \/>\n<meta property=\"og:type\" content=\"article\" \/>\n<meta property=\"og:title\" content=\"Rococo aixois et li\u00e9geois - Couven Museum\" \/>\n<meta property=\"og:description\" content=\"Rococo r\u00e9gional\" \/>\n<meta property=\"og:url\" content=\"https:\/\/couven-museum.de\/_old\/aachen-lutticher-mobel\/\" \/>\n<meta property=\"og:site_name\" content=\"Couven Museum\" \/>\n<meta property=\"article:modified_time\" content=\"2019-09-05T13:44:19+00:00\" \/>\n<meta name=\"twitter:card\" content=\"summary_large_image\" \/>\n<meta name=\"twitter:label1\" content=\"Dur\u00e9e de lecture estim\u00e9e\" \/>\n\t<meta name=\"twitter:data1\" content=\"1 minute\" \/>\n<script type=\"application\/ld+json\" class=\"yoast-schema-graph\">{\"@context\":\"https:\\\/\\\/schema.org\",\"@graph\":[{\"@type\":\"WebPage\",\"@id\":\"https:\\\/\\\/couven-museum.de\\\/_old\\\/aachen-lutticher-mobel\\\/\",\"url\":\"https:\\\/\\\/couven-museum.de\\\/_old\\\/aachen-lutticher-mobel\\\/\",\"name\":\"Rococo aixois et li\u00e9geois - Couven Museum\",\"isPartOf\":{\"@id\":\"https:\\\/\\\/couven-museum.de\\\/#website\"},\"datePublished\":\"2012-05-03T11:24:17+00:00\",\"dateModified\":\"2019-09-05T13:44:19+00:00\",\"breadcrumb\":{\"@id\":\"https:\\\/\\\/couven-museum.de\\\/_old\\\/aachen-lutticher-mobel\\\/#breadcrumb\"},\"inLanguage\":\"fr-FR\",\"potentialAction\":[{\"@type\":\"ReadAction\",\"target\":[\"https:\\\/\\\/couven-museum.de\\\/_old\\\/aachen-lutticher-mobel\\\/\"]}]},{\"@type\":\"BreadcrumbList\",\"@id\":\"https:\\\/\\\/couven-museum.de\\\/_old\\\/aachen-lutticher-mobel\\\/#breadcrumb\",\"itemListElement\":[{\"@type\":\"ListItem\",\"position\":1,\"name\":\"Startseite\",\"item\":\"https:\\\/\\\/couven-museum.de\\\/fr\\\/\"},{\"@type\":\"ListItem\",\"position\":2,\"name\":\"_old\",\"item\":\"https:\\\/\\\/couven-museum.de\\\/_old\\\/\"},{\"@type\":\"ListItem\",\"position\":3,\"name\":\"Rococo aixois et li\u00e9geois\"}]},{\"@type\":\"WebSite\",\"@id\":\"https:\\\/\\\/couven-museum.de\\\/#website\",\"url\":\"https:\\\/\\\/couven-museum.de\\\/\",\"name\":\"Couven Museum\",\"description\":\"Couven-Museum Aachen\",\"potentialAction\":[{\"@type\":\"SearchAction\",\"target\":{\"@type\":\"EntryPoint\",\"urlTemplate\":\"https:\\\/\\\/couven-museum.de\\\/?s={search_term_string}\"},\"query-input\":{\"@type\":\"PropertyValueSpecification\",\"valueRequired\":true,\"valueName\":\"search_term_string\"}}],\"inLanguage\":\"fr-FR\"}]}<\/script>\n<!-- \/ Yoast SEO plugin. -->","yoast_head_json":{"title":"Rococo aixois et li\u00e9geois - Couven Museum","robots":{"index":"index","follow":"follow","max-snippet":"max-snippet:-1","max-image-preview":"max-image-preview:large","max-video-preview":"max-video-preview:-1"},"canonical":"https:\/\/couven-museum.de\/_old\/aachen-lutticher-mobel\/","og_locale":"fr_FR","og_type":"article","og_title":"Rococo aixois et li\u00e9geois - Couven Museum","og_description":"Rococo r\u00e9gional","og_url":"https:\/\/couven-museum.de\/_old\/aachen-lutticher-mobel\/","og_site_name":"Couven Museum","article_modified_time":"2019-09-05T13:44:19+00:00","twitter_card":"summary_large_image","twitter_misc":{"Dur\u00e9e de lecture estim\u00e9e":"1 minute"},"schema":{"@context":"https:\/\/schema.org","@graph":[{"@type":"WebPage","@id":"https:\/\/couven-museum.de\/_old\/aachen-lutticher-mobel\/","url":"https:\/\/couven-museum.de\/_old\/aachen-lutticher-mobel\/","name":"Rococo aixois et li\u00e9geois - Couven Museum","isPartOf":{"@id":"https:\/\/couven-museum.de\/#website"},"datePublished":"2012-05-03T11:24:17+00:00","dateModified":"2019-09-05T13:44:19+00:00","breadcrumb":{"@id":"https:\/\/couven-museum.de\/_old\/aachen-lutticher-mobel\/#breadcrumb"},"inLanguage":"fr-FR","potentialAction":[{"@type":"ReadAction","target":["https:\/\/couven-museum.de\/_old\/aachen-lutticher-mobel\/"]}]},{"@type":"BreadcrumbList","@id":"https:\/\/couven-museum.de\/_old\/aachen-lutticher-mobel\/#breadcrumb","itemListElement":[{"@type":"ListItem","position":1,"name":"Startseite","item":"https:\/\/couven-museum.de\/fr\/"},{"@type":"ListItem","position":2,"name":"_old","item":"https:\/\/couven-museum.de\/_old\/"},{"@type":"ListItem","position":3,"name":"Rococo aixois et li\u00e9geois"}]},{"@type":"WebSite","@id":"https:\/\/couven-museum.de\/#website","url":"https:\/\/couven-museum.de\/","name":"Couven Museum","description":"Couven-Museum Aachen","potentialAction":[{"@type":"SearchAction","target":{"@type":"EntryPoint","urlTemplate":"https:\/\/couven-museum.de\/?s={search_term_string}"},"query-input":{"@type":"PropertyValueSpecification","valueRequired":true,"valueName":"search_term_string"}}],"inLanguage":"fr-FR"}]}},"_links":{"self":[{"href":"https:\/\/couven-museum.de\/fr\/wp-json\/wp\/v2\/pages\/1568","targetHints":{"allow":["GET"]}}],"collection":[{"href":"https:\/\/couven-museum.de\/fr\/wp-json\/wp\/v2\/pages"}],"about":[{"href":"https:\/\/couven-museum.de\/fr\/wp-json\/wp\/v2\/types\/page"}],"author":[{"embeddable":true,"href":"https:\/\/couven-museum.de\/fr\/wp-json\/wp\/v2\/users\/1"}],"replies":[{"embeddable":true,"href":"https:\/\/couven-museum.de\/fr\/wp-json\/wp\/v2\/comments?post=1568"}],"version-history":[{"count":0,"href":"https:\/\/couven-museum.de\/fr\/wp-json\/wp\/v2\/pages\/1568\/revisions"}],"up":[{"embeddable":true,"href":"https:\/\/couven-museum.de\/fr\/wp-json\/wp\/v2\/pages\/5707"}],"wp:attachment":[{"href":"https:\/\/couven-museum.de\/fr\/wp-json\/wp\/v2\/media?parent=1568"}],"wp:term":[{"taxonomy":"category","embeddable":true,"href":"https:\/\/couven-museum.de\/fr\/wp-json\/wp\/v2\/categories?post=1568"},{"taxonomy":"post_tag","embeddable":true,"href":"https:\/\/couven-museum.de\/fr\/wp-json\/wp\/v2\/tags?post=1568"}],"curies":[{"name":"wp","href":"https:\/\/api.w.org\/{rel}","templated":true}]}}