{"id":1574,"date":"2012-05-03T13:24:08","date_gmt":"2012-05-03T11:24:08","guid":{"rendered":"http:\/\/couven-museum.de\/?page_id=1574"},"modified":"2019-09-05T15:44:19","modified_gmt":"2019-09-05T13:44:19","slug":"cabinet-dargent","status":"publish","type":"page","link":"https:\/\/couven-museum.de\/fr\/_old\/cabinet-dargent\/","title":{"rendered":"Cabinet d\u2019argent"},"content":{"rendered":"<p>[nggallery id=17]<\/p>\n<p>Une s\u00e9lection de pi\u00e8ces d\u2019argenterie datant du XVIIIe si\u00e8cle et provenant de la collection Matth\u00e9y est expos\u00e9e dans la grande vitrine du cabinet d\u2019argent. Teo Matth\u00e9y (1901-1989), originaire de Wuppertal, \u00e9tait grossiste en tissus \u00e0 Aix-la-Chapelle. Il l\u00e9gua sa maison de la Theaterstra\u00dfe 67 ainsi que son imposante collection d\u2019art \u00e0 la ville d\u2019Aix-la-Chapelle. Les pi\u00e8ces d\u2019argenterie rappellent autant la tradition des cabinets d\u2019argent de la noblesse \u00e0 l\u2019\u00c9poque moderne que l\u2019estime port\u00e9e aux nouvelles boissons chaudes, le caf\u00e9, le th\u00e9 et le chocolat, que l\u2019on go\u00fbtait\u00a0 dans de pr\u00e9cieux services en argent et en porcelaine.<\/p>\n<p>Le service \u00e0 th\u00e9 anglais de l\u2019orf\u00e8vre londonien Samuel Taylor (1749) compte parmi les pi\u00e8ces les plus raffin\u00e9es. Dot\u00e9 de deux bo\u00eetes, l\u2019une pour le th\u00e9 d\u2019Inde, l\u2019autre pour le th\u00e9 de Chine, ainsi que d\u2019une coupe avec couvercle pour le sucre, il est conserv\u00e9 dans un coffre en bois muni de ferrures et gain\u00e9 de cuir. Des chocolati\u00e8res de France et du Pi\u00e9mont (Giovanni Fino, vers 1780), munies d\u2019une poign\u00e9e lat\u00e9rale en bois de forme bomb\u00e9e typiquement rococo et garnie d\u2019ornements rocaille, sont \u00e9galement expos\u00e9es; tout comme des cafeti\u00e8res de style Louis XVI (Brest, apr\u00e8s 1780), d\u00e9cor\u00e9es de guirlandes et de profils d\u2019empereurs antiques. Un pot en porcelaine de Meissen datant de 1720 pr\u00e9sente un encha\u00eenement d\u2019argent et bois d\u2019\u00e9b\u00e8ne d\u2019une grande perfection artistique.<\/p>\n","protected":false},"excerpt":{"rendered":"<p>Objets pr\u00e9cieux de la collection Matth\u00e9y<\/p>\n","protected":false},"author":1,"featured_media":0,"parent":5707,"menu_order":105,"comment_status":"closed","ping_status":"closed","template":"","meta":{"_acf_changed":false,"inline_featured_image":false,"_lmt_disableupdate":"","_lmt_disable":"","footnotes":""},"categories":[],"tags":[],"class_list":["post-1574","page","type-page","status-publish","hentry"],"acf":[],"yoast_head":"<!-- This site is optimized with the Yoast SEO plugin v27.5 - https:\/\/yoast.com\/product\/yoast-seo-wordpress\/ -->\n<title>Cabinet d\u2019argent - Couven Museum<\/title>\n<meta name=\"robots\" content=\"index, follow, max-snippet:-1, max-image-preview:large, max-video-preview:-1\" \/>\n<link rel=\"canonical\" href=\"https:\/\/couven-museum.de\/_old\/silberkabinett\/\" \/>\n<meta property=\"og:locale\" content=\"fr_FR\" \/>\n<meta property=\"og:type\" content=\"article\" \/>\n<meta property=\"og:title\" content=\"Cabinet d\u2019argent - Couven Museum\" \/>\n<meta property=\"og:description\" content=\"Objets pr\u00e9cieux de la collection Matth\u00e9y\" \/>\n<meta property=\"og:url\" content=\"https:\/\/couven-museum.de\/_old\/silberkabinett\/\" \/>\n<meta property=\"og:site_name\" content=\"Couven Museum\" \/>\n<meta property=\"article:modified_time\" content=\"2019-09-05T13:44:19+00:00\" \/>\n<meta name=\"twitter:card\" content=\"summary_large_image\" \/>\n<meta name=\"twitter:label1\" content=\"Dur\u00e9e de lecture estim\u00e9e\" \/>\n\t<meta name=\"twitter:data1\" content=\"1 minute\" \/>\n<script type=\"application\/ld+json\" class=\"yoast-schema-graph\">{\"@context\":\"https:\\\/\\\/schema.org\",\"@graph\":[{\"@type\":\"WebPage\",\"@id\":\"https:\\\/\\\/couven-museum.de\\\/_old\\\/silberkabinett\\\/\",\"url\":\"https:\\\/\\\/couven-museum.de\\\/_old\\\/silberkabinett\\\/\",\"name\":\"Cabinet d\u2019argent - Couven Museum\",\"isPartOf\":{\"@id\":\"https:\\\/\\\/couven-museum.de\\\/#website\"},\"datePublished\":\"2012-05-03T11:24:08+00:00\",\"dateModified\":\"2019-09-05T13:44:19+00:00\",\"breadcrumb\":{\"@id\":\"https:\\\/\\\/couven-museum.de\\\/_old\\\/silberkabinett\\\/#breadcrumb\"},\"inLanguage\":\"fr-FR\",\"potentialAction\":[{\"@type\":\"ReadAction\",\"target\":[\"https:\\\/\\\/couven-museum.de\\\/_old\\\/silberkabinett\\\/\"]}]},{\"@type\":\"BreadcrumbList\",\"@id\":\"https:\\\/\\\/couven-museum.de\\\/_old\\\/silberkabinett\\\/#breadcrumb\",\"itemListElement\":[{\"@type\":\"ListItem\",\"position\":1,\"name\":\"Startseite\",\"item\":\"https:\\\/\\\/couven-museum.de\\\/fr\\\/\"},{\"@type\":\"ListItem\",\"position\":2,\"name\":\"_old\",\"item\":\"https:\\\/\\\/couven-museum.de\\\/_old\\\/\"},{\"@type\":\"ListItem\",\"position\":3,\"name\":\"Cabinet d\u2019argent\"}]},{\"@type\":\"WebSite\",\"@id\":\"https:\\\/\\\/couven-museum.de\\\/#website\",\"url\":\"https:\\\/\\\/couven-museum.de\\\/\",\"name\":\"Couven Museum\",\"description\":\"Couven-Museum Aachen\",\"potentialAction\":[{\"@type\":\"SearchAction\",\"target\":{\"@type\":\"EntryPoint\",\"urlTemplate\":\"https:\\\/\\\/couven-museum.de\\\/?s={search_term_string}\"},\"query-input\":{\"@type\":\"PropertyValueSpecification\",\"valueRequired\":true,\"valueName\":\"search_term_string\"}}],\"inLanguage\":\"fr-FR\"}]}<\/script>\n<!-- \/ Yoast SEO plugin. -->","yoast_head_json":{"title":"Cabinet d\u2019argent - Couven Museum","robots":{"index":"index","follow":"follow","max-snippet":"max-snippet:-1","max-image-preview":"max-image-preview:large","max-video-preview":"max-video-preview:-1"},"canonical":"https:\/\/couven-museum.de\/_old\/silberkabinett\/","og_locale":"fr_FR","og_type":"article","og_title":"Cabinet d\u2019argent - Couven Museum","og_description":"Objets pr\u00e9cieux de la collection Matth\u00e9y","og_url":"https:\/\/couven-museum.de\/_old\/silberkabinett\/","og_site_name":"Couven Museum","article_modified_time":"2019-09-05T13:44:19+00:00","twitter_card":"summary_large_image","twitter_misc":{"Dur\u00e9e de lecture estim\u00e9e":"1 minute"},"schema":{"@context":"https:\/\/schema.org","@graph":[{"@type":"WebPage","@id":"https:\/\/couven-museum.de\/_old\/silberkabinett\/","url":"https:\/\/couven-museum.de\/_old\/silberkabinett\/","name":"Cabinet d\u2019argent - Couven Museum","isPartOf":{"@id":"https:\/\/couven-museum.de\/#website"},"datePublished":"2012-05-03T11:24:08+00:00","dateModified":"2019-09-05T13:44:19+00:00","breadcrumb":{"@id":"https:\/\/couven-museum.de\/_old\/silberkabinett\/#breadcrumb"},"inLanguage":"fr-FR","potentialAction":[{"@type":"ReadAction","target":["https:\/\/couven-museum.de\/_old\/silberkabinett\/"]}]},{"@type":"BreadcrumbList","@id":"https:\/\/couven-museum.de\/_old\/silberkabinett\/#breadcrumb","itemListElement":[{"@type":"ListItem","position":1,"name":"Startseite","item":"https:\/\/couven-museum.de\/fr\/"},{"@type":"ListItem","position":2,"name":"_old","item":"https:\/\/couven-museum.de\/_old\/"},{"@type":"ListItem","position":3,"name":"Cabinet d\u2019argent"}]},{"@type":"WebSite","@id":"https:\/\/couven-museum.de\/#website","url":"https:\/\/couven-museum.de\/","name":"Couven Museum","description":"Couven-Museum Aachen","potentialAction":[{"@type":"SearchAction","target":{"@type":"EntryPoint","urlTemplate":"https:\/\/couven-museum.de\/?s={search_term_string}"},"query-input":{"@type":"PropertyValueSpecification","valueRequired":true,"valueName":"search_term_string"}}],"inLanguage":"fr-FR"}]}},"_links":{"self":[{"href":"https:\/\/couven-museum.de\/fr\/wp-json\/wp\/v2\/pages\/1574","targetHints":{"allow":["GET"]}}],"collection":[{"href":"https:\/\/couven-museum.de\/fr\/wp-json\/wp\/v2\/pages"}],"about":[{"href":"https:\/\/couven-museum.de\/fr\/wp-json\/wp\/v2\/types\/page"}],"author":[{"embeddable":true,"href":"https:\/\/couven-museum.de\/fr\/wp-json\/wp\/v2\/users\/1"}],"replies":[{"embeddable":true,"href":"https:\/\/couven-museum.de\/fr\/wp-json\/wp\/v2\/comments?post=1574"}],"version-history":[{"count":0,"href":"https:\/\/couven-museum.de\/fr\/wp-json\/wp\/v2\/pages\/1574\/revisions"}],"up":[{"embeddable":true,"href":"https:\/\/couven-museum.de\/fr\/wp-json\/wp\/v2\/pages\/5707"}],"wp:attachment":[{"href":"https:\/\/couven-museum.de\/fr\/wp-json\/wp\/v2\/media?parent=1574"}],"wp:term":[{"taxonomy":"category","embeddable":true,"href":"https:\/\/couven-museum.de\/fr\/wp-json\/wp\/v2\/categories?post=1574"},{"taxonomy":"post_tag","embeddable":true,"href":"https:\/\/couven-museum.de\/fr\/wp-json\/wp\/v2\/tags?post=1574"}],"curies":[{"name":"wp","href":"https:\/\/api.w.org\/{rel}","templated":true}]}}