{"id":1596,"date":"2012-05-08T11:37:06","date_gmt":"2012-05-08T09:37:06","guid":{"rendered":"http:\/\/couven-museum.de\/?page_id=1596"},"modified":"2019-09-05T15:44:19","modified_gmt":"2019-09-05T13:44:19","slug":"sponsors","status":"publish","type":"page","link":"https:\/\/couven-museum.de\/fr\/_old\/sponsors\/","title":{"rendered":"Sponsors"},"content":{"rendered":"<p>Le nouveau guide du mus\u00e9e, publi\u00e9 en 2010, a \u00e9t\u00e9 financ\u00e9 par la fondation Peter &amp; Irene Ludwig et les Autorit\u00e9s R\u00e9gionales de la Rh\u00e9nanie.<\/p>\n<p>La Soci\u00e9t\u00e9 des mus\u00e9es a contribu\u00e9 \u00e0 l\u2019achat du tableau \u00ab La famille du conseiller \u00e0 la chancellerie Janssen \u00bb de Clemens Bewer datant de 1843. La Soci\u00e9t\u00e9 des mus\u00e9es et la Caisse d\u2019\u00e9pargne d\u2019Aix-la-Chapelle ont financ\u00e9 l\u2019achat d\u2019un tableau d\u2019int\u00e9rieur de Hans Schaffrath datant des ann\u00e9es 1930 et repr\u00e9sentant une salle de l\u2019ancien mus\u00e9e Couven au \u00ab Seilgraben \u00bb, d\u00e9truit lors de la Seconde Guerre mondiale.<\/p>\n<p>Les Autorit\u00e9s R\u00e9gionales de la Rh\u00e9nanie ont soutenu les expositions \u00ab Le d\u00e9grisement de l\u2019Occident. Le caf\u00e9 et le th\u00e9 conqui\u00e8rent l\u2019Europe \u00bb (2010\/11) et \u00ab L\u2019enfant J\u00e9sus dans le reliquaire en verre \u2013 Du charme des travaux monastiques baroques \u00bb (2011\/12).<\/p>\n<p>Lindt soutint l\u2019exposition \u00ab Tentation douce. Du cacao au chocolat \u00bb (2009),\u00a0 le fournisseur d\u2019\u00e9nergie Stawag contribua \u00e0 l\u2019exposition \u00ab BienAuChaud. La culture du chauffage entre la Renaissance et l\u2019Empire \u00bb (2009\/10), Babor \u00e0 l\u2019exposition \u00ab La Beaut\u00e9. De l\u2019histoire des soins de beaut\u00e9 \u00bb (2011). La fondation Peter &amp; Irene Ludwig a financ\u00e9 le catalogue de l\u2019exposition \u00ab Vie int\u00e9rieure. Wolfgang Nestler \u2013 Un projet artistique \u00bb.<\/p>\n","protected":false},"excerpt":{"rendered":"<p>De nombreux grands et petits sponsors soutiennent le mus\u00e9e Couven d\u2019Aix-la-Chapelle dans le cadre de ses acquisitions et de la conception de son programme d\u2019expositions.<\/p>\n","protected":false},"author":1,"featured_media":0,"parent":5707,"menu_order":92,"comment_status":"closed","ping_status":"closed","template":"","meta":{"_acf_changed":false,"inline_featured_image":false,"_lmt_disableupdate":"","_lmt_disable":"","footnotes":""},"categories":[],"tags":[],"class_list":["post-1596","page","type-page","status-publish","hentry"],"acf":[],"yoast_head":"<!-- This site is optimized with the Yoast SEO plugin v27.2 - https:\/\/yoast.com\/product\/yoast-seo-wordpress\/ -->\n<title>Sponsors - Couven Museum<\/title>\n<meta name=\"robots\" content=\"index, follow, max-snippet:-1, max-image-preview:large, max-video-preview:-1\" \/>\n<link rel=\"canonical\" href=\"https:\/\/couven-museum.de\/_old\/sponsoren\/\" \/>\n<meta property=\"og:locale\" content=\"fr_FR\" \/>\n<meta property=\"og:type\" content=\"article\" \/>\n<meta property=\"og:title\" content=\"Sponsors - Couven Museum\" \/>\n<meta property=\"og:description\" content=\"De nombreux grands et petits sponsors soutiennent le mus\u00e9e Couven d\u2019Aix-la-Chapelle dans le cadre de ses acquisitions et de la conception de son programme d\u2019expositions.\" \/>\n<meta property=\"og:url\" content=\"https:\/\/couven-museum.de\/_old\/sponsoren\/\" \/>\n<meta property=\"og:site_name\" content=\"Couven Museum\" \/>\n<meta property=\"article:modified_time\" content=\"2019-09-05T13:44:19+00:00\" \/>\n<meta name=\"twitter:card\" content=\"summary_large_image\" \/>\n<meta name=\"twitter:label1\" content=\"Dur\u00e9e de lecture estim\u00e9e\" \/>\n\t<meta name=\"twitter:data1\" content=\"1 minute\" \/>\n<script type=\"application\/ld+json\" class=\"yoast-schema-graph\">{\"@context\":\"https:\/\/schema.org\",\"@graph\":[{\"@type\":\"WebPage\",\"@id\":\"https:\/\/couven-museum.de\/_old\/sponsoren\/\",\"url\":\"https:\/\/couven-museum.de\/_old\/sponsoren\/\",\"name\":\"Sponsors - Couven Museum\",\"isPartOf\":{\"@id\":\"https:\/\/couven-museum.de\/#website\"},\"datePublished\":\"2012-05-08T09:37:06+00:00\",\"dateModified\":\"2019-09-05T13:44:19+00:00\",\"breadcrumb\":{\"@id\":\"https:\/\/couven-museum.de\/_old\/sponsoren\/#breadcrumb\"},\"inLanguage\":\"fr-FR\",\"potentialAction\":[{\"@type\":\"ReadAction\",\"target\":[\"https:\/\/couven-museum.de\/_old\/sponsoren\/\"]}]},{\"@type\":\"BreadcrumbList\",\"@id\":\"https:\/\/couven-museum.de\/_old\/sponsoren\/#breadcrumb\",\"itemListElement\":[{\"@type\":\"ListItem\",\"position\":1,\"name\":\"Startseite\",\"item\":\"https:\/\/couven-museum.de\/fr\/\"},{\"@type\":\"ListItem\",\"position\":2,\"name\":\"_old\",\"item\":\"https:\/\/couven-museum.de\/_old\/\"},{\"@type\":\"ListItem\",\"position\":3,\"name\":\"Sponsors\"}]},{\"@type\":\"WebSite\",\"@id\":\"https:\/\/couven-museum.de\/#website\",\"url\":\"https:\/\/couven-museum.de\/\",\"name\":\"Couven Museum\",\"description\":\"Couven-Museum Aachen\",\"potentialAction\":[{\"@type\":\"SearchAction\",\"target\":{\"@type\":\"EntryPoint\",\"urlTemplate\":\"https:\/\/couven-museum.de\/?s={search_term_string}\"},\"query-input\":{\"@type\":\"PropertyValueSpecification\",\"valueRequired\":true,\"valueName\":\"search_term_string\"}}],\"inLanguage\":\"fr-FR\"}]}<\/script>\n<!-- \/ Yoast SEO plugin. -->","yoast_head_json":{"title":"Sponsors - Couven Museum","robots":{"index":"index","follow":"follow","max-snippet":"max-snippet:-1","max-image-preview":"max-image-preview:large","max-video-preview":"max-video-preview:-1"},"canonical":"https:\/\/couven-museum.de\/_old\/sponsoren\/","og_locale":"fr_FR","og_type":"article","og_title":"Sponsors - Couven Museum","og_description":"De nombreux grands et petits sponsors soutiennent le mus\u00e9e Couven d\u2019Aix-la-Chapelle dans le cadre de ses acquisitions et de la conception de son programme d\u2019expositions.","og_url":"https:\/\/couven-museum.de\/_old\/sponsoren\/","og_site_name":"Couven Museum","article_modified_time":"2019-09-05T13:44:19+00:00","twitter_card":"summary_large_image","twitter_misc":{"Dur\u00e9e de lecture estim\u00e9e":"1 minute"},"schema":{"@context":"https:\/\/schema.org","@graph":[{"@type":"WebPage","@id":"https:\/\/couven-museum.de\/_old\/sponsoren\/","url":"https:\/\/couven-museum.de\/_old\/sponsoren\/","name":"Sponsors - Couven Museum","isPartOf":{"@id":"https:\/\/couven-museum.de\/#website"},"datePublished":"2012-05-08T09:37:06+00:00","dateModified":"2019-09-05T13:44:19+00:00","breadcrumb":{"@id":"https:\/\/couven-museum.de\/_old\/sponsoren\/#breadcrumb"},"inLanguage":"fr-FR","potentialAction":[{"@type":"ReadAction","target":["https:\/\/couven-museum.de\/_old\/sponsoren\/"]}]},{"@type":"BreadcrumbList","@id":"https:\/\/couven-museum.de\/_old\/sponsoren\/#breadcrumb","itemListElement":[{"@type":"ListItem","position":1,"name":"Startseite","item":"https:\/\/couven-museum.de\/fr\/"},{"@type":"ListItem","position":2,"name":"_old","item":"https:\/\/couven-museum.de\/_old\/"},{"@type":"ListItem","position":3,"name":"Sponsors"}]},{"@type":"WebSite","@id":"https:\/\/couven-museum.de\/#website","url":"https:\/\/couven-museum.de\/","name":"Couven Museum","description":"Couven-Museum Aachen","potentialAction":[{"@type":"SearchAction","target":{"@type":"EntryPoint","urlTemplate":"https:\/\/couven-museum.de\/?s={search_term_string}"},"query-input":{"@type":"PropertyValueSpecification","valueRequired":true,"valueName":"search_term_string"}}],"inLanguage":"fr-FR"}]}},"_links":{"self":[{"href":"https:\/\/couven-museum.de\/fr\/wp-json\/wp\/v2\/pages\/1596","targetHints":{"allow":["GET"]}}],"collection":[{"href":"https:\/\/couven-museum.de\/fr\/wp-json\/wp\/v2\/pages"}],"about":[{"href":"https:\/\/couven-museum.de\/fr\/wp-json\/wp\/v2\/types\/page"}],"author":[{"embeddable":true,"href":"https:\/\/couven-museum.de\/fr\/wp-json\/wp\/v2\/users\/1"}],"replies":[{"embeddable":true,"href":"https:\/\/couven-museum.de\/fr\/wp-json\/wp\/v2\/comments?post=1596"}],"version-history":[{"count":0,"href":"https:\/\/couven-museum.de\/fr\/wp-json\/wp\/v2\/pages\/1596\/revisions"}],"up":[{"embeddable":true,"href":"https:\/\/couven-museum.de\/fr\/wp-json\/wp\/v2\/pages\/5707"}],"wp:attachment":[{"href":"https:\/\/couven-museum.de\/fr\/wp-json\/wp\/v2\/media?parent=1596"}],"wp:term":[{"taxonomy":"category","embeddable":true,"href":"https:\/\/couven-museum.de\/fr\/wp-json\/wp\/v2\/categories?post=1596"},{"taxonomy":"post_tag","embeddable":true,"href":"https:\/\/couven-museum.de\/fr\/wp-json\/wp\/v2\/tags?post=1596"}],"curies":[{"name":"wp","href":"https:\/\/api.w.org\/{rel}","templated":true}]}}