{"id":1602,"date":"2012-05-08T11:37:07","date_gmt":"2012-05-08T09:37:07","guid":{"rendered":"http:\/\/couven-museum.de\/?page_id=1602"},"modified":"2019-09-05T15:44:19","modified_gmt":"2019-09-05T13:44:19","slug":"location-de-salles","status":"publish","type":"page","link":"https:\/\/couven-museum.de\/fr\/_old\/location-de-salles\/","title":{"rendered":"Location de salles"},"content":{"rendered":"<h4>Location de salles<\/h4>\n<p>Il est possible de louer le mus\u00e9e Couven pour des mariages ainsi que d\u2019autres festivit\u00e9s. La salle des f\u00eates du mus\u00e9e Couven peut accueillir jusqu\u2019\u00e0 70 personnes.<\/p>\n<p><a href=\"http:\/\/www.locations-aachen.de\/\">www.locations-aachen.de<\/a> ou t\u00e9l. +49 241 432-4999 (Call Aachen, lundi \u2013 vendredi \u00a07 \u2013 \u00a018 heures)<\/p>\n<h4>Se marier au mus\u00e9e Couven<\/h4>\n<p>Souhaitez-vous vous marier dans un espace ayant du style ?<br \/>\nAu mus\u00e9e Couven, ceci est possible.<br \/>\nPour toute info suppl\u00e9mentaire: <a href=\"http:\/\/www.aachen.de\/DE\/stadt_buerger\/Allgemeines\/heiraten\/index.html\">Se marier \u00e0 Aix-la-Chapelle<\/a><\/p>\n","protected":false},"excerpt":{"rendered":"<p>Souhaitez-vous louer des salles ou vous marier au mus\u00e9e Couven ?<\/p>\n","protected":false},"author":1,"featured_media":4687,"parent":5707,"menu_order":96,"comment_status":"closed","ping_status":"closed","template":"","meta":{"_acf_changed":false,"inline_featured_image":false,"_lmt_disableupdate":"","_lmt_disable":"","footnotes":""},"categories":[],"tags":[],"class_list":["post-1602","page","type-page","status-publish","has-post-thumbnail","hentry"],"acf":[],"yoast_head":"<!-- This site is optimized with the Yoast SEO plugin v27.2 - https:\/\/yoast.com\/product\/yoast-seo-wordpress\/ -->\n<title>Location de salles - Couven Museum<\/title>\n<meta name=\"robots\" content=\"index, follow, max-snippet:-1, max-image-preview:large, max-video-preview:-1\" \/>\n<link rel=\"canonical\" href=\"https:\/\/couven-museum.de\/_old\/vermietung-von-raumen\/\" \/>\n<meta property=\"og:locale\" content=\"fr_FR\" \/>\n<meta property=\"og:type\" content=\"article\" \/>\n<meta property=\"og:title\" content=\"Location de salles - Couven Museum\" \/>\n<meta property=\"og:description\" content=\"Souhaitez-vous louer des salles ou vous marier au mus\u00e9e Couven ?\" \/>\n<meta property=\"og:url\" content=\"https:\/\/couven-museum.de\/_old\/vermietung-von-raumen\/\" \/>\n<meta property=\"og:site_name\" content=\"Couven Museum\" \/>\n<meta property=\"article:modified_time\" content=\"2019-09-05T13:44:19+00:00\" \/>\n<meta property=\"og:image\" content=\"https:\/\/couven-museum.de\/wp-content\/uploads\/2012\/05\/vermietung_teaser.jpg\" \/>\n\t<meta property=\"og:image:width\" content=\"263\" \/>\n\t<meta property=\"og:image:height\" content=\"199\" \/>\n\t<meta property=\"og:image:type\" content=\"image\/jpeg\" \/>\n<meta name=\"twitter:card\" content=\"summary_large_image\" \/>\n<script type=\"application\/ld+json\" class=\"yoast-schema-graph\">{\"@context\":\"https:\/\/schema.org\",\"@graph\":[{\"@type\":\"WebPage\",\"@id\":\"https:\/\/couven-museum.de\/_old\/vermietung-von-raumen\/\",\"url\":\"https:\/\/couven-museum.de\/_old\/vermietung-von-raumen\/\",\"name\":\"Location de salles - Couven Museum\",\"isPartOf\":{\"@id\":\"https:\/\/couven-museum.de\/#website\"},\"primaryImageOfPage\":{\"@id\":\"https:\/\/couven-museum.de\/_old\/vermietung-von-raumen\/#primaryimage\"},\"image\":{\"@id\":\"https:\/\/couven-museum.de\/_old\/vermietung-von-raumen\/#primaryimage\"},\"thumbnailUrl\":\"https:\/\/couven-museum.de\/wp-content\/uploads\/2012\/05\/vermietung_teaser.jpg\",\"datePublished\":\"2012-05-08T09:37:07+00:00\",\"dateModified\":\"2019-09-05T13:44:19+00:00\",\"breadcrumb\":{\"@id\":\"https:\/\/couven-museum.de\/_old\/vermietung-von-raumen\/#breadcrumb\"},\"inLanguage\":\"fr-FR\",\"potentialAction\":[{\"@type\":\"ReadAction\",\"target\":[\"https:\/\/couven-museum.de\/_old\/vermietung-von-raumen\/\"]}]},{\"@type\":\"ImageObject\",\"inLanguage\":\"fr-FR\",\"@id\":\"https:\/\/couven-museum.de\/_old\/vermietung-von-raumen\/#primaryimage\",\"url\":\"https:\/\/couven-museum.de\/wp-content\/uploads\/2012\/05\/vermietung_teaser.jpg\",\"contentUrl\":\"https:\/\/couven-museum.de\/wp-content\/uploads\/2012\/05\/vermietung_teaser.jpg\",\"width\":263,\"height\":199},{\"@type\":\"BreadcrumbList\",\"@id\":\"https:\/\/couven-museum.de\/_old\/vermietung-von-raumen\/#breadcrumb\",\"itemListElement\":[{\"@type\":\"ListItem\",\"position\":1,\"name\":\"Startseite\",\"item\":\"https:\/\/couven-museum.de\/fr\/\"},{\"@type\":\"ListItem\",\"position\":2,\"name\":\"_old\",\"item\":\"https:\/\/couven-museum.de\/_old\/\"},{\"@type\":\"ListItem\",\"position\":3,\"name\":\"Location de salles\"}]},{\"@type\":\"WebSite\",\"@id\":\"https:\/\/couven-museum.de\/#website\",\"url\":\"https:\/\/couven-museum.de\/\",\"name\":\"Couven Museum\",\"description\":\"Couven-Museum Aachen\",\"potentialAction\":[{\"@type\":\"SearchAction\",\"target\":{\"@type\":\"EntryPoint\",\"urlTemplate\":\"https:\/\/couven-museum.de\/?s={search_term_string}\"},\"query-input\":{\"@type\":\"PropertyValueSpecification\",\"valueRequired\":true,\"valueName\":\"search_term_string\"}}],\"inLanguage\":\"fr-FR\"}]}<\/script>\n<!-- \/ Yoast SEO plugin. -->","yoast_head_json":{"title":"Location de salles - Couven Museum","robots":{"index":"index","follow":"follow","max-snippet":"max-snippet:-1","max-image-preview":"max-image-preview:large","max-video-preview":"max-video-preview:-1"},"canonical":"https:\/\/couven-museum.de\/_old\/vermietung-von-raumen\/","og_locale":"fr_FR","og_type":"article","og_title":"Location de salles - Couven Museum","og_description":"Souhaitez-vous louer des salles ou vous marier au mus\u00e9e Couven ?","og_url":"https:\/\/couven-museum.de\/_old\/vermietung-von-raumen\/","og_site_name":"Couven Museum","article_modified_time":"2019-09-05T13:44:19+00:00","og_image":[{"width":263,"height":199,"url":"https:\/\/couven-museum.de\/wp-content\/uploads\/2012\/05\/vermietung_teaser.jpg","type":"image\/jpeg"}],"twitter_card":"summary_large_image","schema":{"@context":"https:\/\/schema.org","@graph":[{"@type":"WebPage","@id":"https:\/\/couven-museum.de\/_old\/vermietung-von-raumen\/","url":"https:\/\/couven-museum.de\/_old\/vermietung-von-raumen\/","name":"Location de salles - Couven Museum","isPartOf":{"@id":"https:\/\/couven-museum.de\/#website"},"primaryImageOfPage":{"@id":"https:\/\/couven-museum.de\/_old\/vermietung-von-raumen\/#primaryimage"},"image":{"@id":"https:\/\/couven-museum.de\/_old\/vermietung-von-raumen\/#primaryimage"},"thumbnailUrl":"https:\/\/couven-museum.de\/wp-content\/uploads\/2012\/05\/vermietung_teaser.jpg","datePublished":"2012-05-08T09:37:07+00:00","dateModified":"2019-09-05T13:44:19+00:00","breadcrumb":{"@id":"https:\/\/couven-museum.de\/_old\/vermietung-von-raumen\/#breadcrumb"},"inLanguage":"fr-FR","potentialAction":[{"@type":"ReadAction","target":["https:\/\/couven-museum.de\/_old\/vermietung-von-raumen\/"]}]},{"@type":"ImageObject","inLanguage":"fr-FR","@id":"https:\/\/couven-museum.de\/_old\/vermietung-von-raumen\/#primaryimage","url":"https:\/\/couven-museum.de\/wp-content\/uploads\/2012\/05\/vermietung_teaser.jpg","contentUrl":"https:\/\/couven-museum.de\/wp-content\/uploads\/2012\/05\/vermietung_teaser.jpg","width":263,"height":199},{"@type":"BreadcrumbList","@id":"https:\/\/couven-museum.de\/_old\/vermietung-von-raumen\/#breadcrumb","itemListElement":[{"@type":"ListItem","position":1,"name":"Startseite","item":"https:\/\/couven-museum.de\/fr\/"},{"@type":"ListItem","position":2,"name":"_old","item":"https:\/\/couven-museum.de\/_old\/"},{"@type":"ListItem","position":3,"name":"Location de salles"}]},{"@type":"WebSite","@id":"https:\/\/couven-museum.de\/#website","url":"https:\/\/couven-museum.de\/","name":"Couven Museum","description":"Couven-Museum Aachen","potentialAction":[{"@type":"SearchAction","target":{"@type":"EntryPoint","urlTemplate":"https:\/\/couven-museum.de\/?s={search_term_string}"},"query-input":{"@type":"PropertyValueSpecification","valueRequired":true,"valueName":"search_term_string"}}],"inLanguage":"fr-FR"}]}},"_links":{"self":[{"href":"https:\/\/couven-museum.de\/fr\/wp-json\/wp\/v2\/pages\/1602","targetHints":{"allow":["GET"]}}],"collection":[{"href":"https:\/\/couven-museum.de\/fr\/wp-json\/wp\/v2\/pages"}],"about":[{"href":"https:\/\/couven-museum.de\/fr\/wp-json\/wp\/v2\/types\/page"}],"author":[{"embeddable":true,"href":"https:\/\/couven-museum.de\/fr\/wp-json\/wp\/v2\/users\/1"}],"replies":[{"embeddable":true,"href":"https:\/\/couven-museum.de\/fr\/wp-json\/wp\/v2\/comments?post=1602"}],"version-history":[{"count":0,"href":"https:\/\/couven-museum.de\/fr\/wp-json\/wp\/v2\/pages\/1602\/revisions"}],"up":[{"embeddable":true,"href":"https:\/\/couven-museum.de\/fr\/wp-json\/wp\/v2\/pages\/5707"}],"wp:featuredmedia":[{"embeddable":true,"href":"https:\/\/couven-museum.de\/fr\/wp-json\/wp\/v2\/media\/4687"}],"wp:attachment":[{"href":"https:\/\/couven-museum.de\/fr\/wp-json\/wp\/v2\/media?parent=1602"}],"wp:term":[{"taxonomy":"category","embeddable":true,"href":"https:\/\/couven-museum.de\/fr\/wp-json\/wp\/v2\/categories?post=1602"},{"taxonomy":"post_tag","embeddable":true,"href":"https:\/\/couven-museum.de\/fr\/wp-json\/wp\/v2\/tags?post=1602"}],"curies":[{"name":"wp","href":"https:\/\/api.w.org\/{rel}","templated":true}]}}