{"id":1649,"date":"2013-04-30T18:10:43","date_gmt":"2013-04-30T16:10:43","guid":{"rendered":"http:\/\/couven-museum.de\/?page_id=1649"},"modified":"2019-09-05T15:44:52","modified_gmt":"2019-09-05T13:44:52","slug":"pour-les-visiteurs-aveugles-et-malvoyants","status":"publish","type":"page","link":"https:\/\/couven-museum.de\/fr\/_old\/mediation-artistique\/pour-les-visiteurs-aveugles-et-malvoyants\/","title":{"rendered":"Pour les visiteurs aveugles et malvoyants"},"content":{"rendered":"<p>Le mus\u00e9e Couven situ\u00e9 au H\u00fchnermarkt propose r\u00e9guli\u00e8rement des visites guid\u00e9es pour les personnes aveugles et malvoyantes. Du personnel form\u00e9 entreprend une visite vivante \u00e0 travers le mus\u00e9e durant laquelle diff\u00e9rentes impressions sensorielles priment. En raison du nombre limit\u00e9 de participants, il est n\u00e9cessaire de s\u2019inscrire en appelant au + 49 241 47980-20 ou en \u00e9crivant \u00e0\u00a0<a href=\"mailto:renate.szatkowski@mail.aachen.de\">renate.szatkowski@mail.aachen.de<\/a>.\u00a0L\u2019entr\u00e9e est libre. Vous pouvez consulter l\u2019agenda actuel dans notre <a title=\"Kalender\" href=\"https:\/\/couven-museum.de\/fr\/calendrier\/\">calendrier<\/a>.<\/p>\n","protected":false},"excerpt":{"rendered":"<p>Pour les visiteurs aveugles et malvoyants<\/p>\n","protected":false},"author":1,"featured_media":474,"parent":1614,"menu_order":119,"comment_status":"closed","ping_status":"closed","template":"","meta":{"_acf_changed":false,"inline_featured_image":false,"_lmt_disableupdate":"","_lmt_disable":"","footnotes":""},"categories":[],"tags":[],"class_list":["post-1649","page","type-page","status-publish","has-post-thumbnail","hentry"],"acf":[],"yoast_head":"<!-- This site is optimized with the Yoast SEO plugin v27.2 - https:\/\/yoast.com\/product\/yoast-seo-wordpress\/ -->\n<title>Pour les visiteurs aveugles et malvoyants - Couven Museum<\/title>\n<meta name=\"robots\" content=\"index, follow, max-snippet:-1, max-image-preview:large, max-video-preview:-1\" \/>\n<link rel=\"canonical\" href=\"https:\/\/couven-museum.de\/fr\/_old\/mediation-artistique\/pour-les-visiteurs-aveugles-et-malvoyants\/\" \/>\n<meta property=\"og:locale\" content=\"fr_FR\" \/>\n<meta property=\"og:type\" content=\"article\" \/>\n<meta property=\"og:title\" content=\"Pour les visiteurs aveugles et malvoyants - Couven Museum\" \/>\n<meta property=\"og:description\" content=\"Pour les visiteurs aveugles et malvoyants\" \/>\n<meta property=\"og:url\" content=\"https:\/\/couven-museum.de\/fr\/_old\/mediation-artistique\/pour-les-visiteurs-aveugles-et-malvoyants\/\" \/>\n<meta property=\"og:site_name\" content=\"Couven Museum\" \/>\n<meta property=\"article:modified_time\" content=\"2019-09-05T13:44:52+00:00\" \/>\n<meta property=\"og:image\" content=\"https:\/\/couven-museum.de\/wp-content\/uploads\/2012\/05\/blindenhund_couven_small.jpg\" \/>\n\t<meta property=\"og:image:width\" content=\"263\" \/>\n\t<meta property=\"og:image:height\" content=\"199\" \/>\n\t<meta property=\"og:image:type\" content=\"image\/jpeg\" \/>\n<meta name=\"twitter:card\" content=\"summary_large_image\" \/>\n<script type=\"application\/ld+json\" class=\"yoast-schema-graph\">{\"@context\":\"https:\/\/schema.org\",\"@graph\":[{\"@type\":\"WebPage\",\"@id\":\"https:\/\/couven-museum.de\/fr\/_old\/mediation-artistique\/pour-les-visiteurs-aveugles-et-malvoyants\/\",\"url\":\"https:\/\/couven-museum.de\/fr\/_old\/mediation-artistique\/pour-les-visiteurs-aveugles-et-malvoyants\/\",\"name\":\"Pour les visiteurs aveugles et malvoyants - Couven Museum\",\"isPartOf\":{\"@id\":\"https:\/\/couven-museum.de\/#website\"},\"primaryImageOfPage\":{\"@id\":\"https:\/\/couven-museum.de\/fr\/_old\/mediation-artistique\/pour-les-visiteurs-aveugles-et-malvoyants\/#primaryimage\"},\"image\":{\"@id\":\"https:\/\/couven-museum.de\/fr\/_old\/mediation-artistique\/pour-les-visiteurs-aveugles-et-malvoyants\/#primaryimage\"},\"thumbnailUrl\":\"https:\/\/couven-museum.de\/wp-content\/uploads\/2012\/05\/blindenhund_couven_small.jpg\",\"datePublished\":\"2013-04-30T16:10:43+00:00\",\"dateModified\":\"2019-09-05T13:44:52+00:00\",\"breadcrumb\":{\"@id\":\"https:\/\/couven-museum.de\/fr\/_old\/mediation-artistique\/pour-les-visiteurs-aveugles-et-malvoyants\/#breadcrumb\"},\"inLanguage\":\"fr-FR\",\"potentialAction\":[{\"@type\":\"ReadAction\",\"target\":[\"https:\/\/couven-museum.de\/fr\/_old\/mediation-artistique\/pour-les-visiteurs-aveugles-et-malvoyants\/\"]}]},{\"@type\":\"ImageObject\",\"inLanguage\":\"fr-FR\",\"@id\":\"https:\/\/couven-museum.de\/fr\/_old\/mediation-artistique\/pour-les-visiteurs-aveugles-et-malvoyants\/#primaryimage\",\"url\":\"https:\/\/couven-museum.de\/wp-content\/uploads\/2012\/05\/blindenhund_couven_small.jpg\",\"contentUrl\":\"https:\/\/couven-museum.de\/wp-content\/uploads\/2012\/05\/blindenhund_couven_small.jpg\",\"width\":263,\"height\":199},{\"@type\":\"BreadcrumbList\",\"@id\":\"https:\/\/couven-museum.de\/fr\/_old\/mediation-artistique\/pour-les-visiteurs-aveugles-et-malvoyants\/#breadcrumb\",\"itemListElement\":[{\"@type\":\"ListItem\",\"position\":1,\"name\":\"Startseite\",\"item\":\"https:\/\/couven-museum.de\/fr\/\"},{\"@type\":\"ListItem\",\"position\":2,\"name\":\"_old\",\"item\":\"https:\/\/couven-museum.de\/_old\/\"},{\"@type\":\"ListItem\",\"position\":3,\"name\":\"Service \u00e9ducative\",\"item\":\"https:\/\/couven-museum.de\/fr\/_old\/mediation-artistique\/\"},{\"@type\":\"ListItem\",\"position\":4,\"name\":\"Pour les visiteurs aveugles et malvoyants\"}]},{\"@type\":\"WebSite\",\"@id\":\"https:\/\/couven-museum.de\/#website\",\"url\":\"https:\/\/couven-museum.de\/\",\"name\":\"Couven Museum\",\"description\":\"Couven-Museum Aachen\",\"potentialAction\":[{\"@type\":\"SearchAction\",\"target\":{\"@type\":\"EntryPoint\",\"urlTemplate\":\"https:\/\/couven-museum.de\/?s={search_term_string}\"},\"query-input\":{\"@type\":\"PropertyValueSpecification\",\"valueRequired\":true,\"valueName\":\"search_term_string\"}}],\"inLanguage\":\"fr-FR\"}]}<\/script>\n<!-- \/ Yoast SEO plugin. -->","yoast_head_json":{"title":"Pour les visiteurs aveugles et malvoyants - Couven Museum","robots":{"index":"index","follow":"follow","max-snippet":"max-snippet:-1","max-image-preview":"max-image-preview:large","max-video-preview":"max-video-preview:-1"},"canonical":"https:\/\/couven-museum.de\/fr\/_old\/mediation-artistique\/pour-les-visiteurs-aveugles-et-malvoyants\/","og_locale":"fr_FR","og_type":"article","og_title":"Pour les visiteurs aveugles et malvoyants - Couven Museum","og_description":"Pour les visiteurs aveugles et malvoyants","og_url":"https:\/\/couven-museum.de\/fr\/_old\/mediation-artistique\/pour-les-visiteurs-aveugles-et-malvoyants\/","og_site_name":"Couven Museum","article_modified_time":"2019-09-05T13:44:52+00:00","og_image":[{"width":263,"height":199,"url":"https:\/\/couven-museum.de\/wp-content\/uploads\/2012\/05\/blindenhund_couven_small.jpg","type":"image\/jpeg"}],"twitter_card":"summary_large_image","schema":{"@context":"https:\/\/schema.org","@graph":[{"@type":"WebPage","@id":"https:\/\/couven-museum.de\/fr\/_old\/mediation-artistique\/pour-les-visiteurs-aveugles-et-malvoyants\/","url":"https:\/\/couven-museum.de\/fr\/_old\/mediation-artistique\/pour-les-visiteurs-aveugles-et-malvoyants\/","name":"Pour les visiteurs aveugles et malvoyants - Couven Museum","isPartOf":{"@id":"https:\/\/couven-museum.de\/#website"},"primaryImageOfPage":{"@id":"https:\/\/couven-museum.de\/fr\/_old\/mediation-artistique\/pour-les-visiteurs-aveugles-et-malvoyants\/#primaryimage"},"image":{"@id":"https:\/\/couven-museum.de\/fr\/_old\/mediation-artistique\/pour-les-visiteurs-aveugles-et-malvoyants\/#primaryimage"},"thumbnailUrl":"https:\/\/couven-museum.de\/wp-content\/uploads\/2012\/05\/blindenhund_couven_small.jpg","datePublished":"2013-04-30T16:10:43+00:00","dateModified":"2019-09-05T13:44:52+00:00","breadcrumb":{"@id":"https:\/\/couven-museum.de\/fr\/_old\/mediation-artistique\/pour-les-visiteurs-aveugles-et-malvoyants\/#breadcrumb"},"inLanguage":"fr-FR","potentialAction":[{"@type":"ReadAction","target":["https:\/\/couven-museum.de\/fr\/_old\/mediation-artistique\/pour-les-visiteurs-aveugles-et-malvoyants\/"]}]},{"@type":"ImageObject","inLanguage":"fr-FR","@id":"https:\/\/couven-museum.de\/fr\/_old\/mediation-artistique\/pour-les-visiteurs-aveugles-et-malvoyants\/#primaryimage","url":"https:\/\/couven-museum.de\/wp-content\/uploads\/2012\/05\/blindenhund_couven_small.jpg","contentUrl":"https:\/\/couven-museum.de\/wp-content\/uploads\/2012\/05\/blindenhund_couven_small.jpg","width":263,"height":199},{"@type":"BreadcrumbList","@id":"https:\/\/couven-museum.de\/fr\/_old\/mediation-artistique\/pour-les-visiteurs-aveugles-et-malvoyants\/#breadcrumb","itemListElement":[{"@type":"ListItem","position":1,"name":"Startseite","item":"https:\/\/couven-museum.de\/fr\/"},{"@type":"ListItem","position":2,"name":"_old","item":"https:\/\/couven-museum.de\/_old\/"},{"@type":"ListItem","position":3,"name":"Service \u00e9ducative","item":"https:\/\/couven-museum.de\/fr\/_old\/mediation-artistique\/"},{"@type":"ListItem","position":4,"name":"Pour les visiteurs aveugles et malvoyants"}]},{"@type":"WebSite","@id":"https:\/\/couven-museum.de\/#website","url":"https:\/\/couven-museum.de\/","name":"Couven Museum","description":"Couven-Museum Aachen","potentialAction":[{"@type":"SearchAction","target":{"@type":"EntryPoint","urlTemplate":"https:\/\/couven-museum.de\/?s={search_term_string}"},"query-input":{"@type":"PropertyValueSpecification","valueRequired":true,"valueName":"search_term_string"}}],"inLanguage":"fr-FR"}]}},"_links":{"self":[{"href":"https:\/\/couven-museum.de\/fr\/wp-json\/wp\/v2\/pages\/1649","targetHints":{"allow":["GET"]}}],"collection":[{"href":"https:\/\/couven-museum.de\/fr\/wp-json\/wp\/v2\/pages"}],"about":[{"href":"https:\/\/couven-museum.de\/fr\/wp-json\/wp\/v2\/types\/page"}],"author":[{"embeddable":true,"href":"https:\/\/couven-museum.de\/fr\/wp-json\/wp\/v2\/users\/1"}],"replies":[{"embeddable":true,"href":"https:\/\/couven-museum.de\/fr\/wp-json\/wp\/v2\/comments?post=1649"}],"version-history":[{"count":0,"href":"https:\/\/couven-museum.de\/fr\/wp-json\/wp\/v2\/pages\/1649\/revisions"}],"up":[{"embeddable":true,"href":"https:\/\/couven-museum.de\/fr\/wp-json\/wp\/v2\/pages\/1614"}],"wp:featuredmedia":[{"embeddable":true,"href":"https:\/\/couven-museum.de\/fr\/wp-json\/wp\/v2\/media\/474"}],"wp:attachment":[{"href":"https:\/\/couven-museum.de\/fr\/wp-json\/wp\/v2\/media?parent=1649"}],"wp:term":[{"taxonomy":"category","embeddable":true,"href":"https:\/\/couven-museum.de\/fr\/wp-json\/wp\/v2\/categories?post=1649"},{"taxonomy":"post_tag","embeddable":true,"href":"https:\/\/couven-museum.de\/fr\/wp-json\/wp\/v2\/tags?post=1649"}],"curies":[{"name":"wp","href":"https:\/\/api.w.org\/{rel}","templated":true}]}}