{"id":1663,"date":"2012-05-03T13:24:11","date_gmt":"2012-05-03T11:24:11","guid":{"rendered":"http:\/\/couven-museum.de\/?page_id=1663"},"modified":"2026-03-30T16:49:31","modified_gmt":"2026-03-30T14:49:31","slug":"1663-2","status":"publish","type":"page","link":"https:\/\/couven-museum.de\/fr\/musee\/1663-2\/","title":{"rendered":"Biedermeier"},"content":{"rendered":"\t\t<div data-elementor-type=\"wp-page\" data-elementor-id=\"1663\" class=\"elementor elementor-1663 elementor-58\" data-elementor-post-type=\"page\">\n\t\t\t\t\t\t<section class=\"elementor-section elementor-top-section elementor-element elementor-element-c5c5f82 elementor-section-boxed elementor-section-height-default elementor-section-height-default\" data-id=\"c5c5f82\" data-element_type=\"section\" data-e-type=\"section\">\n\t\t\t\t\t\t\t<div class=\"elementor-background-overlay\"><\/div>\n\t\t\t\t\t\t\t<div class=\"elementor-container elementor-column-gap-default\">\n\t\t\t\t\t<div class=\"elementor-column elementor-col-100 elementor-top-column elementor-element elementor-element-7c89c7e\" data-id=\"7c89c7e\" data-element_type=\"column\" data-e-type=\"column\">\n\t\t\t<div class=\"elementor-widget-wrap elementor-element-populated\">\n\t\t\t\t\t\t<div class=\"elementor-element elementor-element-773f817 elementor-widget elementor-widget-spacer\" data-id=\"773f817\" data-element_type=\"widget\" data-e-type=\"widget\" data-widget_type=\"spacer.default\">\n\t\t\t\t<div class=\"elementor-widget-container\">\n\t\t\t\t\t\t\t<div class=\"elementor-spacer\">\n\t\t\t<div class=\"elementor-spacer-inner\"><\/div>\n\t\t<\/div>\n\t\t\t\t\t\t<\/div>\n\t\t\t\t<\/div>\n\t\t\t\t<div class=\"elementor-element elementor-element-f64c369 elementor-widget elementor-widget-theme-post-title elementor-page-title elementor-widget-heading\" data-id=\"f64c369\" data-element_type=\"widget\" data-e-type=\"widget\" data-widget_type=\"theme-post-title.default\">\n\t\t\t\t<div class=\"elementor-widget-container\">\n\t\t\t\t\t<h2 class=\"elementor-heading-title elementor-size-default\">Biedermeier<\/h2>\t\t\t\t<\/div>\n\t\t\t\t<\/div>\n\t\t\t\t<div class=\"elementor-element elementor-element-a237288 elementor-widget elementor-widget-heading\" data-id=\"a237288\" data-element_type=\"widget\" data-e-type=\"widget\" data-widget_type=\"heading.default\">\n\t\t\t\t<div class=\"elementor-widget-container\">\n\t\t\t\t\t<h5 class=\"elementor-heading-title elementor-size-default\">Le repli sur la sph\u00e8re priv\u00e9e<\/h5>\t\t\t\t<\/div>\n\t\t\t\t<\/div>\n\t\t\t\t<div class=\"elementor-element elementor-element-fbb095d elementor-widget elementor-widget-image\" data-id=\"fbb095d\" data-element_type=\"widget\" data-e-type=\"widget\" data-widget_type=\"image.default\">\n\t\t\t\t<div class=\"elementor-widget-container\">\n\t\t\t\t\t\t\t\t\t\t\t\t\t\t\t<img fetchpriority=\"high\" decoding=\"async\" width=\"768\" height=\"606\" src=\"https:\/\/couven-museum.de\/wp-content\/uploads\/2026\/03\/couven-museum-biedermeier-768x606.jpg\" class=\"attachment-medium_large size-medium_large wp-image-12013\" alt=\"\" srcset=\"https:\/\/couven-museum.de\/wp-content\/uploads\/2026\/03\/couven-museum-biedermeier-768x606.jpg 768w, https:\/\/couven-museum.de\/wp-content\/uploads\/2026\/03\/couven-museum-biedermeier-460x363.jpg 460w, https:\/\/couven-museum.de\/wp-content\/uploads\/2026\/03\/couven-museum-biedermeier-700x552.jpg 700w, https:\/\/couven-museum.de\/wp-content\/uploads\/2026\/03\/couven-museum-biedermeier-220x174.jpg 220w, https:\/\/couven-museum.de\/wp-content\/uploads\/2026\/03\/couven-museum-biedermeier-1536x1212.jpg 1536w, https:\/\/couven-museum.de\/wp-content\/uploads\/2026\/03\/couven-museum-biedermeier-1900x1499.jpg 1900w, https:\/\/couven-museum.de\/wp-content\/uploads\/2026\/03\/couven-museum-biedermeier.jpg 1920w\" sizes=\"(max-width: 768px) 100vw, 768px\" \/>\t\t\t\t\t\t\t\t\t\t\t\t\t\t\t<\/div>\n\t\t\t\t<\/div>\n\t\t\t\t<div class=\"elementor-element elementor-element-1ef491f elementor-widget elementor-widget-text-editor\" data-id=\"1ef491f\" data-element_type=\"widget\" data-e-type=\"widget\" data-widget_type=\"text-editor.default\">\n\t\t\t\t<div class=\"elementor-widget-container\">\n\t\t\t\t\t\t\t\t\t<p style=\"text-align: justify;\"><span style=\"text-align: left;\">\u00c0 l\u2019\u00e9poque du Biedermeier (1815-1848), un art de vivre s\u2019est d\u00e9velopp\u00e9 qui pla\u00e7ait au centre le foyer confortable et chaleureux. Depuis les guerres napol\u00e9oniennes, la simplicit\u00e9 et la fonctionnalit\u00e9 d\u00e9terminaient le style de l\u2019am\u00e9nagement int\u00e9rieur, les moyens financiers et les mati\u00e8res premi\u00e8res faisant d\u00e9faut pour des r\u00e9alisations plus sophistiqu\u00e9es. Le salon, avec son canap\u00e9, sa table et ses chaises, constituait le refuge id\u00e9al pour les moments pass\u00e9s en famille. Ce repli sur la sph\u00e8re priv\u00e9e fut d\u00e9j\u00e0 tourn\u00e9 en d\u00e9rision par les esprits libres de l\u2019\u00e9poque. Ainsi, le terme \u00ab Biedermeier \u00bb est aussi devenu une d\u00e9signation p\u00e9jorative pour une vie apolitique et petite-bourgeoise, marqu\u00e9e par une morale stricte et le confort domestique.<\/span><\/p>\n\t\t\t\t\t\t\t\t<\/div>\n\t\t\t\t<\/div>\n\t\t\t\t<div class=\"elementor-element elementor-element-d45a2c9 elementor-align-center elementor-widget elementor-widget-button\" data-id=\"d45a2c9\" data-element_type=\"widget\" data-e-type=\"widget\" data-widget_type=\"button.default\">\n\t\t\t\t<div class=\"elementor-widget-container\">\n\t\t\t\t\t\t\t\t\t<div class=\"elementor-button-wrapper\">\n\t\t\t\t\t<a class=\"elementor-button elementor-button-link elementor-size-md\" href=\"https:\/\/couven-museum.de\/fr\/musee\/#sammlung\">\n\t\t\t\t\t\t<span class=\"elementor-button-content-wrapper\">\n\t\t\t\t\t\t<span class=\"elementor-button-icon\">\n\t\t\t\t<i aria-hidden=\"true\" class=\"fas fa-angle-right\"><\/i>\t\t\t<\/span>\n\t\t\t\t\t\t\t\t\t<span class=\"elementor-button-text\">VERS LA COLLECTION<\/span>\n\t\t\t\t\t<\/span>\n\t\t\t\t\t<\/a>\n\t\t\t\t<\/div>\n\t\t\t\t\t\t\t\t<\/div>\n\t\t\t\t<\/div>\n\t\t\t\t<div class=\"elementor-element elementor-element-9700c28 elementor-widget elementor-widget-spacer\" data-id=\"9700c28\" data-element_type=\"widget\" data-e-type=\"widget\" data-widget_type=\"spacer.default\">\n\t\t\t\t<div class=\"elementor-widget-container\">\n\t\t\t\t\t\t\t<div class=\"elementor-spacer\">\n\t\t\t<div class=\"elementor-spacer-inner\"><\/div>\n\t\t<\/div>\n\t\t\t\t\t\t<\/div>\n\t\t\t\t<\/div>\n\t\t\t\t\t<\/div>\n\t\t<\/div>\n\t\t\t\t\t<\/div>\n\t\t<\/section>\n\t\t\t\t<\/div>\n\t\t","protected":false},"excerpt":{"rendered":"<p>\u00c0 l\u2019\u00e9poque du Biedermeier, un art de vivre s\u2019est d\u00e9velopp\u00e9 qui pla\u00e7ait au centre le foyer confortable et chaleureux. La simplicit\u00e9 et la fonctionnalit\u00e9 d\u00e9terminaient le style de l\u2019am\u00e9nagement int\u00e9rieur.<\/p>\n","protected":false},"author":43,"featured_media":12013,"parent":11880,"menu_order":17,"comment_status":"closed","ping_status":"closed","template":"","meta":{"_acf_changed":false,"inline_featured_image":false,"_lmt_disableupdate":"no","_lmt_disable":"","footnotes":""},"categories":[127],"tags":[],"class_list":["post-1663","page","type-page","status-publish","has-post-thumbnail","hentry","category-collection"],"acf":[],"yoast_head":"<!-- This site is optimized with the Yoast SEO plugin v27.2 - https:\/\/yoast.com\/product\/yoast-seo-wordpress\/ -->\n<title>Biedermeier - Couven Museum<\/title>\n<meta name=\"robots\" content=\"index, follow, max-snippet:-1, max-image-preview:large, max-video-preview:-1\" \/>\n<link rel=\"canonical\" href=\"https:\/\/couven-museum.de\/fr\/musee\/1663-2\/\" \/>\n<meta property=\"og:locale\" content=\"fr_FR\" \/>\n<meta property=\"og:type\" content=\"article\" \/>\n<meta property=\"og:title\" content=\"Biedermeier - Couven Museum\" \/>\n<meta property=\"og:description\" content=\"\u00c0 l\u2019\u00e9poque du Biedermeier, un art de vivre s\u2019est d\u00e9velopp\u00e9 qui pla\u00e7ait au centre le foyer confortable et chaleureux. La simplicit\u00e9 et la fonctionnalit\u00e9 d\u00e9terminaient le style de l\u2019am\u00e9nagement int\u00e9rieur.\" \/>\n<meta property=\"og:url\" content=\"https:\/\/couven-museum.de\/fr\/musee\/1663-2\/\" \/>\n<meta property=\"og:site_name\" content=\"Couven Museum\" \/>\n<meta property=\"article:modified_time\" content=\"2026-03-30T14:49:31+00:00\" \/>\n<meta property=\"og:image\" content=\"https:\/\/couven-museum.de\/wp-content\/uploads\/2026\/03\/couven-museum-biedermeier.jpg\" \/>\n\t<meta property=\"og:image:width\" content=\"1920\" \/>\n\t<meta property=\"og:image:height\" content=\"1515\" \/>\n\t<meta property=\"og:image:type\" content=\"image\/jpeg\" \/>\n<meta name=\"twitter:card\" content=\"summary_large_image\" \/>\n<meta name=\"twitter:label1\" content=\"Dur\u00e9e de lecture estim\u00e9e\" \/>\n\t<meta name=\"twitter:data1\" content=\"1 minute\" \/>\n<script type=\"application\/ld+json\" class=\"yoast-schema-graph\">{\"@context\":\"https:\/\/schema.org\",\"@graph\":[{\"@type\":\"WebPage\",\"@id\":\"https:\/\/couven-museum.de\/fr\/musee\/1663-2\/\",\"url\":\"https:\/\/couven-museum.de\/fr\/musee\/1663-2\/\",\"name\":\"Biedermeier - Couven Museum\",\"isPartOf\":{\"@id\":\"https:\/\/couven-museum.de\/#website\"},\"primaryImageOfPage\":{\"@id\":\"https:\/\/couven-museum.de\/fr\/musee\/1663-2\/#primaryimage\"},\"image\":{\"@id\":\"https:\/\/couven-museum.de\/fr\/musee\/1663-2\/#primaryimage\"},\"thumbnailUrl\":\"https:\/\/couven-museum.de\/wp-content\/uploads\/2026\/03\/couven-museum-biedermeier.jpg\",\"datePublished\":\"2012-05-03T11:24:11+00:00\",\"dateModified\":\"2026-03-30T14:49:31+00:00\",\"breadcrumb\":{\"@id\":\"https:\/\/couven-museum.de\/fr\/musee\/1663-2\/#breadcrumb\"},\"inLanguage\":\"fr-FR\",\"potentialAction\":[{\"@type\":\"ReadAction\",\"target\":[\"https:\/\/couven-museum.de\/fr\/musee\/1663-2\/\"]}]},{\"@type\":\"ImageObject\",\"inLanguage\":\"fr-FR\",\"@id\":\"https:\/\/couven-museum.de\/fr\/musee\/1663-2\/#primaryimage\",\"url\":\"https:\/\/couven-museum.de\/wp-content\/uploads\/2026\/03\/couven-museum-biedermeier.jpg\",\"contentUrl\":\"https:\/\/couven-museum.de\/wp-content\/uploads\/2026\/03\/couven-museum-biedermeier.jpg\",\"width\":1920,\"height\":1515},{\"@type\":\"BreadcrumbList\",\"@id\":\"https:\/\/couven-museum.de\/fr\/musee\/1663-2\/#breadcrumb\",\"itemListElement\":[{\"@type\":\"ListItem\",\"position\":1,\"name\":\"Startseite\",\"item\":\"https:\/\/couven-museum.de\/fr\/\"},{\"@type\":\"ListItem\",\"position\":2,\"name\":\"Mus\u00e9e\",\"item\":\"https:\/\/couven-museum.de\/museum\/\"},{\"@type\":\"ListItem\",\"position\":3,\"name\":\"Biedermeier\"}]},{\"@type\":\"WebSite\",\"@id\":\"https:\/\/couven-museum.de\/#website\",\"url\":\"https:\/\/couven-museum.de\/\",\"name\":\"Couven Museum\",\"description\":\"Couven-Museum Aachen\",\"potentialAction\":[{\"@type\":\"SearchAction\",\"target\":{\"@type\":\"EntryPoint\",\"urlTemplate\":\"https:\/\/couven-museum.de\/?s={search_term_string}\"},\"query-input\":{\"@type\":\"PropertyValueSpecification\",\"valueRequired\":true,\"valueName\":\"search_term_string\"}}],\"inLanguage\":\"fr-FR\"}]}<\/script>\n<!-- \/ Yoast SEO plugin. -->","yoast_head_json":{"title":"Biedermeier - Couven Museum","robots":{"index":"index","follow":"follow","max-snippet":"max-snippet:-1","max-image-preview":"max-image-preview:large","max-video-preview":"max-video-preview:-1"},"canonical":"https:\/\/couven-museum.de\/fr\/musee\/1663-2\/","og_locale":"fr_FR","og_type":"article","og_title":"Biedermeier - Couven Museum","og_description":"\u00c0 l\u2019\u00e9poque du Biedermeier, un art de vivre s\u2019est d\u00e9velopp\u00e9 qui pla\u00e7ait au centre le foyer confortable et chaleureux. La simplicit\u00e9 et la fonctionnalit\u00e9 d\u00e9terminaient le style de l\u2019am\u00e9nagement int\u00e9rieur.","og_url":"https:\/\/couven-museum.de\/fr\/musee\/1663-2\/","og_site_name":"Couven Museum","article_modified_time":"2026-03-30T14:49:31+00:00","og_image":[{"width":1920,"height":1515,"url":"https:\/\/couven-museum.de\/wp-content\/uploads\/2026\/03\/couven-museum-biedermeier.jpg","type":"image\/jpeg"}],"twitter_card":"summary_large_image","twitter_misc":{"Dur\u00e9e de lecture estim\u00e9e":"1 minute"},"schema":{"@context":"https:\/\/schema.org","@graph":[{"@type":"WebPage","@id":"https:\/\/couven-museum.de\/fr\/musee\/1663-2\/","url":"https:\/\/couven-museum.de\/fr\/musee\/1663-2\/","name":"Biedermeier - Couven Museum","isPartOf":{"@id":"https:\/\/couven-museum.de\/#website"},"primaryImageOfPage":{"@id":"https:\/\/couven-museum.de\/fr\/musee\/1663-2\/#primaryimage"},"image":{"@id":"https:\/\/couven-museum.de\/fr\/musee\/1663-2\/#primaryimage"},"thumbnailUrl":"https:\/\/couven-museum.de\/wp-content\/uploads\/2026\/03\/couven-museum-biedermeier.jpg","datePublished":"2012-05-03T11:24:11+00:00","dateModified":"2026-03-30T14:49:31+00:00","breadcrumb":{"@id":"https:\/\/couven-museum.de\/fr\/musee\/1663-2\/#breadcrumb"},"inLanguage":"fr-FR","potentialAction":[{"@type":"ReadAction","target":["https:\/\/couven-museum.de\/fr\/musee\/1663-2\/"]}]},{"@type":"ImageObject","inLanguage":"fr-FR","@id":"https:\/\/couven-museum.de\/fr\/musee\/1663-2\/#primaryimage","url":"https:\/\/couven-museum.de\/wp-content\/uploads\/2026\/03\/couven-museum-biedermeier.jpg","contentUrl":"https:\/\/couven-museum.de\/wp-content\/uploads\/2026\/03\/couven-museum-biedermeier.jpg","width":1920,"height":1515},{"@type":"BreadcrumbList","@id":"https:\/\/couven-museum.de\/fr\/musee\/1663-2\/#breadcrumb","itemListElement":[{"@type":"ListItem","position":1,"name":"Startseite","item":"https:\/\/couven-museum.de\/fr\/"},{"@type":"ListItem","position":2,"name":"Mus\u00e9e","item":"https:\/\/couven-museum.de\/museum\/"},{"@type":"ListItem","position":3,"name":"Biedermeier"}]},{"@type":"WebSite","@id":"https:\/\/couven-museum.de\/#website","url":"https:\/\/couven-museum.de\/","name":"Couven Museum","description":"Couven-Museum Aachen","potentialAction":[{"@type":"SearchAction","target":{"@type":"EntryPoint","urlTemplate":"https:\/\/couven-museum.de\/?s={search_term_string}"},"query-input":{"@type":"PropertyValueSpecification","valueRequired":true,"valueName":"search_term_string"}}],"inLanguage":"fr-FR"}]}},"_links":{"self":[{"href":"https:\/\/couven-museum.de\/fr\/wp-json\/wp\/v2\/pages\/1663","targetHints":{"allow":["GET"]}}],"collection":[{"href":"https:\/\/couven-museum.de\/fr\/wp-json\/wp\/v2\/pages"}],"about":[{"href":"https:\/\/couven-museum.de\/fr\/wp-json\/wp\/v2\/types\/page"}],"author":[{"embeddable":true,"href":"https:\/\/couven-museum.de\/fr\/wp-json\/wp\/v2\/users\/43"}],"replies":[{"embeddable":true,"href":"https:\/\/couven-museum.de\/fr\/wp-json\/wp\/v2\/comments?post=1663"}],"version-history":[{"count":4,"href":"https:\/\/couven-museum.de\/fr\/wp-json\/wp\/v2\/pages\/1663\/revisions"}],"predecessor-version":[{"id":11898,"href":"https:\/\/couven-museum.de\/fr\/wp-json\/wp\/v2\/pages\/1663\/revisions\/11898"}],"up":[{"embeddable":true,"href":"https:\/\/couven-museum.de\/fr\/wp-json\/wp\/v2\/pages\/11880"}],"wp:featuredmedia":[{"embeddable":true,"href":"https:\/\/couven-museum.de\/fr\/wp-json\/wp\/v2\/media\/12013"}],"wp:attachment":[{"href":"https:\/\/couven-museum.de\/fr\/wp-json\/wp\/v2\/media?parent=1663"}],"wp:term":[{"taxonomy":"category","embeddable":true,"href":"https:\/\/couven-museum.de\/fr\/wp-json\/wp\/v2\/categories?post=1663"},{"taxonomy":"post_tag","embeddable":true,"href":"https:\/\/couven-museum.de\/fr\/wp-json\/wp\/v2\/tags?post=1663"}],"curies":[{"name":"wp","href":"https:\/\/api.w.org\/{rel}","templated":true}]}}