{"id":2140,"date":"2013-07-26T15:14:04","date_gmt":"2013-07-26T13:14:04","guid":{"rendered":"http:\/\/couven-museum.de\/?page_id=2140"},"modified":"2019-09-05T15:44:19","modified_gmt":"2019-09-05T13:44:19","slug":"route-charlemagne","status":"publish","type":"page","link":"https:\/\/couven-museum.de\/fr\/_old\/route-charlemagne\/","title":{"rendered":"Route Charlemagne"},"content":{"rendered":"<p><a href=\"http:\/\/couven-museum.de\/wp-content\/uploads\/2013\/07\/routecharlemagne.jpg\"><img fetchpriority=\"high\" decoding=\"async\" class=\"alignnone size-full wp-image-2181\" alt=\"routecharlemagne\" src=\"http:\/\/couven-museum.de\/wp-content\/uploads\/2013\/07\/routecharlemagne.jpg\" width=\"460\" height=\"306\" srcset=\"https:\/\/couven-museum.de\/wp-content\/uploads\/2013\/07\/routecharlemagne.jpg 460w, https:\/\/couven-museum.de\/wp-content\/uploads\/2013\/07\/routecharlemagne-220x146.jpg 220w, https:\/\/couven-museum.de\/wp-content\/uploads\/2013\/07\/routecharlemagne-160x106.jpg 160w, https:\/\/couven-museum.de\/wp-content\/uploads\/2013\/07\/routecharlemagne-340x226.jpg 340w\" sizes=\"(max-width: 460px) 100vw, 460px\" \/><\/a><\/p>\n<p>La \u00abRoute Charlemagne\u00a0\u00bb conduit aux lieux les plus importants de la ville d\u2019Aix-la-Chapelle et raconte l\u2019histoire mais aussi les histoires d\u2019Aix-la-Chapelle en tant que ville europ\u00e9enne et ville de Science.<\/p>\n<p>Chaque station de la Route Charlemagne traite d\u2019un th\u00e8me particu\u00adlier, un th\u00e8me d\u00e9j\u00e0 marquant \u00e0 l\u2019\u00e9poque de Charlemagne. Chaque station est un \u00e9difice exceptionnel. Au coeur de cette Route se trouve le CENTRE CHARLEMAGNE. Le Centre ouvrira ses portes en 2014.Ce lieu exploite aussi bien l\u2019histoire de Charlemagne que celle de la ville d\u2019Aix-la-Chapelle et vous am\u00e8ne d\u2019une mani\u00e8re individuelle \u00e0 suivre la Route. Le RATHAUS (H\u00f4tel de ville) est la station \u00abPouvoir\u00bb. Le Dom (cath\u00e9drale) repr\u00e9sente la \u00abReligion\u00bb. La Grashaus la station \u00abEurope\u00bb. Le SUPER C, la station \u00abScience\u00bb.<\/p>\n<p>Le Mus\u00e9e Couvense consacre \u00e0 l\u2019\u00e9conomie ainsi qu\u2019au style d\u2019habitat et de vie bourgeois au 18\u00e8me et au 19\u00e8me Si\u00e8cle.<\/p>\n<p>Celui qui donne son nom \u00e0 la Route est Charles le Grand, Charlemagne, qui fit d\u2019Aix-la-Chapelle en l\u2019an 800 le si\u00e8ge de son pouvoir, le centre de son empire, un empire qui s\u2019\u00e9tendait sur une majeure partie du continent europ\u00e9en.<\/p>\n<p><a href=\"http:\/\/www.route-charlemagne.eu\/Startseite\/index.html\" target=\"_blank\" rel=\"noopener noreferrer\">\u00a0<strong>www.route-charlemagne.eu<\/strong><\/a><\/p>\n<p><strong>Download: <a href=\"http:\/\/couven-museum.de\/wp-content\/uploads\/2014\/05\/couven-FR_web.pdf\" target=\"_blank\" rel=\"noopener noreferrer\">Flyer<\/a><a href=\"http:\/\/couven-museum.de\/wp-content\/uploads\/2013\/07\/couvenmuseumFR.pdf\"><br \/>\n<\/a><\/strong><\/p>\n","protected":false},"excerpt":{"rendered":"<p>Le Mus\u00e9e Couven \u2013<br \/>\nStation Art de l&#8217;habitat<\/p>\n","protected":false},"author":45,"featured_media":0,"parent":5707,"menu_order":114,"comment_status":"closed","ping_status":"closed","template":"","meta":{"_acf_changed":false,"inline_featured_image":false,"_lmt_disableupdate":"","_lmt_disable":"","footnotes":""},"categories":[],"tags":[],"class_list":["post-2140","page","type-page","status-publish","hentry"],"acf":[],"yoast_head":"<!-- This site is optimized with the Yoast SEO plugin v27.2 - https:\/\/yoast.com\/product\/yoast-seo-wordpress\/ -->\n<title>Route Charlemagne - Couven Museum<\/title>\n<meta name=\"robots\" content=\"index, follow, max-snippet:-1, max-image-preview:large, max-video-preview:-1\" \/>\n<link rel=\"canonical\" href=\"https:\/\/couven-museum.de\/_old\/route-charlemagne-2\/\" \/>\n<meta property=\"og:locale\" content=\"fr_FR\" \/>\n<meta property=\"og:type\" content=\"article\" \/>\n<meta property=\"og:title\" content=\"Route Charlemagne - Couven Museum\" \/>\n<meta property=\"og:description\" content=\"Le Mus\u00e9e Couven \u2013  Station Art de l&#039;habitat\" \/>\n<meta property=\"og:url\" content=\"https:\/\/couven-museum.de\/_old\/route-charlemagne-2\/\" \/>\n<meta property=\"og:site_name\" content=\"Couven Museum\" \/>\n<meta property=\"article:modified_time\" content=\"2019-09-05T13:44:19+00:00\" \/>\n<meta property=\"og:image\" content=\"http:\/\/couven-museum.de\/wp-content\/uploads\/2013\/07\/routecharlemagne.jpg\" \/>\n<meta name=\"twitter:card\" content=\"summary_large_image\" \/>\n<meta name=\"twitter:label1\" content=\"Dur\u00e9e de lecture estim\u00e9e\" \/>\n\t<meta name=\"twitter:data1\" content=\"1 minute\" \/>\n<script type=\"application\/ld+json\" class=\"yoast-schema-graph\">{\"@context\":\"https:\/\/schema.org\",\"@graph\":[{\"@type\":\"WebPage\",\"@id\":\"https:\/\/couven-museum.de\/_old\/route-charlemagne-2\/\",\"url\":\"https:\/\/couven-museum.de\/_old\/route-charlemagne-2\/\",\"name\":\"Route Charlemagne - Couven Museum\",\"isPartOf\":{\"@id\":\"https:\/\/couven-museum.de\/#website\"},\"primaryImageOfPage\":{\"@id\":\"https:\/\/couven-museum.de\/_old\/route-charlemagne-2\/#primaryimage\"},\"image\":{\"@id\":\"https:\/\/couven-museum.de\/_old\/route-charlemagne-2\/#primaryimage\"},\"thumbnailUrl\":\"http:\/\/couven-museum.de\/wp-content\/uploads\/2013\/07\/routecharlemagne.jpg\",\"datePublished\":\"2013-07-26T13:14:04+00:00\",\"dateModified\":\"2019-09-05T13:44:19+00:00\",\"breadcrumb\":{\"@id\":\"https:\/\/couven-museum.de\/_old\/route-charlemagne-2\/#breadcrumb\"},\"inLanguage\":\"fr-FR\",\"potentialAction\":[{\"@type\":\"ReadAction\",\"target\":[\"https:\/\/couven-museum.de\/_old\/route-charlemagne-2\/\"]}]},{\"@type\":\"ImageObject\",\"inLanguage\":\"fr-FR\",\"@id\":\"https:\/\/couven-museum.de\/_old\/route-charlemagne-2\/#primaryimage\",\"url\":\"http:\/\/couven-museum.de\/wp-content\/uploads\/2013\/07\/routecharlemagne.jpg\",\"contentUrl\":\"http:\/\/couven-museum.de\/wp-content\/uploads\/2013\/07\/routecharlemagne.jpg\"},{\"@type\":\"BreadcrumbList\",\"@id\":\"https:\/\/couven-museum.de\/_old\/route-charlemagne-2\/#breadcrumb\",\"itemListElement\":[{\"@type\":\"ListItem\",\"position\":1,\"name\":\"Startseite\",\"item\":\"https:\/\/couven-museum.de\/fr\/\"},{\"@type\":\"ListItem\",\"position\":2,\"name\":\"_old\",\"item\":\"https:\/\/couven-museum.de\/_old\/\"},{\"@type\":\"ListItem\",\"position\":3,\"name\":\"Route Charlemagne\"}]},{\"@type\":\"WebSite\",\"@id\":\"https:\/\/couven-museum.de\/#website\",\"url\":\"https:\/\/couven-museum.de\/\",\"name\":\"Couven Museum\",\"description\":\"Couven-Museum Aachen\",\"potentialAction\":[{\"@type\":\"SearchAction\",\"target\":{\"@type\":\"EntryPoint\",\"urlTemplate\":\"https:\/\/couven-museum.de\/?s={search_term_string}\"},\"query-input\":{\"@type\":\"PropertyValueSpecification\",\"valueRequired\":true,\"valueName\":\"search_term_string\"}}],\"inLanguage\":\"fr-FR\"}]}<\/script>\n<!-- \/ Yoast SEO plugin. -->","yoast_head_json":{"title":"Route Charlemagne - Couven Museum","robots":{"index":"index","follow":"follow","max-snippet":"max-snippet:-1","max-image-preview":"max-image-preview:large","max-video-preview":"max-video-preview:-1"},"canonical":"https:\/\/couven-museum.de\/_old\/route-charlemagne-2\/","og_locale":"fr_FR","og_type":"article","og_title":"Route Charlemagne - Couven Museum","og_description":"Le Mus\u00e9e Couven \u2013  Station Art de l'habitat","og_url":"https:\/\/couven-museum.de\/_old\/route-charlemagne-2\/","og_site_name":"Couven Museum","article_modified_time":"2019-09-05T13:44:19+00:00","og_image":[{"url":"http:\/\/couven-museum.de\/wp-content\/uploads\/2013\/07\/routecharlemagne.jpg","type":"","width":"","height":""}],"twitter_card":"summary_large_image","twitter_misc":{"Dur\u00e9e de lecture estim\u00e9e":"1 minute"},"schema":{"@context":"https:\/\/schema.org","@graph":[{"@type":"WebPage","@id":"https:\/\/couven-museum.de\/_old\/route-charlemagne-2\/","url":"https:\/\/couven-museum.de\/_old\/route-charlemagne-2\/","name":"Route Charlemagne - Couven Museum","isPartOf":{"@id":"https:\/\/couven-museum.de\/#website"},"primaryImageOfPage":{"@id":"https:\/\/couven-museum.de\/_old\/route-charlemagne-2\/#primaryimage"},"image":{"@id":"https:\/\/couven-museum.de\/_old\/route-charlemagne-2\/#primaryimage"},"thumbnailUrl":"http:\/\/couven-museum.de\/wp-content\/uploads\/2013\/07\/routecharlemagne.jpg","datePublished":"2013-07-26T13:14:04+00:00","dateModified":"2019-09-05T13:44:19+00:00","breadcrumb":{"@id":"https:\/\/couven-museum.de\/_old\/route-charlemagne-2\/#breadcrumb"},"inLanguage":"fr-FR","potentialAction":[{"@type":"ReadAction","target":["https:\/\/couven-museum.de\/_old\/route-charlemagne-2\/"]}]},{"@type":"ImageObject","inLanguage":"fr-FR","@id":"https:\/\/couven-museum.de\/_old\/route-charlemagne-2\/#primaryimage","url":"http:\/\/couven-museum.de\/wp-content\/uploads\/2013\/07\/routecharlemagne.jpg","contentUrl":"http:\/\/couven-museum.de\/wp-content\/uploads\/2013\/07\/routecharlemagne.jpg"},{"@type":"BreadcrumbList","@id":"https:\/\/couven-museum.de\/_old\/route-charlemagne-2\/#breadcrumb","itemListElement":[{"@type":"ListItem","position":1,"name":"Startseite","item":"https:\/\/couven-museum.de\/fr\/"},{"@type":"ListItem","position":2,"name":"_old","item":"https:\/\/couven-museum.de\/_old\/"},{"@type":"ListItem","position":3,"name":"Route Charlemagne"}]},{"@type":"WebSite","@id":"https:\/\/couven-museum.de\/#website","url":"https:\/\/couven-museum.de\/","name":"Couven Museum","description":"Couven-Museum Aachen","potentialAction":[{"@type":"SearchAction","target":{"@type":"EntryPoint","urlTemplate":"https:\/\/couven-museum.de\/?s={search_term_string}"},"query-input":{"@type":"PropertyValueSpecification","valueRequired":true,"valueName":"search_term_string"}}],"inLanguage":"fr-FR"}]}},"_links":{"self":[{"href":"https:\/\/couven-museum.de\/fr\/wp-json\/wp\/v2\/pages\/2140","targetHints":{"allow":["GET"]}}],"collection":[{"href":"https:\/\/couven-museum.de\/fr\/wp-json\/wp\/v2\/pages"}],"about":[{"href":"https:\/\/couven-museum.de\/fr\/wp-json\/wp\/v2\/types\/page"}],"author":[{"embeddable":true,"href":"https:\/\/couven-museum.de\/fr\/wp-json\/wp\/v2\/users\/45"}],"replies":[{"embeddable":true,"href":"https:\/\/couven-museum.de\/fr\/wp-json\/wp\/v2\/comments?post=2140"}],"version-history":[{"count":0,"href":"https:\/\/couven-museum.de\/fr\/wp-json\/wp\/v2\/pages\/2140\/revisions"}],"up":[{"embeddable":true,"href":"https:\/\/couven-museum.de\/fr\/wp-json\/wp\/v2\/pages\/5707"}],"wp:attachment":[{"href":"https:\/\/couven-museum.de\/fr\/wp-json\/wp\/v2\/media?parent=2140"}],"wp:term":[{"taxonomy":"category","embeddable":true,"href":"https:\/\/couven-museum.de\/fr\/wp-json\/wp\/v2\/categories?post=2140"},{"taxonomy":"post_tag","embeddable":true,"href":"https:\/\/couven-museum.de\/fr\/wp-json\/wp\/v2\/tags?post=2140"}],"curies":[{"name":"wp","href":"https:\/\/api.w.org\/{rel}","templated":true}]}}