{"id":1572,"date":"2012-05-03T13:24:08","date_gmt":"2012-05-03T11:24:08","guid":{"rendered":"http:\/\/couven-museum.de\/?page_id=1572"},"modified":"2013-07-23T12:44:29","modified_gmt":"2013-07-23T10:44:29","slug":"zilverkabinet","status":"publish","type":"page","link":"https:\/\/couven-museum.de\/nl\/_old\/verzameling\/zilverkabinet\/","title":{"rendered":"Zilverkabinet"},"content":{"rendered":"<p>[nggallery id=17]<\/p>\n<p>In de grote vitrine van het zilverkabinet is een breed assortiment 18<sup>e<\/sup> eeuws tafelzilver uit de verzameling Matth\u00e9y tentoongesteld. De in Wuppertal geboren Teo Matth\u00e9y (*1901 +1989) was werkzaam in Aken als textielgroothandelaar. Hij liet zowel zijn huis in de Theaterstra\u00dfe 67 als zijn aanzienlijke kunstverzameling na aan de stad Aken. Het edele tafelzilver verwijst zowel op de traditie van de deftige zilverkabinetten uit de vroege moderne tijd als de appreciatie voor de nieuwe warme dranken zoals koffie, thee en chocolade, die in kostbaar zilver- en porseleinservies werden geserveerd.<\/p>\n<p>Erg verfijnd is ook de Engelse tea-set van de zilversmid Samual Taylor (1749) uit Londen, met twee dozen voor Indische en Chinese thee, een dekschaal voor suiker en een houten koffer, bekleed met leder en voorzien van beslag, waarin de set werd opgeborgen. Chocoladekannen met een zijdelings houten handvat en de typische rococo buik, voorzien van gedreven rocaille ornamenten uit Frankrijk en Piemont (Giovanni Fino, rond 1780) staan naast grote koffiekannen uit de Lodewijk XVI periode (Brest, na 1780) met gedreven guirlandes en profielen van antieke keizers. Een porseleinen kroes van Mei\u00dfener (rond 1720) met zilvermontering demonstreert in kunstzinnige perfectie de verbinding tussen de kostbare materialen zilver en ebbenhout.<\/p>\n<p>&nbsp;<\/p>\n","protected":false},"excerpt":{"rendered":"<p>Kostbaarheden uit de verzameling Matth\u00e9y<\/p>\n","protected":false},"author":1,"featured_media":0,"parent":1520,"menu_order":1,"comment_status":"closed","ping_status":"closed","template":"page-gallery.php","meta":{"_acf_changed":false,"inline_featured_image":false,"_lmt_disableupdate":"","_lmt_disable":"","footnotes":""},"categories":[],"tags":[],"class_list":["post-1572","page","type-page","status-publish","hentry"],"acf":[],"yoast_head":"<!-- This site is optimized with the Yoast SEO plugin v27.5 - https:\/\/yoast.com\/product\/yoast-seo-wordpress\/ -->\n<title>Zilverkabinet - Couven Museum<\/title>\n<meta name=\"robots\" content=\"index, follow, max-snippet:-1, max-image-preview:large, max-video-preview:-1\" \/>\n<link rel=\"canonical\" href=\"https:\/\/couven-museum.de\/_old\/silberkabinett\/\" \/>\n<meta property=\"og:locale\" content=\"nl_NL\" \/>\n<meta property=\"og:type\" content=\"article\" \/>\n<meta property=\"og:title\" content=\"Zilverkabinet - Couven Museum\" \/>\n<meta property=\"og:description\" content=\"Kostbaarheden uit de verzameling Matth\u00e9y\" \/>\n<meta property=\"og:url\" content=\"https:\/\/couven-museum.de\/_old\/silberkabinett\/\" \/>\n<meta property=\"og:site_name\" content=\"Couven Museum\" \/>\n<meta property=\"article:modified_time\" content=\"2013-07-23T10:44:29+00:00\" \/>\n<meta name=\"twitter:card\" content=\"summary_large_image\" \/>\n<meta name=\"twitter:label1\" content=\"Geschatte leestijd\" \/>\n\t<meta name=\"twitter:data1\" content=\"1 minute\" \/>\n<script type=\"application\/ld+json\" class=\"yoast-schema-graph\">{\"@context\":\"https:\\\/\\\/schema.org\",\"@graph\":[{\"@type\":\"WebPage\",\"@id\":\"https:\\\/\\\/couven-museum.de\\\/_old\\\/silberkabinett\\\/\",\"url\":\"https:\\\/\\\/couven-museum.de\\\/_old\\\/silberkabinett\\\/\",\"name\":\"Zilverkabinet - Couven Museum\",\"isPartOf\":{\"@id\":\"https:\\\/\\\/couven-museum.de\\\/#website\"},\"datePublished\":\"2012-05-03T11:24:08+00:00\",\"dateModified\":\"2013-07-23T10:44:29+00:00\",\"breadcrumb\":{\"@id\":\"https:\\\/\\\/couven-museum.de\\\/_old\\\/silberkabinett\\\/#breadcrumb\"},\"inLanguage\":\"nl-NL\",\"potentialAction\":[{\"@type\":\"ReadAction\",\"target\":[\"https:\\\/\\\/couven-museum.de\\\/_old\\\/silberkabinett\\\/\"]}]},{\"@type\":\"BreadcrumbList\",\"@id\":\"https:\\\/\\\/couven-museum.de\\\/_old\\\/silberkabinett\\\/#breadcrumb\",\"itemListElement\":[{\"@type\":\"ListItem\",\"position\":1,\"name\":\"Startseite\",\"item\":\"https:\\\/\\\/couven-museum.de\\\/nl\\\/\"},{\"@type\":\"ListItem\",\"position\":2,\"name\":\"_old\",\"item\":\"https:\\\/\\\/couven-museum.de\\\/_old\\\/\"},{\"@type\":\"ListItem\",\"position\":3,\"name\":\"Verzameling\",\"item\":\"https:\\\/\\\/couven-museum.de\\\/_old\\\/sammlung\\\/\"},{\"@type\":\"ListItem\",\"position\":4,\"name\":\"Zilverkabinet\"}]},{\"@type\":\"WebSite\",\"@id\":\"https:\\\/\\\/couven-museum.de\\\/#website\",\"url\":\"https:\\\/\\\/couven-museum.de\\\/\",\"name\":\"Couven Museum\",\"description\":\"Couven-Museum Aachen\",\"potentialAction\":[{\"@type\":\"SearchAction\",\"target\":{\"@type\":\"EntryPoint\",\"urlTemplate\":\"https:\\\/\\\/couven-museum.de\\\/?s={search_term_string}\"},\"query-input\":{\"@type\":\"PropertyValueSpecification\",\"valueRequired\":true,\"valueName\":\"search_term_string\"}}],\"inLanguage\":\"nl-NL\"}]}<\/script>\n<!-- \/ Yoast SEO plugin. -->","yoast_head_json":{"title":"Zilverkabinet - Couven Museum","robots":{"index":"index","follow":"follow","max-snippet":"max-snippet:-1","max-image-preview":"max-image-preview:large","max-video-preview":"max-video-preview:-1"},"canonical":"https:\/\/couven-museum.de\/_old\/silberkabinett\/","og_locale":"nl_NL","og_type":"article","og_title":"Zilverkabinet - Couven Museum","og_description":"Kostbaarheden uit de verzameling Matth\u00e9y","og_url":"https:\/\/couven-museum.de\/_old\/silberkabinett\/","og_site_name":"Couven Museum","article_modified_time":"2013-07-23T10:44:29+00:00","twitter_card":"summary_large_image","twitter_misc":{"Geschatte leestijd":"1 minute"},"schema":{"@context":"https:\/\/schema.org","@graph":[{"@type":"WebPage","@id":"https:\/\/couven-museum.de\/_old\/silberkabinett\/","url":"https:\/\/couven-museum.de\/_old\/silberkabinett\/","name":"Zilverkabinet - Couven Museum","isPartOf":{"@id":"https:\/\/couven-museum.de\/#website"},"datePublished":"2012-05-03T11:24:08+00:00","dateModified":"2013-07-23T10:44:29+00:00","breadcrumb":{"@id":"https:\/\/couven-museum.de\/_old\/silberkabinett\/#breadcrumb"},"inLanguage":"nl-NL","potentialAction":[{"@type":"ReadAction","target":["https:\/\/couven-museum.de\/_old\/silberkabinett\/"]}]},{"@type":"BreadcrumbList","@id":"https:\/\/couven-museum.de\/_old\/silberkabinett\/#breadcrumb","itemListElement":[{"@type":"ListItem","position":1,"name":"Startseite","item":"https:\/\/couven-museum.de\/nl\/"},{"@type":"ListItem","position":2,"name":"_old","item":"https:\/\/couven-museum.de\/_old\/"},{"@type":"ListItem","position":3,"name":"Verzameling","item":"https:\/\/couven-museum.de\/_old\/sammlung\/"},{"@type":"ListItem","position":4,"name":"Zilverkabinet"}]},{"@type":"WebSite","@id":"https:\/\/couven-museum.de\/#website","url":"https:\/\/couven-museum.de\/","name":"Couven Museum","description":"Couven-Museum Aachen","potentialAction":[{"@type":"SearchAction","target":{"@type":"EntryPoint","urlTemplate":"https:\/\/couven-museum.de\/?s={search_term_string}"},"query-input":{"@type":"PropertyValueSpecification","valueRequired":true,"valueName":"search_term_string"}}],"inLanguage":"nl-NL"}]}},"_links":{"self":[{"href":"https:\/\/couven-museum.de\/nl\/wp-json\/wp\/v2\/pages\/1572","targetHints":{"allow":["GET"]}}],"collection":[{"href":"https:\/\/couven-museum.de\/nl\/wp-json\/wp\/v2\/pages"}],"about":[{"href":"https:\/\/couven-museum.de\/nl\/wp-json\/wp\/v2\/types\/page"}],"author":[{"embeddable":true,"href":"https:\/\/couven-museum.de\/nl\/wp-json\/wp\/v2\/users\/1"}],"replies":[{"embeddable":true,"href":"https:\/\/couven-museum.de\/nl\/wp-json\/wp\/v2\/comments?post=1572"}],"version-history":[{"count":0,"href":"https:\/\/couven-museum.de\/nl\/wp-json\/wp\/v2\/pages\/1572\/revisions"}],"up":[{"embeddable":true,"href":"https:\/\/couven-museum.de\/nl\/wp-json\/wp\/v2\/pages\/1520"}],"wp:attachment":[{"href":"https:\/\/couven-museum.de\/nl\/wp-json\/wp\/v2\/media?parent=1572"}],"wp:term":[{"taxonomy":"category","embeddable":true,"href":"https:\/\/couven-museum.de\/nl\/wp-json\/wp\/v2\/categories?post=1572"},{"taxonomy":"post_tag","embeddable":true,"href":"https:\/\/couven-museum.de\/nl\/wp-json\/wp\/v2\/tags?post=1572"}],"curies":[{"name":"wp","href":"https:\/\/api.w.org\/{rel}","templated":true}]}}