{"id":1622,"date":"2012-05-08T11:39:19","date_gmt":"2012-05-08T09:39:19","guid":{"rendered":"http:\/\/couven-museum.de\/?page_id=1622"},"modified":"2015-03-26T09:52:28","modified_gmt":"2015-03-26T08:52:28","slug":"voor-scholen","status":"publish","type":"page","link":"https:\/\/couven-museum.de\/nl\/_old\/kunstpedagogiek\/voor-scholen\/","title":{"rendered":"Voor scholen"},"content":{"rendered":"<p>Ons bezoekersprogramma voor schoolklassen is afgestemd op de verschillende onderwijsvorm en schoolklassen. In de regel duurt een rondleiding \u00e9\u00e9n uur. Met name voor scholieren van de basisschool, peuterschool en werkgemeenschappen is een hierop aansluitende, \u00e9\u00e9n uur durende workshop in onze werkplaats aan te bevelen. Wij hebben heel veel mogelijkheden en kunnen verschillende onderwerpen aanbieden. Bovendien werken wij graag samen met u een gewenst onderwerp uit.<\/p>\n<p>Ochtendbezoek van schoolklassen is ook mogelijk op afspraak.<\/p>\n<p>Voor schoolklassen uit Aken is de entree gratis.<\/p>\n<p>Rondleidingen kosten 20,- \u20ac. De kosten beperken zich tot de normale entreeprijzen per persoon.<\/p>\n<p><strong>Projectdagen<\/strong><\/p>\n<p>Op afspraak kunnen projectdagen met verschillende thema\u2019s samen met ons museumpedagogisch team worden gepland en uitgevoerd.<\/p>\n<p><strong>Informatie voor leraren en bijscholing<\/strong><\/p>\n<p>Inleidingen voor leraren van alle onderwijsvormen, inclusief didactische ondersteuning voor de voor- en nabespreking van het museumbezoek.<\/p>\n<p><strong>contact:<br \/>\n<\/strong>Zentrale Kunst- und Kulturvermittlung<br \/>\nfon: +49 (0)241 \/ 432-4998<br \/>\nfax: +49 (0)241 \/ 432-4989<br \/>\n<a href=\"mailto:museumspaedagogik@mail.aachen.de\" target=\"_blank\">museumspaedagogik@mail.aachen.de<\/a><\/p>\n","protected":false},"excerpt":{"rendered":"<p>Op zoek naar geschiedenis<\/p>\n","protected":false},"author":1,"featured_media":256,"parent":1610,"menu_order":1,"comment_status":"closed","ping_status":"closed","template":"","meta":{"_acf_changed":false,"inline_featured_image":false,"_lmt_disableupdate":"","_lmt_disable":"","footnotes":""},"categories":[],"tags":[],"class_list":["post-1622","page","type-page","status-publish","has-post-thumbnail","hentry"],"acf":[],"yoast_head":"<!-- This site is optimized with the Yoast SEO plugin v27.2 - https:\/\/yoast.com\/product\/yoast-seo-wordpress\/ -->\n<title>Voor scholen - Couven Museum<\/title>\n<meta name=\"robots\" content=\"index, follow, max-snippet:-1, max-image-preview:large, max-video-preview:-1\" \/>\n<link rel=\"canonical\" href=\"https:\/\/couven-museum.de\/_old\/museumspadagogik-kunstvermittlung\/fur-schulen\/\" \/>\n<meta property=\"og:locale\" content=\"nl_NL\" \/>\n<meta property=\"og:type\" content=\"article\" \/>\n<meta property=\"og:title\" content=\"Voor scholen - Couven Museum\" \/>\n<meta property=\"og:description\" content=\"Op zoek naar geschiedenis\" \/>\n<meta property=\"og:url\" content=\"https:\/\/couven-museum.de\/_old\/museumspadagogik-kunstvermittlung\/fur-schulen\/\" \/>\n<meta property=\"og:site_name\" content=\"Couven Museum\" \/>\n<meta property=\"article:modified_time\" content=\"2015-03-26T08:52:28+00:00\" \/>\n<meta property=\"og:image\" content=\"https:\/\/couven-museum.de\/wp-content\/uploads\/2012\/05\/Couven-Museum_21162504originallarge-4-3-800-160-0-2840-20082.jpg\" \/>\n\t<meta property=\"og:image:width\" content=\"340\" \/>\n\t<meta property=\"og:image:height\" content=\"255\" \/>\n\t<meta property=\"og:image:type\" content=\"image\/jpeg\" \/>\n<meta name=\"twitter:card\" content=\"summary_large_image\" \/>\n<meta name=\"twitter:label1\" content=\"Geschatte leestijd\" \/>\n\t<meta name=\"twitter:data1\" content=\"1 minute\" \/>\n<script type=\"application\/ld+json\" class=\"yoast-schema-graph\">{\"@context\":\"https:\/\/schema.org\",\"@graph\":[{\"@type\":\"WebPage\",\"@id\":\"https:\/\/couven-museum.de\/_old\/museumspadagogik-kunstvermittlung\/fur-schulen\/\",\"url\":\"https:\/\/couven-museum.de\/_old\/museumspadagogik-kunstvermittlung\/fur-schulen\/\",\"name\":\"Voor scholen - Couven Museum\",\"isPartOf\":{\"@id\":\"https:\/\/couven-museum.de\/#website\"},\"primaryImageOfPage\":{\"@id\":\"https:\/\/couven-museum.de\/_old\/museumspadagogik-kunstvermittlung\/fur-schulen\/#primaryimage\"},\"image\":{\"@id\":\"https:\/\/couven-museum.de\/_old\/museumspadagogik-kunstvermittlung\/fur-schulen\/#primaryimage\"},\"thumbnailUrl\":\"https:\/\/couven-museum.de\/wp-content\/uploads\/2012\/05\/Couven-Museum_21162504originallarge-4-3-800-160-0-2840-20082.jpg\",\"datePublished\":\"2012-05-08T09:39:19+00:00\",\"dateModified\":\"2015-03-26T08:52:28+00:00\",\"breadcrumb\":{\"@id\":\"https:\/\/couven-museum.de\/_old\/museumspadagogik-kunstvermittlung\/fur-schulen\/#breadcrumb\"},\"inLanguage\":\"nl-NL\",\"potentialAction\":[{\"@type\":\"ReadAction\",\"target\":[\"https:\/\/couven-museum.de\/_old\/museumspadagogik-kunstvermittlung\/fur-schulen\/\"]}]},{\"@type\":\"ImageObject\",\"inLanguage\":\"nl-NL\",\"@id\":\"https:\/\/couven-museum.de\/_old\/museumspadagogik-kunstvermittlung\/fur-schulen\/#primaryimage\",\"url\":\"https:\/\/couven-museum.de\/wp-content\/uploads\/2012\/05\/Couven-Museum_21162504originallarge-4-3-800-160-0-2840-20082.jpg\",\"contentUrl\":\"https:\/\/couven-museum.de\/wp-content\/uploads\/2012\/05\/Couven-Museum_21162504originallarge-4-3-800-160-0-2840-20082.jpg\",\"width\":340,\"height\":255},{\"@type\":\"BreadcrumbList\",\"@id\":\"https:\/\/couven-museum.de\/_old\/museumspadagogik-kunstvermittlung\/fur-schulen\/#breadcrumb\",\"itemListElement\":[{\"@type\":\"ListItem\",\"position\":1,\"name\":\"Startseite\",\"item\":\"https:\/\/couven-museum.de\/nl\/\"},{\"@type\":\"ListItem\",\"position\":2,\"name\":\"_old\",\"item\":\"https:\/\/couven-museum.de\/_old\/\"},{\"@type\":\"ListItem\",\"position\":3,\"name\":\"Kunstpedagogiek\",\"item\":\"https:\/\/couven-museum.de\/_old\/museumspadagogik-kunstvermittlung\/\"},{\"@type\":\"ListItem\",\"position\":4,\"name\":\"Voor scholen\"}]},{\"@type\":\"WebSite\",\"@id\":\"https:\/\/couven-museum.de\/#website\",\"url\":\"https:\/\/couven-museum.de\/\",\"name\":\"Couven Museum\",\"description\":\"Couven-Museum Aachen\",\"potentialAction\":[{\"@type\":\"SearchAction\",\"target\":{\"@type\":\"EntryPoint\",\"urlTemplate\":\"https:\/\/couven-museum.de\/?s={search_term_string}\"},\"query-input\":{\"@type\":\"PropertyValueSpecification\",\"valueRequired\":true,\"valueName\":\"search_term_string\"}}],\"inLanguage\":\"nl-NL\"}]}<\/script>\n<!-- \/ Yoast SEO plugin. -->","yoast_head_json":{"title":"Voor scholen - Couven Museum","robots":{"index":"index","follow":"follow","max-snippet":"max-snippet:-1","max-image-preview":"max-image-preview:large","max-video-preview":"max-video-preview:-1"},"canonical":"https:\/\/couven-museum.de\/_old\/museumspadagogik-kunstvermittlung\/fur-schulen\/","og_locale":"nl_NL","og_type":"article","og_title":"Voor scholen - Couven Museum","og_description":"Op zoek naar geschiedenis","og_url":"https:\/\/couven-museum.de\/_old\/museumspadagogik-kunstvermittlung\/fur-schulen\/","og_site_name":"Couven Museum","article_modified_time":"2015-03-26T08:52:28+00:00","og_image":[{"width":340,"height":255,"url":"https:\/\/couven-museum.de\/wp-content\/uploads\/2012\/05\/Couven-Museum_21162504originallarge-4-3-800-160-0-2840-20082.jpg","type":"image\/jpeg"}],"twitter_card":"summary_large_image","twitter_misc":{"Geschatte leestijd":"1 minute"},"schema":{"@context":"https:\/\/schema.org","@graph":[{"@type":"WebPage","@id":"https:\/\/couven-museum.de\/_old\/museumspadagogik-kunstvermittlung\/fur-schulen\/","url":"https:\/\/couven-museum.de\/_old\/museumspadagogik-kunstvermittlung\/fur-schulen\/","name":"Voor scholen - Couven Museum","isPartOf":{"@id":"https:\/\/couven-museum.de\/#website"},"primaryImageOfPage":{"@id":"https:\/\/couven-museum.de\/_old\/museumspadagogik-kunstvermittlung\/fur-schulen\/#primaryimage"},"image":{"@id":"https:\/\/couven-museum.de\/_old\/museumspadagogik-kunstvermittlung\/fur-schulen\/#primaryimage"},"thumbnailUrl":"https:\/\/couven-museum.de\/wp-content\/uploads\/2012\/05\/Couven-Museum_21162504originallarge-4-3-800-160-0-2840-20082.jpg","datePublished":"2012-05-08T09:39:19+00:00","dateModified":"2015-03-26T08:52:28+00:00","breadcrumb":{"@id":"https:\/\/couven-museum.de\/_old\/museumspadagogik-kunstvermittlung\/fur-schulen\/#breadcrumb"},"inLanguage":"nl-NL","potentialAction":[{"@type":"ReadAction","target":["https:\/\/couven-museum.de\/_old\/museumspadagogik-kunstvermittlung\/fur-schulen\/"]}]},{"@type":"ImageObject","inLanguage":"nl-NL","@id":"https:\/\/couven-museum.de\/_old\/museumspadagogik-kunstvermittlung\/fur-schulen\/#primaryimage","url":"https:\/\/couven-museum.de\/wp-content\/uploads\/2012\/05\/Couven-Museum_21162504originallarge-4-3-800-160-0-2840-20082.jpg","contentUrl":"https:\/\/couven-museum.de\/wp-content\/uploads\/2012\/05\/Couven-Museum_21162504originallarge-4-3-800-160-0-2840-20082.jpg","width":340,"height":255},{"@type":"BreadcrumbList","@id":"https:\/\/couven-museum.de\/_old\/museumspadagogik-kunstvermittlung\/fur-schulen\/#breadcrumb","itemListElement":[{"@type":"ListItem","position":1,"name":"Startseite","item":"https:\/\/couven-museum.de\/nl\/"},{"@type":"ListItem","position":2,"name":"_old","item":"https:\/\/couven-museum.de\/_old\/"},{"@type":"ListItem","position":3,"name":"Kunstpedagogiek","item":"https:\/\/couven-museum.de\/_old\/museumspadagogik-kunstvermittlung\/"},{"@type":"ListItem","position":4,"name":"Voor scholen"}]},{"@type":"WebSite","@id":"https:\/\/couven-museum.de\/#website","url":"https:\/\/couven-museum.de\/","name":"Couven Museum","description":"Couven-Museum Aachen","potentialAction":[{"@type":"SearchAction","target":{"@type":"EntryPoint","urlTemplate":"https:\/\/couven-museum.de\/?s={search_term_string}"},"query-input":{"@type":"PropertyValueSpecification","valueRequired":true,"valueName":"search_term_string"}}],"inLanguage":"nl-NL"}]}},"_links":{"self":[{"href":"https:\/\/couven-museum.de\/nl\/wp-json\/wp\/v2\/pages\/1622","targetHints":{"allow":["GET"]}}],"collection":[{"href":"https:\/\/couven-museum.de\/nl\/wp-json\/wp\/v2\/pages"}],"about":[{"href":"https:\/\/couven-museum.de\/nl\/wp-json\/wp\/v2\/types\/page"}],"author":[{"embeddable":true,"href":"https:\/\/couven-museum.de\/nl\/wp-json\/wp\/v2\/users\/1"}],"replies":[{"embeddable":true,"href":"https:\/\/couven-museum.de\/nl\/wp-json\/wp\/v2\/comments?post=1622"}],"version-history":[{"count":0,"href":"https:\/\/couven-museum.de\/nl\/wp-json\/wp\/v2\/pages\/1622\/revisions"}],"up":[{"embeddable":true,"href":"https:\/\/couven-museum.de\/nl\/wp-json\/wp\/v2\/pages\/1610"}],"wp:featuredmedia":[{"embeddable":true,"href":"https:\/\/couven-museum.de\/nl\/wp-json\/wp\/v2\/media\/256"}],"wp:attachment":[{"href":"https:\/\/couven-museum.de\/nl\/wp-json\/wp\/v2\/media?parent=1622"}],"wp:term":[{"taxonomy":"category","embeddable":true,"href":"https:\/\/couven-museum.de\/nl\/wp-json\/wp\/v2\/categories?post=1622"},{"taxonomy":"post_tag","embeddable":true,"href":"https:\/\/couven-museum.de\/nl\/wp-json\/wp\/v2\/tags?post=1622"}],"curies":[{"name":"wp","href":"https:\/\/api.w.org\/{rel}","templated":true}]}}